{"id":16931,"date":"2025-12-08T09:10:51","date_gmt":"2025-12-08T09:10:51","guid":{"rendered":"https:\/\/onmytoolings.com\/?post_type=product&#038;p=16931"},"modified":"2025-12-08T09:24:43","modified_gmt":"2025-12-08T09:24:43","slug":"mrmn-profilleme-oluk-acma-uclari","status":"publish","type":"product","link":"https:\/\/onmytoolings.com\/tr\/product\/mrmn-profiling-grooving-inserts\/","title":{"rendered":"Tam Yar\u0131\u00e7apl\u0131 MRMN Profil ve Yiv A\u00e7ma Kesici U\u00e7lar\u0131"},"content":{"rendered":"","protected":false},"excerpt":{"rendered":"","protected":false},"author":1,"featured_media":16909,"parent":0,"template":"","meta":{"_acf_changed":true,"_uag_custom_page_level_css":"","site-sidebar-layout":"default","site-content-layout":"","ast-site-content-layout":"default","site-content-style":"default","site-sidebar-style":"default","ast-global-header-display":"","ast-banner-title-visibility":"","ast-main-header-display":"","ast-hfb-above-header-display":"","ast-hfb-below-header-display":"","ast-hfb-mobile-header-display":"","site-post-title":"","ast-breadcrumbs-content":"","ast-featured-img":"","footer-sml-layout":"","ast-disable-related-posts":"","theme-transparent-header-meta":"","adv-header-id-meta":"","stick-header-meta":"","header-above-stick-meta":"","header-main-stick-meta":"","header-below-stick-meta":"","astra-migrate-meta-layouts":"set","ast-page-background-enabled":"default","ast-page-background-meta":{"desktop":{"background-color":"","background-image":"","background-repeat":"repeat","background-position":"center center","background-size":"auto","background-attachment":"scroll","background-type":"","background-media":"","overlay-type":"","overlay-color":"","overlay-opacity":"","overlay-gradient":""},"tablet":{"background-color":"","background-image":"","background-repeat":"repeat","background-position":"center center","background-size":"auto","background-attachment":"scroll","background-type":"","background-media":"","overlay-type":"","overlay-color":"","overlay-opacity":"","overlay-gradient":""},"mobile":{"background-color":"","background-image":"","background-repeat":"repeat","background-position":"center center","background-size":"auto","background-attachment":"scroll","background-type":"","background-media":"","overlay-type":"","overlay-color":"","overlay-opacity":"","overlay-gradient":""}},"ast-content-background-meta":{"desktop":{"background-color":"var(--ast-global-color-5)","background-image":"","background-repeat":"repeat","background-position":"center center","background-size":"auto","background-attachment":"scroll","background-type":"","background-media":"","overlay-type":"","overlay-color":"","overlay-opacity":"","overlay-gradient":""},"tablet":{"background-color":"var(--ast-global-color-5)","background-image":"","background-repeat":"repeat","background-position":"center center","background-size":"auto","background-attachment":"scroll","background-type":"","background-media":"","overlay-type":"","overlay-color":"","overlay-opacity":"","overlay-gradient":""},"mobile":{"background-color":"var(--ast-global-color-5)","background-image":"","background-repeat":"repeat","background-position":"center center","background-size":"auto","background-attachment":"scroll","background-type":"","background-media":"","overlay-type":"","overlay-color":"","overlay-opacity":"","overlay-gradient":""}}},"product-tag":[171],"class_list":["post-16931","product","type-product","status-publish","has-post-thumbnail","hentry","product-tag-grooving-insert"],"acf":[],"uagb_featured_image_src":{"full":["https:\/\/onmytoolings.com\/wp-content\/uploads\/2025\/12\/MRMN-Insert.webp",800,800,false],"thumbnail":["https:\/\/onmytoolings.com\/wp-content\/uploads\/2025\/12\/MRMN-Insert-150x150.webp",150,150,true],"medium":["https:\/\/onmytoolings.com\/wp-content\/uploads\/2025\/12\/MRMN-Insert-300x300.webp",300,300,true],"medium_large":["https:\/\/onmytoolings.com\/wp-content\/uploads\/2025\/12\/MRMN-Insert-768x768.webp",768,768,true],"large":["https:\/\/onmytoolings.com\/wp-content\/uploads\/2025\/12\/MRMN-Insert.webp",800,800,false],"1536x1536":["https:\/\/onmytoolings.com\/wp-content\/uploads\/2025\/12\/MRMN-Insert.webp",800,800,false],"2048x2048":["https:\/\/onmytoolings.com\/wp-content\/uploads\/2025\/12\/MRMN-Insert.webp",800,800,false],"trp-custom-language-flag":["https:\/\/onmytoolings.com\/wp-content\/uploads\/2025\/12\/MRMN-Insert-12x12.webp",12,12,true]},"uagb_author_info":{"display_name":"Jiang.xu","author_link":"https:\/\/onmytoolings.com\/tr\/author\/bigsunjianggmail-com\/"},"uagb_comment_info":0,"uagb_excerpt":null,"_links":{"self":[{"href":"https:\/\/onmytoolings.com\/tr\/wp-json\/wp\/v2\/product\/16931","targetHints":{"allow":["GET"]}}],"collection":[{"href":"https:\/\/onmytoolings.com\/tr\/wp-json\/wp\/v2\/product"}],"about":[{"href":"https:\/\/onmytoolings.com\/tr\/wp-json\/wp\/v2\/types\/product"}],"author":[{"embeddable":true,"href":"https:\/\/onmytoolings.com\/tr\/wp-json\/wp\/v2\/users\/1"}],"wp:featuredmedia":[{"embeddable":true,"href":"https:\/\/onmytoolings.com\/tr\/wp-json\/wp\/v2\/media\/16909"}],"wp:attachment":[{"href":"https:\/\/onmytoolings.com\/tr\/wp-json\/wp\/v2\/media?parent=16931"}],"wp:term":[{"taxonomy":"product-tag","embeddable":true,"href":"https:\/\/onmytoolings.com\/tr\/wp-json\/wp\/v2\/product-tag?post=16931"}],"curies":[{"name":"wp","href":"https:\/\/api.w.org\/{rel}","templated":true}]}}