{"id":14688,"date":"2025-03-09T14:29:46","date_gmt":"2025-03-09T14:29:46","guid":{"rendered":"https:\/\/onmytoolings.com\/?post_type=product&#038;p=14688"},"modified":"2026-03-01T04:59:40","modified_gmt":"2026-03-01T04:59:40","slug":"dis-acma-takim-tutucusu-ctt","status":"publish","type":"product","link":"https:\/\/onmytoolings.com\/tr\/product\/threading-tool-holder-ctt\/","title":{"rendered":"Di\u015f A\u00e7ma Tak\u0131m Tutucu-CTT"},"content":{"rendered":"","protected":false},"excerpt":{"rendered":"<p>Di\u015f a\u00e7ma i\u015flemi i\u00e7in d\u0131\u015f di\u015f a\u00e7ma tak\u0131m tutucusu.<\/p>","protected":false},"author":2,"featured_media":14514,"parent":0,"template":"","meta":{"_acf_changed":true,"_uag_custom_page_level_css":"","site-sidebar-layout":"default","site-content-layout":"","ast-site-content-layout":"default","site-content-style":"default","site-sidebar-style":"default","ast-global-header-display":"","ast-banner-title-visibility":"","ast-main-header-display":"","ast-hfb-above-header-display":"","ast-hfb-below-header-display":"","ast-hfb-mobile-header-display":"","site-post-title":"","ast-breadcrumbs-content":"","ast-featured-img":"","footer-sml-layout":"","ast-disable-related-posts":"","theme-transparent-header-meta":"","adv-header-id-meta":"","stick-header-meta":"","header-above-stick-meta":"","header-main-stick-meta":"","header-below-stick-meta":"","astra-migrate-meta-layouts":"set","ast-page-background-enabled":"default","ast-page-background-meta":{"desktop":{"background-color":"","background-image":"","background-repeat":"repeat","background-position":"center center","background-size":"auto","background-attachment":"scroll","background-type":"","background-media":"","overlay-type":"","overlay-color":"","overlay-opacity":"","overlay-gradient":""},"tablet":{"background-color":"","background-image":"","background-repeat":"repeat","background-position":"center center","background-size":"auto","background-attachment":"scroll","background-type":"","background-media":"","overlay-type":"","overlay-color":"","overlay-opacity":"","overlay-gradient":""},"mobile":{"background-color":"","background-image":"","background-repeat":"repeat","background-position":"center center","background-size":"auto","background-attachment":"scroll","background-type":"","background-media":"","overlay-type":"","overlay-color":"","overlay-opacity":"","overlay-gradient":""}},"ast-content-background-meta":{"desktop":{"background-color":"var(--ast-global-color-5)","background-image":"","background-repeat":"repeat","background-position":"center center","background-size":"auto","background-attachment":"scroll","background-type":"","background-media":"","overlay-type":"","overlay-color":"","overlay-opacity":"","overlay-gradient":""},"tablet":{"background-color":"var(--ast-global-color-5)","background-image":"","background-repeat":"repeat","background-position":"center center","background-size":"auto","background-attachment":"scroll","background-type":"","background-media":"","overlay-type":"","overlay-color":"","overlay-opacity":"","overlay-gradient":""},"mobile":{"background-color":"var(--ast-global-color-5)","background-image":"","background-repeat":"repeat","background-position":"center center","background-size":"auto","background-attachment":"scroll","background-type":"","background-media":"","overlay-type":"","overlay-color":"","overlay-opacity":"","overlay-gradient":""}}},"product-tag":[70,76,89,74],"class_list":["post-14688","product","type-product","status-publish","has-post-thumbnail","hentry","product-tag-turning-tool-holder","product-tag-external-threading-tool-holder","product-tag-left-hand-threading-tool-holder","product-tag-threading-tool-holder"],"acf":[],"uagb_featured_image_src":{"full":["https:\/\/onmytoolings.com\/wp-content\/uploads\/2025\/02\/Threading-Tool-Holder-CTTRL.webp",771,291,false],"thumbnail":["https:\/\/onmytoolings.com\/wp-content\/uploads\/2025\/02\/Threading-Tool-Holder-CTTRL-150x150.webp",150,150,true],"medium":["https:\/\/onmytoolings.com\/wp-content\/uploads\/2025\/02\/Threading-Tool-Holder-CTTRL-300x113.webp",300,113,true],"medium_large":["https:\/\/onmytoolings.com\/wp-content\/uploads\/2025\/02\/Threading-Tool-Holder-CTTRL-768x290.webp",768,290,true],"large":["https:\/\/onmytoolings.com\/wp-content\/uploads\/2025\/02\/Threading-Tool-Holder-CTTRL.webp",771,291,false],"1536x1536":["https:\/\/onmytoolings.com\/wp-content\/uploads\/2025\/02\/Threading-Tool-Holder-CTTRL.webp",771,291,false],"2048x2048":["https:\/\/onmytoolings.com\/wp-content\/uploads\/2025\/02\/Threading-Tool-Holder-CTTRL.webp",771,291,false],"trp-custom-language-flag":["https:\/\/onmytoolings.com\/wp-content\/uploads\/2025\/02\/Threading-Tool-Holder-CTTRL.webp",18,7,false]},"uagb_author_info":{"display_name":"tom","author_link":"https:\/\/onmytoolings.com\/tr\/author\/tom\/"},"uagb_comment_info":0,"uagb_excerpt":"External threading tool holder For threading Machining.","_links":{"self":[{"href":"https:\/\/onmytoolings.com\/tr\/wp-json\/wp\/v2\/product\/14688","targetHints":{"allow":["GET"]}}],"collection":[{"href":"https:\/\/onmytoolings.com\/tr\/wp-json\/wp\/v2\/product"}],"about":[{"href":"https:\/\/onmytoolings.com\/tr\/wp-json\/wp\/v2\/types\/product"}],"author":[{"embeddable":true,"href":"https:\/\/onmytoolings.com\/tr\/wp-json\/wp\/v2\/users\/2"}],"wp:featuredmedia":[{"embeddable":true,"href":"https:\/\/onmytoolings.com\/tr\/wp-json\/wp\/v2\/media\/14514"}],"wp:attachment":[{"href":"https:\/\/onmytoolings.com\/tr\/wp-json\/wp\/v2\/media?parent=14688"}],"wp:term":[{"taxonomy":"product-tag","embeddable":true,"href":"https:\/\/onmytoolings.com\/tr\/wp-json\/wp\/v2\/product-tag?post=14688"}],"curies":[{"name":"wp","href":"https:\/\/api.w.org\/{rel}","templated":true}]}}