{"id":14684,"date":"2025-03-06T09:51:39","date_gmt":"2025-03-06T09:51:39","guid":{"rendered":"https:\/\/onmytoolings.com\/?post_type=product&#038;p=14684"},"modified":"2026-02-28T08:39:27","modified_gmt":"2026-02-28T08:39:27","slug":"sikici-cubuk-swlnrl-2","status":"publish","type":"product","link":"https:\/\/onmytoolings.com\/tr\/product\/boring-bar-swlnrl-2\/","title":{"rendered":"Delme \u00c7ubu\u011fu-SWLNRL"},"content":{"rendered":"","protected":false},"excerpt":{"rendered":"<p>Delme \u0130\u015flemi \u0130\u00e7in 95\u00b0 Delme \u00c7ubu\u011fu.<\/p>","protected":false},"author":2,"featured_media":14511,"parent":0,"template":"","meta":{"_acf_changed":true,"_uag_custom_page_level_css":"","site-sidebar-layout":"default","site-content-layout":"","ast-site-content-layout":"default","site-content-style":"default","site-sidebar-style":"default","ast-global-header-display":"","ast-banner-title-visibility":"","ast-main-header-display":"","ast-hfb-above-header-display":"","ast-hfb-below-header-display":"","ast-hfb-mobile-header-display":"","site-post-title":"","ast-breadcrumbs-content":"","ast-featured-img":"","footer-sml-layout":"","ast-disable-related-posts":"","theme-transparent-header-meta":"","adv-header-id-meta":"","stick-header-meta":"","header-above-stick-meta":"","header-main-stick-meta":"","header-below-stick-meta":"","astra-migrate-meta-layouts":"set","ast-page-background-enabled":"default","ast-page-background-meta":{"desktop":{"background-color":"","background-image":"","background-repeat":"repeat","background-position":"center center","background-size":"auto","background-attachment":"scroll","background-type":"","background-media":"","overlay-type":"","overlay-color":"","overlay-opacity":"","overlay-gradient":""},"tablet":{"background-color":"","background-image":"","background-repeat":"repeat","background-position":"center center","background-size":"auto","background-attachment":"scroll","background-type":"","background-media":"","overlay-type":"","overlay-color":"","overlay-opacity":"","overlay-gradient":""},"mobile":{"background-color":"","background-image":"","background-repeat":"repeat","background-position":"center center","background-size":"auto","background-attachment":"scroll","background-type":"","background-media":"","overlay-type":"","overlay-color":"","overlay-opacity":"","overlay-gradient":""}},"ast-content-background-meta":{"desktop":{"background-color":"var(--ast-global-color-5)","background-image":"","background-repeat":"repeat","background-position":"center center","background-size":"auto","background-attachment":"scroll","background-type":"","background-media":"","overlay-type":"","overlay-color":"","overlay-opacity":"","overlay-gradient":""},"tablet":{"background-color":"var(--ast-global-color-5)","background-image":"","background-repeat":"repeat","background-position":"center center","background-size":"auto","background-attachment":"scroll","background-type":"","background-media":"","overlay-type":"","overlay-color":"","overlay-opacity":"","overlay-gradient":""},"mobile":{"background-color":"var(--ast-global-color-5)","background-image":"","background-repeat":"repeat","background-position":"center center","background-size":"auto","background-attachment":"scroll","background-type":"","background-media":"","overlay-type":"","overlay-color":"","overlay-opacity":"","overlay-gradient":""}}},"product-tag":[70,95,83],"class_list":["post-14684","product","type-product","status-publish","has-post-thumbnail","hentry","product-tag-turning-tool-holder","product-tag-boring-bars","product-tag-wnmg-insert-holder"],"acf":[],"uagb_featured_image_src":{"full":["https:\/\/onmytoolings.com\/wp-content\/uploads\/2025\/02\/Boring-Bar-SWLNRL.webp",744,268,false],"thumbnail":["https:\/\/onmytoolings.com\/wp-content\/uploads\/2025\/02\/Boring-Bar-SWLNRL-150x150.webp",150,150,true],"medium":["https:\/\/onmytoolings.com\/wp-content\/uploads\/2025\/02\/Boring-Bar-SWLNRL-300x108.webp",300,108,true],"medium_large":["https:\/\/onmytoolings.com\/wp-content\/uploads\/2025\/02\/Boring-Bar-SWLNRL.webp",744,268,false],"large":["https:\/\/onmytoolings.com\/wp-content\/uploads\/2025\/02\/Boring-Bar-SWLNRL.webp",744,268,false],"1536x1536":["https:\/\/onmytoolings.com\/wp-content\/uploads\/2025\/02\/Boring-Bar-SWLNRL.webp",744,268,false],"2048x2048":["https:\/\/onmytoolings.com\/wp-content\/uploads\/2025\/02\/Boring-Bar-SWLNRL.webp",744,268,false],"trp-custom-language-flag":["https:\/\/onmytoolings.com\/wp-content\/uploads\/2025\/02\/Boring-Bar-SWLNRL.webp",18,6,false]},"uagb_author_info":{"display_name":"tom","author_link":"https:\/\/onmytoolings.com\/tr\/author\/tom\/"},"uagb_comment_info":0,"uagb_excerpt":"95\u00b0 Boring Bar For Boring Machining.","_links":{"self":[{"href":"https:\/\/onmytoolings.com\/tr\/wp-json\/wp\/v2\/product\/14684","targetHints":{"allow":["GET"]}}],"collection":[{"href":"https:\/\/onmytoolings.com\/tr\/wp-json\/wp\/v2\/product"}],"about":[{"href":"https:\/\/onmytoolings.com\/tr\/wp-json\/wp\/v2\/types\/product"}],"author":[{"embeddable":true,"href":"https:\/\/onmytoolings.com\/tr\/wp-json\/wp\/v2\/users\/2"}],"wp:featuredmedia":[{"embeddable":true,"href":"https:\/\/onmytoolings.com\/tr\/wp-json\/wp\/v2\/media\/14511"}],"wp:attachment":[{"href":"https:\/\/onmytoolings.com\/tr\/wp-json\/wp\/v2\/media?parent=14684"}],"wp:term":[{"taxonomy":"product-tag","embeddable":true,"href":"https:\/\/onmytoolings.com\/tr\/wp-json\/wp\/v2\/product-tag?post=14684"}],"curies":[{"name":"wp","href":"https:\/\/api.w.org\/{rel}","templated":true}]}}