{"id":15677,"date":"2025-07-21T15:13:12","date_gmt":"2025-07-21T15:13:12","guid":{"rendered":"https:\/\/onmytoolings.com\/?page_id=15677"},"modified":"2025-09-16T05:59:46","modified_gmt":"2025-09-16T05:59:46","slug":"tungsten-karbur-bosluklar","status":"publish","type":"page","link":"https:\/\/onmytoolings.com\/tr\/tungsten-carbide-blanks\/","title":{"rendered":"Tungsten Karb\u00fcr Bo\u015fluklar"},"content":{"rendered":"<div data-elementor-type=\"wp-page\" data-elementor-id=\"15677\" class=\"elementor elementor-15677\" data-elementor-post-type=\"page\">\n\t\t\t\t<div class=\"elementor-element elementor-element-76ab52d e-flex e-con-boxed e-con e-parent\" data-id=\"76ab52d\" data-element_type=\"container\" data-e-type=\"container\" data-settings=\"{&quot;background_background&quot;:&quot;classic&quot;}\">\n\t\t\t\t\t<div class=\"e-con-inner\">\n\t\t\t\t<div class=\"elementor-element elementor-element-7cf24d0 elementor-widget elementor-widget-heading\" data-id=\"7cf24d0\" data-element_type=\"widget\" data-e-type=\"widget\" data-widget_type=\"heading.default\">\n\t\t\t\t<div class=\"elementor-widget-container\">\n\t\t\t\t\t<h1 class=\"elementor-heading-title elementor-size-default\">tungsten karb\u00fcr bo\u015fluklar<\/h1>\t\t\t\t<\/div>\n\t\t\t\t<\/div>\n\t\t\t\t<div class=\"elementor-element elementor-element-0cac017 elementor-widget elementor-widget-text-editor\" data-id=\"0cac017\" data-element_type=\"widget\" data-e-type=\"widget\" data-widget_type=\"text-editor.default\">\n\t\t\t\t<div class=\"elementor-widget-container\">\n\t\t\t\t\t\t\t\t\t<p dir=\"auto\"><span data-sheets-root=\"1\">Tungsten karb\u00fcr bo\u015fluklar<\/span> tungsten ve karbondan yap\u0131lan sert ve dayan\u0131kl\u0131 bir malzeme olan tungsten karb\u00fcr\u00fcn \u00f6nceden \u015fekillendirilmi\u015f par\u00e7alar\u0131d\u0131r. Kesici tak\u0131mlar\u0131n \u00fcretiminde ba\u015flang\u0131\u00e7 malzemesi olarak kullan\u0131l\u0131rlar, <a href=\"https:\/\/onmytoolings.com\/tr\/delik-acma-aletleri\/\" target=\"_blank\" rel=\"noopener\">matkaplar<\/a>, <a href=\"https:\/\/onmytoolings.com\/tr\/carbide-end-mill-supplier\/\" target=\"_blank\" rel=\"noopener\">parmak frezeler<\/a>ve di\u011fer hassas bile\u015fenler. Bo\u015fluklar tipik olarak \u00e7ubuklar, diskler veya di\u011fer formlar halinde \u015fekillendirilir ve ard\u0131ndan ta\u015flan\u0131r veya i\u015flenerek nihai tak\u0131mlar haline getirilir. Temel \u00f6zellikleri aras\u0131nda y\u00fcksek sertlik, a\u015f\u0131nma direnci ve mukavemet yer al\u0131r, bu da onlar\u0131 metal i\u015fleme, ah\u015fap i\u015fleme ve madencilik gibi end\u00fcstriyel uygulamalar i\u00e7in ideal hale getirir. Toklu\u011fu art\u0131rmak i\u00e7in genellikle kobalt gibi bir metal ba\u011flay\u0131c\u0131 ile birle\u015ftirilirler.<\/p>\t\t\t\t\t\t\t\t<\/div>\n\t\t\t\t<\/div>\n\t\t\t\t<div class=\"elementor-element elementor-element-9c60a01 elementor-mobile-align-center elementor-widget elementor-widget-button\" data-id=\"9c60a01\" data-element_type=\"widget\" data-e-type=\"widget\" data-widget_type=\"button.default\">\n\t\t\t\t<div class=\"elementor-widget-container\">\n\t\t\t\t\t\t\t\t\t<div class=\"elementor-button-wrapper\">\n\t\t\t\t\t<a class=\"elementor-button elementor-button-link elementor-size-sm\" href=\"#elementor-action%3Aaction%3Dpopup%3Aopen%26settings%3DeyJpZCI6IjEwNDA3IiwidG9nZ2xlIjpmYWxzZX0%3D\">\n\t\t\t\t\t\t<span class=\"elementor-button-content-wrapper\">\n\t\t\t\t\t\t\t\t\t<span class=\"elementor-button-text\">Bir Uzmanla \u0130leti\u015fime Ge\u00e7in<\/span>\n\t\t\t\t\t<\/span>\n\t\t\t\t\t<\/a>\n\t\t\t\t<\/div>\n\t\t\t\t\t\t\t\t<\/div>\n\t\t\t\t<\/div>\n\t\t\t\t\t<\/div>\n\t\t\t\t<\/div>\n\t\t<div class=\"elementor-element elementor-element-2834aaa e-grid e-con-boxed e-con e-parent\" data-id=\"2834aaa\" data-element_type=\"container\" data-e-type=\"container\">\n\t\t\t\t\t<div class=\"e-con-inner\">\n\t\t\t\t<div class=\"elementor-element elementor-element-20afe93 elementor-position-top elementor-widget elementor-widget-image-box\" data-id=\"20afe93\" data-element_type=\"widget\" data-e-type=\"widget\" data-widget_type=\"image-box.default\">\n\t\t\t\t<div class=\"elementor-widget-container\">\n\t\t\t\t\t<div class=\"elementor-image-box-wrapper\"><figure class=\"elementor-image-box-img\"><a href=\"https:\/\/onmytoolings.com\/tr\/tungsten-carbide-blanks\/tungsten-carbide-rod\/\" tabindex=\"-1\" target=\"_blank\"><img fetchpriority=\"high\" decoding=\"async\" width=\"800\" height=\"800\" src=\"https:\/\/onmytoolings.com\/wp-content\/uploads\/2025\/07\/carbide-rod-blanks.webp\" class=\"attachment-full size-full wp-image-15681\" alt=\"karb\u00fcr \u00e7ubuk bo\u015fluklar\u0131\" srcset=\"https:\/\/onmytoolings.com\/wp-content\/uploads\/2025\/07\/carbide-rod-blanks.webp 800w, https:\/\/onmytoolings.com\/wp-content\/uploads\/2025\/07\/carbide-rod-blanks-300x300.webp 300w, https:\/\/onmytoolings.com\/wp-content\/uploads\/2025\/07\/carbide-rod-blanks-150x150.webp 150w, https:\/\/onmytoolings.com\/wp-content\/uploads\/2025\/07\/carbide-rod-blanks-768x768.webp 768w, https:\/\/onmytoolings.com\/wp-content\/uploads\/2025\/07\/carbide-rod-blanks-12x12.webp 12w\" sizes=\"(max-width: 800px) 100vw, 800px\" \/><\/a><\/figure><div class=\"elementor-image-box-content\"><h5 class=\"elementor-image-box-title\"><a href=\"https:\/\/onmytoolings.com\/tr\/tungsten-carbide-blanks\/tungsten-carbide-rod\/\" target=\"_blank\">karb\u00fcr \u00e7ubuk bo\u015fluklar\u0131<\/a><\/h5><p class=\"elementor-image-box-description\">Sa\u011flam, tek delikli, \u00e7ift delikli, spiral <a class=\"wpil_keyword_link\" href=\"https:\/\/onmytoolings.com\/tr\/tungsten-karbur-bosluklar\/tungsten-karbur-cubuk\/\" title=\"Tungsten Karb\u00fcr \u00c7ubuk\" data-wpil-keyword-link=\"linked\" data-wpil-monitor-id=\"74\" target=\"_blank\">tungsten karb\u00fcr \u00e7ubuk<\/a> bo\u015fluklar.<\/p><\/div><\/div>\t\t\t\t<\/div>\n\t\t\t\t<\/div>\n\t\t\t\t<div class=\"elementor-element elementor-element-534bcd5 elementor-position-top elementor-widget elementor-widget-image-box\" data-id=\"534bcd5\" data-element_type=\"widget\" data-e-type=\"widget\" data-widget_type=\"image-box.default\">\n\t\t\t\t<div class=\"elementor-widget-container\">\n\t\t\t\t\t<div class=\"elementor-image-box-wrapper\"><figure class=\"elementor-image-box-img\"><a href=\"https:\/\/onmytoolings.com\/tr\/tungsten-carbide-blanks\/carbide-insert-blanks-2\/\" tabindex=\"-1\" target=\"_blank\"><img decoding=\"async\" width=\"800\" height=\"800\" src=\"https:\/\/onmytoolings.com\/wp-content\/uploads\/2025\/07\/carbide-insert-blanks.webp\" class=\"attachment-full size-full wp-image-15682\" alt=\"karb\u00fcr kesici u\u00e7 bo\u015fluklar\u0131\" srcset=\"https:\/\/onmytoolings.com\/wp-content\/uploads\/2025\/07\/carbide-insert-blanks.webp 800w, https:\/\/onmytoolings.com\/wp-content\/uploads\/2025\/07\/carbide-insert-blanks-300x300.webp 300w, https:\/\/onmytoolings.com\/wp-content\/uploads\/2025\/07\/carbide-insert-blanks-150x150.webp 150w, https:\/\/onmytoolings.com\/wp-content\/uploads\/2025\/07\/carbide-insert-blanks-768x768.webp 768w, https:\/\/onmytoolings.com\/wp-content\/uploads\/2025\/07\/carbide-insert-blanks-12x12.webp 12w\" sizes=\"(max-width: 800px) 100vw, 800px\" \/><\/a><\/figure><div class=\"elementor-image-box-content\"><h5 class=\"elementor-image-box-title\"><a href=\"https:\/\/onmytoolings.com\/tr\/tungsten-carbide-blanks\/carbide-insert-blanks-2\/\" target=\"_blank\">karb\u00fcr kesici u\u00e7 bo\u015fluklar\u0131<\/a><\/h5><p class=\"elementor-image-box-description\">Geni\u015f bir yelpazede standart de\u011fi\u015ftirilebilir u\u00e7lar \u00fcretebiliriz. <a class=\"wpil_keyword_link\" href=\"https:\/\/onmytoolings.com\/tr\/tungsten-karbur-bosluklar\/karbur-kesici-uc-bosluklari-2\/\" title=\"Karb\u00fcr U\u00e7 Bo\u015fluklar\u0131\" data-wpil-keyword-link=\"linked\" data-wpil-monitor-id=\"75\" target=\"_blank\">bo\u015fluk ekle<\/a> d\u00f6nd\u00fcrme, frezeleme, delme ve di\u015f a\u00e7ma gibi i\u015flemler i\u00e7in kesici u\u00e7 bo\u015fluklar\u0131.<\/p><\/div><\/div>\t\t\t\t<\/div>\n\t\t\t\t<\/div>\n\t\t\t\t<div class=\"elementor-element elementor-element-c21364e elementor-position-top elementor-widget elementor-widget-image-box\" data-id=\"c21364e\" data-element_type=\"widget\" data-e-type=\"widget\" data-widget_type=\"image-box.default\">\n\t\t\t\t<div class=\"elementor-widget-container\">\n\t\t\t\t\t<div class=\"elementor-image-box-wrapper\"><figure class=\"elementor-image-box-img\"><a href=\"https:\/\/onmytoolings.com\/tr\/product\/tungsten-carbide-plates\/\" tabindex=\"-1\" target=\"_blank\"><img decoding=\"async\" width=\"800\" height=\"800\" src=\"https:\/\/onmytoolings.com\/wp-content\/uploads\/2025\/07\/tungsten-carbide-plate.webp\" class=\"attachment-full size-full wp-image-15686\" alt=\"tungsten karb\u00fcr plaka\" srcset=\"https:\/\/onmytoolings.com\/wp-content\/uploads\/2025\/07\/tungsten-carbide-plate.webp 800w, https:\/\/onmytoolings.com\/wp-content\/uploads\/2025\/07\/tungsten-carbide-plate-300x300.webp 300w, https:\/\/onmytoolings.com\/wp-content\/uploads\/2025\/07\/tungsten-carbide-plate-150x150.webp 150w, https:\/\/onmytoolings.com\/wp-content\/uploads\/2025\/07\/tungsten-carbide-plate-768x768.webp 768w, https:\/\/onmytoolings.com\/wp-content\/uploads\/2025\/07\/tungsten-carbide-plate-12x12.webp 12w\" sizes=\"(max-width: 800px) 100vw, 800px\" \/><\/a><\/figure><div class=\"elementor-image-box-content\"><h5 class=\"elementor-image-box-title\"><a href=\"https:\/\/onmytoolings.com\/tr\/product\/tungsten-carbide-plates\/\" target=\"_blank\">tungsten karb\u00fcr plaka<\/a><\/h5><p class=\"elementor-image-box-description\">Biz sa\u011fl\u0131yoruz <a class=\"wpil_keyword_link\" href=\"https:\/\/onmytoolings.com\/tr\/urun\/tungsten-karbur-plakalar\/\" title=\"Standart Tungsten Karb\u00fcr Plakalar\" data-wpil-keyword-link=\"linked\" data-wpil-monitor-id=\"72\" target=\"_blank\">tungsten karb\u00fcr plakalar<\/a> farkl\u0131 boyutlarda, normal bo\u015fluklar ve zemin bo\u015fluklar\u0131 dahil olmak \u00fczere, ayr\u0131ca \u00f6zel \u00f6zelle\u015ftirme gereksinimlerini de destekler.<\/p><\/div><\/div>\t\t\t\t<\/div>\n\t\t\t\t<\/div>\n\t\t\t\t<div class=\"elementor-element elementor-element-69abe3a elementor-position-top elementor-widget elementor-widget-image-box\" data-id=\"69abe3a\" data-element_type=\"widget\" data-e-type=\"widget\" data-widget_type=\"image-box.default\">\n\t\t\t\t<div class=\"elementor-widget-container\">\n\t\t\t\t\t<div class=\"elementor-image-box-wrapper\"><figure class=\"elementor-image-box-img\"><a href=\"https:\/\/onmytoolings.com\/tr\/tungsten-carbide-blanks\/tungsten-carbide-strips-2\/\" tabindex=\"-1\" target=\"_blank\"><img loading=\"lazy\" decoding=\"async\" width=\"640\" height=\"640\" src=\"https:\/\/onmytoolings.com\/wp-content\/uploads\/2025\/07\/tungsten-carbide-strips.webp\" class=\"attachment-full size-full wp-image-15695\" alt=\"karb\u00fcr \u015feritler\" srcset=\"https:\/\/onmytoolings.com\/wp-content\/uploads\/2025\/07\/tungsten-carbide-strips.webp 640w, https:\/\/onmytoolings.com\/wp-content\/uploads\/2025\/07\/tungsten-carbide-strips-300x300.webp 300w, https:\/\/onmytoolings.com\/wp-content\/uploads\/2025\/07\/tungsten-carbide-strips-150x150.webp 150w, https:\/\/onmytoolings.com\/wp-content\/uploads\/2025\/07\/tungsten-carbide-strips-12x12.webp 12w\" sizes=\"(max-width: 640px) 100vw, 640px\" \/><\/a><\/figure><div class=\"elementor-image-box-content\"><h5 class=\"elementor-image-box-title\"><a href=\"https:\/\/onmytoolings.com\/tr\/tungsten-carbide-blanks\/tungsten-carbide-strips-2\/\" target=\"_blank\">tungsten karb\u00fcr \u015feritler<\/a><\/h5><p class=\"elementor-image-box-description\">Profesyonel tungsten <a class=\"wpil_keyword_link\" href=\"https:\/\/onmytoolings.com\/tr\/urun\/ekstrude-tungsten-karbur-seritler\/\" title=\"Ekstr\u00fcde Tungsten Karb\u00fcr \u015eeritler\" data-wpil-keyword-link=\"linked\" data-wpil-monitor-id=\"73\" target=\"_blank\">karb\u00fcr \u015ferit<\/a> \u00dcretici, \u00fcr\u00fcnleri aras\u0131nda ekstr\u00fczyon \u015ferit ve STB \u015ferit bulunur, \u00e7e\u015fitli boyut ve kal\u0131nl\u0131klar\u0131 ve \u00f6zel \u00f6zelle\u015ftirme gereksinimlerini destekler.<\/p><\/div><\/div>\t\t\t\t<\/div>\n\t\t\t\t<\/div>\n\t\t\t\t<div class=\"elementor-element elementor-element-3e713ef elementor-position-top elementor-widget elementor-widget-image-box\" data-id=\"3e713ef\" data-element_type=\"widget\" data-e-type=\"widget\" data-widget_type=\"image-box.default\">\n\t\t\t\t<div class=\"elementor-widget-container\">\n\t\t\t\t\t<div class=\"elementor-image-box-wrapper\"><figure class=\"elementor-image-box-img\"><img loading=\"lazy\" decoding=\"async\" width=\"800\" height=\"800\" src=\"https:\/\/onmytoolings.com\/wp-content\/uploads\/2025\/07\/carbide-drill-blanks.webp\" class=\"attachment-full size-full wp-image-15691\" alt=\"karb\u00fcr matkap bo\u015fluklar\u0131\" srcset=\"https:\/\/onmytoolings.com\/wp-content\/uploads\/2025\/07\/carbide-drill-blanks.webp 800w, https:\/\/onmytoolings.com\/wp-content\/uploads\/2025\/07\/carbide-drill-blanks-300x300.webp 300w, https:\/\/onmytoolings.com\/wp-content\/uploads\/2025\/07\/carbide-drill-blanks-150x150.webp 150w, https:\/\/onmytoolings.com\/wp-content\/uploads\/2025\/07\/carbide-drill-blanks-768x768.webp 768w, https:\/\/onmytoolings.com\/wp-content\/uploads\/2025\/07\/carbide-drill-blanks-12x12.webp 12w\" sizes=\"(max-width: 800px) 100vw, 800px\" \/><\/figure><div class=\"elementor-image-box-content\"><h5 class=\"elementor-image-box-title\">karb\u00fcr matkap bo\u015fluklar\u0131<\/h5><p class=\"elementor-image-box-description\">Standart karb\u00fcr matkap bo\u015fluklar\u0131 (i\u00e7 so\u011futucu, d\u0131\u015f so\u011futucu) ve \u00f6zel gereksinimlerle \u00f6zelle\u015ftirilmi\u015f \u00fcr\u00fcnler.<\/p><\/div><\/div>\t\t\t\t<\/div>\n\t\t\t\t<\/div>\n\t\t\t\t<div class=\"elementor-element elementor-element-118895f elementor-position-top elementor-widget elementor-widget-image-box\" data-id=\"118895f\" data-element_type=\"widget\" data-e-type=\"widget\" data-widget_type=\"image-box.default\">\n\t\t\t\t<div class=\"elementor-widget-container\">\n\t\t\t\t\t<div class=\"elementor-image-box-wrapper\"><figure class=\"elementor-image-box-img\"><img loading=\"lazy\" decoding=\"async\" width=\"600\" height=\"600\" src=\"https:\/\/onmytoolings.com\/wp-content\/uploads\/2025\/07\/carbide-preforms.webp\" class=\"attachment-full size-full wp-image-15696\" alt=\"karb\u00fcr preformlar\" srcset=\"https:\/\/onmytoolings.com\/wp-content\/uploads\/2025\/07\/carbide-preforms.webp 600w, https:\/\/onmytoolings.com\/wp-content\/uploads\/2025\/07\/carbide-preforms-300x300.webp 300w, https:\/\/onmytoolings.com\/wp-content\/uploads\/2025\/07\/carbide-preforms-150x150.webp 150w, https:\/\/onmytoolings.com\/wp-content\/uploads\/2025\/07\/carbide-preforms-12x12.webp 12w, https:\/\/onmytoolings.com\/wp-content\/uploads\/2025\/07\/elementor\/thumbs\/carbide-preforms-r93a00eggg0hqvn6mg1vyxy4og5sgmwktsfa4velco.webp 92w\" sizes=\"(max-width: 600px) 100vw, 600px\" \/><\/figure><div class=\"elementor-image-box-content\"><h5 class=\"elementor-image-box-title\">karb\u00fcr preformlar<\/h5><p class=\"elementor-image-box-description\">\u00c7e\u015fitli \u00f6zel a\u015f\u0131nmaya dayan\u0131kl\u0131 \u00fcr\u00fcnleri (di\u015fler, \u00e7oklu delikler, \u00e7oklu oluklar, yan delikler, k\u00f6r delikler, nozullar, kal\u0131plar) destekleyen profesyonel karb\u00fcr preform \u00fcreticisi<\/p><\/div><\/div>\t\t\t\t<\/div>\n\t\t\t\t<\/div>\n\t\t\t\t<div class=\"elementor-element elementor-element-adcc416 elementor-position-top elementor-widget elementor-widget-image-box\" data-id=\"adcc416\" data-element_type=\"widget\" data-e-type=\"widget\" data-widget_type=\"image-box.default\">\n\t\t\t\t<div class=\"elementor-widget-container\">\n\t\t\t\t\t<div class=\"elementor-image-box-wrapper\"><figure class=\"elementor-image-box-img\"><a href=\"https:\/\/onmytoolings.com\/tr\/tungsten-carbide-blanks\/carbide-cold-heading-dies\/\" tabindex=\"-1\" target=\"_blank\"><img loading=\"lazy\" decoding=\"async\" width=\"800\" height=\"801\" src=\"https:\/\/onmytoolings.com\/wp-content\/uploads\/2025\/09\/cold-heading-dies.webp\" class=\"attachment-full size-full wp-image-15998\" alt=\"karb\u00fcr so\u011fuk d\u00f6vme kal\u0131plar\u0131\" srcset=\"https:\/\/onmytoolings.com\/wp-content\/uploads\/2025\/09\/cold-heading-dies.webp 800w, https:\/\/onmytoolings.com\/wp-content\/uploads\/2025\/09\/cold-heading-dies-300x300.webp 300w, https:\/\/onmytoolings.com\/wp-content\/uploads\/2025\/09\/cold-heading-dies-150x150.webp 150w, https:\/\/onmytoolings.com\/wp-content\/uploads\/2025\/09\/cold-heading-dies-768x769.webp 768w, https:\/\/onmytoolings.com\/wp-content\/uploads\/2025\/09\/cold-heading-dies-12x12.webp 12w\" sizes=\"(max-width: 800px) 100vw, 800px\" \/><\/a><\/figure><div class=\"elementor-image-box-content\"><h5 class=\"elementor-image-box-title\"><a href=\"https:\/\/onmytoolings.com\/tr\/tungsten-carbide-blanks\/carbide-cold-heading-dies\/\" target=\"_blank\">Karb\u00fcr so\u011fuk d\u00f6vme kal\u0131plar\u0131<\/a><\/h5><p class=\"elementor-image-box-description\"><a class=\"wpil_keyword_link\" href=\"https:\/\/onmytoolings.com\/tr\/tungsten-karbur-bosluklar\/karbur-soguk-dovme-kaliplari\/\" title=\"Karb\u00fcr So\u011fuk Ba\u015fl\u0131k Kal\u0131plar\u0131\" data-wpil-keyword-link=\"linked\" data-wpil-monitor-id=\"76\" target=\"_blank\">Karb\u00fcr So\u011fuk Ba\u015fl\u0131k Kal\u0131plar\u0131<\/a> metal par\u00e7alar\u0131n, \u00f6zellikle ba\u011flant\u0131 elemanlar\u0131n\u0131n seri \u00fcretimi i\u00e7in so\u011fuk ba\u015fl\u0131k veya so\u011fuk \u015fekillendirme i\u015fleminde kullan\u0131lan kritik hassasiyetli aletlerdir.<\/p><\/div><\/div>\t\t\t\t<\/div>\n\t\t\t\t<\/div>\n\t\t\t\t\t<\/div>\n\t\t\t\t<\/div>\n\t\t\t\t<\/div>","protected":false},"excerpt":{"rendered":"<p>tungsten carbide blanks Tungsten carbide blanks are pre-formed pieces of tungsten carbide, a hard and durable material made from tungsten and carbon. They\u2019re used as starting materials for manufacturing cutting tools, drills, end mills, and other precision components. The blanks are typically shaped into rods, discs, or other forms and then ground or machined into [&hellip;]<\/p>\n","protected":false},"author":1,"featured_media":0,"parent":0,"menu_order":0,"comment_status":"closed","ping_status":"closed","template":"","meta":{"_acf_changed":false,"_uag_custom_page_level_css":"","site-sidebar-layout":"no-sidebar","site-content-layout":"page-builder","ast-site-content-layout":"full-width-container","site-content-style":"default","site-sidebar-style":"default","ast-global-header-display":"","ast-banner-title-visibility":"","ast-main-header-display":"","ast-hfb-above-header-display":"","ast-hfb-below-header-display":"","ast-hfb-mobile-header-display":"","site-post-title":"disabled","ast-breadcrumbs-content":"","ast-featured-img":"disabled","footer-sml-layout":"","ast-disable-related-posts":"","theme-transparent-header-meta":"","adv-header-id-meta":"","stick-header-meta":"","header-above-stick-meta":"","header-main-stick-meta":"","header-below-stick-meta":"","astra-migrate-meta-layouts":"default","ast-page-background-enabled":"default","ast-page-background-meta":{"desktop":{"background-color":"","background-image":"","background-repeat":"repeat","background-position":"center center","background-size":"auto","background-attachment":"scroll","background-type":"","background-media":"","overlay-type":"","overlay-color":"","overlay-opacity":"","overlay-gradient":""},"tablet":{"background-color":"","background-image":"","background-repeat":"repeat","background-position":"center center","background-size":"auto","background-attachment":"scroll","background-type":"","background-media":"","overlay-type":"","overlay-color":"","overlay-opacity":"","overlay-gradient":""},"mobile":{"background-color":"","background-image":"","background-repeat":"repeat","background-position":"center center","background-size":"auto","background-attachment":"scroll","background-type":"","background-media":"","overlay-type":"","overlay-color":"","overlay-opacity":"","overlay-gradient":""}},"ast-content-background-meta":{"desktop":{"background-color":"var(--ast-global-color-5)","background-image":"","background-repeat":"repeat","background-position":"center center","background-size":"auto","background-attachment":"scroll","background-type":"","background-media":"","overlay-type":"","overlay-color":"","overlay-opacity":"","overlay-gradient":""},"tablet":{"background-color":"var(--ast-global-color-5)","background-image":"","background-repeat":"repeat","background-position":"center center","background-size":"auto","background-attachment":"scroll","background-type":"","background-media":"","overlay-type":"","overlay-color":"","overlay-opacity":"","overlay-gradient":""},"mobile":{"background-color":"var(--ast-global-color-5)","background-image":"","background-repeat":"repeat","background-position":"center center","background-size":"auto","background-attachment":"scroll","background-type":"","background-media":"","overlay-type":"","overlay-color":"","overlay-opacity":"","overlay-gradient":""}},"footnotes":""},"class_list":["post-15677","page","type-page","status-publish","hentry"],"acf":[],"uagb_featured_image_src":{"full":false,"thumbnail":false,"medium":false,"medium_large":false,"large":false,"1536x1536":false,"2048x2048":false,"trp-custom-language-flag":false},"uagb_author_info":{"display_name":"Jiang.xu","author_link":"https:\/\/onmytoolings.com\/tr\/author\/bigsunjianggmail-com\/"},"uagb_comment_info":0,"uagb_excerpt":"tungsten carbide blanks Tungsten carbide blanks are pre-formed pieces of tungsten carbide, a hard and durable material made from tungsten and carbon. They\u2019re used as starting materials for manufacturing cutting tools, drills, end mills, and other precision components. The blanks are typically shaped into rods, discs, or other forms and then ground or machined into&hellip;","_links":{"self":[{"href":"https:\/\/onmytoolings.com\/tr\/wp-json\/wp\/v2\/pages\/15677","targetHints":{"allow":["GET"]}}],"collection":[{"href":"https:\/\/onmytoolings.com\/tr\/wp-json\/wp\/v2\/pages"}],"about":[{"href":"https:\/\/onmytoolings.com\/tr\/wp-json\/wp\/v2\/types\/page"}],"author":[{"embeddable":true,"href":"https:\/\/onmytoolings.com\/tr\/wp-json\/wp\/v2\/users\/1"}],"replies":[{"embeddable":true,"href":"https:\/\/onmytoolings.com\/tr\/wp-json\/wp\/v2\/comments?post=15677"}],"version-history":[{"count":33,"href":"https:\/\/onmytoolings.com\/tr\/wp-json\/wp\/v2\/pages\/15677\/revisions"}],"predecessor-version":[{"id":17222,"href":"https:\/\/onmytoolings.com\/tr\/wp-json\/wp\/v2\/pages\/15677\/revisions\/17222"}],"wp:attachment":[{"href":"https:\/\/onmytoolings.com\/tr\/wp-json\/wp\/v2\/media?parent=15677"}],"curies":[{"name":"wp","href":"https:\/\/api.w.org\/{rel}","templated":true}]}}