{"id":15523,"date":"2025-06-16T13:08:41","date_gmt":"2025-06-16T13:08:41","guid":{"rendered":"https:\/\/onmytoolings.com\/?page_id=15523"},"modified":"2025-07-16T07:02:26","modified_gmt":"2025-07-16T07:02:26","slug":"kurek-matkaplar","status":"publish","type":"page","link":"https:\/\/onmytoolings.com\/tr\/spade-drills\/","title":{"rendered":"Ma\u00e7a Matkaplar\u0131"},"content":{"rendered":"<div data-elementor-type=\"wp-page\" data-elementor-id=\"15523\" class=\"elementor elementor-15523\" data-elementor-post-type=\"page\">\n\t\t\t\t<div class=\"elementor-element elementor-element-b264b0a e-flex e-con-boxed e-con e-parent\" data-id=\"b264b0a\" data-element_type=\"container\" data-e-type=\"container\">\n\t\t\t\t\t<div class=\"e-con-inner\">\n\t\t<div class=\"elementor-element elementor-element-0279949 e-con-full e-flex e-con e-child\" data-id=\"0279949\" data-element_type=\"container\" data-e-type=\"container\">\n\t\t\t\t<div class=\"elementor-element elementor-element-acca71c elementor-widget elementor-widget-heading\" data-id=\"acca71c\" data-element_type=\"widget\" data-e-type=\"widget\" data-widget_type=\"heading.default\">\n\t\t\t\t<div class=\"elementor-widget-container\">\n\t\t\t\t\t<h1 class=\"elementor-heading-title elementor-size-default\">k\u00fcrek matkaplar<\/h1>\t\t\t\t<\/div>\n\t\t\t\t<\/div>\n\t\t\t\t<div class=\"elementor-element elementor-element-3dba00f elementor-widget elementor-widget-text-editor\" data-id=\"3dba00f\" data-element_type=\"widget\" data-e-type=\"widget\" data-widget_type=\"text-editor.default\">\n\t\t\t\t<div class=\"elementor-widget-container\">\n\t\t\t\t\t\t\t\t\t<p>K\u00fcrek matkaplar, genellikle de\u011fi\u015ftirilebilir veya de\u011fi\u015ftirilebilir karb\u00fcr, kobalt ve y\u00fcksek h\u0131z \u00e7eli\u011fi (HSS) u\u00e7lara sahip, bir tak\u0131m tutucuya monte edilmi\u015f d\u00fcz bir kesici uca sahiptir. Metal delme i\u015fleri i\u00e7in bir t\u00fcr mod\u00fcler delme aletidir. Ma\u00e7a matkaplar CNC makinelerinde, torna tezgahlar\u0131nda veya freze makinelerinde \u00e7elik, al\u00fcminyum veya d\u00f6kme demir gibi metallerde b\u00fcy\u00fck delikler (tipik olarak 13 ila 65 mm \u00e7ap\u0131nda) a\u00e7mak i\u00e7in kullan\u0131l\u0131r. Ma\u00e7a matkaplar de\u011fi\u015ftirilebilir kesici u\u00e7lar sayesinde uygun maliyetlidir, dahili so\u011futma kanallar\u0131 sayesinde etkili tala\u015f tahliyesine sahiptir ve s\u0131k\u0131 tolerans gereksinimleri (\u00b10,1 mm) olan y\u00fcksek h\u0131zl\u0131 derin delik delme i\u015flemleri i\u00e7in uygundur. Tam temas ko\u015fullar\u0131nda en iyi performans\u0131 g\u00f6sterirler, ancak \u00f6n delme s\u0131ras\u0131nda zorluklarla kar\u015f\u0131la\u015fabilirler.<\/p>\t\t\t\t\t\t\t\t<\/div>\n\t\t\t\t<\/div>\n\t\t<div class=\"elementor-element elementor-element-d3d0d40 e-con-full e-flex e-con e-child\" data-id=\"d3d0d40\" data-element_type=\"container\" data-e-type=\"container\">\n\t\t<div class=\"elementor-element elementor-element-ee711a8 e-grid e-con-full e-con e-child\" data-id=\"ee711a8\" data-element_type=\"container\" data-e-type=\"container\">\n\t\t\t\t<div class=\"elementor-element elementor-element-1672ec9 elementor-position-top elementor-widget elementor-widget-image-box\" data-id=\"1672ec9\" data-element_type=\"widget\" data-e-type=\"widget\" data-widget_type=\"image-box.default\">\n\t\t\t\t<div class=\"elementor-widget-container\">\n\t\t\t\t\t<div class=\"elementor-image-box-wrapper\"><figure class=\"elementor-image-box-img\"><a href=\"https:\/\/onmytoolings.com\/tr\/product\/spade-drill-inserts\/\" tabindex=\"-1\" target=\"_blank\"><img decoding=\"async\" src=\"https:\/\/onmytoolings.com\/wp-content\/uploads\/elementor\/thumbs\/spade-drill-inserts-r7e74szb7ha37rgg0iri3z2kltlxqoo7gt5grl6h68.webp\" title=\"ma\u00e7a matkap u\u00e7lar\u0131\" alt=\"ma\u00e7a matkap u\u00e7lar\u0131\" loading=\"lazy\" \/><\/a><\/figure><div class=\"elementor-image-box-content\"><h3 class=\"elementor-image-box-title\"><a href=\"https:\/\/onmytoolings.com\/tr\/product\/spade-drill-inserts\/\" target=\"_blank\">ma\u00e7a matkap u\u00e7lar\u0131<\/a><\/h3><p class=\"elementor-image-box-description\">Farkl\u0131 i\u015flenmi\u015f malzemeler i\u00e7in karb\u00fcr, kobalt ve y\u00fcksek h\u0131z \u00e7eli\u011finden (HSS) yap\u0131lm\u0131\u015f de\u011fi\u015ftirilebilir kesici u\u00e7lar kullan\u0131l\u0131r.<\/p><\/div><\/div>\t\t\t\t<\/div>\n\t\t\t\t<\/div>\n\t\t\t\t<div class=\"elementor-element elementor-element-4c13064 elementor-position-top elementor-widget elementor-widget-image-box\" data-id=\"4c13064\" data-element_type=\"widget\" data-e-type=\"widget\" data-widget_type=\"image-box.default\">\n\t\t\t\t<div class=\"elementor-widget-container\">\n\t\t\t\t\t<div class=\"elementor-image-box-wrapper\"><figure class=\"elementor-image-box-img\"><a href=\"https:\/\/onmytoolings.com\/tr\/product\/spade-drill-holders\/\" tabindex=\"-1\" target=\"_blank\"><img decoding=\"async\" src=\"https:\/\/onmytoolings.com\/wp-content\/uploads\/elementor\/thumbs\/spde-drill-holders-r7e759wemhx90qrv9q2scusvarajl8jdj4w7ekhe28.webp\" title=\"spde matkap tutucular\" alt=\"spde matkap tutucular\" loading=\"lazy\" \/><\/a><\/figure><div class=\"elementor-image-box-content\"><h3 class=\"elementor-image-box-title\"><a href=\"https:\/\/onmytoolings.com\/tr\/product\/spade-drill-holders\/\" target=\"_blank\">k\u00fcrek matkap tutucu<\/a><\/h3><p class=\"elementor-image-box-description\">H13 krom kaplamal\u0131 tasar\u0131m, iyi sertlik ve y\u00fcksek hassasiyet kullan\u0131larak b\u00fcy\u00fck tala\u015f olu\u011fu tasar\u0131m\u0131.<\/p><\/div><\/div>\t\t\t\t<\/div>\n\t\t\t\t<\/div>\n\t\t\t\t<\/div>\n\t\t\t\t<\/div>\n\t\t\t\t<\/div>\n\t\t\t\t\t<\/div>\n\t\t\t\t<\/div>\n\t\t\t\t<\/div>","protected":false},"excerpt":{"rendered":"<p>spade drills Spade drills feature a flat cutting insert, usually with replaceable or indexable carbide, cobalt and high-speed steel (HSS) inserts, mounted on a tool holder. They are a type of modular drilling tool for metal drilling work. Spade drills are used on CNC machines, lathes or milling machines to drill large holes (typically 13 [&hellip;]<\/p>\n","protected":false},"author":1,"featured_media":0,"parent":0,"menu_order":0,"comment_status":"closed","ping_status":"closed","template":"","meta":{"_acf_changed":false,"_uag_custom_page_level_css":"","site-sidebar-layout":"no-sidebar","site-content-layout":"page-builder","ast-site-content-layout":"full-width-container","site-content-style":"default","site-sidebar-style":"default","ast-global-header-display":"","ast-banner-title-visibility":"","ast-main-header-display":"","ast-hfb-above-header-display":"","ast-hfb-below-header-display":"","ast-hfb-mobile-header-display":"","site-post-title":"disabled","ast-breadcrumbs-content":"","ast-featured-img":"disabled","footer-sml-layout":"","ast-disable-related-posts":"","theme-transparent-header-meta":"","adv-header-id-meta":"","stick-header-meta":"","header-above-stick-meta":"","header-main-stick-meta":"","header-below-stick-meta":"","astra-migrate-meta-layouts":"default","ast-page-background-enabled":"default","ast-page-background-meta":{"desktop":{"background-color":"","background-image":"","background-repeat":"repeat","background-position":"center center","background-size":"auto","background-attachment":"scroll","background-type":"","background-media":"","overlay-type":"","overlay-color":"","overlay-opacity":"","overlay-gradient":""},"tablet":{"background-color":"","background-image":"","background-repeat":"repeat","background-position":"center center","background-size":"auto","background-attachment":"scroll","background-type":"","background-media":"","overlay-type":"","overlay-color":"","overlay-opacity":"","overlay-gradient":""},"mobile":{"background-color":"","background-image":"","background-repeat":"repeat","background-position":"center center","background-size":"auto","background-attachment":"scroll","background-type":"","background-media":"","overlay-type":"","overlay-color":"","overlay-opacity":"","overlay-gradient":""}},"ast-content-background-meta":{"desktop":{"background-color":"var(--ast-global-color-5)","background-image":"","background-repeat":"repeat","background-position":"center center","background-size":"auto","background-attachment":"scroll","background-type":"","background-media":"","overlay-type":"","overlay-color":"","overlay-opacity":"","overlay-gradient":""},"tablet":{"background-color":"var(--ast-global-color-5)","background-image":"","background-repeat":"repeat","background-position":"center center","background-size":"auto","background-attachment":"scroll","background-type":"","background-media":"","overlay-type":"","overlay-color":"","overlay-opacity":"","overlay-gradient":""},"mobile":{"background-color":"var(--ast-global-color-5)","background-image":"","background-repeat":"repeat","background-position":"center center","background-size":"auto","background-attachment":"scroll","background-type":"","background-media":"","overlay-type":"","overlay-color":"","overlay-opacity":"","overlay-gradient":""}},"footnotes":""},"class_list":["post-15523","page","type-page","status-publish","hentry"],"acf":[],"uagb_featured_image_src":{"full":false,"thumbnail":false,"medium":false,"medium_large":false,"large":false,"1536x1536":false,"2048x2048":false,"trp-custom-language-flag":false},"uagb_author_info":{"display_name":"Jiang.xu","author_link":"https:\/\/onmytoolings.com\/tr\/author\/bigsunjianggmail-com\/"},"uagb_comment_info":0,"uagb_excerpt":"spade drills Spade drills feature a flat cutting insert, usually with replaceable or indexable carbide, cobalt and high-speed steel (HSS) inserts, mounted on a tool holder. They are a type of modular drilling tool for metal drilling work. Spade drills are used on CNC machines, lathes or milling machines to drill large holes (typically 13&hellip;","_links":{"self":[{"href":"https:\/\/onmytoolings.com\/tr\/wp-json\/wp\/v2\/pages\/15523","targetHints":{"allow":["GET"]}}],"collection":[{"href":"https:\/\/onmytoolings.com\/tr\/wp-json\/wp\/v2\/pages"}],"about":[{"href":"https:\/\/onmytoolings.com\/tr\/wp-json\/wp\/v2\/types\/page"}],"author":[{"embeddable":true,"href":"https:\/\/onmytoolings.com\/tr\/wp-json\/wp\/v2\/users\/1"}],"replies":[{"embeddable":true,"href":"https:\/\/onmytoolings.com\/tr\/wp-json\/wp\/v2\/comments?post=15523"}],"version-history":[{"count":9,"href":"https:\/\/onmytoolings.com\/tr\/wp-json\/wp\/v2\/pages\/15523\/revisions"}],"predecessor-version":[{"id":17982,"href":"https:\/\/onmytoolings.com\/tr\/wp-json\/wp\/v2\/pages\/15523\/revisions\/17982"}],"wp:attachment":[{"href":"https:\/\/onmytoolings.com\/tr\/wp-json\/wp\/v2\/media?parent=15523"}],"curies":[{"name":"wp","href":"https:\/\/api.w.org\/{rel}","templated":true}]}}