{"id":1519,"date":"2023-04-14T08:31:28","date_gmt":"2023-04-14T08:31:28","guid":{"rendered":"https:\/\/onmytoolings.com\/?page_id=1519"},"modified":"2024-10-31T02:19:58","modified_gmt":"2024-10-31T02:19:58","slug":"yuzey-frezeleme-hizi-ve-ilerleme","status":"publish","type":"page","link":"https:\/\/onmytoolings.com\/tr\/face-milling-speed-and-feed\/","title":{"rendered":"Y\u00fczey Frezeleme H\u0131z\u0131 ve \u0130lerlemesi"},"content":{"rendered":"<div data-elementor-type=\"wp-page\" data-elementor-id=\"1519\" class=\"elementor elementor-1519\" data-elementor-post-type=\"page\">\n\t\t\t\t<div class=\"elementor-element elementor-element-249e104 e-flex e-con-boxed e-con e-parent\" data-id=\"249e104\" data-element_type=\"container\" data-e-type=\"container\">\n\t\t\t\t\t<div class=\"e-con-inner\">\n\t\t\t\t<div class=\"elementor-element elementor-element-2446195 elementor-widget elementor-widget-heading\" data-id=\"2446195\" data-element_type=\"widget\" data-e-type=\"widget\" data-widget_type=\"heading.default\">\n\t\t\t\t<div class=\"elementor-widget-container\">\n\t\t\t\t\t<h2 class=\"elementor-heading-title elementor-size-default\">Y\u00fczey frezeleme h\u0131z\u0131 ve ilerleme<\/h2>\t\t\t\t<\/div>\n\t\t\t\t<\/div>\n\t\t\t\t<div class=\"elementor-element elementor-element-119a23b elementor-widget elementor-widget-text-editor\" data-id=\"119a23b\" data-element_type=\"widget\" data-e-type=\"widget\" data-widget_type=\"text-editor.default\">\n\t\t\t\t<div class=\"elementor-widget-container\">\n\t\t\t\t\t\t\t\t\t<p>Bu de\u011ferler genel bir k\u0131lavuz olarak sa\u011flanm\u0131\u015ft\u0131r ve \u00f6zel durumlara ba\u011fl\u0131 olarak de\u011fi\u015febilir. <a href=\"https:\/\/onmytoolings.com\/tr\/freze-uclari\/yuzey-frezeleme\/\" target=\"_blank\">y\u00fczey frezeleme ucu<\/a> Kullan\u0131lan makine ve i\u015f par\u00e7as\u0131 malzemesinin ko\u015fullar\u0131. Performans\u0131 ve tak\u0131m \u00f6mr\u00fcn\u00fc optimize etmek i\u00e7in kesme h\u0131z\u0131n\u0131 ve ilerleme oran\u0131n\u0131 belirli bir i\u015fe g\u00f6re ayarlamak \u00f6nemlidir.<\/p>\t\t\t\t\t\t\t\t<\/div>\n\t\t\t\t<\/div>\n\t\t\t\t<div class=\"elementor-element elementor-element-7edf20c elementor-widget elementor-widget-text-editor\" data-id=\"7edf20c\" data-element_type=\"widget\" data-e-type=\"widget\" data-widget_type=\"text-editor.default\">\n\t\t\t\t<div class=\"elementor-widget-container\">\n\t\t\t\t\t\t\t\t\t<p>Y\u00fczey frezeleme u\u00e7lar\u0131 i\u00e7in h\u0131z ve ilerleme verileri, belirli u\u00e7 tipine, u\u00e7 s\u0131n\u0131f\u0131na, kullan\u0131lan makineye ve frezelenen i\u015f par\u00e7as\u0131 malzemesine ba\u011fl\u0131 olarak de\u011fi\u015febilir. Y\u00fczey frezeleme i\u00e7in ideal h\u0131z ve ilerleme oranlar\u0131n\u0131 belirlerken g\u00f6z \u00f6n\u00fcnde bulundurulmas\u0131 gereken baz\u0131 fakt\u00f6rler a\u015fa\u011f\u0131da verilmi\u015ftir:<\/p><ul><li><p>Kesici u\u00e7 tipi: Farkl\u0131 kesici u\u00e7lar, farkl\u0131 malzeme t\u00fcrleri ve uygulamalar i\u00e7in tasarlanm\u0131\u015ft\u0131r. Baz\u0131lar\u0131 daha y\u00fcksek h\u0131zlar ve ilerlemeler i\u00e7in tasarlan\u0131rken, di\u011ferleri daha yava\u015f, daha tutarl\u0131 kesimler i\u00e7in tasarlanm\u0131\u015ft\u0131r.<\/p><\/li><li><p>Kesici u\u00e7 s\u0131n\u0131f\u0131: Her kesici u\u00e7 s\u0131n\u0131f\u0131, kesme h\u0131z\u0131n\u0131 ve verimlili\u011fini etkileyebilecek farkl\u0131 \u00f6zelliklere sahiptir. Daha sert kaliteler daha y\u00fcksek kesme h\u0131zlar\u0131na dayanabilirken, daha yumu\u015fak kaliteler daha d\u00fc\u015f\u00fck h\u0131zlarda daha iyi performans g\u00f6sterebilir.<\/p><\/li><li><p>Kullan\u0131lan makine: Kullan\u0131lan makinenin t\u00fcr\u00fc, y\u00fczey frezeleme i\u00e7in optimum h\u0131z ve ilerleme oranlar\u0131n\u0131 etkileyebilir. CNC makineleri ve \u00f6zel freze makineleri, manuel makinelere g\u00f6re daha y\u00fcksek kesme h\u0131zlar\u0131 ve ilerlemeler sunabilir.<\/p><\/li><li><p>\u0130\u015f par\u00e7as\u0131 malzemesi: Farkl\u0131 malzemeler, optimum kesme h\u0131z\u0131n\u0131 ve ilerleme oran\u0131n\u0131 etkileyebilecek farkl\u0131 \u00f6zelliklere sahiptir. \u00d6rne\u011fin daha sert malzemeler, temiz bir kesim sa\u011flamak i\u00e7in daha yava\u015f ilerlemeler ve daha y\u00fcksek kesme h\u0131zlar\u0131 gerektirebilir.<\/p><\/li><\/ul>\t\t\t\t\t\t\t\t<\/div>\n\t\t\t\t<\/div>\n\t\t\t\t<div class=\"elementor-element elementor-element-f3dac2c elementor-widget elementor-widget-text-editor\" data-id=\"f3dac2c\" data-element_type=\"widget\" data-e-type=\"widget\" data-widget_type=\"text-editor.default\">\n\t\t\t\t<div class=\"elementor-widget-container\">\n\t\t\t\t\t\t\t\t\t<p>\u00d6zel y\u00fczey frezeleme uygulaman\u0131z i\u00e7in en uygun h\u0131z ve ilerleme oranlar\u0131n\u0131 belirlemek i\u00e7in, \u00fcreticinin tavsiyelerine ba\u015fvurmak veya benzer malzemeler ve uygulamalarla ilgili deneyimlerine dayanarak rehberlik sa\u011flayabilecek deneyimli makinistlerle \u00e7al\u0131\u015fmak en iyisidir. Performans\u0131 ve tak\u0131m \u00f6mr\u00fcn\u00fc optimize etmek i\u00e7in h\u0131z ve ilerleme oranlar\u0131n\u0131 belirli bir i\u015fe g\u00f6re ayarlamak ve g\u00fcvenlik ve verimlili\u011fi sa\u011flamak i\u00e7in s\u00fcreci s\u00fcrekli izlemek \u00f6nemlidir.<\/p>\t\t\t\t\t\t\t\t<\/div>\n\t\t\t\t<\/div>\n\t\t\t\t\t<\/div>\n\t\t\t\t<\/div>\n\t\t\t\t<\/div>","protected":false},"excerpt":{"rendered":"<p>Face milling speed and feed Material Cutting Speed (SFM) Feed per Tooth (IPT) Aluminum 600-2000 0.003-0.020 Brass 200-800 0.003-0.012 Stainless Steel (300 series) 175-350 0.002-0.006 Cast Iron (gray) 100-325 0.008-0.020 Cast Iron (ductile) 75-250 0.008-0.020 Low Carbon Steel 100-300 0.010-0.020 High Carbon Steel 75-200 0.008-0.012 These values are provided as a general guideline and may [&hellip;]<\/p>\n","protected":false},"author":1,"featured_media":0,"parent":0,"menu_order":0,"comment_status":"closed","ping_status":"closed","template":"","meta":{"_acf_changed":false,"_uag_custom_page_level_css":"","site-sidebar-layout":"no-sidebar","site-content-layout":"page-builder","ast-site-content-layout":"default","site-content-style":"default","site-sidebar-style":"default","ast-global-header-display":"","ast-banner-title-visibility":"","ast-main-header-display":"","ast-hfb-above-header-display":"","ast-hfb-below-header-display":"","ast-hfb-mobile-header-display":"","site-post-title":"disabled","ast-breadcrumbs-content":"","ast-featured-img":"disabled","footer-sml-layout":"","ast-disable-related-posts":"","theme-transparent-header-meta":"","adv-header-id-meta":"","stick-header-meta":"","header-above-stick-meta":"","header-main-stick-meta":"","header-below-stick-meta":"","astra-migrate-meta-layouts":"default","ast-page-background-enabled":"default","ast-page-background-meta":{"desktop":{"background-color":"","background-image":"","background-repeat":"repeat","background-position":"center center","background-size":"auto","background-attachment":"scroll","background-type":"","background-media":"","overlay-type":"","overlay-color":"","overlay-opacity":"","overlay-gradient":""},"tablet":{"background-color":"","background-image":"","background-repeat":"repeat","background-position":"center center","background-size":"auto","background-attachment":"scroll","background-type":"","background-media":"","overlay-type":"","overlay-color":"","overlay-opacity":"","overlay-gradient":""},"mobile":{"background-color":"","background-image":"","background-repeat":"repeat","background-position":"center center","background-size":"auto","background-attachment":"scroll","background-type":"","background-media":"","overlay-type":"","overlay-color":"","overlay-opacity":"","overlay-gradient":""}},"ast-content-background-meta":{"desktop":{"background-color":"var(--ast-global-color-5)","background-image":"","background-repeat":"repeat","background-position":"center center","background-size":"auto","background-attachment":"scroll","background-type":"","background-media":"","overlay-type":"","overlay-color":"","overlay-opacity":"","overlay-gradient":""},"tablet":{"background-color":"var(--ast-global-color-5)","background-image":"","background-repeat":"repeat","background-position":"center center","background-size":"auto","background-attachment":"scroll","background-type":"","background-media":"","overlay-type":"","overlay-color":"","overlay-opacity":"","overlay-gradient":""},"mobile":{"background-color":"var(--ast-global-color-5)","background-image":"","background-repeat":"repeat","background-position":"center center","background-size":"auto","background-attachment":"scroll","background-type":"","background-media":"","overlay-type":"","overlay-color":"","overlay-opacity":"","overlay-gradient":""}},"footnotes":""},"class_list":["post-1519","page","type-page","status-publish","hentry"],"acf":[],"uagb_featured_image_src":{"full":false,"thumbnail":false,"medium":false,"medium_large":false,"large":false,"1536x1536":false,"2048x2048":false,"trp-custom-language-flag":false},"uagb_author_info":{"display_name":"Jiang.xu","author_link":"https:\/\/onmytoolings.com\/tr\/author\/bigsunjianggmail-com\/"},"uagb_comment_info":0,"uagb_excerpt":"Face milling speed and feed Material Cutting Speed (SFM) Feed per Tooth (IPT) Aluminum 600-2000 0.003-0.020 Brass 200-800 0.003-0.012 Stainless Steel (300 series) 175-350 0.002-0.006 Cast Iron (gray) 100-325 0.008-0.020 Cast Iron (ductile) 75-250 0.008-0.020 Low Carbon Steel 100-300 0.010-0.020 High Carbon Steel 75-200 0.008-0.012 These values are provided as a general guideline and may&hellip;","_links":{"self":[{"href":"https:\/\/onmytoolings.com\/tr\/wp-json\/wp\/v2\/pages\/1519","targetHints":{"allow":["GET"]}}],"collection":[{"href":"https:\/\/onmytoolings.com\/tr\/wp-json\/wp\/v2\/pages"}],"about":[{"href":"https:\/\/onmytoolings.com\/tr\/wp-json\/wp\/v2\/types\/page"}],"author":[{"embeddable":true,"href":"https:\/\/onmytoolings.com\/tr\/wp-json\/wp\/v2\/users\/1"}],"replies":[{"embeddable":true,"href":"https:\/\/onmytoolings.com\/tr\/wp-json\/wp\/v2\/comments?post=1519"}],"version-history":[{"count":8,"href":"https:\/\/onmytoolings.com\/tr\/wp-json\/wp\/v2\/pages\/1519\/revisions"}],"predecessor-version":[{"id":13910,"href":"https:\/\/onmytoolings.com\/tr\/wp-json\/wp\/v2\/pages\/1519\/revisions\/13910"}],"wp:attachment":[{"href":"https:\/\/onmytoolings.com\/tr\/wp-json\/wp\/v2\/media?parent=1519"}],"curies":[{"name":"wp","href":"https:\/\/api.w.org\/{rel}","templated":true}]}}