{"id":15109,"date":"2025-04-26T15:14:32","date_gmt":"2025-04-26T15:14:32","guid":{"rendered":"https:\/\/onmytoolings.com\/?page_id=15109"},"modified":"2026-01-05T06:30:48","modified_gmt":"2026-01-05T06:30:48","slug":"delik-acma-aletleri","status":"publish","type":"page","link":"https:\/\/onmytoolings.com\/tr\/holemaking-tools\/","title":{"rendered":"Delik A\u00e7ma Aletleri"},"content":{"rendered":"<div data-elementor-type=\"wp-page\" data-elementor-id=\"15109\" class=\"elementor elementor-15109\" data-elementor-post-type=\"page\">\n\t\t\t\t<div class=\"elementor-element elementor-element-5513369 e-flex e-con-boxed e-con e-parent\" data-id=\"5513369\" data-element_type=\"container\" data-e-type=\"container\">\n\t\t\t\t\t<div class=\"e-con-inner\">\n\t\t\t\t<div class=\"elementor-element elementor-element-d0228b5 elementor-widget elementor-widget-heading\" data-id=\"d0228b5\" data-element_type=\"widget\" data-e-type=\"widget\" data-widget_type=\"heading.default\">\n\t\t\t\t<div class=\"elementor-widget-container\">\n\t\t\t\t\t<h1 class=\"elementor-heading-title elementor-size-default\">Delik A\u00e7ma Aletleri<\/h1>\t\t\t\t<\/div>\n\t\t\t\t<\/div>\n\t\t\t\t<div class=\"elementor-element elementor-element-4e86066 elementor-widget elementor-widget-text-editor\" data-id=\"4e86066\" data-element_type=\"widget\" data-e-type=\"widget\" data-widget_type=\"text-editor.default\">\n\t\t\t\t<div class=\"elementor-widget-container\">\n\t\t\t\t\t\t\t\t\t<p>Zorlu metal i\u015fleme uygulamalar\u0131 i\u00e7in titizlikle se\u00e7ilmi\u015f \u00f6zel delik a\u00e7ma aletleri koleksiyonumuzu ke\u015ffedin. Y\u00fcksek performansl\u0131 u matkaplar, \u00e7ok y\u00f6nl\u00fc mod\u00fcler matkaplar, sert malzemeler i\u00e7in sa\u011flam karb\u00fcr matkaplar ve daha geni\u015f eri\u015fim i\u00e7in geli\u015fmi\u015f derin delik matkaplar\u0131n\u0131 i\u00e7eren \u00fcr\u00fcn yelpazemizle benzersiz hassasiyet ve verimlilik elde edin.<\/p><p>Metallerin i\u015flenmesi i\u00e7in \u00f6zel olarak tasarlanan bu tak\u0131mlar \u00fcst\u00fcn tala\u015f tahliyesi, hassasiyet ve tak\u0131m \u00f6mr\u00fc sunar. Metal \u00fcretim proseslerinizi optimize etmek ve her seferinde ola\u011fan\u00fcst\u00fc sonu\u00e7lar elde etmek i\u00e7in m\u00fckemmel delik a\u00e7ma tak\u0131mlar\u0131n\u0131 bulun.<\/p>\t\t\t\t\t\t\t\t<\/div>\n\t\t\t\t<\/div>\n\t\t\t\t\t<\/div>\n\t\t\t\t<\/div>\n\t\t<div class=\"elementor-element elementor-element-aff3644 e-flex e-con-boxed e-con e-parent\" data-id=\"aff3644\" data-element_type=\"container\" data-e-type=\"container\">\n\t\t\t\t\t<div class=\"e-con-inner\">\n\t\t<div class=\"elementor-element elementor-element-99c8862 e-grid e-con-full e-con e-child\" data-id=\"99c8862\" data-element_type=\"container\" data-e-type=\"container\">\n\t\t\t\t<div class=\"elementor-element elementor-element-d14d7c6 elementor-position-top elementor-widget elementor-widget-image-box\" data-id=\"d14d7c6\" data-element_type=\"widget\" data-e-type=\"widget\" data-widget_type=\"image-box.default\">\n\t\t\t\t<div class=\"elementor-widget-container\">\n\t\t\t\t\t<div class=\"elementor-image-box-wrapper\"><figure class=\"elementor-image-box-img\"><a href=\"https:\/\/onmytoolings.com\/tr\/holemaking-tools\/u-drills\/\" tabindex=\"-1\" target=\"_blank\"><img fetchpriority=\"high\" decoding=\"async\" width=\"1920\" height=\"1080\" src=\"https:\/\/onmytoolings.com\/wp-content\/uploads\/2025\/04\/u-drills.webp\" class=\"attachment-full size-full wp-image-15115\" alt=\"u matkaplar\" srcset=\"https:\/\/onmytoolings.com\/wp-content\/uploads\/2025\/04\/u-drills.webp 1920w, https:\/\/onmytoolings.com\/wp-content\/uploads\/2025\/04\/u-drills-300x169.webp 300w, https:\/\/onmytoolings.com\/wp-content\/uploads\/2025\/04\/u-drills-1024x576.webp 1024w, https:\/\/onmytoolings.com\/wp-content\/uploads\/2025\/04\/u-drills-768x432.webp 768w, https:\/\/onmytoolings.com\/wp-content\/uploads\/2025\/04\/u-drills-1536x864.webp 1536w\" sizes=\"(max-width: 1920px) 100vw, 1920px\" \/><\/a><\/figure><div class=\"elementor-image-box-content\"><h5 class=\"elementor-image-box-title\"><a href=\"https:\/\/onmytoolings.com\/tr\/holemaking-tools\/u-drills\/\" target=\"_blank\">K\u0131sa Delikler i\u00e7in U Matkaplar<\/a><\/h5><p class=\"elementor-image-box-description\">2D,3D,4D,5D,6D WC u\u00e7lar kullan\u0131r ve 2D,3D,4D,5D k\u0131sa delikleri h\u0131zl\u0131 delmek i\u00e7in SP u\u00e7lar kullan\u0131r.<\/p><\/div><\/div>\t\t\t\t<\/div>\n\t\t\t\t<\/div>\n\t\t\t\t<div class=\"elementor-element elementor-element-152fbfa elementor-position-top elementor-widget elementor-widget-image-box\" data-id=\"152fbfa\" data-element_type=\"widget\" data-e-type=\"widget\" data-widget_type=\"image-box.default\">\n\t\t\t\t<div class=\"elementor-widget-container\">\n\t\t\t\t\t<div class=\"elementor-image-box-wrapper\"><figure class=\"elementor-image-box-img\"><a href=\"https:\/\/onmytoolings.com\/tr\/holemaking-tools\/u-drills\/single-insert-u-drill-2\/\" tabindex=\"-1\" target=\"_blank\"><img decoding=\"async\" width=\"1948\" height=\"1020\" src=\"https:\/\/onmytoolings.com\/wp-content\/uploads\/2025\/05\/single-insert-u-drill-1.webp\" class=\"attachment-full size-full wp-image-15364\" alt=\"tek u\u00e7lu u matkap\" srcset=\"https:\/\/onmytoolings.com\/wp-content\/uploads\/2025\/05\/single-insert-u-drill-1.webp 1948w, https:\/\/onmytoolings.com\/wp-content\/uploads\/2025\/05\/single-insert-u-drill-1-300x157.webp 300w, https:\/\/onmytoolings.com\/wp-content\/uploads\/2025\/05\/single-insert-u-drill-1-1024x536.webp 1024w, https:\/\/onmytoolings.com\/wp-content\/uploads\/2025\/05\/single-insert-u-drill-1-768x402.webp 768w, https:\/\/onmytoolings.com\/wp-content\/uploads\/2025\/05\/single-insert-u-drill-1-1536x804.webp 1536w\" sizes=\"(max-width: 1948px) 100vw, 1948px\" \/><\/a><\/figure><div class=\"elementor-image-box-content\"><h5 class=\"elementor-image-box-title\"><a href=\"https:\/\/onmytoolings.com\/tr\/holemaking-tools\/u-drills\/single-insert-u-drill-2\/\" target=\"_blank\">Tek U\u00e7lu U Matkap<\/a><\/h5><p class=\"elementor-image-box-description\">2D, 3D tekli insert <a class=\"wpil_keyword_link\" href=\"https:\/\/onmytoolings.com\/tr\/matkap-nedir\/\" title=\"U Drill Nedir? U Drill&#039;ler i\u00e7in Nihai K\u0131lavuz\" data-wpil-keyword-link=\"linked\" data-wpil-monitor-id=\"844\" target=\"_blank\">u matkap<\/a> k\u00fc\u00e7\u00fck delik i\u015fleme i\u00e7in.<\/p><\/div><\/div>\t\t\t\t<\/div>\n\t\t\t\t<\/div>\n\t\t\t\t<div class=\"elementor-element elementor-element-4383319 elementor-position-top elementor-widget elementor-widget-image-box\" data-id=\"4383319\" data-element_type=\"widget\" data-e-type=\"widget\" data-widget_type=\"image-box.default\">\n\t\t\t\t<div class=\"elementor-widget-container\">\n\t\t\t\t\t<div class=\"elementor-image-box-wrapper\"><figure class=\"elementor-image-box-img\"><a href=\"https:\/\/onmytoolings.com\/tr\/hmd-large-diameter-drilling-u-drill-system\/\" tabindex=\"-1\" target=\"_blank\"><img decoding=\"async\" width=\"1921\" height=\"1077\" src=\"https:\/\/onmytoolings.com\/wp-content\/uploads\/2025\/06\/deep-hole-u-drill.webp\" class=\"attachment-full size-full wp-image-15410\" alt=\"derin delik u matkap\" srcset=\"https:\/\/onmytoolings.com\/wp-content\/uploads\/2025\/06\/deep-hole-u-drill.webp 1921w, https:\/\/onmytoolings.com\/wp-content\/uploads\/2025\/06\/deep-hole-u-drill-300x168.webp 300w, https:\/\/onmytoolings.com\/wp-content\/uploads\/2025\/06\/deep-hole-u-drill-1024x574.webp 1024w, https:\/\/onmytoolings.com\/wp-content\/uploads\/2025\/06\/deep-hole-u-drill-768x431.webp 768w, https:\/\/onmytoolings.com\/wp-content\/uploads\/2025\/06\/deep-hole-u-drill-1536x861.webp 1536w\" sizes=\"(max-width: 1921px) 100vw, 1921px\" \/><\/a><\/figure><div class=\"elementor-image-box-content\"><h5 class=\"elementor-image-box-title\"><a href=\"https:\/\/onmytoolings.com\/tr\/hmd-large-diameter-drilling-u-drill-system\/\" target=\"_blank\">HMD Sistemi - Derin Delik B\u00fcy\u00fck \u00c7apl\u0131 Delme<\/a><\/h5><p class=\"elementor-image-box-description\">Derin delikler i\u00e7in 10D wcmx u\u00e7lar <a class=\"wpil_keyword_link\" href=\"https:\/\/onmytoolings.com\/tr\/urun\/sp-seri%cc%87si%cc%87-uclu-u-matkap-2d-govde-20mm-saft\/\" title=\"SP Serisi Kesici U\u00e7lu U Matkap 2D G\u00f6vde 20mm \u015eaft\" data-wpil-keyword-link=\"linked\" data-wpil-monitor-id=\"1087\" target=\"_blank\">u matkaplar<\/a>.<\/p><\/div><\/div>\t\t\t\t<\/div>\n\t\t\t\t<\/div>\n\t\t\t\t<div class=\"elementor-element elementor-element-1bbb5a8 elementor-position-top elementor-widget elementor-widget-image-box\" data-id=\"1bbb5a8\" data-element_type=\"widget\" data-e-type=\"widget\" data-widget_type=\"image-box.default\">\n\t\t\t\t<div class=\"elementor-widget-container\">\n\t\t\t\t\t<div class=\"elementor-image-box-wrapper\"><figure class=\"elementor-image-box-img\"><a href=\"https:\/\/onmytoolings.com\/tr\/spade-drills\/\" tabindex=\"-1\" target=\"_blank\"><img loading=\"lazy\" decoding=\"async\" width=\"1923\" height=\"1073\" src=\"https:\/\/onmytoolings.com\/wp-content\/uploads\/2025\/06\/spade-drill.webp\" class=\"attachment-full size-full wp-image-15534\" alt=\"k\u00fcrek matkap\" srcset=\"https:\/\/onmytoolings.com\/wp-content\/uploads\/2025\/06\/spade-drill.webp 1923w, https:\/\/onmytoolings.com\/wp-content\/uploads\/2025\/06\/spade-drill-300x167.webp 300w, https:\/\/onmytoolings.com\/wp-content\/uploads\/2025\/06\/spade-drill-1024x571.webp 1024w, https:\/\/onmytoolings.com\/wp-content\/uploads\/2025\/06\/spade-drill-768x429.webp 768w, https:\/\/onmytoolings.com\/wp-content\/uploads\/2025\/06\/spade-drill-1536x857.webp 1536w, https:\/\/onmytoolings.com\/wp-content\/uploads\/2025\/06\/spade-drill-18x10.webp 18w\" sizes=\"(max-width: 1923px) 100vw, 1923px\" \/><\/a><\/figure><div class=\"elementor-image-box-content\"><h5 class=\"elementor-image-box-title\"><a href=\"https:\/\/onmytoolings.com\/tr\/spade-drills\/\" target=\"_blank\">Ma\u00e7a Matkaplar\u0131<\/a><\/h5><p class=\"elementor-image-box-description\">D13-D65mm delik boyutu aral\u0131\u011f\u0131,<a class=\"wpil_keyword_link\" href=\"https:\/\/onmytoolings.com\/tr\/indexable-inserts-the-cornerstone-of-modern-machining\/\" title=\"Takma U\u00e7lar: Modern \u0130\u015flemenin K\u00f6\u015fe Ta\u015f\u0131\" data-wpil-keyword-link=\"linked\" data-wpil-monitor-id=\"1471\" target=\"_blank\">endekslenebilir kesici u\u00e7lar<\/a> mod\u00fcler matkaplar.<\/p><\/div><\/div>\t\t\t\t<\/div>\n\t\t\t\t<\/div>\n\t\t\t\t<div class=\"elementor-element elementor-element-d22eb8f elementor-position-top elementor-widget elementor-widget-image-box\" data-id=\"d22eb8f\" data-element_type=\"widget\" data-e-type=\"widget\" data-widget_type=\"image-box.default\">\n\t\t\t\t<div class=\"elementor-widget-container\">\n\t\t\t\t\t<div class=\"elementor-image-box-wrapper\"><figure class=\"elementor-image-box-img\"><a href=\"https:\/\/onmytoolings.com\/tr\/replaceable-tip-drill\/\" tabindex=\"-1\" target=\"_blank\"><img loading=\"lazy\" decoding=\"async\" width=\"1920\" height=\"1080\" src=\"https:\/\/onmytoolings.com\/wp-content\/uploads\/2025\/05\/Replaceable-Tip-Drill.webp\" class=\"attachment-full size-full wp-image-15344\" alt=\"De\u011fi\u015ftirilebilir U\u00e7lu Matkap\" srcset=\"https:\/\/onmytoolings.com\/wp-content\/uploads\/2025\/05\/Replaceable-Tip-Drill.webp 1920w, https:\/\/onmytoolings.com\/wp-content\/uploads\/2025\/05\/Replaceable-Tip-Drill-300x169.webp 300w, https:\/\/onmytoolings.com\/wp-content\/uploads\/2025\/05\/Replaceable-Tip-Drill-1024x576.webp 1024w, https:\/\/onmytoolings.com\/wp-content\/uploads\/2025\/05\/Replaceable-Tip-Drill-768x432.webp 768w, https:\/\/onmytoolings.com\/wp-content\/uploads\/2025\/05\/Replaceable-Tip-Drill-1536x864.webp 1536w\" sizes=\"(max-width: 1920px) 100vw, 1920px\" \/><\/a><\/figure><div class=\"elementor-image-box-content\"><h5 class=\"elementor-image-box-title\"><a href=\"https:\/\/onmytoolings.com\/tr\/replaceable-tip-drill\/\" target=\"_blank\">Yandan kilitlemeli De\u011fi\u015ftirilebilir U\u00e7lu Matkap<\/a><\/h5><p class=\"elementor-image-box-description\">D10-D28MM delik aral\u0131\u011f\u0131; 3D\/4D\/5D\/6.5D\/8D\/10D deste\u011fi; 30mm-260mm aras\u0131 derinlik.<\/p><\/div><\/div>\t\t\t\t<\/div>\n\t\t\t\t<\/div>\n\t\t\t\t<div class=\"elementor-element elementor-element-4e02c2b elementor-position-top elementor-widget elementor-widget-image-box\" data-id=\"4e02c2b\" data-element_type=\"widget\" data-e-type=\"widget\" data-widget_type=\"image-box.default\">\n\t\t\t\t<div class=\"elementor-widget-container\">\n\t\t\t\t\t<div class=\"elementor-image-box-wrapper\"><figure class=\"elementor-image-box-img\"><a href=\"https:\/\/onmytoolings.com\/tr\/holemaking-tools\/back-central-locking-modular-drill\/\" tabindex=\"-1\" target=\"_blank\"><img loading=\"lazy\" decoding=\"async\" width=\"1971\" height=\"1143\" src=\"https:\/\/onmytoolings.com\/wp-content\/uploads\/2025\/07\/modular-drill.webp\" class=\"attachment-full size-full wp-image-15660\" alt=\"mod\u00fcler matkap\" srcset=\"https:\/\/onmytoolings.com\/wp-content\/uploads\/2025\/07\/modular-drill.webp 1971w, https:\/\/onmytoolings.com\/wp-content\/uploads\/2025\/07\/modular-drill-300x174.webp 300w, https:\/\/onmytoolings.com\/wp-content\/uploads\/2025\/07\/modular-drill-1024x594.webp 1024w, https:\/\/onmytoolings.com\/wp-content\/uploads\/2025\/07\/modular-drill-768x445.webp 768w, https:\/\/onmytoolings.com\/wp-content\/uploads\/2025\/07\/modular-drill-1536x891.webp 1536w, https:\/\/onmytoolings.com\/wp-content\/uploads\/2025\/07\/modular-drill-18x10.webp 18w\" sizes=\"(max-width: 1971px) 100vw, 1971px\" \/><\/a><\/figure><div class=\"elementor-image-box-content\"><h5 class=\"elementor-image-box-title\"><a href=\"https:\/\/onmytoolings.com\/tr\/holemaking-tools\/back-central-locking-modular-drill\/\" target=\"_blank\">Arka-merkez kilitlemeli De\u011fi\u015ftirilebilir U\u00e7lu Matkap<\/a><\/h5><p class=\"elementor-image-box-description\">D12.5-D52MM delik aral\u0131\u011f\u0131; 1.5D\/3D\/5D\/7D\/8.5D\/10D\/12D deste\u011fi; 108.5mm-624mm aras\u0131 derinlik.<\/p><\/div><\/div>\t\t\t\t<\/div>\n\t\t\t\t<\/div>\n\t\t\t\t<\/div>\n\t\t\t\t\t<\/div>\n\t\t\t\t<\/div>\n\t\t\t\t<section class=\"elementor-section elementor-top-section elementor-element elementor-element-6dab919b elementor-section-content-middle elementor-section-boxed elementor-section-height-default elementor-section-height-default\" data-id=\"6dab919b\" data-element_type=\"section\" data-e-type=\"section\" data-settings=\"{&quot;background_background&quot;:&quot;classic&quot;}\">\n\t\t\t\t\t\t<div class=\"elementor-container elementor-column-gap-no\">\n\t\t\t\t\t<div class=\"elementor-column elementor-col-66 elementor-top-column elementor-element elementor-element-6d29e377\" data-id=\"6d29e377\" data-element_type=\"column\" data-e-type=\"column\">\n\t\t\t<div class=\"elementor-widget-wrap elementor-element-populated\">\n\t\t\t\t\t\t<div class=\"elementor-element elementor-element-62ea230c elementor-widget elementor-widget-heading\" data-id=\"62ea230c\" data-element_type=\"widget\" data-e-type=\"widget\" data-widget_type=\"heading.default\">\n\t\t\t\t<div class=\"elementor-widget-container\">\n\t\t\t\t\t<h2 class=\"elementor-heading-title elementor-size-large\">Delik A\u00e7ma Aletlerimizle \u0130lgileniyor musunuz?<\/h2>\t\t\t\t<\/div>\n\t\t\t\t<\/div>\n\t\t\t\t<div class=\"elementor-element elementor-element-289cf3fe elementor-widget-divider--view-line elementor-widget elementor-widget-divider\" data-id=\"289cf3fe\" data-element_type=\"widget\" data-e-type=\"widget\" data-widget_type=\"divider.default\">\n\t\t\t\t<div class=\"elementor-widget-container\">\n\t\t\t\t\t\t\t<div class=\"elementor-divider\">\n\t\t\t<span class=\"elementor-divider-separator\">\n\t\t\t\t\t\t<\/span>\n\t\t<\/div>\n\t\t\t\t\t\t<\/div>\n\t\t\t\t<\/div>\n\t\t\t\t<div class=\"elementor-element elementor-element-7096dbf5 elementor-widget elementor-widget-text-editor\" data-id=\"7096dbf5\" data-element_type=\"widget\" data-e-type=\"widget\" data-widget_type=\"text-editor.default\">\n\t\t\t\t<div class=\"elementor-widget-container\">\n\t\t\t\t\t\t\t\t\t<p>ONMY Toolings bu y\u0131llarda h\u0131zla b\u00fcy\u00fcyor ve manuel faydalar elde etmek ve birlikte b\u00fcy\u00fcmek i\u00e7in birlikte \u00e7al\u0131\u015facak ortaklar\u0131 her zaman memnuniyetle kar\u015f\u0131l\u0131yoruz!<\/p>\t\t\t\t\t\t\t\t<\/div>\n\t\t\t\t<\/div>\n\t\t\t\t\t<\/div>\n\t\t<\/div>\n\t\t\t\t<div class=\"elementor-column elementor-col-33 elementor-top-column elementor-element elementor-element-1b8fa912\" data-id=\"1b8fa912\" data-element_type=\"column\" data-e-type=\"column\">\n\t\t\t<div class=\"elementor-widget-wrap elementor-element-populated\">\n\t\t\t\t\t\t<div class=\"elementor-element elementor-element-3dcbf4cf elementor-align-center elementor-tablet-align-center elementor-widget elementor-widget-button\" data-id=\"3dcbf4cf\" data-element_type=\"widget\" data-e-type=\"widget\" data-widget_type=\"button.default\">\n\t\t\t\t<div class=\"elementor-widget-container\">\n\t\t\t\t\t\t\t\t\t<div class=\"elementor-button-wrapper\">\n\t\t\t\t\t<a class=\"elementor-button elementor-button-link elementor-size-sm\" href=\"#elementor-action%3Aaction%3Dpopup%3Aopen%26settings%3DeyJpZCI6IjEwNDA3IiwidG9nZ2xlIjpmYWxzZX0%3D\">\n\t\t\t\t\t\t<span class=\"elementor-button-content-wrapper\">\n\t\t\t\t\t\t<span class=\"elementor-button-icon\">\n\t\t\t\t<svg aria-hidden=\"true\" class=\"e-font-icon-svg e-fas-arrow-right\" viewbox=\"0 0 448 512\" xmlns=\"http:\/\/www.w3.org\/2000\/svg\"><path d=\"M190.5 66.9l22.2-22.2c9.4-9.4 24.6-9.4 33.9 0L441 239c9.4 9.4 9.4 24.6 0 33.9L246.6 467.3c-9.4 9.4-24.6 9.4-33.9 0l-22.2-22.2c-9.5-9.5-9.3-25 .4-34.3L311.4 296H24c-13.3 0-24-10.7-24-24v-32c0-13.3 10.7-24 24-24h287.4L190.9 101.2c-9.8-9.3-10-24.8-.4-34.3z\"><\/path><\/svg>\t\t\t<\/span>\n\t\t\t\t\t\t\t\t\t<span class=\"elementor-button-text\">\u015eimdi ileti\u015fime ge\u00e7in<\/span>\n\t\t\t\t\t<\/span>\n\t\t\t\t\t<\/a>\n\t\t\t\t<\/div>\n\t\t\t\t\t\t\t\t<\/div>\n\t\t\t\t<\/div>\n\t\t\t\t\t<\/div>\n\t\t<\/div>\n\t\t\t\t\t<\/div>\n\t\t<\/section>\n\t\t\t\t<\/div>","protected":false},"excerpt":{"rendered":"<p>Holemaking Tools Explore our specialized collection of holemaking tools, meticulously curated for demanding metalworking applications. Achieve unparalleled precision and efficiency with our range, including high-performance u drills, versatile modular drills, robust solid carbide drills for hard materials, and advanced deep hole drills for extended reach. Designed specifically for machining metals, these tools deliver superior chip [&hellip;]<\/p>\n","protected":false},"author":2,"featured_media":0,"parent":0,"menu_order":0,"comment_status":"closed","ping_status":"closed","template":"","meta":{"_acf_changed":false,"_uag_custom_page_level_css":"","site-sidebar-layout":"no-sidebar","site-content-layout":"page-builder","ast-site-content-layout":"full-width-container","site-content-style":"default","site-sidebar-style":"default","ast-global-header-display":"","ast-banner-title-visibility":"","ast-main-header-display":"","ast-hfb-above-header-display":"","ast-hfb-below-header-display":"","ast-hfb-mobile-header-display":"","site-post-title":"disabled","ast-breadcrumbs-content":"","ast-featured-img":"disabled","footer-sml-layout":"","ast-disable-related-posts":"","theme-transparent-header-meta":"","adv-header-id-meta":"","stick-header-meta":"","header-above-stick-meta":"","header-main-stick-meta":"","header-below-stick-meta":"","astra-migrate-meta-layouts":"set","ast-page-background-enabled":"default","ast-page-background-meta":{"desktop":{"background-color":"","background-image":"","background-repeat":"repeat","background-position":"center center","background-size":"auto","background-attachment":"scroll","background-type":"","background-media":"","overlay-type":"","overlay-color":"","overlay-opacity":"","overlay-gradient":""},"tablet":{"background-color":"","background-image":"","background-repeat":"repeat","background-position":"center center","background-size":"auto","background-attachment":"scroll","background-type":"","background-media":"","overlay-type":"","overlay-color":"","overlay-opacity":"","overlay-gradient":""},"mobile":{"background-color":"","background-image":"","background-repeat":"repeat","background-position":"center center","background-size":"auto","background-attachment":"scroll","background-type":"","background-media":"","overlay-type":"","overlay-color":"","overlay-opacity":"","overlay-gradient":""}},"ast-content-background-meta":{"desktop":{"background-color":"var(--ast-global-color-5)","background-image":"","background-repeat":"repeat","background-position":"center center","background-size":"auto","background-attachment":"scroll","background-type":"","background-media":"","overlay-type":"","overlay-color":"","overlay-opacity":"","overlay-gradient":""},"tablet":{"background-color":"var(--ast-global-color-5)","background-image":"","background-repeat":"repeat","background-position":"center center","background-size":"auto","background-attachment":"scroll","background-type":"","background-media":"","overlay-type":"","overlay-color":"","overlay-opacity":"","overlay-gradient":""},"mobile":{"background-color":"var(--ast-global-color-5)","background-image":"","background-repeat":"repeat","background-position":"center center","background-size":"auto","background-attachment":"scroll","background-type":"","background-media":"","overlay-type":"","overlay-color":"","overlay-opacity":"","overlay-gradient":""}},"footnotes":""},"class_list":["post-15109","page","type-page","status-publish","hentry"],"acf":[],"uagb_featured_image_src":{"full":false,"thumbnail":false,"medium":false,"medium_large":false,"large":false,"1536x1536":false,"2048x2048":false,"trp-custom-language-flag":false},"uagb_author_info":{"display_name":"tom","author_link":"https:\/\/onmytoolings.com\/tr\/author\/tom\/"},"uagb_comment_info":0,"uagb_excerpt":"Holemaking Tools Explore our specialized collection of holemaking tools, meticulously curated for demanding metalworking applications. Achieve unparalleled precision and efficiency with our range, including high-performance u drills, versatile modular drills, robust solid carbide drills for hard materials, and advanced deep hole drills for extended reach. Designed specifically for machining metals, these tools deliver superior chip&hellip;","_links":{"self":[{"href":"https:\/\/onmytoolings.com\/tr\/wp-json\/wp\/v2\/pages\/15109","targetHints":{"allow":["GET"]}}],"collection":[{"href":"https:\/\/onmytoolings.com\/tr\/wp-json\/wp\/v2\/pages"}],"about":[{"href":"https:\/\/onmytoolings.com\/tr\/wp-json\/wp\/v2\/types\/page"}],"author":[{"embeddable":true,"href":"https:\/\/onmytoolings.com\/tr\/wp-json\/wp\/v2\/users\/2"}],"replies":[{"embeddable":true,"href":"https:\/\/onmytoolings.com\/tr\/wp-json\/wp\/v2\/comments?post=15109"}],"version-history":[{"count":58,"href":"https:\/\/onmytoolings.com\/tr\/wp-json\/wp\/v2\/pages\/15109\/revisions"}],"predecessor-version":[{"id":18142,"href":"https:\/\/onmytoolings.com\/tr\/wp-json\/wp\/v2\/pages\/15109\/revisions\/18142"}],"wp:attachment":[{"href":"https:\/\/onmytoolings.com\/tr\/wp-json\/wp\/v2\/media?parent=15109"}],"curies":[{"name":"wp","href":"https:\/\/api.w.org\/{rel}","templated":true}]}}