{"id":15081,"date":"2025-04-15T13:33:42","date_gmt":"2025-04-15T13:33:42","guid":{"rendered":"https:\/\/onmytoolings.com\/?page_id=15081"},"modified":"2025-04-15T13:33:44","modified_gmt":"2025-04-15T13:33:44","slug":"sikici-araclar-detayli-veri-kaynaklari","status":"publish","type":"page","link":"https:\/\/onmytoolings.com\/tr\/boring-tools-detailed-data-sources\/","title":{"rendered":"Sondaj Ara\u00e7lar\u0131 detayl\u0131 veri kaynaklar\u0131"},"content":{"rendered":"<h1 class=\"wp-block-heading\">\"Hassas \u0130\u015flemede Delme Tak\u0131mlar\u0131n\u0131 Anlamak\" i\u00e7in Referanslar ve Ba\u011flant\u0131lar<\/h1>\n\n\n\n<ol class=\"wp-block-list\">\n<li>Mordor \u0130stihbarat\u0131. (2023). \"K\u00fcresel Tak\u0131m Tezgahlar\u0131 Pazar\u0131 - B\u00fcy\u00fcme, Trendler, COVID-19 Etkisi ve Tahminler (2023-2028).\"<br><a href=\"https:\/\/www.mordorintelligence.com\/industry-reports\/machine-tools-market\" rel=\"nofollow noopener\" target=\"_blank\">https:\/\/www.mordorintelligence.com\/industry-reports\/machine-tools-market<\/a><\/li>\n\n\n\n<li>Hassas \u0130\u015flenmi\u015f \u00dcr\u00fcnler Birli\u011fi (PMPA). (2023). Teknik Standartlar <a class=\"wpil_keyword_link\" href=\"https:\/\/onmytoolings.com\/tr\/understanding-boring-tools-in-precision-machining-a-comprehensive-guide\/\" title=\"Hassas \u0130\u015flemede Delik Delme Tak\u0131mlar\u0131n\u0131 Anlamak: Kapsaml\u0131 Bir K\u0131lavuz\" data-wpil-keyword-link=\"linked\" data-wpil-monitor-id=\"105\" target=\"_blank\">Hassas Delme<\/a> Operasyonlar.<br><a href=\"https:\/\/www.pmpa.org\/technical-resources\/technical-standards\" target=\"_blank\" rel=\"noopener\">https:\/\/www.pmpa.org\/technical-resources\/technical-standards<\/a><\/li>\n\n\n\n<li>Uluslararas\u0131 Tak\u0131m Tezgahlar\u0131 ve \u0130malat Dergisi. (2022). \"Hassas Delme \u0130\u015flemlerinde Y\u00fczey B\u00fct\u00fcnl\u00fc\u011f\u00fc.\"<br><a href=\"https:\/\/www.sciencedirect.com\/journal\/international-journal-of-machine-tools-and-manufacture\" target=\"_blank\" rel=\"noopener\">https:\/\/www.sciencedirect.com\/journal\/international-journal-of-machine-tools-and-manufacture<\/a><\/li>\n\n\n\n<li>Sandvik Coromant. (2023). \"Teknik K\u0131lavuz: \u00dcretim Ortamlar\u0131nda Titre\u015fim S\u00f6n\u00fcml\u00fc Sondaj.\"<br><a href=\"https:\/\/www.sandvik.coromant.com\/en-us\/knowledge\/boring\/pages\/vibration-damped-boring.aspx\" target=\"_blank\" rel=\"noopener\">https:\/\/www.sandvik.coromant.com\/en-us\/knowledge\/boring\/pages\/vibration-damped-boring.aspx<\/a><\/li>\n\n\n\n<li>BIG Kaiser Precision Tooling. (2023). \"Dijital Delme Sistemleri: Hassasiyet ve Performans \u00d6l\u00e7\u00fctleri.\"<br><a href=\"https:\/\/www.bigkaiser.com\/products\/boring-tools\/digital-boring-heads\" target=\"_blank\" rel=\"noopener\">https:\/\/www.bigkaiser.com\/products\/boring-tools\/digital-boring-heads<\/a><\/li>\n\n\n\n<li>Horn Hassas Aletler. (2022). \"T\u0131bbi Cihaz \u00dcretiminde Mikro Delik A\u00e7ma Yetenekleri.\"<br><a href=\"https:\/\/www.phorn.com\/products\/micro-machining\/micro-boring\" target=\"_blank\" rel=\"noopener\">https:\/\/www.phorn.com\/products\/micro-machining\/micro-boring<\/a><\/li>\n\n\n\n<li>Kennametal Inc. (2023). \"Kaba Delme Uygulamalar\u0131 i\u00e7in Malzeme Kald\u0131rma Oran\u0131 Standartlar\u0131.\"<br><a href=\"https:\/\/www.kennametal.com\/us\/en\/products\/machining\/holemaking\/boring.html\" target=\"_blank\" rel=\"noopener\">https:\/\/www.kennametal.com\/us\/en\/products\/machining\/holemaking\/boring.html<\/a><\/li>\n\n\n\n<li>Modern Makine At\u00f6lyesi Dergisi. (2022). \"Hassas \u0130\u015fleme Uygulamalar\u0131 Anketi.\"<br><a href=\"https:\/\/www.mmsonline.com\/articles\/precision-machining-survey-results\" target=\"_blank\" rel=\"noopener\">https:\/\/www.mmsonline.com\/articles\/precision-machining-survey-results<\/a><\/li>\n\n\n\n<li>\u00dcretim Bilimi ve M\u00fchendisli\u011fi Dergisi. (2023). \"\u0130\u015flenmi\u015f Deliklerde Geometrik Do\u011fruluk.\"<br><a href=\"https:\/\/asmedigitalcollection.asme.org\/manufacturingscience\" target=\"_blank\" rel=\"noopener\">https:\/\/asmedigitalcollection.asme.org\/manufacturingscience<\/a><\/li>\n\n\n\n<li>Mitsubishi Materials Corporation. (2022). \"Hassas Delme \u0130\u015fleminde Y\u00fczey Fini\u015f \u00d6zellikleri.\"<br><a href=\"https:\/\/www.mitsubishicarbide.com\/en\/technical_information\/tec_boring\" target=\"_blank\" rel=\"noopener\">https:\/\/www.mitsubishicarbide.com\/en\/technical_information\/tec_boring<\/a><\/li>\n\n\n\n<li>Uluslararas\u0131 Motorlu Ara\u00e7 \u00dcreticileri \u00d6rg\u00fct\u00fc (OICA). (2023). \"Modern Otomotiv \u00dcretiminde Hassas Bile\u015fenler.\"<br><a href=\"https:\/\/www.oica.net\/category\/production-statistics\/\" target=\"_blank\" rel=\"noopener\">https:\/\/www.oica.net\/category\/production-statistics\/<\/a><\/li>\n\n\n\n<li>Havac\u0131l\u0131k ve Uzay Standard\u0131 AS478. (2022). \"Konik Delikler i\u00e7in Tan\u0131mlama \u0130\u015faretleri.\"<br><a href=\"https:\/\/www.sae.org\/standards\/content\/as478\/\" target=\"_blank\" rel=\"noopener\">https:\/\/www.sae.org\/standards\/content\/as478\/<\/a><\/li>\n\n\n\n<li>\u00dcretim Teknolojisi Derne\u011fi (AMT). (2023). \"Hassas Tak\u0131mlar i\u00e7in Y\u0131ll\u0131k Harcama.\"<br><a href=\"https:\/\/www.amtonline.org\/resources\/business-intelligence\" target=\"_blank\" rel=\"noopener\">https:\/\/www.amtonline.org\/resources\/business-intelligence<\/a><\/li>\n\n\n\n<li>Uluslararas\u0131 Standardizasyon \u00d6rg\u00fct\u00fc. (2022). \"ISO 26622-1: Makine Tak\u0131m Milleri ve Tak\u0131m Tutucular.\"<br><a href=\"https:\/\/www.iso.org\/standard\/43497.html\" target=\"_blank\" rel=\"noopener\">https:\/\/www.iso.org\/standard\/43497.html<\/a><\/li>\n\n\n\n<li>\u00dcretim Teknolojisi Merkezi (MTC). (2023). \"Delme Aleti Tasar\u0131m\u0131nda \u0130leri Malzemeler.\"<br><a href=\"https:\/\/www.the-mtc.org\/research\/machining-technology\" target=\"_blank\" rel=\"noopener\">https:\/\/www.the-mtc.org\/research\/machining-technology<\/a><\/li>\n\n\n\n<li>Seco Ara\u00e7lar\u0131. (2022). \"Kesici U\u00e7 Geometrisinin Kesme Performans\u0131 \u00dczerindeki Etkileri.\"<br><a href=\"https:\/\/www.secotools.com\/article\/84216\" target=\"_blank\" rel=\"noopener\">https:\/\/www.secotools.com\/article\/84216<\/a><\/li>\n\n\n\n<li>Iscar Teknik. (2023). \"Y\u00fcksek Performansl\u0131 \u0130\u015fleme i\u00e7in Ba\u011flama Sistemleri.\"<br><a href=\"https:\/\/www.iscar.com\/Products.aspx\/countryid\/1\/ProductId\/13085\" target=\"_blank\" rel=\"noopener\">https:\/\/www.iscar.com\/Products.aspx\/countryid\/1\/ProductId\/13085<\/a><\/li>\n\n\n\n<li>Wohlhaupter GmbH. (2023). \"Dijital Delme Kafalar\u0131n\u0131n Uzun Vadeli Do\u011fruluk \u00c7al\u0131\u015fmas\u0131.\"<br><a href=\"https:\/\/www.wohlhaupter.com\/en\/products\/precision-boring-tools\/\" target=\"_blank\" rel=\"noopener\">https:\/\/www.wohlhaupter.com\/en\/products\/precision-boring-tools\/<\/a><\/li>\n\n\n\n<li>Uluslararas\u0131 Tak\u0131m Tezgahlar\u0131 ve \u0130malat Dergisi. (2023). \"\u0130\u015flenmesi Zor Malzemelerde Y\u00fcksek Bas\u0131n\u00e7l\u0131 So\u011futma S\u0131v\u0131s\u0131 Uygulamalar\u0131.\"<br><a href=\"https:\/\/www.sciencedirect.com\/journal\/international-journal-of-machine-tools-and-manufacture\" target=\"_blank\" rel=\"noopener\">https:\/\/www.sciencedirect.com\/journal\/international-journal-of-machine-tools-and-manufacture<\/a><\/li>\n\n\n\n<li>\u00dcretim Ara\u015ft\u0131rma Laboratuvar\u0131, Michigan \u00dcniversitesi. (2022). \"Delik A\u00e7ma S\u00fcre\u00e7leri \u00dczerine Kar\u015f\u0131la\u015ft\u0131rmal\u0131 \u00c7al\u0131\u015fma.\"<br><a href=\"https:\/\/me.engin.umich.edu\/research\/manufacturing\/\" target=\"_blank\" rel=\"noopener\">https:\/\/me.engin.umich.edu\/research\/manufacturing\/<\/a><\/li>\n\n\n\n<li>Zeiss End\u00fcstriyel Metroloji. (2023). \"Delinmi\u015f ve Delinmi\u015f Deliklerin Y\u00fczey Finish Analizi.\"<br><a href=\"https:\/\/www.zeiss.com\/metrology\/products\/software\/zeiss-metrology-software\/surface.html\" target=\"_blank\" rel=\"noopener\">https:\/\/www.zeiss.com\/metrology\/products\/software\/zeiss-metrology-software\/surface.html<\/a><\/li>\n\n\n\n<li>Hassas M\u00fchendislik Dergisi. (2022). \"Hassas \u0130\u015flemede Delik Kalite Karakteristikleri.\"<br><a href=\"https:\/\/www.sciencedirect.com\/journal\/precision-engineering\" target=\"_blank\" rel=\"noopener\">https:\/\/www.sciencedirect.com\/journal\/precision-engineering<\/a><\/li>\n\n\n\n<li>Horn Hassas Aletler. (2023). \"Mikro Delme Tolerans Yetenekleri.\"<br><a href=\"https:\/\/www.phorn.com\/products\/micro-machining\/micro-boring\" target=\"_blank\" rel=\"noopener\">https:\/\/www.phorn.com\/products\/micro-machining\/micro-boring<\/a><\/li>\n\n\n\n<li>Grand View Ara\u015ft\u0131rma. (2023). \"T\u0131bbi Cihaz \u00dcretim Ekipmanlar\u0131 Pazar Analizi.\"<br><a href=\"https:\/\/www.grandviewresearch.com\/industry-analysis\/medical-device-manufacturing-equipment-market\" target=\"_blank\" rel=\"noopener\">https:\/\/www.grandviewresearch.com\/industry-analysis\/medical-device-manufacturing-equipment-market<\/a><\/li>\n\n\n\n<li>Uluslararas\u0131 Tak\u0131m Tezgahlar\u0131 ve \u0130malat Dergisi. (2022). \"Tala\u015f Kontrol Ara\u015ft\u0131rma ve Uygulamalar\u0131ndaki Son Geli\u015fmeler.\"<br><a href=\"https:\/\/www.sciencedirect.com\/journal\/international-journal-of-machine-tools-and-manufacture\" target=\"_blank\" rel=\"noopener\">https:\/\/www.sciencedirect.com\/journal\/international-journal-of-machine-tools-and-manufacture<\/a><\/li>\n\n\n\n<li>Fraunhofer \u00dcretim Teknolojisi Enstit\u00fcs\u00fc. (2023). \"Geli\u015fmi\u015f Kaplamalarla Tak\u0131m \u00d6mr\u00fcn\u00fcn Art\u0131r\u0131lmas\u0131.\"<br><a href=\"https:\/\/www.ipt.fraunhofer.de\/en\/research-development\/precision-manufacturing.html\" target=\"_blank\" rel=\"noopener\">https:\/\/www.ipt.fraunhofer.de\/en\/research-development\/precision-manufacturing.html<\/a><\/li>\n\n\n\n<li>Sandvik Coromant. (2022). \"Tak\u0131m \u00d6mr\u00fc \u00c7al\u0131\u015fmalar\u0131: Malzeme ve Kaplama Performans\u0131.\"<br><a href=\"https:\/\/www.sandvik.coromant.com\/en-us\/knowledge\/general-turning\/pages\/tool-life-determination.aspx\" target=\"_blank\" rel=\"noopener\">https:\/\/www.sandvik.coromant.com\/en-us\/knowledge\/general-turning\/pages\/tool-life-determination.aspx<\/a><\/li>\n\n\n\n<li>\u0130malat M\u00fchendisli\u011fi Dergisi. (2023). \"Modern \u00dcretimde Hassasiyet Gereksinimleri.\"<br><a href=\"https:\/\/www.sme.org\/technologies\/articles\/\" target=\"_blank\" rel=\"noopener\">https:\/\/www.sme.org\/technologies\/articles\/<\/a><\/li>\n\n\n\n<li>B\u00fcy\u00fck Kaiser Hassas Aletler. (2022). Geni\u015fletilmi\u015f Uzunluk-\u00c7ap Oranlar\u0131nda Delme \u00c7ubu\u011fu Performans\u0131.<br><a href=\"https:\/\/www.bigkaiser.com\/products\/boring-tools\/boring-bars\" target=\"_blank\" rel=\"noopener\">https:\/\/www.bigkaiser.com\/products\/boring-tools\/boring-bars<\/a><\/li>\n\n\n\n<li>\u00dcretim Sistemleri Dergisi. (2023). \"Uzmanla\u015fm\u0131\u015f ve Genel Ama\u00e7l\u0131 Tak\u0131mlar\u0131n Ekonomik Analizi.\"<br><a href=\"https:\/\/www.sciencedirect.com\/journal\/journal-of-manufacturing-systems\" target=\"_blank\" rel=\"noopener\">https:\/\/www.sciencedirect.com\/journal\/journal-of-manufacturing-systems<\/a><\/li>\n\n\n\n<li>Makine Tak\u0131m Teknolojileri Ara\u015ft\u0131rma Vakf\u0131. (2022). \"Optimum Performans i\u00e7in Makine-Tak\u0131m E\u015fle\u015ftirmesi.\"<br><a href=\"https:\/\/www.mttrf.org\/research\/\" target=\"_blank\" rel=\"noopener\">https:\/\/www.mttrf.org\/research\/<\/a><\/li>\n\n\n\n<li>\u00dcretim Teknolojisi Merkezi (MTC). (2023). \"Tak\u0131m \u00c7\u0131k\u0131nt\u0131s\u0131n\u0131n Performans \u00d6l\u00e7\u00fctleri \u00dczerindeki Etkileri.\"<br><a href=\"https:\/\/www.the-mtc.org\/research\/machining-technology\" target=\"_blank\" rel=\"noopener\">https:\/\/www.the-mtc.org\/research\/machining-technology<\/a><\/li>\n\n\n\n<li>Kennametal Inc. (2023). \"Malzeme Grubuna G\u00f6re \u00d6nerilen Kesme Parametreleri.\"<br><a href=\"https:\/\/www.kennametal.com\/us\/en\/resources\/engineering-calculators\/turning-calculators.html\" target=\"_blank\" rel=\"noopener\">https:\/\/www.kennametal.com\/us\/en\/resources\/engineering-calculators\/turning-calculators.html<\/a><\/li>\n\n\n\n<li>Seco Ara\u00e7lar\u0131. (2022). \"Sondaj \u0130\u015flemlerinde Titre\u015fim Tahmini ve \u00d6nleme.\"<br><a href=\"https:\/\/www.secotools.com\/article\/84607\" target=\"_blank\" rel=\"noopener\">https:\/\/www.secotools.com\/article\/84607<\/a><\/li>\n\n\n\n<li>Malzeme \u0130\u015fleme Teknolojisi Dergisi. (2023). \"So\u011futman\u0131n Tak\u0131m Performans\u0131 ve Y\u00fczey Kalitesi \u00dczerindeki Etkileri.\"<br><a href=\"https:\/\/www.sciencedirect.com\/journal\/journal-of-materials-processing-technology\" target=\"_blank\" rel=\"noopener\">https:\/\/www.sciencedirect.com\/journal\/journal-of-materials-processing-technology<\/a><\/li>\n\n\n\n<li>Hassas \u0130\u015flenmi\u015f \u00dcr\u00fcnler Derne\u011fi. (2022). \"Proaktif Tak\u0131m Bak\u0131m\u0131 Etki \u00c7al\u0131\u015fmas\u0131.\"<br><a href=\"https:\/\/www.pmpa.org\/technical-resources\/technical-reports\" target=\"_blank\" rel=\"noopener\">https:\/\/www.pmpa.org\/technical-resources\/technical-reports<\/a><\/li>\n\n\n\n<li>Iscar Tooling. (2023). \"Kesici U\u00e7 Geometrisi ile Y\u00fczey Fini\u015f Korelasyonu.\"<br><a href=\"https:\/\/www.iscar.com\/newarticles.aspx\/countryid\/1\/newarticleid\/1246\" target=\"_blank\" rel=\"noopener\">https:\/\/www.iscar.com\/newarticles.aspx\/countryid\/1\/newarticleid\/1246<\/a><\/li>\n\n\n\n<li>Ulusal Standartlar ve Teknoloji Enstit\u00fcs\u00fc (NIST). (2023). \"Hassas \u0130\u015fleme Operasyonlar\u0131nda Termal Etkiler.\"<br><a href=\"https:\/\/www.nist.gov\/publications\/thermal-effects-precision-machining\" target=\"_blank\" rel=\"noopener\">https:\/\/www.nist.gov\/publications\/thermal-effects-precision-machining<\/a><\/li>\n\n\n\n<li>Sandvik Coromant. (2022). \"Delme \u00c7ubu\u011fu Malzemelerinin S\u00f6n\u00fcmleme \u00d6zellikleri.\"<br><a href=\"https:\/\/www.sandvik.coromant.com\/en-us\/products\/silent-tools\/pages\/boring.aspx\" target=\"_blank\" rel=\"noopener\">https:\/\/www.sandvik.coromant.com\/en-us\/products\/silent-tools\/pages\/boring.aspx<\/a><\/li>\n\n\n\n<li>\u00dcretim Ara\u015ft\u0131rma Laboratuvar\u0131. (2023). \"Derin Delik \u0130\u015flemede Tala\u015f Kontrol Zorluklar\u0131.\"<br><a href=\"https:\/\/me.engin.umich.edu\/research\/manufacturing\/\" target=\"_blank\" rel=\"noopener\">https:\/\/me.engin.umich.edu\/research\/manufacturing\/<\/a><\/li>\n\n\n\n<li>Kesici Tak\u0131m M\u00fchendisli\u011fi Dergisi. (2023). \"Sertle\u015ftirilmi\u015f Malzemelerde Geli\u015fmi\u015f Kaplama Performans\u0131.\"<br><a href=\"https:\/\/www.ctemag.com\/articles\/coatings-increase-tool-life\" target=\"_blank\" rel=\"noopener\">https:\/\/www.ctemag.com\/articles\/coatings-increase-tool-life<\/a><\/li>\n\n\n\n<li>American Machinist. (2022). \"Mod\u00fcler Tak\u0131m Sistemleri: Ekonomik Etki Analizi.\"<br><a href=\"https:\/\/www.americanmachinist.com\/cutting-tools\/article\/\" target=\"_blank\" rel=\"noopener\">https:\/\/www.americanmachinist.com\/cutting-tools\/article\/<\/a><\/li>\n\n\n\n<li>\u00dcretim Teknolojisi Merkezi. (2023). \"Ak\u0131ll\u0131 Tak\u0131mlama ve Kesici Tak\u0131mlarda Sens\u00f6r Entegrasyonu.\"<br><a href=\"https:\/\/www.the-mtc.org\/research\/digital-engineering\" target=\"_blank\" rel=\"noopener\">https:\/\/www.the-mtc.org\/research\/digital-engineering<\/a><\/li>\n\n\n\n<li>Big Kaiser &amp; D'Andrea. (2023). \"Modern Dijital Sondaj Sistemlerinin Hassasiyet Yetenekleri.\"<br><a href=\"https:\/\/www.bigkaiser.com\/products\/boring-tools\/digital-boring-heads\" target=\"_blank\" rel=\"noopener\">https:\/\/www.bigkaiser.com\/products\/boring-tools\/digital-boring-heads<\/a><\/li>\n\n\n\n<li>K\u00fcresel End\u00fcstri Analistleri. (2023). \"Delme Aletleri Pazar\u0131: K\u00fcresel G\u00f6r\u00fcn\u00fcm ve Tahmin 2023-2028.\"<br><a href=\"https:\/\/www.strategyr.com\/market-report-boring-tools-forecasts-global-industry-analysts-inc.asp\" target=\"_blank\" rel=\"noopener\">https:\/\/www.strategyr.com\/market-report-boring-tools-forecasts-global-industry-analysts-inc.asp<\/a><\/li>\n<\/ol>","protected":false},"excerpt":{"rendered":"<p>\"Hassas \u0130\u015flemede Delme Tak\u0131mlar\u0131n\u0131 Anlamak\" i\u00e7in Referanslar ve Ba\u011flant\u0131lar<\/p>","protected":false},"author":2,"featured_media":0,"parent":0,"menu_order":0,"comment_status":"closed","ping_status":"closed","template":"","meta":{"_acf_changed":false,"_uag_custom_page_level_css":"","site-sidebar-layout":"default","site-content-layout":"","ast-site-content-layout":"default","site-content-style":"default","site-sidebar-style":"default","ast-global-header-display":"","ast-banner-title-visibility":"","ast-main-header-display":"","ast-hfb-above-header-display":"","ast-hfb-below-header-display":"","ast-hfb-mobile-header-display":"","site-post-title":"","ast-breadcrumbs-content":"","ast-featured-img":"","footer-sml-layout":"","ast-disable-related-posts":"","theme-transparent-header-meta":"","adv-header-id-meta":"","stick-header-meta":"","header-above-stick-meta":"","header-main-stick-meta":"","header-below-stick-meta":"","astra-migrate-meta-layouts":"set","ast-page-background-enabled":"default","ast-page-background-meta":{"desktop":{"background-color":"","background-image":"","background-repeat":"repeat","background-position":"center center","background-size":"auto","background-attachment":"scroll","background-type":"","background-media":"","overlay-type":"","overlay-color":"","overlay-opacity":"","overlay-gradient":""},"tablet":{"background-color":"","background-image":"","background-repeat":"repeat","background-position":"center center","background-size":"auto","background-attachment":"scroll","background-type":"","background-media":"","overlay-type":"","overlay-color":"","overlay-opacity":"","overlay-gradient":""},"mobile":{"background-color":"","background-image":"","background-repeat":"repeat","background-position":"center center","background-size":"auto","background-attachment":"scroll","background-type":"","background-media":"","overlay-type":"","overlay-color":"","overlay-opacity":"","overlay-gradient":""}},"ast-content-background-meta":{"desktop":{"background-color":"var(--ast-global-color-5)","background-image":"","background-repeat":"repeat","background-position":"center center","background-size":"auto","background-attachment":"scroll","background-type":"","background-media":"","overlay-type":"","overlay-color":"","overlay-opacity":"","overlay-gradient":""},"tablet":{"background-color":"var(--ast-global-color-5)","background-image":"","background-repeat":"repeat","background-position":"center center","background-size":"auto","background-attachment":"scroll","background-type":"","background-media":"","overlay-type":"","overlay-color":"","overlay-opacity":"","overlay-gradient":""},"mobile":{"background-color":"var(--ast-global-color-5)","background-image":"","background-repeat":"repeat","background-position":"center center","background-size":"auto","background-attachment":"scroll","background-type":"","background-media":"","overlay-type":"","overlay-color":"","overlay-opacity":"","overlay-gradient":""}},"footnotes":""},"class_list":["post-15081","page","type-page","status-publish","hentry"],"acf":[],"uagb_featured_image_src":{"full":false,"thumbnail":false,"medium":false,"medium_large":false,"large":false,"1536x1536":false,"2048x2048":false,"trp-custom-language-flag":false},"uagb_author_info":{"display_name":"tom","author_link":"https:\/\/onmytoolings.com\/tr\/author\/tom\/"},"uagb_comment_info":0,"uagb_excerpt":"References for &#8220;Understanding Boring Tools in Precision Machining&#8221; with Links","_links":{"self":[{"href":"https:\/\/onmytoolings.com\/tr\/wp-json\/wp\/v2\/pages\/15081","targetHints":{"allow":["GET"]}}],"collection":[{"href":"https:\/\/onmytoolings.com\/tr\/wp-json\/wp\/v2\/pages"}],"about":[{"href":"https:\/\/onmytoolings.com\/tr\/wp-json\/wp\/v2\/types\/page"}],"author":[{"embeddable":true,"href":"https:\/\/onmytoolings.com\/tr\/wp-json\/wp\/v2\/users\/2"}],"replies":[{"embeddable":true,"href":"https:\/\/onmytoolings.com\/tr\/wp-json\/wp\/v2\/comments?post=15081"}],"version-history":[{"count":3,"href":"https:\/\/onmytoolings.com\/tr\/wp-json\/wp\/v2\/pages\/15081\/revisions"}],"predecessor-version":[{"id":17752,"href":"https:\/\/onmytoolings.com\/tr\/wp-json\/wp\/v2\/pages\/15081\/revisions\/17752"}],"wp:attachment":[{"href":"https:\/\/onmytoolings.com\/tr\/wp-json\/wp\/v2\/media?parent=15081"}],"curies":[{"name":"wp","href":"https:\/\/api.w.org\/{rel}","templated":true}]}}