{"id":1152,"date":"2023-03-16T06:39:14","date_gmt":"2023-03-16T06:39:14","guid":{"rendered":"https:\/\/onmytoolings.com\/?page_id=1152"},"modified":"2023-08-12T09:18:46","modified_gmt":"2023-08-12T09:18:46","slug":"sartlar-kosullar","status":"publish","type":"page","link":"https:\/\/onmytoolings.com\/tr\/terms-conditions\/","title":{"rendered":"\u015eartlar ve Ko\u015fullar"},"content":{"rendered":"<div data-elementor-type=\"wp-page\" data-elementor-id=\"1152\" class=\"elementor elementor-1152\" data-elementor-post-type=\"page\">\n\t\t\t\t<div class=\"elementor-element elementor-element-8f04f62 e-flex e-con-boxed e-con e-parent\" data-id=\"8f04f62\" data-element_type=\"container\" data-e-type=\"container\">\n\t\t\t\t\t<div class=\"e-con-inner\">\n\t\t\t\t<div class=\"elementor-element elementor-element-b71fb47 elementor-widget elementor-widget-heading\" data-id=\"b71fb47\" data-element_type=\"widget\" data-e-type=\"widget\" data-widget_type=\"heading.default\">\n\t\t\t\t<div class=\"elementor-widget-container\">\n\t\t\t\t\t<h2 class=\"elementor-heading-title elementor-size-default\">\u015eartlar ve Ko\u015fullar<\/h2>\t\t\t\t<\/div>\n\t\t\t\t<\/div>\n\t\t\t\t<div class=\"elementor-element elementor-element-c08a0ef elementor-widget elementor-widget-text-editor\" data-id=\"c08a0ef\" data-element_type=\"widget\" data-e-type=\"widget\" data-widget_type=\"text-editor.default\">\n\t\t\t\t<div class=\"elementor-widget-container\">\n\t\t\t\t\t\t\t\t\t<div class=\"elementor-element elementor-element-2bd55ec elementor-widget elementor-widget-text-editor\" data-id=\"2bd55ec\" data-element_type=\"widget\" data-widget_type=\"text-editor.default\"><div class=\"elementor-widget-container\"><p>Onmytoolings'e ho\u015f geldiniz!<\/p><p>Bu h\u00fck\u00fcm ve ko\u015fullar, https:\/\/https:\/\/onmytoolings.com\/\/ adresinde bulunan stitchsilk Web Sitesinin kullan\u0131m\u0131na ili\u015fkin kural ve d\u00fczenlemeleri ana hatlar\u0131yla belirtir.<\/p><p>Bu web sitesine eri\u015ferek, bu h\u00fck\u00fcm ve ko\u015fullar\u0131 kabul etti\u011finizi varsay\u0131yoruz. Bu sayfada belirtilen t\u00fcm h\u00fck\u00fcm ve ko\u015fullar\u0131 kabul etmiyorsan\u0131z stitchsilk'i kullanmaya devam etmeyin.<\/p><\/div><\/div><div class=\"elementor-element elementor-element-c529598 elementor-widget elementor-widget-heading\" data-id=\"c529598\" data-element_type=\"widget\" data-widget_type=\"heading.default\"><div class=\"elementor-widget-container\"><h2 class=\"elementor-heading-title elementor-size-default\">\u00c7erezler:<\/h2><\/div><\/div><div class=\"elementor-element elementor-element-18345fc elementor-widget elementor-widget-text-editor\" data-id=\"18345fc\" data-element_type=\"widget\" data-widget_type=\"text-editor.default\"><div class=\"elementor-widget-container\"><p>Web sitesi, \u00e7evrimi\u00e7i deneyiminizi ki\u015fiselle\u015ftirmenize yard\u0131mc\u0131 olmak i\u00e7in \u00e7erezler kullan\u0131r. Onmytoolings'e eri\u015ferek, gerekli \u00e7erezleri kullanmay\u0131 kabul etmi\u015f olursunuz.<\/p><p>\u00c7erez, bir web sayfas\u0131 sunucusu taraf\u0131ndan sabit diskinize yerle\u015ftirilen bir metin dosyas\u0131d\u0131r. \u00c7erezler programlar\u0131 \u00e7al\u0131\u015ft\u0131rmak veya bilgisayar\u0131n\u0131za vir\u00fcs bula\u015ft\u0131rmak i\u00e7in kullan\u0131lamaz. \u00c7erezler size \u00f6zel olarak atan\u0131r ve yaln\u0131zca \u00e7erezi size veren etki alan\u0131ndaki bir web sunucusu taraf\u0131ndan okunabilir.<\/p><p>Web sitemizi i\u015fletmek i\u00e7in istatistiksel veya pazarlama ama\u00e7l\u0131 bilgi toplamak, saklamak ve izlemek i\u00e7in \u00e7erezleri kullanabiliriz. \u0130ste\u011fe ba\u011fl\u0131 \u00c7erezleri kabul etme veya reddetme olana\u011f\u0131na sahipsiniz. Web sitemizin \u00e7al\u0131\u015fmas\u0131 i\u00e7in gerekli olan baz\u0131 zorunlu \u00c7erezler vard\u0131r. Bu \u00e7erezler her zaman \u00e7al\u0131\u015ft\u0131klar\u0131 i\u00e7in izninizi gerektirmez. Gerekli \u00c7erezleri kabul ederek, web sitemizde bu t\u00fcr hizmetleri kullanman\u0131z durumunda \u00fc\u00e7\u00fcnc\u00fc taraflarca sa\u011flanan hizmetler arac\u0131l\u0131\u011f\u0131yla kullan\u0131labilecek \u00fc\u00e7\u00fcnc\u00fc taraf \u00c7erezlerini de kabul etti\u011finizi l\u00fctfen unutmay\u0131n; \u00f6rne\u011fin, \u00fc\u00e7\u00fcnc\u00fc taraflarca sa\u011flanan ve web sitemize entegre edilen bir video g\u00f6r\u00fcnt\u00fcleme penceresi.<\/p><\/div><\/div><div class=\"elementor-element elementor-element-5e2cd59 elementor-widget elementor-widget-heading\" data-id=\"5e2cd59\" data-element_type=\"widget\" data-widget_type=\"heading.default\"><div class=\"elementor-widget-container\"><h2 class=\"elementor-heading-title elementor-size-default\">Ruhsat:<\/h2><\/div><\/div><div class=\"elementor-element elementor-element-1751fd7 elementor-widget elementor-widget-text-editor\" data-id=\"1751fd7\" data-element_type=\"widget\" data-widget_type=\"text-editor.default\"><div class=\"elementor-widget-container\"><p>Aksi belirtilmedik\u00e7e, onmy LLC ve\/veya lisans verenleri, onmy'deki t\u00fcm materyallerin fikri m\u00fclkiyet haklar\u0131na sahiptir. T\u00fcm fikri m\u00fclkiyet haklar\u0131 sakl\u0131d\u0131r. Bu h\u00fck\u00fcm ve ko\u015fullarda belirtilen k\u0131s\u0131tlamalara tabi olarak kendi ki\u015fisel kullan\u0131m\u0131n\u0131z i\u00e7in onmy'den buna eri\u015febilirsiniz.<\/p><p>Yapmamal\u0131s\u0131n:<\/p><ul><li>onmytoolings'ten materyal kopyalama veya yeniden yay\u0131nlama<\/li><li>onmytoolings'ten materyal satmak, kiralamak veya alt lisans vermek<\/li><li>onmytoolings'ten materyal \u00e7o\u011faltmak, kopyalamak veya kopyalamak<\/li><li>onmytoolings'teki i\u00e7eri\u011fi yeniden da\u011f\u0131t\u0131n<\/li><\/ul><p>\u0130\u015fbu S\u00f6zle\u015fme, i\u015fbu S\u00f6zle\u015fme tarihinde ba\u015flayacakt\u0131r.<\/p><p>Bu web sitesinin baz\u0131 b\u00f6l\u00fcmleri, kullan\u0131c\u0131lara web sitesinin belirli alanlar\u0131nda g\u00f6r\u00fc\u015f ve bilgi g\u00f6nderme ve payla\u015fma f\u0131rsat\u0131 sunar. onmy LLC, web sitesinde bulunmadan \u00f6nce Yorumlar\u0131 filtrelemez, d\u00fczenlemez, yay\u0131nlamaz veya g\u00f6zden ge\u00e7irmez. Yorumlar onmy LLC, temsilcileri ve\/veya i\u015ftiraklerinin g\u00f6r\u00fc\u015f ve d\u00fc\u015f\u00fcncelerini yans\u0131tmaz. Yorumlar, g\u00f6r\u00fc\u015f ve d\u00fc\u015f\u00fcncelerini yay\u0131nlayan ki\u015finin g\u00f6r\u00fc\u015f ve d\u00fc\u015f\u00fcncelerini yans\u0131t\u0131r. Y\u00fcr\u00fcrl\u00fckteki yasalar\u0131n izin verdi\u011fi \u00f6l\u00e7\u00fcde, onmy LLC, Yorumlardan veya Yorumlar\u0131n bu web sitesinde herhangi bir \u015fekilde kullan\u0131lmas\u0131 ve\/veya yay\u0131nlanmas\u0131 ve\/veya g\u00f6r\u00fcnmesi sonucunda ortaya \u00e7\u0131kan ve\/veya maruz kal\u0131nan herhangi bir y\u00fck\u00fcml\u00fcl\u00fck, zarar veya masraftan sorumlu olmayacakt\u0131r.<\/p><p>onmy LLC, t\u00fcm Yorumlar\u0131 izleme ve uygunsuz, sald\u0131rgan olarak de\u011ferlendirilebilecek veya bu H\u00fck\u00fcm ve Ko\u015fullar\u0131n ihlaline neden olan Yorumlar\u0131 kald\u0131rma hakk\u0131n\u0131 sakl\u0131 tutar.<\/p><p>\u015eunlar\u0131 garanti ve beyan edersiniz:<\/p><ul><li>Yorumlar\u0131 web sitemizde yay\u0131nlama hakk\u0131na sahipsiniz ve bunu yapmak i\u00e7in gerekli t\u00fcm lisans ve izinlere sahipsiniz;<\/li><li>Yorumlar, herhangi bir \u00fc\u00e7\u00fcnc\u00fc taraf\u0131n telif hakk\u0131, patenti veya ticari markas\u0131 dahil ancak bunlarla s\u0131n\u0131rl\u0131 olmamak \u00fczere hi\u00e7bir fikri m\u00fclkiyet hakk\u0131n\u0131 ihlal etmemektedir;<\/li><li>Yorumlar karalay\u0131c\u0131, iftira niteli\u011finde, sald\u0131rgan, uygunsuz veya ba\u015fka bir \u015fekilde gizlilik ihlali olan yasa d\u0131\u015f\u0131 materyal i\u00e7ermez.<\/li><li>Yorumlar, i\u015f veya gelenek talep etmek veya te\u015fvik etmek veya ticari faaliyetler veya yasa d\u0131\u015f\u0131 faaliyetler sunmak i\u00e7in kullan\u0131lmayacakt\u0131r.<\/li><\/ul><p>\u0130\u015fbu belge ile onmy LLC'ye Yorumlar\u0131n\u0131z\u0131 herhangi bir bi\u00e7imde, formatta veya medyada kullanmak, \u00e7o\u011faltmak, d\u00fczenlemek ve ba\u015fkalar\u0131na kullanma, \u00e7o\u011faltma ve d\u00fczenleme yetkisi vermek i\u00e7in m\u00fcnhas\u0131r olmayan bir lisans verirsiniz.<\/p><\/div><\/div><div class=\"elementor-element elementor-element-24fd5df elementor-widget elementor-widget-heading\" data-id=\"24fd5df\" data-element_type=\"widget\" data-widget_type=\"heading.default\"><div class=\"elementor-widget-container\"><h2 class=\"elementor-heading-title elementor-size-default\">\u0130\u00e7eri\u011fimize K\u00f6pr\u00fc Olu\u015fturma:<\/h2><\/div><\/div><div class=\"elementor-element elementor-element-fb54405 elementor-widget elementor-widget-text-editor\" data-id=\"fb54405\" data-element_type=\"widget\" data-widget_type=\"text-editor.default\"><div class=\"elementor-widget-container\"><p>A\u015fa\u011f\u0131daki kurulu\u015flar \u00f6nceden yaz\u0131l\u0131 onay almaks\u0131z\u0131n Web Sitemize ba\u011flant\u0131 verebilirler:<\/p><ul><li>Devlet kurumlar\u0131;<\/li><li>Arama motorlar\u0131;<\/li><li>Haber kurulu\u015flar\u0131;<\/li><li>\u00c7evrimi\u00e7i dizin da\u011f\u0131t\u0131c\u0131lar\u0131, listelenen di\u011fer i\u015fletmelerin Web Sitelerine k\u00f6pr\u00fc olu\u015fturduklar\u0131 \u015fekilde Web Sitemize ba\u011flant\u0131 verebilirler; ve<\/li><li>Kar amac\u0131 g\u00fctmeyen kurulu\u015flar, hay\u0131r ama\u00e7l\u0131 al\u0131\u015fveri\u015f merkezleri ve Web sitemize k\u00f6pr\u00fc kuramayan hay\u0131r ama\u00e7l\u0131 ba\u011f\u0131\u015f toplama gruplar\u0131 hari\u00e7 olmak \u00fczere Sistem genelinde Akredite \u0130\u015fletmeler.<\/li><\/ul><p>Bu kurulu\u015flar ana sayfam\u0131za, yay\u0131nlara veya di\u011fer Web sitesi bilgilerine ba\u011flant\u0131 verebilmektedir: (a) herhangi bir \u015fekilde aldat\u0131c\u0131 olmad\u0131\u011f\u0131; (b) ba\u011flant\u0131 veren taraf\u0131n ve \u00fcr\u00fcnlerinin ve\/veya hizmetlerinin sponsorlu\u011funu, onay\u0131n\u0131 veya onay\u0131n\u0131 yanl\u0131\u015f bir \u015fekilde ima etmedi\u011fi; ve (c) ba\u011flant\u0131 veren taraf\u0131n sitesinin ba\u011flam\u0131na uydu\u011fu s\u00fcrece.<\/p><p>A\u015fa\u011f\u0131daki kurulu\u015f t\u00fcrlerinden gelen di\u011fer ba\u011flant\u0131 taleplerini de\u011ferlendirebilir ve onaylayabiliriz:<\/p><ul><li>yayg\u0131n olarak bilinen t\u00fcketici ve\/veya i\u015fletme bilgi kaynaklar\u0131;<\/li><li>dot.com topluluk siteleri;<\/li><li>dernekler veya hay\u0131r kurumlar\u0131n\u0131 temsil eden di\u011fer gruplar;<\/li><li>\u00e7evrimi\u00e7i dizin da\u011f\u0131t\u0131c\u0131lar\u0131;<\/li><li>internet portallar\u0131;<\/li><li>muhasebe, hukuk ve dan\u0131\u015fmanl\u0131k firmalar\u0131; ve<\/li><li>e\u011fitim kurumlar\u0131 ve ticaret birlikleri.<\/li><\/ul><p>Bu kurulu\u015flardan gelen ba\u011flant\u0131 taleplerini a\u015fa\u011f\u0131daki hususlara karar vermemiz halinde onaylar\u0131z: (a) ba\u011flant\u0131n\u0131n kendimizi veya akredite i\u015fletmelerimizi olumsuz g\u00f6stermeyece\u011fine; (b) kurulu\u015fun bizimle herhangi bir olumsuz kayd\u0131 bulunmad\u0131\u011f\u0131na; (c) k\u00f6pr\u00fcn\u00fcn g\u00f6r\u00fcn\u00fcrl\u00fc\u011f\u00fcn\u00fcn bize sa\u011flayaca\u011f\u0131 faydan\u0131n onmy LLC'nin yoklu\u011funu telafi edece\u011fine; ve (d) ba\u011flant\u0131n\u0131n genel kaynak bilgileri ba\u011flam\u0131nda oldu\u011funa karar verirsek.<\/p><p>Bu kurulu\u015flar, ba\u011flant\u0131 verildi\u011fi s\u00fcrece ana sayfam\u0131za ba\u011flant\u0131 verebilirler: (a) herhangi bir \u015fekilde aldat\u0131c\u0131 olmad\u0131\u011f\u0131; (b) ba\u011flant\u0131 veren taraf\u0131n ve \u00fcr\u00fcnlerinin veya hizmetlerinin sponsorlu\u011funu, onay\u0131n\u0131 veya onay\u0131n\u0131 yanl\u0131\u015f bir \u015fekilde ima etmedi\u011fi; ve (c) ba\u011flant\u0131 veren taraf\u0131n sitesinin ba\u011flam\u0131na uydu\u011fu s\u00fcrece.<\/p><p>Yukar\u0131daki 2. paragrafta listelenen kurulu\u015flardan biriyseniz ve web sitemize ba\u011flant\u0131 vermekle ilgileniyorsan\u0131z, stitchsilk LLC'ye bir e-posta g\u00f6ndererek bizi bilgilendirmelisiniz. L\u00fctfen ad\u0131n\u0131z\u0131, kurulu\u015funuzun ad\u0131n\u0131, ileti\u015fim bilgilerinizi ve sitenizin URL'sini, Web Sitemize ba\u011flant\u0131 vermeyi d\u00fc\u015f\u00fcnd\u00fc\u011f\u00fcn\u00fcz URL'lerin bir listesini ve sitemizde ba\u011flant\u0131 vermek istedi\u011finiz URL'lerin bir listesini ekleyin. Yan\u0131t i\u00e7in 2-3 hafta bekleyin.<\/p><p>Onaylanm\u0131\u015f kurulu\u015flar Web Sitemize a\u015fa\u011f\u0131daki \u015fekilde k\u00f6pr\u00fc ba\u011flant\u0131 verebilir:<\/p><ul><li>Kurumsal ad\u0131m\u0131z\u0131 kullanarak; veya<\/li><li>Ba\u011flant\u0131 verilen tek tip kaynak konumland\u0131r\u0131c\u0131s\u0131n\u0131n kullan\u0131m\u0131yla; veya<\/li><li>Ba\u011flant\u0131 verilen taraf\u0131n sitesindeki i\u00e7erik ba\u011flam\u0131 ve bi\u00e7imi i\u00e7inde anlaml\u0131 olan, ba\u011flant\u0131 verilen Web Sitemizin ba\u015fka herhangi bir tan\u0131m\u0131n\u0131 kullanmak.<\/li><\/ul><p>Ticari marka lisans s\u00f6zle\u015fmesi olmadan onmy LLC'nin logosunun veya di\u011fer sanat eserlerinin ba\u011flant\u0131 i\u00e7in kullan\u0131lmas\u0131na izin verilmeyecektir.<\/p><\/div><\/div><div class=\"elementor-element elementor-element-ef72b80 elementor-widget elementor-widget-heading\" data-id=\"ef72b80\" data-element_type=\"widget\" data-widget_type=\"heading.default\"><div class=\"elementor-widget-container\"><h2 class=\"elementor-heading-title elementor-size-default\">\u0130\u00e7erik Sorumlulu\u011fu:<\/h2><\/div><\/div><div class=\"elementor-element elementor-element-92a6100 elementor-widget elementor-widget-text-editor\" data-id=\"92a6100\" data-element_type=\"widget\" data-widget_type=\"text-editor.default\"><div class=\"elementor-widget-container\"><p>Web sitenizde yer alan hi\u00e7bir i\u00e7erikten sorumlu tutulamay\u0131z. Web sitenizde ortaya at\u0131lan t\u00fcm iddialara kar\u015f\u0131 bizi korumay\u0131 ve savunmay\u0131 kabul edersiniz. Herhangi bir Web Sitesinde hakaret, m\u00fcstehcenlik veya su\u00e7 olarak yorumlanabilecek veya herhangi bir \u00fc\u00e7\u00fcnc\u00fc taraf\u0131n haklar\u0131n\u0131 ihlal eden, ba\u015fka \u015fekilde ihlal eden veya ihlal edilmesini veya ba\u015fka \u015fekilde ihlal edilmesini savunan hi\u00e7bir ba\u011flant\u0131 (ba\u011flant\u0131lar) g\u00f6r\u00fcnmemelidir.<\/p><\/div><\/div><div class=\"elementor-element elementor-element-f53f19b elementor-widget elementor-widget-heading\" data-id=\"f53f19b\" data-element_type=\"widget\" data-widget_type=\"heading.default\"><div class=\"elementor-widget-container\"><h2 class=\"elementor-heading-title elementor-size-default\">Haklar\u0131n Sakl\u0131 Tutulmas\u0131:<\/h2><\/div><\/div><div class=\"elementor-element elementor-element-3a8f1e9 elementor-widget elementor-widget-text-editor\" data-id=\"3a8f1e9\" data-element_type=\"widget\" data-widget_type=\"text-editor.default\"><div class=\"elementor-widget-container\"><p>Web Sitemizdeki t\u00fcm ba\u011flant\u0131lar\u0131 veya belirli bir ba\u011flant\u0131y\u0131 kald\u0131rman\u0131z\u0131 talep etme hakk\u0131m\u0131z\u0131 sakl\u0131 tutar\u0131z. Talep \u00fczerine Web Sitemize olan t\u00fcm ba\u011flant\u0131lar\u0131 derhal kald\u0131rmay\u0131 kabul edersiniz. Ayr\u0131ca, bu h\u00fck\u00fcm ve ko\u015fullar\u0131 ve ba\u011flant\u0131 politikas\u0131n\u0131 herhangi bir zamanda de\u011fi\u015ftirme hakk\u0131n\u0131 sakl\u0131 tutar\u0131z. Web Sitemize s\u00fcrekli olarak ba\u011flant\u0131 vererek, bu ba\u011flant\u0131 verme h\u00fck\u00fcm ve ko\u015fullar\u0131na ba\u011fl\u0131 kalmay\u0131 ve bunlara uymay\u0131 kabul etmi\u015f olursunuz.<\/p><\/div><\/div><div class=\"elementor-element elementor-element-478ffd3 elementor-widget elementor-widget-heading\" data-id=\"478ffd3\" data-element_type=\"widget\" data-widget_type=\"heading.default\"><div class=\"elementor-widget-container\"><h2 class=\"elementor-heading-title elementor-size-default\">Web sitemizden ba\u011flant\u0131lar\u0131n kald\u0131r\u0131lmas\u0131:<\/h2><\/div><\/div><div class=\"elementor-element elementor-element-c375de5 elementor-widget elementor-widget-text-editor\" data-id=\"c375de5\" data-element_type=\"widget\" data-widget_type=\"text-editor.default\"><div class=\"elementor-widget-container\"><p>Web sitemizde herhangi bir nedenle rahats\u0131z edici herhangi bir ba\u011flant\u0131 bulursan\u0131z, istedi\u011finiz zaman bizimle ileti\u015fime ge\u00e7mekte ve bizi bilgilendirmekte \u00f6zg\u00fcrs\u00fcn\u00fcz. Ba\u011flant\u0131lar\u0131 kald\u0131rma taleplerini de\u011ferlendirece\u011fiz, ancak bunu yapmak veya size do\u011frudan yan\u0131t vermek zorunda de\u011filiz.<\/p><p>Bu web sitesindeki bilgilerin do\u011fru oldu\u011fundan emin de\u011filiz. Eksiksizli\u011fini veya do\u011frulu\u011funu garanti etmiyoruz ve web sitesinin kullan\u0131labilir kalmas\u0131n\u0131 veya web sitesindeki materyalin g\u00fcncel tutulmas\u0131n\u0131 sa\u011flamay\u0131 taahh\u00fct etmiyoruz.<\/p><\/div><\/div><div class=\"elementor-element elementor-element-1ad5884 elementor-widget elementor-widget-heading\" data-id=\"1ad5884\" data-element_type=\"widget\" data-widget_type=\"heading.default\"><div class=\"elementor-widget-container\"><h2 class=\"elementor-heading-title elementor-size-default\">Sorumluluk reddi:<\/h2><\/div><\/div><div class=\"elementor-element elementor-element-8635a2c elementor-widget elementor-widget-text-editor\" data-id=\"8635a2c\" data-element_type=\"widget\" data-widget_type=\"text-editor.default\"><div class=\"elementor-widget-container\"><p>Y\u00fcr\u00fcrl\u00fckteki yasalar\u0131n izin verdi\u011fi azami \u00f6l\u00e7\u00fcde, web sitemiz ve bu web sitesinin kullan\u0131m\u0131 ile ilgili t\u00fcm beyanlar\u0131, garantileri ve ko\u015fullar\u0131 hari\u00e7 tutuyoruz. Bu feragatnamedeki hi\u00e7bir \u015fey:<\/p><ul><li>\u00f6l\u00fcm veya ki\u015fisel yaralanma i\u00e7in bizim veya sizin sorumlulu\u011funuzu s\u0131n\u0131rlamak veya hari\u00e7 tutmak;<\/li><li>Doland\u0131r\u0131c\u0131l\u0131k veya hileli yanl\u0131\u015f beyandan dolay\u0131 bizim veya sizin sorumlulu\u011funuzu s\u0131n\u0131rland\u0131rmak veya hari\u00e7 tutmak;<\/li><li>bizim veya sizin y\u00fck\u00fcml\u00fcl\u00fcklerinizden herhangi birini y\u00fcr\u00fcrl\u00fckteki yasalar kapsam\u0131nda izin verilmeyen herhangi bir \u015fekilde s\u0131n\u0131rland\u0131rmak; veya<\/li><li>y\u00fcr\u00fcrl\u00fckteki yasalar kapsam\u0131nda hari\u00e7 tutulamayacak olan bizim veya sizin y\u00fck\u00fcml\u00fcl\u00fcklerinizi hari\u00e7 tutmak.<\/li><\/ul><p>Bu B\u00f6l\u00fcmde ve bu feragatnamenin ba\u015fka yerlerinde belirtilen sorumluluk s\u0131n\u0131rlamalar\u0131 ve yasaklar\u0131: (a) bir \u00f6nceki paragrafa tabidir; ve (b) s\u00f6zle\u015fmeden, haks\u0131z fiilden ve yasal g\u00f6revin ihlalinden do\u011fan y\u00fck\u00fcml\u00fcl\u00fckler de dahil olmak \u00fczere feragatname kapsam\u0131nda ortaya \u00e7\u0131kan t\u00fcm y\u00fck\u00fcml\u00fcl\u00fckleri y\u00f6netir.<\/p><p>Web sitesi ve web sitesindeki bilgi ve hizmetler \u00fccretsiz olarak sa\u011fland\u0131\u011f\u0131 s\u00fcrece, herhangi bir kay\u0131p veya zarardan sorumlu olmayaca\u011f\u0131z.<\/p><\/div><\/div>\t\t\t\t\t\t\t\t<\/div>\n\t\t\t\t<\/div>\n\t\t\t\t\t<\/div>\n\t\t\t\t<\/div>\n\t\t\t\t<\/div>","protected":false},"excerpt":{"rendered":"<p>Terms &#038; Conditions Welcome to onmytoolings! These terms and conditions outline the rules and regulations for the use of stitchsilk\u2019s Website, located at https:\/\/https:\/\/onmytoolings.com\/\/. By accessing this website, we assume you accept these terms and conditions. Do not continue to use stitchsilk if you do not agree to take all of the terms and conditions [&hellip;]<\/p>\n","protected":false},"author":1,"featured_media":0,"parent":0,"menu_order":0,"comment_status":"closed","ping_status":"closed","template":"","meta":{"_acf_changed":false,"_uag_custom_page_level_css":"","site-sidebar-layout":"no-sidebar","site-content-layout":"page-builder","ast-site-content-layout":"default","site-content-style":"default","site-sidebar-style":"default","ast-global-header-display":"","ast-banner-title-visibility":"","ast-main-header-display":"","ast-hfb-above-header-display":"","ast-hfb-below-header-display":"","ast-hfb-mobile-header-display":"","site-post-title":"disabled","ast-breadcrumbs-content":"","ast-featured-img":"disabled","footer-sml-layout":"","ast-disable-related-posts":"","theme-transparent-header-meta":"","adv-header-id-meta":"","stick-header-meta":"","header-above-stick-meta":"","header-main-stick-meta":"","header-below-stick-meta":"","astra-migrate-meta-layouts":"default","ast-page-background-enabled":"default","ast-page-background-meta":{"desktop":{"background-color":"","background-image":"","background-repeat":"repeat","background-position":"center center","background-size":"auto","background-attachment":"scroll","background-type":"","background-media":"","overlay-type":"","overlay-color":"","overlay-opacity":"","overlay-gradient":""},"tablet":{"background-color":"","background-image":"","background-repeat":"repeat","background-position":"center center","background-size":"auto","background-attachment":"scroll","background-type":"","background-media":"","overlay-type":"","overlay-color":"","overlay-opacity":"","overlay-gradient":""},"mobile":{"background-color":"","background-image":"","background-repeat":"repeat","background-position":"center center","background-size":"auto","background-attachment":"scroll","background-type":"","background-media":"","overlay-type":"","overlay-color":"","overlay-opacity":"","overlay-gradient":""}},"ast-content-background-meta":{"desktop":{"background-color":"var(--ast-global-color-5)","background-image":"","background-repeat":"repeat","background-position":"center center","background-size":"auto","background-attachment":"scroll","background-type":"","background-media":"","overlay-type":"","overlay-color":"","overlay-opacity":"","overlay-gradient":""},"tablet":{"background-color":"var(--ast-global-color-5)","background-image":"","background-repeat":"repeat","background-position":"center center","background-size":"auto","background-attachment":"scroll","background-type":"","background-media":"","overlay-type":"","overlay-color":"","overlay-opacity":"","overlay-gradient":""},"mobile":{"background-color":"var(--ast-global-color-5)","background-image":"","background-repeat":"repeat","background-position":"center center","background-size":"auto","background-attachment":"scroll","background-type":"","background-media":"","overlay-type":"","overlay-color":"","overlay-opacity":"","overlay-gradient":""}},"footnotes":""},"class_list":["post-1152","page","type-page","status-publish","hentry"],"acf":[],"uagb_featured_image_src":{"full":false,"thumbnail":false,"medium":false,"medium_large":false,"large":false,"1536x1536":false,"2048x2048":false,"trp-custom-language-flag":false},"uagb_author_info":{"display_name":"Jiang.xu","author_link":"https:\/\/onmytoolings.com\/tr\/author\/bigsunjianggmail-com\/"},"uagb_comment_info":0,"uagb_excerpt":"Terms &#038; Conditions Welcome to onmytoolings! These terms and conditions outline the rules and regulations for the use of stitchsilk\u2019s Website, located at https:\/\/https:\/\/onmytoolings.com\/\/. By accessing this website, we assume you accept these terms and conditions. Do not continue to use stitchsilk if you do not agree to take all of the terms and conditions&hellip;","_links":{"self":[{"href":"https:\/\/onmytoolings.com\/tr\/wp-json\/wp\/v2\/pages\/1152","targetHints":{"allow":["GET"]}}],"collection":[{"href":"https:\/\/onmytoolings.com\/tr\/wp-json\/wp\/v2\/pages"}],"about":[{"href":"https:\/\/onmytoolings.com\/tr\/wp-json\/wp\/v2\/types\/page"}],"author":[{"embeddable":true,"href":"https:\/\/onmytoolings.com\/tr\/wp-json\/wp\/v2\/users\/1"}],"replies":[{"embeddable":true,"href":"https:\/\/onmytoolings.com\/tr\/wp-json\/wp\/v2\/comments?post=1152"}],"version-history":[{"count":5,"href":"https:\/\/onmytoolings.com\/tr\/wp-json\/wp\/v2\/pages\/1152\/revisions"}],"predecessor-version":[{"id":18051,"href":"https:\/\/onmytoolings.com\/tr\/wp-json\/wp\/v2\/pages\/1152\/revisions\/18051"}],"wp:attachment":[{"href":"https:\/\/onmytoolings.com\/tr\/wp-json\/wp\/v2\/media?parent=1152"}],"curies":[{"name":"wp","href":"https:\/\/api.w.org\/{rel}","templated":true}]}}