{"id":1519,"date":"2023-04-14T08:31:28","date_gmt":"2023-04-14T08:31:28","guid":{"rendered":"https:\/\/onmytoolings.com\/?page_id=1519"},"modified":"2024-10-31T02:19:58","modified_gmt":"2024-10-31T02:19:58","slug":"velocita-e-avanzamento-della-fresatura-frontale","status":"publish","type":"page","link":"https:\/\/onmytoolings.com\/it\/face-milling-speed-and-feed\/","title":{"rendered":"Velocit\u00e0 e avanzamento della fresatura frontale"},"content":{"rendered":"<div data-elementor-type=\"wp-page\" data-elementor-id=\"1519\" class=\"elementor elementor-1519\" data-elementor-post-type=\"page\">\n\t\t\t\t<div class=\"elementor-element elementor-element-249e104 e-flex e-con-boxed e-con e-parent\" data-id=\"249e104\" data-element_type=\"container\" data-e-type=\"container\">\n\t\t\t\t\t<div class=\"e-con-inner\">\n\t\t\t\t<div class=\"elementor-element elementor-element-2446195 elementor-widget elementor-widget-heading\" data-id=\"2446195\" data-element_type=\"widget\" data-e-type=\"widget\" data-widget_type=\"heading.default\">\n\t\t\t\t<div class=\"elementor-widget-container\">\n\t\t\t\t\t<h2 class=\"elementor-heading-title elementor-size-default\">Velocit\u00e0 e avanzamento della fresatura frontale<\/h2>\t\t\t\t<\/div>\n\t\t\t\t<\/div>\n\t\t\t\t<div class=\"elementor-element elementor-element-119a23b elementor-widget elementor-widget-text-editor\" data-id=\"119a23b\" data-element_type=\"widget\" data-e-type=\"widget\" data-widget_type=\"text-editor.default\">\n\t\t\t\t<div class=\"elementor-widget-container\">\n\t\t\t\t\t\t\t\t\t<p>Questi valori sono forniti come linee guida generali e possono variare a seconda delle specifiche esigenze. <a href=\"https:\/\/onmytoolings.com\/it\/inserti-di-fresatura\/fresatura-frontale\/\" target=\"_blank\">inserto per fresatura frontale<\/a> La velocit\u00e0 di taglio e l'avanzamento devono essere regolati in base al lavoro specifico per ottimizzare le prestazioni e la durata dell'utensile. \u00c8 importante regolare la velocit\u00e0 di taglio e l'avanzamento in base al lavoro specifico per ottimizzare le prestazioni e la durata dell'utensile.<\/p>\t\t\t\t\t\t\t\t<\/div>\n\t\t\t\t<\/div>\n\t\t\t\t<div class=\"elementor-element elementor-element-7edf20c elementor-widget elementor-widget-text-editor\" data-id=\"7edf20c\" data-element_type=\"widget\" data-e-type=\"widget\" data-widget_type=\"text-editor.default\">\n\t\t\t\t<div class=\"elementor-widget-container\">\n\t\t\t\t\t\t\t\t\t<p>I dati relativi alla velocit\u00e0 e all'avanzamento degli inserti di spianatura possono variare a seconda del tipo specifico di inserto, della qualit\u00e0 dell'inserto, della macchina utilizzata e del materiale del pezzo da fresare. Ecco alcuni fattori da considerare per determinare la velocit\u00e0 e l'avanzamento ideali per la fresatura frontale:<\/p><ul><li><p>Tipo di inserto: Gli inserti sono progettati per tipi di materiali e applicazioni diversi. Alcuni sono progettati per velocit\u00e0 e avanzamenti pi\u00f9 elevati, mentre altri sono progettati per tagli pi\u00f9 lenti e costanti.<\/p><\/li><li><p>Grado dell'inserto: Ogni qualit\u00e0 di inserto ha propriet\u00e0 diverse che possono influire sulla velocit\u00e0 di taglio e sull'efficienza. Le qualit\u00e0 pi\u00f9 dure possono essere in grado di sopportare velocit\u00e0 di taglio pi\u00f9 elevate, mentre quelle pi\u00f9 morbide possono funzionare meglio a velocit\u00e0 pi\u00f9 basse.<\/p><\/li><li><p>Macchina utilizzata: Il tipo di macchina utilizzata pu\u00f2 influenzare la velocit\u00e0 e l'avanzamento ottimali per la fresatura frontale. Le macchine CNC e le fresatrici dedicate possono offrire velocit\u00e0 di taglio e avanzamenti pi\u00f9 elevati rispetto alle macchine manuali.<\/p><\/li><li><p>Materiale del pezzo: Materiali diversi hanno propriet\u00e0 diverse che possono influenzare la velocit\u00e0 di taglio e l'avanzamento ottimali. I materiali pi\u00f9 duri, ad esempio, possono richiedere avanzamenti pi\u00f9 lenti e velocit\u00e0 di taglio pi\u00f9 elevate per garantire un taglio pulito.<\/p><\/li><\/ul>\t\t\t\t\t\t\t\t<\/div>\n\t\t\t\t<\/div>\n\t\t\t\t<div class=\"elementor-element elementor-element-f3dac2c elementor-widget elementor-widget-text-editor\" data-id=\"f3dac2c\" data-element_type=\"widget\" data-e-type=\"widget\" data-widget_type=\"text-editor.default\">\n\t\t\t\t<div class=\"elementor-widget-container\">\n\t\t\t\t\t\t\t\t\t<p>Per determinare la velocit\u00e0 e l'avanzamento ottimali per la specifica applicazione di fresatura frontale, \u00e8 meglio consultare le raccomandazioni del produttore o lavorare con macchinisti esperti che possono fornire indicazioni sulla base della loro esperienza con materiali e applicazioni simili. \u00c8 importante regolare la velocit\u00e0 e l'avanzamento in base al lavoro specifico per ottimizzare le prestazioni e la durata dell'utensile, e monitorare costantemente il processo per garantire sicurezza ed efficienza.<\/p>\t\t\t\t\t\t\t\t<\/div>\n\t\t\t\t<\/div>\n\t\t\t\t\t<\/div>\n\t\t\t\t<\/div>\n\t\t\t\t<\/div>","protected":false},"excerpt":{"rendered":"<p>Face milling speed and feed Material Cutting Speed (SFM) Feed per Tooth (IPT) Aluminum 600-2000 0.003-0.020 Brass 200-800 0.003-0.012 Stainless Steel (300 series) 175-350 0.002-0.006 Cast Iron (gray) 100-325 0.008-0.020 Cast Iron (ductile) 75-250 0.008-0.020 Low Carbon Steel 100-300 0.010-0.020 High Carbon Steel 75-200 0.008-0.012 These values are provided as a general guideline and may [&hellip;]<\/p>\n","protected":false},"author":1,"featured_media":0,"parent":0,"menu_order":0,"comment_status":"closed","ping_status":"closed","template":"","meta":{"_acf_changed":false,"_uag_custom_page_level_css":"","site-sidebar-layout":"no-sidebar","site-content-layout":"page-builder","ast-site-content-layout":"default","site-content-style":"default","site-sidebar-style":"default","ast-global-header-display":"","ast-banner-title-visibility":"","ast-main-header-display":"","ast-hfb-above-header-display":"","ast-hfb-below-header-display":"","ast-hfb-mobile-header-display":"","site-post-title":"disabled","ast-breadcrumbs-content":"","ast-featured-img":"disabled","footer-sml-layout":"","ast-disable-related-posts":"","theme-transparent-header-meta":"","adv-header-id-meta":"","stick-header-meta":"","header-above-stick-meta":"","header-main-stick-meta":"","header-below-stick-meta":"","astra-migrate-meta-layouts":"default","ast-page-background-enabled":"default","ast-page-background-meta":{"desktop":{"background-color":"","background-image":"","background-repeat":"repeat","background-position":"center center","background-size":"auto","background-attachment":"scroll","background-type":"","background-media":"","overlay-type":"","overlay-color":"","overlay-opacity":"","overlay-gradient":""},"tablet":{"background-color":"","background-image":"","background-repeat":"repeat","background-position":"center center","background-size":"auto","background-attachment":"scroll","background-type":"","background-media":"","overlay-type":"","overlay-color":"","overlay-opacity":"","overlay-gradient":""},"mobile":{"background-color":"","background-image":"","background-repeat":"repeat","background-position":"center center","background-size":"auto","background-attachment":"scroll","background-type":"","background-media":"","overlay-type":"","overlay-color":"","overlay-opacity":"","overlay-gradient":""}},"ast-content-background-meta":{"desktop":{"background-color":"var(--ast-global-color-5)","background-image":"","background-repeat":"repeat","background-position":"center center","background-size":"auto","background-attachment":"scroll","background-type":"","background-media":"","overlay-type":"","overlay-color":"","overlay-opacity":"","overlay-gradient":""},"tablet":{"background-color":"var(--ast-global-color-5)","background-image":"","background-repeat":"repeat","background-position":"center center","background-size":"auto","background-attachment":"scroll","background-type":"","background-media":"","overlay-type":"","overlay-color":"","overlay-opacity":"","overlay-gradient":""},"mobile":{"background-color":"var(--ast-global-color-5)","background-image":"","background-repeat":"repeat","background-position":"center center","background-size":"auto","background-attachment":"scroll","background-type":"","background-media":"","overlay-type":"","overlay-color":"","overlay-opacity":"","overlay-gradient":""}},"footnotes":""},"class_list":["post-1519","page","type-page","status-publish","hentry"],"acf":[],"uagb_featured_image_src":{"full":false,"thumbnail":false,"medium":false,"medium_large":false,"large":false,"1536x1536":false,"2048x2048":false,"trp-custom-language-flag":false},"uagb_author_info":{"display_name":"Jiang.xu","author_link":"https:\/\/onmytoolings.com\/it\/author\/bigsunjianggmail-com\/"},"uagb_comment_info":0,"uagb_excerpt":"Face milling speed and feed Material Cutting Speed (SFM) Feed per Tooth (IPT) Aluminum 600-2000 0.003-0.020 Brass 200-800 0.003-0.012 Stainless Steel (300 series) 175-350 0.002-0.006 Cast Iron (gray) 100-325 0.008-0.020 Cast Iron (ductile) 75-250 0.008-0.020 Low Carbon Steel 100-300 0.010-0.020 High Carbon Steel 75-200 0.008-0.012 These values are provided as a general guideline and may&hellip;","_links":{"self":[{"href":"https:\/\/onmytoolings.com\/it\/wp-json\/wp\/v2\/pages\/1519","targetHints":{"allow":["GET"]}}],"collection":[{"href":"https:\/\/onmytoolings.com\/it\/wp-json\/wp\/v2\/pages"}],"about":[{"href":"https:\/\/onmytoolings.com\/it\/wp-json\/wp\/v2\/types\/page"}],"author":[{"embeddable":true,"href":"https:\/\/onmytoolings.com\/it\/wp-json\/wp\/v2\/users\/1"}],"replies":[{"embeddable":true,"href":"https:\/\/onmytoolings.com\/it\/wp-json\/wp\/v2\/comments?post=1519"}],"version-history":[{"count":8,"href":"https:\/\/onmytoolings.com\/it\/wp-json\/wp\/v2\/pages\/1519\/revisions"}],"predecessor-version":[{"id":13910,"href":"https:\/\/onmytoolings.com\/it\/wp-json\/wp\/v2\/pages\/1519\/revisions\/13910"}],"wp:attachment":[{"href":"https:\/\/onmytoolings.com\/it\/wp-json\/wp\/v2\/media?parent=1519"}],"curies":[{"name":"wp","href":"https:\/\/api.w.org\/{rel}","templated":true}]}}