{"id":16055,"date":"2025-11-24T14:24:48","date_gmt":"2025-11-24T14:24:48","guid":{"rendered":"https:\/\/onmytoolings.com\/?page_id=16055"},"modified":"2025-12-03T06:30:13","modified_gmt":"2025-12-03T06:30:13","slug":"outils-de-filetage","status":"publish","type":"page","link":"https:\/\/onmytoolings.com\/fr\/threading-tools\/","title":{"rendered":"Outils de filetage"},"content":{"rendered":"<div data-elementor-type=\"wp-page\" data-elementor-id=\"16055\" class=\"elementor elementor-16055\" data-elementor-post-type=\"page\">\n\t\t\t\t<div class=\"elementor-element elementor-element-310759c e-flex e-con-boxed e-con e-parent\" data-id=\"310759c\" data-element_type=\"container\" data-e-type=\"container\" data-settings=\"{&quot;background_background&quot;:&quot;classic&quot;}\">\n\t\t\t\t\t<div class=\"e-con-inner\">\n\t\t\t\t<div class=\"elementor-element elementor-element-7d1d085 elementor-widget elementor-widget-heading\" data-id=\"7d1d085\" data-element_type=\"widget\" data-e-type=\"widget\" data-widget_type=\"heading.default\">\n\t\t\t\t<div class=\"elementor-widget-container\">\n\t\t\t\t\t<h1 class=\"elementor-heading-title elementor-size-default\">Outils de filetage<\/h1>\t\t\t\t<\/div>\n\t\t\t\t<\/div>\n\t\t\t\t<div class=\"elementor-element elementor-element-5dfd82b elementor-widget elementor-widget-text-editor\" data-id=\"5dfd82b\" data-element_type=\"widget\" data-e-type=\"widget\" data-widget_type=\"text-editor.default\">\n\t\t\t\t<div class=\"elementor-widget-container\">\n\t\t\t\t\t\t\t\t\t<p dir=\"auto\">Les outils de filetage sont essentiels pour l'usinage de pr\u00e9cision, car ils permettent d'obtenir des filets de haute qualit\u00e9 dans diverses applications. Les plaquettes de filetage garantissent un filetage pr\u00e9cis et efficace sur les tours, avec des finitions de surface sup\u00e9rieures. Les plaquettes de fraisage de filets offrent pr\u00e9cision et durabilit\u00e9 pour les t\u00e2ches complexes de fraisage de filets. Les outils de filetage solides offrent des performances robustes pour la production \u00e0 grand volume, tout en garantissant une coh\u00e9rence entre les diff\u00e9rents mat\u00e9riaux. Les porte-outils de filetage maintiennent solidement ces plaquettes et outils, am\u00e9liorant ainsi la stabilit\u00e9 et la pr\u00e9cision pendant l'usinage, et garantissant des r\u00e9sultats optimaux dans les processus de fabrication de filetages.<\/p><p>Si votre application n\u00e9cessite un filetage, la pr\u00e9cision et la constance sont cruciales. Onmy propose une gamme d'outils de haute performance <a class=\"wpil_keyword_link\" href=\"https:\/\/onmytoolings.com\/fr\/precision-carbide-threading-inserts\/\"   title=\"Plaquettes de filetage\" data-wpil-keyword-link=\"linked\"  data-wpil-monitor-id=\"1079\" target=\"_blank\">inserts filet\u00e9s<\/a> qui donnent des r\u00e9sultats de filetage fid\u00e8les \u00e0 chaque fois. Fabriqu\u00e9s \u00e0 partir de mat\u00e9riaux \u00e0 base de carbure de tungst\u00e8ne, les inserts de filetage Onmy conviennent aux applications standard et personnalis\u00e9es. Nous pouvons \u00e9galement vous aider \u00e0 am\u00e9liorer votre application de filetage.<\/p><p>Nous fournissons les solutions dont vous avez besoin pour fileter efficacement et avec pr\u00e9cision, quels que soient le pas, la forme du filetage ou la qualit\u00e9. Notre vaste s\u00e9lection d'outils et d'inserts de filetage vous permet de cr\u00e9er des filetages internes et externes conformes \u00e0 vos normes de qualit\u00e9. En bref, que vous ayez besoin de remplacer des inserts us\u00e9s ou de personnaliser des inserts sur mesure, Onmy offre des solutions hautement performantes pour r\u00e9pondre aux besoins de votre entreprise.<\/p>\t\t\t\t\t\t\t\t<\/div>\n\t\t\t\t<\/div>\n\t\t\t\t\t<\/div>\n\t\t\t\t<\/div>\n\t\t<div class=\"elementor-element elementor-element-3a984d6 e-flex e-con-boxed e-con e-parent\" data-id=\"3a984d6\" data-element_type=\"container\" data-e-type=\"container\">\n\t\t\t\t\t<div class=\"e-con-inner\">\n\t\t<div class=\"elementor-element elementor-element-c0d5af4 e-grid e-con-full e-con e-child\" data-id=\"c0d5af4\" data-element_type=\"container\" data-e-type=\"container\">\n\t\t\t\t<div class=\"elementor-element elementor-element-f2bbd6b elementor-position-top elementor-widget elementor-widget-image-box\" data-id=\"f2bbd6b\" data-element_type=\"widget\" data-e-type=\"widget\" data-widget_type=\"image-box.default\">\n\t\t\t\t<div class=\"elementor-widget-container\">\n\t\t\t\t\t<div class=\"elementor-image-box-wrapper\"><figure class=\"elementor-image-box-img\"><a href=\"https:\/\/onmytoolings.com\/fr\/turning-tool-holder\/threading-tool-holder\/\" tabindex=\"-1\" target=\"_blank\"><img fetchpriority=\"high\" decoding=\"async\" width=\"300\" height=\"300\" src=\"https:\/\/onmytoolings.com\/wp-content\/uploads\/2025\/03\/Threading-Tool-Holder-300x300.webp\" class=\"attachment-medium size-medium wp-image-14934\" alt=\"Porte-outil de filetage\" srcset=\"https:\/\/onmytoolings.com\/wp-content\/uploads\/2025\/03\/Threading-Tool-Holder-300x300.webp 300w, https:\/\/onmytoolings.com\/wp-content\/uploads\/2025\/03\/Threading-Tool-Holder-150x150.webp 150w, https:\/\/onmytoolings.com\/wp-content\/uploads\/2025\/03\/Threading-Tool-Holder-768x768.webp 768w, https:\/\/onmytoolings.com\/wp-content\/uploads\/2025\/03\/Threading-Tool-Holder.webp 800w\" sizes=\"(max-width: 300px) 100vw, 300px\" \/><\/a><\/figure><div class=\"elementor-image-box-content\"><h4 class=\"elementor-image-box-title\"><a href=\"https:\/\/onmytoolings.com\/fr\/turning-tool-holder\/threading-tool-holder\/\" target=\"_blank\">Porte-outils de filetage<\/a><\/h4><p class=\"elementor-image-box-description\">Nous s\u00e9lectionnons des mati\u00e8res premi\u00e8res de haute qualit\u00e9 et utilisons un processus de trempe. Nous avons besoin \u00e0 la fois de durabilit\u00e9 et de pr\u00e9cision pour r\u00e9pondre \u00e0 vos besoins en mati\u00e8re de traitement des filetages.<\/p><\/div><\/div>\t\t\t\t<\/div>\n\t\t\t\t<\/div>\n\t\t\t\t<div class=\"elementor-element elementor-element-1f0eb2b elementor-position-top elementor-widget elementor-widget-image-box\" data-id=\"1f0eb2b\" data-element_type=\"widget\" data-e-type=\"widget\" data-widget_type=\"image-box.default\">\n\t\t\t\t<div class=\"elementor-widget-container\">\n\t\t\t\t\t<div class=\"elementor-image-box-wrapper\"><figure class=\"elementor-image-box-img\"><a href=\"https:\/\/onmytoolings.com\/fr\/precision-carbide-threading-inserts\/\" tabindex=\"-1\" target=\"_blank\"><img decoding=\"async\" width=\"300\" height=\"300\" src=\"https:\/\/onmytoolings.com\/wp-content\/uploads\/2025\/10\/MJ-laydown-full-form-internal-threading-insert-300x300.webp\" class=\"attachment-medium size-medium wp-image-16110\" alt=\"Insert filet\u00e9 interne MJ \u00e0 forme compl\u00e8te\" srcset=\"https:\/\/onmytoolings.com\/wp-content\/uploads\/2025\/10\/MJ-laydown-full-form-internal-threading-insert-300x300.webp 300w, https:\/\/onmytoolings.com\/wp-content\/uploads\/2025\/10\/MJ-laydown-full-form-internal-threading-insert-150x150.webp 150w, https:\/\/onmytoolings.com\/wp-content\/uploads\/2025\/10\/MJ-laydown-full-form-internal-threading-insert-768x768.webp 768w, https:\/\/onmytoolings.com\/wp-content\/uploads\/2025\/10\/MJ-laydown-full-form-internal-threading-insert-12x12.webp 12w, https:\/\/onmytoolings.com\/wp-content\/uploads\/2025\/10\/MJ-laydown-full-form-internal-threading-insert.webp 800w\" sizes=\"(max-width: 300px) 100vw, 300px\" \/><\/a><\/figure><div class=\"elementor-image-box-content\"><h4 class=\"elementor-image-box-title\"><a href=\"https:\/\/onmytoolings.com\/fr\/precision-carbide-threading-inserts\/\" target=\"_blank\">Plaquettes de filetage et de tournage<\/a><\/h4><p class=\"elementor-image-box-description\">Nos solides capacit\u00e9s de production et de R&amp;D nous permettent de prendre en charge les inserts de filetage courants, les inserts de filetage pour tuyaux d'huile et les inserts de filetage non standard. Nous avons donc toujours le mod\u00e8le dont vous avez besoin.<\/p><\/div><\/div>\t\t\t\t<\/div>\n\t\t\t\t<\/div>\n\t\t\t\t<\/div>\n\t\t\t\t\t<\/div>\n\t\t\t\t<\/div>\n\t\t<div class=\"elementor-element elementor-element-150ee15 e-flex e-con-boxed e-con e-parent\" data-id=\"150ee15\" data-element_type=\"container\" data-e-type=\"container\" data-settings=\"{&quot;background_background&quot;:&quot;classic&quot;}\">\n\t\t\t\t\t<div class=\"e-con-inner\">\n\t\t\t\t<div class=\"elementor-element elementor-element-29667b2 elementor-widget elementor-widget-heading\" data-id=\"29667b2\" data-element_type=\"widget\" data-e-type=\"widget\" data-widget_type=\"heading.default\">\n\t\t\t\t<div class=\"elementor-widget-container\">\n\t\t\t\t\t<h2 class=\"elementor-heading-title elementor-size-default\">Si vous avez besoin d'aide, vous pouvez contacter notre assistance technique !<\/h2>\t\t\t\t<\/div>\n\t\t\t\t<\/div>\n\t\t\t\t<div class=\"elementor-element elementor-element-adcdcdc elementor-widget elementor-widget-button\" data-id=\"adcdcdc\" data-element_type=\"widget\" data-e-type=\"widget\" data-widget_type=\"button.default\">\n\t\t\t\t<div class=\"elementor-widget-container\">\n\t\t\t\t\t\t\t\t\t<div class=\"elementor-button-wrapper\">\n\t\t\t\t\t<a class=\"elementor-button elementor-button-link elementor-size-sm\" href=\"#elementor-action%3Aaction%3Dpopup%3Aopen%26settings%3DeyJpZCI6IjEwNDA3IiwidG9nZ2xlIjpmYWxzZX0%3D\">\n\t\t\t\t\t\t<span class=\"elementor-button-content-wrapper\">\n\t\t\t\t\t\t<span class=\"elementor-button-icon\">\n\t\t\t\t<svg aria-hidden=\"true\" class=\"e-font-icon-svg e-far-envelope\" viewbox=\"0 0 512 512\" xmlns=\"http:\/\/www.w3.org\/2000\/svg\"><path d=\"M464 64H48C21.49 64 0 85.49 0 112v288c0 26.51 21.49 48 48 48h416c26.51 0 48-21.49 48-48V112c0-26.51-21.49-48-48-48zm0 48v40.805c-22.422 18.259-58.168 46.651-134.587 106.49-16.841 13.247-50.201 45.072-73.413 44.701-23.208.375-56.579-31.459-73.413-44.701C106.18 199.465 70.425 171.067 48 152.805V112h416zM48 400V214.398c22.914 18.251 55.409 43.862 104.938 82.646 21.857 17.205 60.134 55.186 103.062 54.955 42.717.231 80.509-37.199 103.053-54.947 49.528-38.783 82.032-64.401 104.947-82.653V400H48z\"><\/path><\/svg>\t\t\t<\/span>\n\t\t\t\t\t\t\t\t\t<span class=\"elementor-button-text\">Nous trouver<\/span>\n\t\t\t\t\t<\/span>\n\t\t\t\t\t<\/a>\n\t\t\t\t<\/div>\n\t\t\t\t\t\t\t\t<\/div>\n\t\t\t\t<\/div>\n\t\t\t\t\t<\/div>\n\t\t\t\t<\/div>\n\t\t\t\t<\/div>","protected":false},"excerpt":{"rendered":"<p>Threading Tools Threading tools are vital for precision machining, delivering high-quality threads across various applications. Threading turning inserts ensure accurate and efficient thread cutting on lathes with superior surface finishes. Threading milling inserts provide precision and durability for complex thread milling tasks. Solid threading mill tools offer robust performance for high-volume production, maintaining consistency across [&hellip;]<\/p>\n","protected":false},"author":1,"featured_media":0,"parent":0,"menu_order":0,"comment_status":"closed","ping_status":"closed","template":"","meta":{"_acf_changed":false,"_uag_custom_page_level_css":"","site-sidebar-layout":"no-sidebar","site-content-layout":"page-builder","ast-site-content-layout":"full-width-container","site-content-style":"default","site-sidebar-style":"default","ast-global-header-display":"","ast-banner-title-visibility":"","ast-main-header-display":"","ast-hfb-above-header-display":"","ast-hfb-below-header-display":"","ast-hfb-mobile-header-display":"","site-post-title":"","ast-breadcrumbs-content":"","ast-featured-img":"disabled","footer-sml-layout":"","ast-disable-related-posts":"","theme-transparent-header-meta":"","adv-header-id-meta":"","stick-header-meta":"","header-above-stick-meta":"","header-main-stick-meta":"","header-below-stick-meta":"","astra-migrate-meta-layouts":"set","ast-page-background-enabled":"default","ast-page-background-meta":{"desktop":{"background-color":"","background-image":"","background-repeat":"repeat","background-position":"center center","background-size":"auto","background-attachment":"scroll","background-type":"","background-media":"","overlay-type":"","overlay-color":"","overlay-opacity":"","overlay-gradient":""},"tablet":{"background-color":"","background-image":"","background-repeat":"repeat","background-position":"center center","background-size":"auto","background-attachment":"scroll","background-type":"","background-media":"","overlay-type":"","overlay-color":"","overlay-opacity":"","overlay-gradient":""},"mobile":{"background-color":"","background-image":"","background-repeat":"repeat","background-position":"center center","background-size":"auto","background-attachment":"scroll","background-type":"","background-media":"","overlay-type":"","overlay-color":"","overlay-opacity":"","overlay-gradient":""}},"ast-content-background-meta":{"desktop":{"background-color":"var(--ast-global-color-5)","background-image":"","background-repeat":"repeat","background-position":"center center","background-size":"auto","background-attachment":"scroll","background-type":"","background-media":"","overlay-type":"","overlay-color":"","overlay-opacity":"","overlay-gradient":""},"tablet":{"background-color":"var(--ast-global-color-5)","background-image":"","background-repeat":"repeat","background-position":"center center","background-size":"auto","background-attachment":"scroll","background-type":"","background-media":"","overlay-type":"","overlay-color":"","overlay-opacity":"","overlay-gradient":""},"mobile":{"background-color":"var(--ast-global-color-5)","background-image":"","background-repeat":"repeat","background-position":"center center","background-size":"auto","background-attachment":"scroll","background-type":"","background-media":"","overlay-type":"","overlay-color":"","overlay-opacity":"","overlay-gradient":""}},"footnotes":""},"class_list":["post-16055","page","type-page","status-publish","hentry"],"acf":[],"uagb_featured_image_src":{"full":false,"thumbnail":false,"medium":false,"medium_large":false,"large":false,"1536x1536":false,"2048x2048":false,"trp-custom-language-flag":false},"uagb_author_info":{"display_name":"Jiang.xu","author_link":"https:\/\/onmytoolings.com\/fr\/author\/bigsunjianggmail-com\/"},"uagb_comment_info":0,"uagb_excerpt":"Threading Tools Threading tools are vital for precision machining, delivering high-quality threads across various applications. Threading turning inserts ensure accurate and efficient thread cutting on lathes with superior surface finishes. Threading milling inserts provide precision and durability for complex thread milling tasks. Solid threading mill tools offer robust performance for high-volume production, maintaining consistency across\u2026","_links":{"self":[{"href":"https:\/\/onmytoolings.com\/fr\/wp-json\/wp\/v2\/pages\/16055","targetHints":{"allow":["GET"]}}],"collection":[{"href":"https:\/\/onmytoolings.com\/fr\/wp-json\/wp\/v2\/pages"}],"about":[{"href":"https:\/\/onmytoolings.com\/fr\/wp-json\/wp\/v2\/types\/page"}],"author":[{"embeddable":true,"href":"https:\/\/onmytoolings.com\/fr\/wp-json\/wp\/v2\/users\/1"}],"replies":[{"embeddable":true,"href":"https:\/\/onmytoolings.com\/fr\/wp-json\/wp\/v2\/comments?post=16055"}],"version-history":[{"count":45,"href":"https:\/\/onmytoolings.com\/fr\/wp-json\/wp\/v2\/pages\/16055\/revisions"}],"predecessor-version":[{"id":17744,"href":"https:\/\/onmytoolings.com\/fr\/wp-json\/wp\/v2\/pages\/16055\/revisions\/17744"}],"wp:attachment":[{"href":"https:\/\/onmytoolings.com\/fr\/wp-json\/wp\/v2\/media?parent=16055"}],"curies":[{"name":"wp","href":"https:\/\/api.w.org\/{rel}","templated":true}]}}