{"id":15677,"date":"2025-07-21T15:13:12","date_gmt":"2025-07-21T15:13:12","guid":{"rendered":"https:\/\/onmytoolings.com\/?page_id=15677"},"modified":"2025-09-16T05:59:46","modified_gmt":"2025-09-16T05:59:46","slug":"ebauches-en-carbure-de-tungstene","status":"publish","type":"page","link":"https:\/\/onmytoolings.com\/fr\/tungsten-carbide-blanks\/","title":{"rendered":"\u00c9bauches en carbure de tungst\u00e8ne"},"content":{"rendered":"<div data-elementor-type=\"wp-page\" data-elementor-id=\"15677\" class=\"elementor elementor-15677\" data-elementor-post-type=\"page\">\n\t\t\t\t<div class=\"elementor-element elementor-element-76ab52d e-flex e-con-boxed e-con e-parent\" data-id=\"76ab52d\" data-element_type=\"container\" data-e-type=\"container\" data-settings=\"{&quot;background_background&quot;:&quot;classic&quot;}\">\n\t\t\t\t\t<div class=\"e-con-inner\">\n\t\t\t\t<div class=\"elementor-element elementor-element-7cf24d0 elementor-widget elementor-widget-heading\" data-id=\"7cf24d0\" data-element_type=\"widget\" data-e-type=\"widget\" data-widget_type=\"heading.default\">\n\t\t\t\t<div class=\"elementor-widget-container\">\n\t\t\t\t\t<h1 class=\"elementor-heading-title elementor-size-default\">\u00e9bauches en carbure de tungst\u00e8ne<\/h1>\t\t\t\t<\/div>\n\t\t\t\t<\/div>\n\t\t\t\t<div class=\"elementor-element elementor-element-0cac017 elementor-widget elementor-widget-text-editor\" data-id=\"0cac017\" data-element_type=\"widget\" data-e-type=\"widget\" data-widget_type=\"text-editor.default\">\n\t\t\t\t<div class=\"elementor-widget-container\">\n\t\t\t\t\t\t\t\t\t<p dir=\"auto\"><span data-sheets-root=\"1\">\u00c9bauches en carbure de tungst\u00e8ne<\/span> sont des pi\u00e8ces pr\u00e9form\u00e9es en carbure de tungst\u00e8ne, un mat\u00e9riau dur et durable compos\u00e9 de tungst\u00e8ne et de carbone. Ils sont utilis\u00e9s comme mat\u00e9riaux de d\u00e9part pour la fabrication d'outils de coupe, <a href=\"https:\/\/onmytoolings.com\/fr\/outils-de-percage\/\" target=\"_blank\" rel=\"noopener\">exercices<\/a>, <a href=\"https:\/\/onmytoolings.com\/fr\/carbide-end-mill-supplier\/\" target=\"_blank\" rel=\"noopener\">fraises en bout<\/a>et d'autres composants de pr\u00e9cision. Les \u00e9bauches sont g\u00e9n\u00e9ralement fa\u00e7onn\u00e9es en tiges, disques ou autres formes, puis rectifi\u00e9es ou usin\u00e9es en outils finaux. Leurs principales propri\u00e9t\u00e9s sont une duret\u00e9 \u00e9lev\u00e9e, une r\u00e9sistance \u00e0 l'usure et une grande solidit\u00e9, ce qui les rend id\u00e9ales pour des applications industrielles telles que l'usinage des m\u00e9taux, le travail du bois et l'exploitation mini\u00e8re. Ils sont souvent associ\u00e9s \u00e0 un liant m\u00e9tallique tel que le cobalt pour am\u00e9liorer la t\u00e9nacit\u00e9.<\/p>\t\t\t\t\t\t\t\t<\/div>\n\t\t\t\t<\/div>\n\t\t\t\t<div class=\"elementor-element elementor-element-9c60a01 elementor-mobile-align-center elementor-widget elementor-widget-button\" data-id=\"9c60a01\" data-element_type=\"widget\" data-e-type=\"widget\" data-widget_type=\"button.default\">\n\t\t\t\t<div class=\"elementor-widget-container\">\n\t\t\t\t\t\t\t\t\t<div class=\"elementor-button-wrapper\">\n\t\t\t\t\t<a class=\"elementor-button elementor-button-link elementor-size-sm\" href=\"#elementor-action%3Aaction%3Dpopup%3Aopen%26settings%3DeyJpZCI6IjEwNDA3IiwidG9nZ2xlIjpmYWxzZX0%3D\">\n\t\t\t\t\t\t<span class=\"elementor-button-content-wrapper\">\n\t\t\t\t\t\t\t\t\t<span class=\"elementor-button-text\">Contacter un expert<\/span>\n\t\t\t\t\t<\/span>\n\t\t\t\t\t<\/a>\n\t\t\t\t<\/div>\n\t\t\t\t\t\t\t\t<\/div>\n\t\t\t\t<\/div>\n\t\t\t\t\t<\/div>\n\t\t\t\t<\/div>\n\t\t<div class=\"elementor-element elementor-element-2834aaa e-grid e-con-boxed e-con e-parent\" data-id=\"2834aaa\" data-element_type=\"container\" data-e-type=\"container\">\n\t\t\t\t\t<div class=\"e-con-inner\">\n\t\t\t\t<div class=\"elementor-element elementor-element-20afe93 elementor-position-top elementor-widget elementor-widget-image-box\" data-id=\"20afe93\" data-element_type=\"widget\" data-e-type=\"widget\" data-widget_type=\"image-box.default\">\n\t\t\t\t<div class=\"elementor-widget-container\">\n\t\t\t\t\t<div class=\"elementor-image-box-wrapper\"><figure class=\"elementor-image-box-img\"><a href=\"https:\/\/onmytoolings.com\/fr\/tungsten-carbide-blanks\/tungsten-carbide-rod\/\" tabindex=\"-1\" target=\"_blank\"><img fetchpriority=\"high\" decoding=\"async\" width=\"800\" height=\"800\" src=\"https:\/\/onmytoolings.com\/wp-content\/uploads\/2025\/07\/carbide-rod-blanks.webp\" class=\"attachment-full size-full wp-image-15681\" alt=\"\u00e9bauches de barres en carbure\" srcset=\"https:\/\/onmytoolings.com\/wp-content\/uploads\/2025\/07\/carbide-rod-blanks.webp 800w, https:\/\/onmytoolings.com\/wp-content\/uploads\/2025\/07\/carbide-rod-blanks-300x300.webp 300w, https:\/\/onmytoolings.com\/wp-content\/uploads\/2025\/07\/carbide-rod-blanks-150x150.webp 150w, https:\/\/onmytoolings.com\/wp-content\/uploads\/2025\/07\/carbide-rod-blanks-768x768.webp 768w, https:\/\/onmytoolings.com\/wp-content\/uploads\/2025\/07\/carbide-rod-blanks-12x12.webp 12w\" sizes=\"(max-width: 800px) 100vw, 800px\" \/><\/a><\/figure><div class=\"elementor-image-box-content\"><h5 class=\"elementor-image-box-title\"><a href=\"https:\/\/onmytoolings.com\/fr\/tungsten-carbide-blanks\/tungsten-carbide-rod\/\" target=\"_blank\">\u00e9bauches de barres en carbure<\/a><\/h5><p class=\"elementor-image-box-description\">Nous pouvons fournir des produits solides, \u00e0 trou unique, \u00e0 double trou, en spirale, etc. <a class=\"wpil_keyword_link\" href=\"https:\/\/onmytoolings.com\/fr\/ebauches-en-carbure-de-tungstene\/tige-de-carbure-de-tungstene\/\" title=\"Tige en carbure de tungst\u00e8ne\" data-wpil-keyword-link=\"linked\" data-wpil-monitor-id=\"74\" target=\"_blank\">tige de carbure de tungst\u00e8ne<\/a> des blancs.<\/p><\/div><\/div>\t\t\t\t<\/div>\n\t\t\t\t<\/div>\n\t\t\t\t<div class=\"elementor-element elementor-element-534bcd5 elementor-position-top elementor-widget elementor-widget-image-box\" data-id=\"534bcd5\" data-element_type=\"widget\" data-e-type=\"widget\" data-widget_type=\"image-box.default\">\n\t\t\t\t<div class=\"elementor-widget-container\">\n\t\t\t\t\t<div class=\"elementor-image-box-wrapper\"><figure class=\"elementor-image-box-img\"><a href=\"https:\/\/onmytoolings.com\/fr\/tungsten-carbide-blanks\/carbide-insert-blanks-2\/\" tabindex=\"-1\" target=\"_blank\"><img decoding=\"async\" width=\"800\" height=\"800\" src=\"https:\/\/onmytoolings.com\/wp-content\/uploads\/2025\/07\/carbide-insert-blanks.webp\" class=\"attachment-full size-full wp-image-15682\" alt=\"\u00e9bauches de plaquettes en carbure\" srcset=\"https:\/\/onmytoolings.com\/wp-content\/uploads\/2025\/07\/carbide-insert-blanks.webp 800w, https:\/\/onmytoolings.com\/wp-content\/uploads\/2025\/07\/carbide-insert-blanks-300x300.webp 300w, https:\/\/onmytoolings.com\/wp-content\/uploads\/2025\/07\/carbide-insert-blanks-150x150.webp 150w, https:\/\/onmytoolings.com\/wp-content\/uploads\/2025\/07\/carbide-insert-blanks-768x768.webp 768w, https:\/\/onmytoolings.com\/wp-content\/uploads\/2025\/07\/carbide-insert-blanks-12x12.webp 12w\" sizes=\"(max-width: 800px) 100vw, 800px\" \/><\/a><\/figure><div class=\"elementor-image-box-content\"><h5 class=\"elementor-image-box-title\"><a href=\"https:\/\/onmytoolings.com\/fr\/tungsten-carbide-blanks\/carbide-insert-blanks-2\/\" target=\"_blank\">\u00e9bauches de plaquettes en carbure<\/a><\/h5><p class=\"elementor-image-box-description\">Nous pouvons fabriquer une large gamme de produits indexables standard. <a class=\"wpil_keyword_link\" href=\"https:\/\/onmytoolings.com\/fr\/ebauches-en-carbure-de-tungstene\/ebauches-de-plaquettes-en-carbure-2\/\" title=\"\u00c9bauches de plaquettes en carbure\" data-wpil-keyword-link=\"linked\" data-wpil-monitor-id=\"75\" target=\"_blank\">ins\u00e9rer des d\u00e9coupes<\/a> comme le tournage, le fraisage, le per\u00e7age et le filetage d'\u00e9bauches de plaquettes.<\/p><\/div><\/div>\t\t\t\t<\/div>\n\t\t\t\t<\/div>\n\t\t\t\t<div class=\"elementor-element elementor-element-c21364e elementor-position-top elementor-widget elementor-widget-image-box\" data-id=\"c21364e\" data-element_type=\"widget\" data-e-type=\"widget\" data-widget_type=\"image-box.default\">\n\t\t\t\t<div class=\"elementor-widget-container\">\n\t\t\t\t\t<div class=\"elementor-image-box-wrapper\"><figure class=\"elementor-image-box-img\"><a href=\"https:\/\/onmytoolings.com\/fr\/product\/tungsten-carbide-plates\/\" tabindex=\"-1\" target=\"_blank\"><img decoding=\"async\" width=\"800\" height=\"800\" src=\"https:\/\/onmytoolings.com\/wp-content\/uploads\/2025\/07\/tungsten-carbide-plate.webp\" class=\"attachment-full size-full wp-image-15686\" alt=\"plaque de carbure de tungst\u00e8ne\" srcset=\"https:\/\/onmytoolings.com\/wp-content\/uploads\/2025\/07\/tungsten-carbide-plate.webp 800w, https:\/\/onmytoolings.com\/wp-content\/uploads\/2025\/07\/tungsten-carbide-plate-300x300.webp 300w, https:\/\/onmytoolings.com\/wp-content\/uploads\/2025\/07\/tungsten-carbide-plate-150x150.webp 150w, https:\/\/onmytoolings.com\/wp-content\/uploads\/2025\/07\/tungsten-carbide-plate-768x768.webp 768w, https:\/\/onmytoolings.com\/wp-content\/uploads\/2025\/07\/tungsten-carbide-plate-12x12.webp 12w\" sizes=\"(max-width: 800px) 100vw, 800px\" \/><\/a><\/figure><div class=\"elementor-image-box-content\"><h5 class=\"elementor-image-box-title\"><a href=\"https:\/\/onmytoolings.com\/fr\/product\/tungsten-carbide-plates\/\" target=\"_blank\">plaque de carbure de tungst\u00e8ne<\/a><\/h5><p class=\"elementor-image-box-description\">Nous fournissons <a class=\"wpil_keyword_link\" href=\"https:\/\/onmytoolings.com\/fr\/produit\/plaques-en-carbure-de-tungstene\/\" title=\"Plaques standard en carbure de tungst\u00e8ne\" data-wpil-keyword-link=\"linked\" data-wpil-monitor-id=\"72\" target=\"_blank\">plaques en carbure de tungst\u00e8ne<\/a> de diff\u00e9rentes tailles, y compris des \u00e9bauches r\u00e9guli\u00e8res et des \u00e9bauches rectifi\u00e9es, et peuvent \u00e9galement r\u00e9pondre \u00e0 des exigences de personnalisation particuli\u00e8res.<\/p><\/div><\/div>\t\t\t\t<\/div>\n\t\t\t\t<\/div>\n\t\t\t\t<div class=\"elementor-element elementor-element-69abe3a elementor-position-top elementor-widget elementor-widget-image-box\" data-id=\"69abe3a\" data-element_type=\"widget\" data-e-type=\"widget\" data-widget_type=\"image-box.default\">\n\t\t\t\t<div class=\"elementor-widget-container\">\n\t\t\t\t\t<div class=\"elementor-image-box-wrapper\"><figure class=\"elementor-image-box-img\"><a href=\"https:\/\/onmytoolings.com\/fr\/tungsten-carbide-blanks\/tungsten-carbide-strips-2\/\" tabindex=\"-1\" target=\"_blank\"><img loading=\"lazy\" decoding=\"async\" width=\"640\" height=\"640\" src=\"https:\/\/onmytoolings.com\/wp-content\/uploads\/2025\/07\/tungsten-carbide-strips.webp\" class=\"attachment-full size-full wp-image-15695\" alt=\"bandes de carbure\" srcset=\"https:\/\/onmytoolings.com\/wp-content\/uploads\/2025\/07\/tungsten-carbide-strips.webp 640w, https:\/\/onmytoolings.com\/wp-content\/uploads\/2025\/07\/tungsten-carbide-strips-300x300.webp 300w, https:\/\/onmytoolings.com\/wp-content\/uploads\/2025\/07\/tungsten-carbide-strips-150x150.webp 150w, https:\/\/onmytoolings.com\/wp-content\/uploads\/2025\/07\/tungsten-carbide-strips-12x12.webp 12w\" sizes=\"(max-width: 640px) 100vw, 640px\" \/><\/a><\/figure><div class=\"elementor-image-box-content\"><h5 class=\"elementor-image-box-title\"><a href=\"https:\/\/onmytoolings.com\/fr\/tungsten-carbide-blanks\/tungsten-carbide-strips-2\/\" target=\"_blank\">bandes de carbure de tungst\u00e8ne<\/a><\/h5><p class=\"elementor-image-box-description\">Tungst\u00e8ne professionnel <a class=\"wpil_keyword_link\" href=\"https:\/\/onmytoolings.com\/fr\/produit\/bandes-de-carbure-de-tungstene-extrudees\/\" title=\"Bandes de carbure de tungst\u00e8ne extrud\u00e9es\" data-wpil-keyword-link=\"linked\" data-wpil-monitor-id=\"73\" target=\"_blank\">bande de carbure<\/a> Les produits comprennent des bandes extrud\u00e9es et des bandes STB, des tailles et des \u00e9paisseurs vari\u00e9es, ainsi que des exigences de personnalisation particuli\u00e8res.<\/p><\/div><\/div>\t\t\t\t<\/div>\n\t\t\t\t<\/div>\n\t\t\t\t<div class=\"elementor-element elementor-element-3e713ef elementor-position-top elementor-widget elementor-widget-image-box\" data-id=\"3e713ef\" data-element_type=\"widget\" data-e-type=\"widget\" data-widget_type=\"image-box.default\">\n\t\t\t\t<div class=\"elementor-widget-container\">\n\t\t\t\t\t<div class=\"elementor-image-box-wrapper\"><figure class=\"elementor-image-box-img\"><img loading=\"lazy\" decoding=\"async\" width=\"800\" height=\"800\" src=\"https:\/\/onmytoolings.com\/wp-content\/uploads\/2025\/07\/carbide-drill-blanks.webp\" class=\"attachment-full size-full wp-image-15691\" alt=\"\u00e9bauches de forets en carbure\" srcset=\"https:\/\/onmytoolings.com\/wp-content\/uploads\/2025\/07\/carbide-drill-blanks.webp 800w, https:\/\/onmytoolings.com\/wp-content\/uploads\/2025\/07\/carbide-drill-blanks-300x300.webp 300w, https:\/\/onmytoolings.com\/wp-content\/uploads\/2025\/07\/carbide-drill-blanks-150x150.webp 150w, https:\/\/onmytoolings.com\/wp-content\/uploads\/2025\/07\/carbide-drill-blanks-768x768.webp 768w, https:\/\/onmytoolings.com\/wp-content\/uploads\/2025\/07\/carbide-drill-blanks-12x12.webp 12w\" sizes=\"(max-width: 800px) 100vw, 800px\" \/><\/figure><div class=\"elementor-image-box-content\"><h5 class=\"elementor-image-box-title\">\u00e9bauches de forets en carbure<\/h5><p class=\"elementor-image-box-description\">\u00c9bauches de forets en carbure standard (refroidissement interne, refroidissement externe) et produits personnalis\u00e9s r\u00e9pondant \u00e0 des exigences particuli\u00e8res.<\/p><\/div><\/div>\t\t\t\t<\/div>\n\t\t\t\t<\/div>\n\t\t\t\t<div class=\"elementor-element elementor-element-118895f elementor-position-top elementor-widget elementor-widget-image-box\" data-id=\"118895f\" data-element_type=\"widget\" data-e-type=\"widget\" data-widget_type=\"image-box.default\">\n\t\t\t\t<div class=\"elementor-widget-container\">\n\t\t\t\t\t<div class=\"elementor-image-box-wrapper\"><figure class=\"elementor-image-box-img\"><img loading=\"lazy\" decoding=\"async\" width=\"600\" height=\"600\" src=\"https:\/\/onmytoolings.com\/wp-content\/uploads\/2025\/07\/carbide-preforms.webp\" class=\"attachment-full size-full wp-image-15696\" alt=\"pr\u00e9formes en carbure\" srcset=\"https:\/\/onmytoolings.com\/wp-content\/uploads\/2025\/07\/carbide-preforms.webp 600w, https:\/\/onmytoolings.com\/wp-content\/uploads\/2025\/07\/carbide-preforms-300x300.webp 300w, https:\/\/onmytoolings.com\/wp-content\/uploads\/2025\/07\/carbide-preforms-150x150.webp 150w, https:\/\/onmytoolings.com\/wp-content\/uploads\/2025\/07\/carbide-preforms-12x12.webp 12w, https:\/\/onmytoolings.com\/wp-content\/uploads\/2025\/07\/elementor\/thumbs\/carbide-preforms-r93a00eggg0hqvn6mg1vyxy4og5sgmwktsfa4velco.webp 92w\" sizes=\"(max-width: 600px) 100vw, 600px\" \/><\/figure><div class=\"elementor-image-box-content\"><h5 class=\"elementor-image-box-title\">pr\u00e9formes en carbure<\/h5><p class=\"elementor-image-box-description\">Fabricant professionnel de pr\u00e9formes en carbure, proposant divers produits sp\u00e9ciaux r\u00e9sistants \u00e0 l'usure (filets, trous multiples, rainures multiples, trous lat\u00e9raux, trous borgnes, buses, moules).<\/p><\/div><\/div>\t\t\t\t<\/div>\n\t\t\t\t<\/div>\n\t\t\t\t<div class=\"elementor-element elementor-element-adcc416 elementor-position-top elementor-widget elementor-widget-image-box\" data-id=\"adcc416\" data-element_type=\"widget\" data-e-type=\"widget\" data-widget_type=\"image-box.default\">\n\t\t\t\t<div class=\"elementor-widget-container\">\n\t\t\t\t\t<div class=\"elementor-image-box-wrapper\"><figure class=\"elementor-image-box-img\"><a href=\"https:\/\/onmytoolings.com\/fr\/tungsten-carbide-blanks\/carbide-cold-heading-dies\/\" tabindex=\"-1\" target=\"_blank\"><img loading=\"lazy\" decoding=\"async\" width=\"800\" height=\"801\" src=\"https:\/\/onmytoolings.com\/wp-content\/uploads\/2025\/09\/cold-heading-dies.webp\" class=\"attachment-full size-full wp-image-15998\" alt=\"matrices de frappe \u00e0 froid en carbure\" srcset=\"https:\/\/onmytoolings.com\/wp-content\/uploads\/2025\/09\/cold-heading-dies.webp 800w, https:\/\/onmytoolings.com\/wp-content\/uploads\/2025\/09\/cold-heading-dies-300x300.webp 300w, https:\/\/onmytoolings.com\/wp-content\/uploads\/2025\/09\/cold-heading-dies-150x150.webp 150w, https:\/\/onmytoolings.com\/wp-content\/uploads\/2025\/09\/cold-heading-dies-768x769.webp 768w, https:\/\/onmytoolings.com\/wp-content\/uploads\/2025\/09\/cold-heading-dies-12x12.webp 12w\" sizes=\"(max-width: 800px) 100vw, 800px\" \/><\/a><\/figure><div class=\"elementor-image-box-content\"><h5 class=\"elementor-image-box-title\"><a href=\"https:\/\/onmytoolings.com\/fr\/tungsten-carbide-blanks\/carbide-cold-heading-dies\/\" target=\"_blank\">Matrices de frappe \u00e0 froid en carbure<\/a><\/h5><p class=\"elementor-image-box-description\"><a class=\"wpil_keyword_link\" href=\"https:\/\/onmytoolings.com\/fr\/ebauches-en-carbure-de-tungstene\/matrices-de-frappe-a-froid-en-carbure\/\" title=\"Matrices de frappe \u00e0 froid en carbure\" data-wpil-keyword-link=\"linked\" data-wpil-monitor-id=\"76\" target=\"_blank\">Matrices de frappe \u00e0 froid en carbure<\/a> sont des outils de pr\u00e9cision essentiels utilis\u00e9s dans le processus de frappe ou de formage \u00e0 froid pour la production en s\u00e9rie de pi\u00e8ces m\u00e9talliques, en particulier d'\u00e9l\u00e9ments de fixation.<\/p><\/div><\/div>\t\t\t\t<\/div>\n\t\t\t\t<\/div>\n\t\t\t\t\t<\/div>\n\t\t\t\t<\/div>\n\t\t\t\t<\/div>","protected":false},"excerpt":{"rendered":"<p>tungsten carbide blanks Tungsten carbide blanks are pre-formed pieces of tungsten carbide, a hard and durable material made from tungsten and carbon. They\u2019re used as starting materials for manufacturing cutting tools, drills, end mills, and other precision components. The blanks are typically shaped into rods, discs, or other forms and then ground or machined into [&hellip;]<\/p>\n","protected":false},"author":1,"featured_media":0,"parent":0,"menu_order":0,"comment_status":"closed","ping_status":"closed","template":"","meta":{"_acf_changed":false,"_uag_custom_page_level_css":"","site-sidebar-layout":"no-sidebar","site-content-layout":"page-builder","ast-site-content-layout":"full-width-container","site-content-style":"default","site-sidebar-style":"default","ast-global-header-display":"","ast-banner-title-visibility":"","ast-main-header-display":"","ast-hfb-above-header-display":"","ast-hfb-below-header-display":"","ast-hfb-mobile-header-display":"","site-post-title":"disabled","ast-breadcrumbs-content":"","ast-featured-img":"disabled","footer-sml-layout":"","ast-disable-related-posts":"","theme-transparent-header-meta":"","adv-header-id-meta":"","stick-header-meta":"","header-above-stick-meta":"","header-main-stick-meta":"","header-below-stick-meta":"","astra-migrate-meta-layouts":"default","ast-page-background-enabled":"default","ast-page-background-meta":{"desktop":{"background-color":"","background-image":"","background-repeat":"repeat","background-position":"center center","background-size":"auto","background-attachment":"scroll","background-type":"","background-media":"","overlay-type":"","overlay-color":"","overlay-opacity":"","overlay-gradient":""},"tablet":{"background-color":"","background-image":"","background-repeat":"repeat","background-position":"center center","background-size":"auto","background-attachment":"scroll","background-type":"","background-media":"","overlay-type":"","overlay-color":"","overlay-opacity":"","overlay-gradient":""},"mobile":{"background-color":"","background-image":"","background-repeat":"repeat","background-position":"center center","background-size":"auto","background-attachment":"scroll","background-type":"","background-media":"","overlay-type":"","overlay-color":"","overlay-opacity":"","overlay-gradient":""}},"ast-content-background-meta":{"desktop":{"background-color":"var(--ast-global-color-5)","background-image":"","background-repeat":"repeat","background-position":"center center","background-size":"auto","background-attachment":"scroll","background-type":"","background-media":"","overlay-type":"","overlay-color":"","overlay-opacity":"","overlay-gradient":""},"tablet":{"background-color":"var(--ast-global-color-5)","background-image":"","background-repeat":"repeat","background-position":"center center","background-size":"auto","background-attachment":"scroll","background-type":"","background-media":"","overlay-type":"","overlay-color":"","overlay-opacity":"","overlay-gradient":""},"mobile":{"background-color":"var(--ast-global-color-5)","background-image":"","background-repeat":"repeat","background-position":"center center","background-size":"auto","background-attachment":"scroll","background-type":"","background-media":"","overlay-type":"","overlay-color":"","overlay-opacity":"","overlay-gradient":""}},"footnotes":""},"class_list":["post-15677","page","type-page","status-publish","hentry"],"acf":[],"uagb_featured_image_src":{"full":false,"thumbnail":false,"medium":false,"medium_large":false,"large":false,"1536x1536":false,"2048x2048":false,"trp-custom-language-flag":false},"uagb_author_info":{"display_name":"Jiang.xu","author_link":"https:\/\/onmytoolings.com\/fr\/author\/bigsunjianggmail-com\/"},"uagb_comment_info":0,"uagb_excerpt":"tungsten carbide blanks Tungsten carbide blanks are pre-formed pieces of tungsten carbide, a hard and durable material made from tungsten and carbon. They\u2019re used as starting materials for manufacturing cutting tools, drills, end mills, and other precision components. The blanks are typically shaped into rods, discs, or other forms and then ground or machined into\u2026","_links":{"self":[{"href":"https:\/\/onmytoolings.com\/fr\/wp-json\/wp\/v2\/pages\/15677","targetHints":{"allow":["GET"]}}],"collection":[{"href":"https:\/\/onmytoolings.com\/fr\/wp-json\/wp\/v2\/pages"}],"about":[{"href":"https:\/\/onmytoolings.com\/fr\/wp-json\/wp\/v2\/types\/page"}],"author":[{"embeddable":true,"href":"https:\/\/onmytoolings.com\/fr\/wp-json\/wp\/v2\/users\/1"}],"replies":[{"embeddable":true,"href":"https:\/\/onmytoolings.com\/fr\/wp-json\/wp\/v2\/comments?post=15677"}],"version-history":[{"count":33,"href":"https:\/\/onmytoolings.com\/fr\/wp-json\/wp\/v2\/pages\/15677\/revisions"}],"predecessor-version":[{"id":17222,"href":"https:\/\/onmytoolings.com\/fr\/wp-json\/wp\/v2\/pages\/15677\/revisions\/17222"}],"wp:attachment":[{"href":"https:\/\/onmytoolings.com\/fr\/wp-json\/wp\/v2\/media?parent=15677"}],"curies":[{"name":"wp","href":"https:\/\/api.w.org\/{rel}","templated":true}]}}