{"id":15635,"date":"2025-07-16T14:31:39","date_gmt":"2025-07-16T14:31:39","guid":{"rendered":"https:\/\/onmytoolings.com\/?page_id=15635"},"modified":"2025-07-16T14:37:41","modified_gmt":"2025-07-16T14:37:41","slug":"verrouillage-central-arriere-perceuse-modulaire","status":"publish","type":"page","link":"https:\/\/onmytoolings.com\/fr\/holemaking-tools\/back-central-locking-modular-drill\/","title":{"rendered":"Retour Foret modulaire \u00e0 verrouillage central"},"content":{"rendered":"<div data-elementor-type=\"wp-page\" data-elementor-id=\"15635\" class=\"elementor elementor-15635\" data-elementor-post-type=\"page\">\n\t\t\t\t<div class=\"elementor-element elementor-element-9874eb8 e-flex e-con-boxed e-con e-parent\" data-id=\"9874eb8\" data-element_type=\"container\" data-e-type=\"container\">\n\t\t\t\t\t<div class=\"e-con-inner\">\n\t\t\t\t<div class=\"elementor-element elementor-element-a89f7ac elementor-widget elementor-widget-heading\" data-id=\"a89f7ac\" data-element_type=\"widget\" data-e-type=\"widget\" data-widget_type=\"heading.default\">\n\t\t\t\t<div class=\"elementor-widget-container\">\n\t\t\t\t\t<h1 class=\"elementor-heading-title elementor-size-default\">Retour Foret modulaire \u00e0 verrouillage central<\/h1>\t\t\t\t<\/div>\n\t\t\t\t<\/div>\n\t\t\t\t\t<\/div>\n\t\t\t\t<\/div>\n\t\t<div class=\"elementor-element elementor-element-e77c42e e-flex e-con-boxed e-con e-parent\" data-id=\"e77c42e\" data-element_type=\"container\" data-e-type=\"container\">\n\t\t\t\t\t<div class=\"e-con-inner\">\n\t\t\t\t<div class=\"elementor-element elementor-element-6c092ba elementor-widget elementor-widget-text-editor\" data-id=\"6c092ba\" data-element_type=\"widget\" data-e-type=\"widget\" data-widget_type=\"text-editor.default\">\n\t\t\t\t<div class=\"elementor-widget-container\">\n\t\t\t\t\t\t\t\t\t<p dir=\"auto\">Un foret modulaire \u00e0 verrouillage arri\u00e8re est un outil de coupe con\u00e7u pour la polyvalence et la pr\u00e9cision dans les op\u00e9rations de per\u00e7age, en particulier dans l'usinage CNC. Il se compose d'\u00e9l\u00e9ments interchangeables, g\u00e9n\u00e9ralement un corps de foret et des plaquettes de coupe ou des t\u00eates rempla\u00e7ables, ce qui permet de l'adapter \u00e0 diff\u00e9rents mat\u00e9riaux, diam\u00e8tres et conditions de per\u00e7age. Cette conception modulaire am\u00e9liore la flexibilit\u00e9, la rentabilit\u00e9 et les performances par rapport aux forets pleins. Le m\u00e9canisme de verrouillage central \u00e0 vis situ\u00e9 \u00e0 l'arri\u00e8re garantit que la plaquette est fermement serr\u00e9e, ce qui assure la s\u00e9curit\u00e9 du processus et prolonge la dur\u00e9e de vie du corps du foret et de la plaquette.<\/p><p dir=\"auto\">Les perceuses modulaires sont largement utilis\u00e9es dans des secteurs tels que l'a\u00e9rospatiale, l'automobile et la fabrication g\u00e9n\u00e9rale, o\u00f9 la polyvalence, la pr\u00e9cision et l'efficacit\u00e9 sont essentielles. Ils excellent dans des conditions difficiles, comme le per\u00e7age de mat\u00e9riaux empil\u00e9s, de trous transversaux ou de surfaces inclin\u00e9es.<\/p><p dir=\"auto\">En r\u00e9sum\u00e9, les forets modulaires combinent les performances des forets en carbure monobloc avec la rentabilit\u00e9 et l'adaptabilit\u00e9 des forets en carbure monobloc. <a class=\"wpil_keyword_link\" href=\"https:\/\/onmytoolings.com\/fr\/indexable-inserts-the-cornerstone-of-modern-machining\/\"   title=\"Plaquettes amovibles : La pierre angulaire de l&#039;usinage moderne\" data-wpil-keyword-link=\"linked\"  data-wpil-monitor-id=\"572\" target=\"_blank\">outils indexables<\/a>, ce qui en fait un choix privil\u00e9gi\u00e9 pour les op\u00e9rations d'usinage modernes.<\/p>\t\t\t\t\t\t\t\t<\/div>\n\t\t\t\t<\/div>\n\t\t\t\t\t<\/div>\n\t\t\t\t<\/div>\n\t\t<div class=\"elementor-element elementor-element-55e70af e-flex e-con-boxed e-con e-parent\" data-id=\"55e70af\" data-element_type=\"container\" data-e-type=\"container\">\n\t\t\t\t\t<div class=\"e-con-inner\">\n\t\t<div class=\"elementor-element elementor-element-06f2223 e-grid e-con-full e-con e-child\" data-id=\"06f2223\" data-element_type=\"container\" data-e-type=\"container\">\n\t\t\t\t<div class=\"elementor-element elementor-element-79827b1 elementor-position-top elementor-widget elementor-widget-image-box\" data-id=\"79827b1\" data-element_type=\"widget\" data-e-type=\"widget\" data-widget_type=\"image-box.default\">\n\t\t\t\t<div class=\"elementor-widget-container\">\n\t\t\t\t\t<div class=\"elementor-image-box-wrapper\"><figure class=\"elementor-image-box-img\"><a href=\"https:\/\/onmytoolings.com\/fr\/product\/1-5d-back-central-locking-modular-drill-body\/\" tabindex=\"-1\" target=\"_blank\"><img fetchpriority=\"high\" decoding=\"async\" width=\"1920\" height=\"1080\" src=\"https:\/\/onmytoolings.com\/wp-content\/uploads\/2025\/07\/1.5D-modular-drill.webp\" class=\"attachment-full size-full wp-image-15648\" alt=\"Foreuse modulaire 1,5D\" srcset=\"https:\/\/onmytoolings.com\/wp-content\/uploads\/2025\/07\/1.5D-modular-drill.webp 1920w, https:\/\/onmytoolings.com\/wp-content\/uploads\/2025\/07\/1.5D-modular-drill-300x169.webp 300w, https:\/\/onmytoolings.com\/wp-content\/uploads\/2025\/07\/1.5D-modular-drill-1024x576.webp 1024w, https:\/\/onmytoolings.com\/wp-content\/uploads\/2025\/07\/1.5D-modular-drill-768x432.webp 768w, https:\/\/onmytoolings.com\/wp-content\/uploads\/2025\/07\/1.5D-modular-drill-1536x864.webp 1536w, https:\/\/onmytoolings.com\/wp-content\/uploads\/2025\/07\/1.5D-modular-drill-18x10.webp 18w\" sizes=\"(max-width: 1920px) 100vw, 1920px\" \/><\/a><\/figure><div class=\"elementor-image-box-content\"><p class=\"elementor-image-box-title\"><a href=\"https:\/\/onmytoolings.com\/fr\/product\/1-5d-back-central-locking-modular-drill-body\/\" target=\"_blank\">Corps de foreuse modulaire 1,5*D<\/a><\/p><\/div><\/div>\t\t\t\t<\/div>\n\t\t\t\t<\/div>\n\t\t\t\t<div class=\"elementor-element elementor-element-04bb527 elementor-position-top elementor-widget elementor-widget-image-box\" data-id=\"04bb527\" data-element_type=\"widget\" data-e-type=\"widget\" data-widget_type=\"image-box.default\">\n\t\t\t\t<div class=\"elementor-widget-container\">\n\t\t\t\t\t<div class=\"elementor-image-box-wrapper\"><figure class=\"elementor-image-box-img\"><a href=\"https:\/\/onmytoolings.com\/fr\/product\/3d-back-central-locking-modular-drill-body\/\" tabindex=\"-1\" target=\"_blank\"><img decoding=\"async\" width=\"1920\" height=\"1080\" src=\"https:\/\/onmytoolings.com\/wp-content\/uploads\/2025\/07\/3D-modular-drill.webp\" class=\"attachment-full size-full wp-image-15647\" alt=\"Foreuse modulaire 3D\" srcset=\"https:\/\/onmytoolings.com\/wp-content\/uploads\/2025\/07\/3D-modular-drill.webp 1920w, https:\/\/onmytoolings.com\/wp-content\/uploads\/2025\/07\/3D-modular-drill-300x169.webp 300w, https:\/\/onmytoolings.com\/wp-content\/uploads\/2025\/07\/3D-modular-drill-1024x576.webp 1024w, https:\/\/onmytoolings.com\/wp-content\/uploads\/2025\/07\/3D-modular-drill-768x432.webp 768w, https:\/\/onmytoolings.com\/wp-content\/uploads\/2025\/07\/3D-modular-drill-1536x864.webp 1536w, https:\/\/onmytoolings.com\/wp-content\/uploads\/2025\/07\/3D-modular-drill-18x10.webp 18w\" sizes=\"(max-width: 1920px) 100vw, 1920px\" \/><\/a><\/figure><div class=\"elementor-image-box-content\"><p class=\"elementor-image-box-title\"><a href=\"https:\/\/onmytoolings.com\/fr\/product\/3d-back-central-locking-modular-drill-body\/\" target=\"_blank\">Corps de foreuse modulaire 3*D<\/a><\/p><\/div><\/div>\t\t\t\t<\/div>\n\t\t\t\t<\/div>\n\t\t\t\t<div class=\"elementor-element elementor-element-fa4c556 elementor-position-top elementor-widget elementor-widget-image-box\" data-id=\"fa4c556\" data-element_type=\"widget\" data-e-type=\"widget\" data-widget_type=\"image-box.default\">\n\t\t\t\t<div class=\"elementor-widget-container\">\n\t\t\t\t\t<div class=\"elementor-image-box-wrapper\"><figure class=\"elementor-image-box-img\"><a href=\"https:\/\/onmytoolings.com\/fr\/product\/5d-back-central-locking-modular-drill-body\/\" tabindex=\"-1\" target=\"_blank\"><img decoding=\"async\" width=\"1920\" height=\"1080\" src=\"https:\/\/onmytoolings.com\/wp-content\/uploads\/2025\/07\/5D-modular-drill.webp\" class=\"attachment-full size-full wp-image-15644\" alt=\"Foreuse modulaire 5D\" srcset=\"https:\/\/onmytoolings.com\/wp-content\/uploads\/2025\/07\/5D-modular-drill.webp 1920w, https:\/\/onmytoolings.com\/wp-content\/uploads\/2025\/07\/5D-modular-drill-300x169.webp 300w, https:\/\/onmytoolings.com\/wp-content\/uploads\/2025\/07\/5D-modular-drill-1024x576.webp 1024w, https:\/\/onmytoolings.com\/wp-content\/uploads\/2025\/07\/5D-modular-drill-768x432.webp 768w, https:\/\/onmytoolings.com\/wp-content\/uploads\/2025\/07\/5D-modular-drill-1536x864.webp 1536w, https:\/\/onmytoolings.com\/wp-content\/uploads\/2025\/07\/5D-modular-drill-18x10.webp 18w\" sizes=\"(max-width: 1920px) 100vw, 1920px\" \/><\/a><\/figure><div class=\"elementor-image-box-content\"><p class=\"elementor-image-box-title\"><a href=\"https:\/\/onmytoolings.com\/fr\/product\/5d-back-central-locking-modular-drill-body\/\" target=\"_blank\">Corps de foreuse modulaire 5*D<\/a><\/p><\/div><\/div>\t\t\t\t<\/div>\n\t\t\t\t<\/div>\n\t\t\t\t<div class=\"elementor-element elementor-element-19db38f elementor-position-top elementor-widget elementor-widget-image-box\" data-id=\"19db38f\" data-element_type=\"widget\" data-e-type=\"widget\" data-widget_type=\"image-box.default\">\n\t\t\t\t<div class=\"elementor-widget-container\">\n\t\t\t\t\t<div class=\"elementor-image-box-wrapper\"><figure class=\"elementor-image-box-img\"><a href=\"https:\/\/onmytoolings.com\/fr\/product\/7d-back-central-locking-modular-drill-body\/\" tabindex=\"-1\" target=\"_blank\"><img loading=\"lazy\" decoding=\"async\" width=\"1920\" height=\"1080\" src=\"https:\/\/onmytoolings.com\/wp-content\/uploads\/2025\/07\/7D-modular-drill.webp\" class=\"attachment-full size-full wp-image-15651\" alt=\"Foreuse modulaire 7D\" srcset=\"https:\/\/onmytoolings.com\/wp-content\/uploads\/2025\/07\/7D-modular-drill.webp 1920w, https:\/\/onmytoolings.com\/wp-content\/uploads\/2025\/07\/7D-modular-drill-300x169.webp 300w, https:\/\/onmytoolings.com\/wp-content\/uploads\/2025\/07\/7D-modular-drill-1024x576.webp 1024w, https:\/\/onmytoolings.com\/wp-content\/uploads\/2025\/07\/7D-modular-drill-768x432.webp 768w, https:\/\/onmytoolings.com\/wp-content\/uploads\/2025\/07\/7D-modular-drill-1536x864.webp 1536w, https:\/\/onmytoolings.com\/wp-content\/uploads\/2025\/07\/7D-modular-drill-18x10.webp 18w\" sizes=\"(max-width: 1920px) 100vw, 1920px\" \/><\/a><\/figure><div class=\"elementor-image-box-content\"><p class=\"elementor-image-box-title\"><a href=\"https:\/\/onmytoolings.com\/fr\/product\/7d-back-central-locking-modular-drill-body\/\" target=\"_blank\">Corps de foreuse modulaire 7*D<\/a><\/p><\/div><\/div>\t\t\t\t<\/div>\n\t\t\t\t<\/div>\n\t\t\t\t<div class=\"elementor-element elementor-element-4e31812 elementor-position-top elementor-widget elementor-widget-image-box\" data-id=\"4e31812\" data-element_type=\"widget\" data-e-type=\"widget\" data-widget_type=\"image-box.default\">\n\t\t\t\t<div class=\"elementor-widget-container\">\n\t\t\t\t\t<div class=\"elementor-image-box-wrapper\"><figure class=\"elementor-image-box-img\"><a href=\"https:\/\/onmytoolings.com\/fr\/product\/8-5d-back-central-locking-modular-drill-body\/\" tabindex=\"-1\" target=\"_blank\"><img loading=\"lazy\" decoding=\"async\" width=\"1920\" height=\"1080\" src=\"https:\/\/onmytoolings.com\/wp-content\/uploads\/2025\/07\/8D-modular-drill.webp\" class=\"attachment-full size-full wp-image-15650\" alt=\"Perceuse modulaire 8.5D\" srcset=\"https:\/\/onmytoolings.com\/wp-content\/uploads\/2025\/07\/8D-modular-drill.webp 1920w, https:\/\/onmytoolings.com\/wp-content\/uploads\/2025\/07\/8D-modular-drill-300x169.webp 300w, https:\/\/onmytoolings.com\/wp-content\/uploads\/2025\/07\/8D-modular-drill-1024x576.webp 1024w, https:\/\/onmytoolings.com\/wp-content\/uploads\/2025\/07\/8D-modular-drill-768x432.webp 768w, https:\/\/onmytoolings.com\/wp-content\/uploads\/2025\/07\/8D-modular-drill-1536x864.webp 1536w, https:\/\/onmytoolings.com\/wp-content\/uploads\/2025\/07\/8D-modular-drill-18x10.webp 18w\" sizes=\"(max-width: 1920px) 100vw, 1920px\" \/><\/a><\/figure><div class=\"elementor-image-box-content\"><p class=\"elementor-image-box-title\"><a href=\"https:\/\/onmytoolings.com\/fr\/product\/8-5d-back-central-locking-modular-drill-body\/\" target=\"_blank\">Corps de foreuse modulaire 8,5*D<\/a><\/p><\/div><\/div>\t\t\t\t<\/div>\n\t\t\t\t<\/div>\n\t\t\t\t<div class=\"elementor-element elementor-element-eb3e114 elementor-position-top elementor-widget elementor-widget-image-box\" data-id=\"eb3e114\" data-element_type=\"widget\" data-e-type=\"widget\" data-widget_type=\"image-box.default\">\n\t\t\t\t<div class=\"elementor-widget-container\">\n\t\t\t\t\t<div class=\"elementor-image-box-wrapper\"><figure class=\"elementor-image-box-img\"><a href=\"https:\/\/onmytoolings.com\/fr\/product\/10d-back-central-locking-modular-drill-body\/\" tabindex=\"-1\" target=\"_blank\"><img loading=\"lazy\" decoding=\"async\" width=\"1920\" height=\"1080\" src=\"https:\/\/onmytoolings.com\/wp-content\/uploads\/2025\/07\/10D-modular-drill.webp\" class=\"attachment-full size-full wp-image-15649\" alt=\"Foreuse modulaire 10D\" srcset=\"https:\/\/onmytoolings.com\/wp-content\/uploads\/2025\/07\/10D-modular-drill.webp 1920w, https:\/\/onmytoolings.com\/wp-content\/uploads\/2025\/07\/10D-modular-drill-300x169.webp 300w, https:\/\/onmytoolings.com\/wp-content\/uploads\/2025\/07\/10D-modular-drill-1024x576.webp 1024w, https:\/\/onmytoolings.com\/wp-content\/uploads\/2025\/07\/10D-modular-drill-768x432.webp 768w, https:\/\/onmytoolings.com\/wp-content\/uploads\/2025\/07\/10D-modular-drill-1536x864.webp 1536w, https:\/\/onmytoolings.com\/wp-content\/uploads\/2025\/07\/10D-modular-drill-18x10.webp 18w\" sizes=\"(max-width: 1920px) 100vw, 1920px\" \/><\/a><\/figure><div class=\"elementor-image-box-content\"><p class=\"elementor-image-box-title\"><a href=\"https:\/\/onmytoolings.com\/fr\/product\/10d-back-central-locking-modular-drill-body\/\" target=\"_blank\">Corps de foreuse modulaire 10*D<\/a><\/p><\/div><\/div>\t\t\t\t<\/div>\n\t\t\t\t<\/div>\n\t\t\t\t<div class=\"elementor-element elementor-element-86fee1e elementor-position-top elementor-widget elementor-widget-image-box\" data-id=\"86fee1e\" data-element_type=\"widget\" data-e-type=\"widget\" data-widget_type=\"image-box.default\">\n\t\t\t\t<div class=\"elementor-widget-container\">\n\t\t\t\t\t<div class=\"elementor-image-box-wrapper\"><figure class=\"elementor-image-box-img\"><a href=\"https:\/\/onmytoolings.com\/fr\/product\/12d-back-central-locking-modular-drill-body\/\" tabindex=\"-1\" target=\"_blank\"><img loading=\"lazy\" decoding=\"async\" width=\"1920\" height=\"1080\" src=\"https:\/\/onmytoolings.com\/wp-content\/uploads\/2025\/07\/12D-modular-drill.webp\" class=\"attachment-full size-full wp-image-15645\" alt=\"Foreuse modulaire 12D\" srcset=\"https:\/\/onmytoolings.com\/wp-content\/uploads\/2025\/07\/12D-modular-drill.webp 1920w, https:\/\/onmytoolings.com\/wp-content\/uploads\/2025\/07\/12D-modular-drill-300x169.webp 300w, https:\/\/onmytoolings.com\/wp-content\/uploads\/2025\/07\/12D-modular-drill-1024x576.webp 1024w, https:\/\/onmytoolings.com\/wp-content\/uploads\/2025\/07\/12D-modular-drill-768x432.webp 768w, https:\/\/onmytoolings.com\/wp-content\/uploads\/2025\/07\/12D-modular-drill-1536x864.webp 1536w, https:\/\/onmytoolings.com\/wp-content\/uploads\/2025\/07\/12D-modular-drill-18x10.webp 18w\" sizes=\"(max-width: 1920px) 100vw, 1920px\" \/><\/a><\/figure><div class=\"elementor-image-box-content\"><p class=\"elementor-image-box-title\"><a href=\"https:\/\/onmytoolings.com\/fr\/product\/12d-back-central-locking-modular-drill-body\/\" target=\"_blank\">Corps de foreuse modulaire 12*D<\/a><\/p><\/div><\/div>\t\t\t\t<\/div>\n\t\t\t\t<\/div>\n\t\t\t\t<\/div>\n\t\t\t\t\t<\/div>\n\t\t\t\t<\/div>\n\t\t\t\t<section class=\"elementor-section elementor-top-section elementor-element elementor-element-332aad86 elementor-section-content-middle elementor-section-boxed elementor-section-height-default elementor-section-height-default\" data-id=\"332aad86\" data-element_type=\"section\" data-e-type=\"section\" data-settings=\"{&quot;background_background&quot;:&quot;classic&quot;}\">\n\t\t\t\t\t\t<div class=\"elementor-container elementor-column-gap-no\">\n\t\t\t\t\t<div class=\"elementor-column elementor-col-66 elementor-top-column elementor-element elementor-element-3f6bdd07\" data-id=\"3f6bdd07\" data-element_type=\"column\" data-e-type=\"column\">\n\t\t\t<div class=\"elementor-widget-wrap elementor-element-populated\">\n\t\t\t\t\t\t<div class=\"elementor-element elementor-element-2b7eb064 elementor-widget elementor-widget-heading\" data-id=\"2b7eb064\" data-element_type=\"widget\" data-e-type=\"widget\" data-widget_type=\"heading.default\">\n\t\t\t\t<div class=\"elementor-widget-container\">\n\t\t\t\t\t<h2 class=\"elementor-heading-title elementor-size-large\">Int\u00e9ress\u00e9 par nos forages modulaires ?<\/h2>\t\t\t\t<\/div>\n\t\t\t\t<\/div>\n\t\t\t\t<div class=\"elementor-element elementor-element-2ca00b46 elementor-widget-divider--view-line elementor-widget elementor-widget-divider\" data-id=\"2ca00b46\" data-element_type=\"widget\" data-e-type=\"widget\" data-widget_type=\"divider.default\">\n\t\t\t\t<div class=\"elementor-widget-container\">\n\t\t\t\t\t\t\t<div class=\"elementor-divider\">\n\t\t\t<span class=\"elementor-divider-separator\">\n\t\t\t\t\t\t<\/span>\n\t\t<\/div>\n\t\t\t\t\t\t<\/div>\n\t\t\t\t<\/div>\n\t\t\t\t<div class=\"elementor-element elementor-element-1bd14483 elementor-widget elementor-widget-text-editor\" data-id=\"1bd14483\" data-element_type=\"widget\" data-e-type=\"widget\" data-widget_type=\"text-editor.default\">\n\t\t\t\t<div class=\"elementor-widget-container\">\n\t\t\t\t\t\t\t\t\t<p>ONMY Toolings se d\u00e9veloppe rapidement ces derni\u00e8res ann\u00e9es, et nous sommes toujours pr\u00eats \u00e0 accueillir des partenaires pour travailler ensemble afin d'obtenir des avantages manuels et de grandir ensemble !<\/p>\t\t\t\t\t\t\t\t<\/div>\n\t\t\t\t<\/div>\n\t\t\t\t\t<\/div>\n\t\t<\/div>\n\t\t\t\t<div class=\"elementor-column elementor-col-33 elementor-top-column elementor-element elementor-element-20ec1841\" data-id=\"20ec1841\" data-element_type=\"column\" data-e-type=\"column\">\n\t\t\t<div class=\"elementor-widget-wrap elementor-element-populated\">\n\t\t\t\t\t\t<div class=\"elementor-element elementor-element-6880ac61 elementor-align-center elementor-tablet-align-center elementor-widget elementor-widget-button\" data-id=\"6880ac61\" data-element_type=\"widget\" data-e-type=\"widget\" data-widget_type=\"button.default\">\n\t\t\t\t<div class=\"elementor-widget-container\">\n\t\t\t\t\t\t\t\t\t<div class=\"elementor-button-wrapper\">\n\t\t\t\t\t<a class=\"elementor-button elementor-button-link elementor-size-sm\" href=\"#elementor-action%3Aaction%3Dpopup%3Aopen%26settings%3DeyJpZCI6IjEwNDA3IiwidG9nZ2xlIjpmYWxzZX0%3D\">\n\t\t\t\t\t\t<span class=\"elementor-button-content-wrapper\">\n\t\t\t\t\t\t<span class=\"elementor-button-icon\">\n\t\t\t\t<svg aria-hidden=\"true\" class=\"e-font-icon-svg e-fas-arrow-right\" viewbox=\"0 0 448 512\" xmlns=\"http:\/\/www.w3.org\/2000\/svg\"><path d=\"M190.5 66.9l22.2-22.2c9.4-9.4 24.6-9.4 33.9 0L441 239c9.4 9.4 9.4 24.6 0 33.9L246.6 467.3c-9.4 9.4-24.6 9.4-33.9 0l-22.2-22.2c-9.5-9.5-9.3-25 .4-34.3L311.4 296H24c-13.3 0-24-10.7-24-24v-32c0-13.3 10.7-24 24-24h287.4L190.9 101.2c-9.8-9.3-10-24.8-.4-34.3z\"><\/path><\/svg>\t\t\t<\/span>\n\t\t\t\t\t\t\t\t\t<span class=\"elementor-button-text\">Contact<\/span>\n\t\t\t\t\t<\/span>\n\t\t\t\t\t<\/a>\n\t\t\t\t<\/div>\n\t\t\t\t\t\t\t\t<\/div>\n\t\t\t\t<\/div>\n\t\t\t\t\t<\/div>\n\t\t<\/div>\n\t\t\t\t\t<\/div>\n\t\t<\/section>\n\t\t\t\t<\/div>","protected":false},"excerpt":{"rendered":"<p>Back Central Locking Modular Drill A back lockling modular drill is a cutting tool designed for versatility and precision in drilling operations, particularly in CNC machining. It consists of interchangeable components, typically a drill body and replaceable cutting inserts or heads, allowing customization for various materials, diameters, and drilling conditions. This modular design enhances flexibility, [&hellip;]<\/p>\n","protected":false},"author":1,"featured_media":0,"parent":15109,"menu_order":0,"comment_status":"closed","ping_status":"closed","template":"","meta":{"_acf_changed":false,"_uag_custom_page_level_css":"","site-sidebar-layout":"no-sidebar","site-content-layout":"page-builder","ast-site-content-layout":"full-width-container","site-content-style":"default","site-sidebar-style":"default","ast-global-header-display":"","ast-banner-title-visibility":"","ast-main-header-display":"","ast-hfb-above-header-display":"","ast-hfb-below-header-display":"","ast-hfb-mobile-header-display":"","site-post-title":"disabled","ast-breadcrumbs-content":"","ast-featured-img":"disabled","footer-sml-layout":"","ast-disable-related-posts":"","theme-transparent-header-meta":"","adv-header-id-meta":"","stick-header-meta":"","header-above-stick-meta":"","header-main-stick-meta":"","header-below-stick-meta":"","astra-migrate-meta-layouts":"default","ast-page-background-enabled":"default","ast-page-background-meta":{"desktop":{"background-color":"","background-image":"","background-repeat":"repeat","background-position":"center center","background-size":"auto","background-attachment":"scroll","background-type":"","background-media":"","overlay-type":"","overlay-color":"","overlay-opacity":"","overlay-gradient":""},"tablet":{"background-color":"","background-image":"","background-repeat":"repeat","background-position":"center center","background-size":"auto","background-attachment":"scroll","background-type":"","background-media":"","overlay-type":"","overlay-color":"","overlay-opacity":"","overlay-gradient":""},"mobile":{"background-color":"","background-image":"","background-repeat":"repeat","background-position":"center center","background-size":"auto","background-attachment":"scroll","background-type":"","background-media":"","overlay-type":"","overlay-color":"","overlay-opacity":"","overlay-gradient":""}},"ast-content-background-meta":{"desktop":{"background-color":"var(--ast-global-color-5)","background-image":"","background-repeat":"repeat","background-position":"center center","background-size":"auto","background-attachment":"scroll","background-type":"","background-media":"","overlay-type":"","overlay-color":"","overlay-opacity":"","overlay-gradient":""},"tablet":{"background-color":"var(--ast-global-color-5)","background-image":"","background-repeat":"repeat","background-position":"center center","background-size":"auto","background-attachment":"scroll","background-type":"","background-media":"","overlay-type":"","overlay-color":"","overlay-opacity":"","overlay-gradient":""},"mobile":{"background-color":"var(--ast-global-color-5)","background-image":"","background-repeat":"repeat","background-position":"center center","background-size":"auto","background-attachment":"scroll","background-type":"","background-media":"","overlay-type":"","overlay-color":"","overlay-opacity":"","overlay-gradient":""}},"footnotes":""},"class_list":["post-15635","page","type-page","status-publish","hentry"],"acf":[],"uagb_featured_image_src":{"full":false,"thumbnail":false,"medium":false,"medium_large":false,"large":false,"1536x1536":false,"2048x2048":false,"trp-custom-language-flag":false},"uagb_author_info":{"display_name":"Jiang.xu","author_link":"https:\/\/onmytoolings.com\/fr\/author\/bigsunjianggmail-com\/"},"uagb_comment_info":0,"uagb_excerpt":"Back Central Locking Modular Drill A back lockling modular drill is a cutting tool designed for versatility and precision in drilling operations, particularly in CNC machining. It consists of interchangeable components, typically a drill body and replaceable cutting inserts or heads, allowing customization for various materials, diameters, and drilling conditions. This modular design enhances flexibility,\u2026","_links":{"self":[{"href":"https:\/\/onmytoolings.com\/fr\/wp-json\/wp\/v2\/pages\/15635","targetHints":{"allow":["GET"]}}],"collection":[{"href":"https:\/\/onmytoolings.com\/fr\/wp-json\/wp\/v2\/pages"}],"about":[{"href":"https:\/\/onmytoolings.com\/fr\/wp-json\/wp\/v2\/types\/page"}],"author":[{"embeddable":true,"href":"https:\/\/onmytoolings.com\/fr\/wp-json\/wp\/v2\/users\/1"}],"replies":[{"embeddable":true,"href":"https:\/\/onmytoolings.com\/fr\/wp-json\/wp\/v2\/comments?post=15635"}],"version-history":[{"count":19,"href":"https:\/\/onmytoolings.com\/fr\/wp-json\/wp\/v2\/pages\/15635\/revisions"}],"predecessor-version":[{"id":17350,"href":"https:\/\/onmytoolings.com\/fr\/wp-json\/wp\/v2\/pages\/15635\/revisions\/17350"}],"up":[{"embeddable":true,"href":"https:\/\/onmytoolings.com\/fr\/wp-json\/wp\/v2\/pages\/15109"}],"wp:attachment":[{"href":"https:\/\/onmytoolings.com\/fr\/wp-json\/wp\/v2\/media?parent=15635"}],"curies":[{"name":"wp","href":"https:\/\/api.w.org\/{rel}","templated":true}]}}