{"id":1519,"date":"2023-04-14T08:31:28","date_gmt":"2023-04-14T08:31:28","guid":{"rendered":"https:\/\/onmytoolings.com\/?page_id=1519"},"modified":"2024-10-31T02:19:58","modified_gmt":"2024-10-31T02:19:58","slug":"vitesse-de-fraisage-et-avance","status":"publish","type":"page","link":"https:\/\/onmytoolings.com\/fr\/face-milling-speed-and-feed\/","title":{"rendered":"Vitesse et avance du surfa\u00e7age"},"content":{"rendered":"<div data-elementor-type=\"wp-page\" data-elementor-id=\"1519\" class=\"elementor elementor-1519\" data-elementor-post-type=\"page\">\n\t\t\t\t<div class=\"elementor-element elementor-element-249e104 e-flex e-con-boxed e-con e-parent\" data-id=\"249e104\" data-element_type=\"container\" data-e-type=\"container\">\n\t\t\t\t\t<div class=\"e-con-inner\">\n\t\t\t\t<div class=\"elementor-element elementor-element-2446195 elementor-widget elementor-widget-heading\" data-id=\"2446195\" data-element_type=\"widget\" data-e-type=\"widget\" data-widget_type=\"heading.default\">\n\t\t\t\t<div class=\"elementor-widget-container\">\n\t\t\t\t\t<h2 class=\"elementor-heading-title elementor-size-default\">Vitesse et avance de la fraise \u00e0 surfacer<\/h2>\t\t\t\t<\/div>\n\t\t\t\t<\/div>\n\t\t\t\t<div class=\"elementor-element elementor-element-119a23b elementor-widget elementor-widget-text-editor\" data-id=\"119a23b\" data-element_type=\"widget\" data-e-type=\"widget\" data-widget_type=\"text-editor.default\">\n\t\t\t\t<div class=\"elementor-widget-container\">\n\t\t\t\t\t\t\t\t\t<p>Ces valeurs sont fournies \u00e0 titre d'orientation g\u00e9n\u00e9rale et peuvent varier en fonction de la situation sp\u00e9cifique de l'entreprise. <a href=\"https:\/\/onmytoolings.com\/fr\/plaquettes-de-fraisage\/fraisage-de-face\/\" target=\"_blank\">plaquette de fraisage \u00e0 facettes<\/a> Il est important d'ajuster la vitesse de coupe et la vitesse d'avance en fonction du travail sp\u00e9cifique afin d'optimiser les performances et la dur\u00e9e de vie de l'outil. Il est important d'ajuster la vitesse de coupe et la vitesse d'avance en fonction de la t\u00e2che sp\u00e9cifique afin d'optimiser les performances et la dur\u00e9e de vie de l'outil.<\/p>\t\t\t\t\t\t\t\t<\/div>\n\t\t\t\t<\/div>\n\t\t\t\t<div class=\"elementor-element elementor-element-7edf20c elementor-widget elementor-widget-text-editor\" data-id=\"7edf20c\" data-element_type=\"widget\" data-e-type=\"widget\" data-widget_type=\"text-editor.default\">\n\t\t\t\t<div class=\"elementor-widget-container\">\n\t\t\t\t\t\t\t\t\t<p>Les donn\u00e9es relatives \u00e0 la vitesse et \u00e0 l'avance des plaquettes de surfa\u00e7age peuvent varier en fonction du type sp\u00e9cifique de plaquette, de la qualit\u00e9 de la plaquette, de la machine utilis\u00e9e et du mat\u00e9riau de la pi\u00e8ce \u00e0 fraiser. Voici quelques facteurs \u00e0 prendre en compte pour d\u00e9terminer la vitesse et l'avance id\u00e9ales pour le surfa\u00e7age :<\/p><ul><li><p>Type de plaquette : Diff\u00e9rentes plaquettes sont con\u00e7ues pour diff\u00e9rents types de mat\u00e9riaux et d'applications. Certaines sont con\u00e7ues pour des vitesses et des avances plus \u00e9lev\u00e9es, tandis que d'autres sont con\u00e7ues pour des coupes plus lentes et plus r\u00e9guli\u00e8res.<\/p><\/li><li><p>Qualit\u00e9 de la plaquette : Chaque qualit\u00e9 de plaquette poss\u00e8de des propri\u00e9t\u00e9s diff\u00e9rentes qui peuvent affecter la vitesse de coupe et l'efficacit\u00e9. Les qualit\u00e9s plus dures peuvent supporter des vitesses de coupe plus \u00e9lev\u00e9es, tandis que les qualit\u00e9s plus douces peuvent \u00eatre plus performantes \u00e0 des vitesses plus lentes.<\/p><\/li><li><p>Machine utilis\u00e9e : Le type de machine utilis\u00e9 peut influer sur la vitesse et l'avance optimales pour le surfa\u00e7age. Les machines \u00e0 commande num\u00e9rique et les fraiseuses sp\u00e9cialis\u00e9es peuvent offrir des vitesses de coupe et des avances plus \u00e9lev\u00e9es que les machines manuelles.<\/p><\/li><li><p>Mat\u00e9riau de la pi\u00e8ce : Des mat\u00e9riaux diff\u00e9rents ont des propri\u00e9t\u00e9s diff\u00e9rentes qui peuvent affecter la vitesse de coupe et l'avance optimales. Les mat\u00e9riaux plus durs, par exemple, peuvent n\u00e9cessiter des avances plus lentes et des vitesses de coupe plus \u00e9lev\u00e9es pour garantir une coupe nette.<\/p><\/li><\/ul>\t\t\t\t\t\t\t\t<\/div>\n\t\t\t\t<\/div>\n\t\t\t\t<div class=\"elementor-element elementor-element-f3dac2c elementor-widget elementor-widget-text-editor\" data-id=\"f3dac2c\" data-element_type=\"widget\" data-e-type=\"widget\" data-widget_type=\"text-editor.default\">\n\t\t\t\t<div class=\"elementor-widget-container\">\n\t\t\t\t\t\t\t\t\t<p>Pour d\u00e9terminer la vitesse et l'avance optimales pour votre application sp\u00e9cifique de surfa\u00e7age, il est pr\u00e9f\u00e9rable de consulter les recommandations du fabricant ou de travailler avec des machinistes exp\u00e9riment\u00e9s qui peuvent vous donner des conseils sur la base de leur exp\u00e9rience avec des mat\u00e9riaux et des applications similaires. Il est important d'ajuster la vitesse et l'avance en fonction de la t\u00e2che sp\u00e9cifique pour optimiser les performances et la dur\u00e9e de vie de l'outil, et de surveiller constamment le processus pour garantir la s\u00e9curit\u00e9 et l'efficacit\u00e9.<\/p>\t\t\t\t\t\t\t\t<\/div>\n\t\t\t\t<\/div>\n\t\t\t\t\t<\/div>\n\t\t\t\t<\/div>\n\t\t\t\t<\/div>","protected":false},"excerpt":{"rendered":"<p>Face milling speed and feed Material Cutting Speed (SFM) Feed per Tooth (IPT) Aluminum 600-2000 0.003-0.020 Brass 200-800 0.003-0.012 Stainless Steel (300 series) 175-350 0.002-0.006 Cast Iron (gray) 100-325 0.008-0.020 Cast Iron (ductile) 75-250 0.008-0.020 Low Carbon Steel 100-300 0.010-0.020 High Carbon Steel 75-200 0.008-0.012 These values are provided as a general guideline and may [&hellip;]<\/p>\n","protected":false},"author":1,"featured_media":0,"parent":0,"menu_order":0,"comment_status":"closed","ping_status":"closed","template":"","meta":{"_acf_changed":false,"_uag_custom_page_level_css":"","site-sidebar-layout":"no-sidebar","site-content-layout":"page-builder","ast-site-content-layout":"default","site-content-style":"default","site-sidebar-style":"default","ast-global-header-display":"","ast-banner-title-visibility":"","ast-main-header-display":"","ast-hfb-above-header-display":"","ast-hfb-below-header-display":"","ast-hfb-mobile-header-display":"","site-post-title":"disabled","ast-breadcrumbs-content":"","ast-featured-img":"disabled","footer-sml-layout":"","ast-disable-related-posts":"","theme-transparent-header-meta":"","adv-header-id-meta":"","stick-header-meta":"","header-above-stick-meta":"","header-main-stick-meta":"","header-below-stick-meta":"","astra-migrate-meta-layouts":"default","ast-page-background-enabled":"default","ast-page-background-meta":{"desktop":{"background-color":"","background-image":"","background-repeat":"repeat","background-position":"center center","background-size":"auto","background-attachment":"scroll","background-type":"","background-media":"","overlay-type":"","overlay-color":"","overlay-opacity":"","overlay-gradient":""},"tablet":{"background-color":"","background-image":"","background-repeat":"repeat","background-position":"center center","background-size":"auto","background-attachment":"scroll","background-type":"","background-media":"","overlay-type":"","overlay-color":"","overlay-opacity":"","overlay-gradient":""},"mobile":{"background-color":"","background-image":"","background-repeat":"repeat","background-position":"center center","background-size":"auto","background-attachment":"scroll","background-type":"","background-media":"","overlay-type":"","overlay-color":"","overlay-opacity":"","overlay-gradient":""}},"ast-content-background-meta":{"desktop":{"background-color":"var(--ast-global-color-5)","background-image":"","background-repeat":"repeat","background-position":"center center","background-size":"auto","background-attachment":"scroll","background-type":"","background-media":"","overlay-type":"","overlay-color":"","overlay-opacity":"","overlay-gradient":""},"tablet":{"background-color":"var(--ast-global-color-5)","background-image":"","background-repeat":"repeat","background-position":"center center","background-size":"auto","background-attachment":"scroll","background-type":"","background-media":"","overlay-type":"","overlay-color":"","overlay-opacity":"","overlay-gradient":""},"mobile":{"background-color":"var(--ast-global-color-5)","background-image":"","background-repeat":"repeat","background-position":"center center","background-size":"auto","background-attachment":"scroll","background-type":"","background-media":"","overlay-type":"","overlay-color":"","overlay-opacity":"","overlay-gradient":""}},"footnotes":""},"class_list":["post-1519","page","type-page","status-publish","hentry"],"acf":[],"uagb_featured_image_src":{"full":false,"thumbnail":false,"medium":false,"medium_large":false,"large":false,"1536x1536":false,"2048x2048":false,"trp-custom-language-flag":false},"uagb_author_info":{"display_name":"Jiang.xu","author_link":"https:\/\/onmytoolings.com\/fr\/author\/bigsunjianggmail-com\/"},"uagb_comment_info":0,"uagb_excerpt":"Face milling speed and feed Material Cutting Speed (SFM) Feed per Tooth (IPT) Aluminum 600-2000 0.003-0.020 Brass 200-800 0.003-0.012 Stainless Steel (300 series) 175-350 0.002-0.006 Cast Iron (gray) 100-325 0.008-0.020 Cast Iron (ductile) 75-250 0.008-0.020 Low Carbon Steel 100-300 0.010-0.020 High Carbon Steel 75-200 0.008-0.012 These values are provided as a general guideline and may\u2026","_links":{"self":[{"href":"https:\/\/onmytoolings.com\/fr\/wp-json\/wp\/v2\/pages\/1519","targetHints":{"allow":["GET"]}}],"collection":[{"href":"https:\/\/onmytoolings.com\/fr\/wp-json\/wp\/v2\/pages"}],"about":[{"href":"https:\/\/onmytoolings.com\/fr\/wp-json\/wp\/v2\/types\/page"}],"author":[{"embeddable":true,"href":"https:\/\/onmytoolings.com\/fr\/wp-json\/wp\/v2\/users\/1"}],"replies":[{"embeddable":true,"href":"https:\/\/onmytoolings.com\/fr\/wp-json\/wp\/v2\/comments?post=1519"}],"version-history":[{"count":8,"href":"https:\/\/onmytoolings.com\/fr\/wp-json\/wp\/v2\/pages\/1519\/revisions"}],"predecessor-version":[{"id":13910,"href":"https:\/\/onmytoolings.com\/fr\/wp-json\/wp\/v2\/pages\/1519\/revisions\/13910"}],"wp:attachment":[{"href":"https:\/\/onmytoolings.com\/fr\/wp-json\/wp\/v2\/media?parent=1519"}],"curies":[{"name":"wp","href":"https:\/\/api.w.org\/{rel}","templated":true}]}}