{"id":15109,"date":"2025-04-26T15:14:32","date_gmt":"2025-04-26T15:14:32","guid":{"rendered":"https:\/\/onmytoolings.com\/?page_id=15109"},"modified":"2026-01-05T06:30:48","modified_gmt":"2026-01-05T06:30:48","slug":"outils-de-percage","status":"publish","type":"page","link":"https:\/\/onmytoolings.com\/fr\/holemaking-tools\/","title":{"rendered":"Outils de per\u00e7age"},"content":{"rendered":"<div data-elementor-type=\"wp-page\" data-elementor-id=\"15109\" class=\"elementor elementor-15109\" data-elementor-post-type=\"page\">\n\t\t\t\t<div class=\"elementor-element elementor-element-5513369 e-flex e-con-boxed e-con e-parent\" data-id=\"5513369\" data-element_type=\"container\" data-e-type=\"container\">\n\t\t\t\t\t<div class=\"e-con-inner\">\n\t\t\t\t<div class=\"elementor-element elementor-element-d0228b5 elementor-widget elementor-widget-heading\" data-id=\"d0228b5\" data-element_type=\"widget\" data-e-type=\"widget\" data-widget_type=\"heading.default\">\n\t\t\t\t<div class=\"elementor-widget-container\">\n\t\t\t\t\t<h1 class=\"elementor-heading-title elementor-size-default\">Outils de per\u00e7age<\/h1>\t\t\t\t<\/div>\n\t\t\t\t<\/div>\n\t\t\t\t<div class=\"elementor-element elementor-element-4e86066 elementor-widget elementor-widget-text-editor\" data-id=\"4e86066\" data-element_type=\"widget\" data-e-type=\"widget\" data-widget_type=\"text-editor.default\">\n\t\t\t\t<div class=\"elementor-widget-container\">\n\t\t\t\t\t\t\t\t\t<p>Explorez notre collection sp\u00e9cialis\u00e9e d'outils de per\u00e7age, m\u00e9ticuleusement con\u00e7ue pour les applications exigeantes du travail des m\u00e9taux. Obtenez une pr\u00e9cision et une efficacit\u00e9 in\u00e9gal\u00e9es gr\u00e2ce \u00e0 notre gamme, qui comprend des forets en U haute performance, des forets modulaires polyvalents, des forets robustes en carbure monobloc pour les mat\u00e9riaux durs et des forets \u00e0 trous profonds avanc\u00e9s pour une port\u00e9e \u00e9tendue.<\/p><p>Con\u00e7us sp\u00e9cialement pour l'usinage des m\u00e9taux, ces outils offrent une \u00e9vacuation des copeaux, une pr\u00e9cision et une dur\u00e9e de vie sup\u00e9rieures. Trouvez les outils de per\u00e7age parfaits pour optimiser vos processus de fabrication m\u00e9tallique et obtenir des r\u00e9sultats exceptionnels \u00e0 chaque fois.<\/p>\t\t\t\t\t\t\t\t<\/div>\n\t\t\t\t<\/div>\n\t\t\t\t\t<\/div>\n\t\t\t\t<\/div>\n\t\t<div class=\"elementor-element elementor-element-aff3644 e-flex e-con-boxed e-con e-parent\" data-id=\"aff3644\" data-element_type=\"container\" data-e-type=\"container\">\n\t\t\t\t\t<div class=\"e-con-inner\">\n\t\t<div class=\"elementor-element elementor-element-99c8862 e-grid e-con-full e-con e-child\" data-id=\"99c8862\" data-element_type=\"container\" data-e-type=\"container\">\n\t\t\t\t<div class=\"elementor-element elementor-element-d14d7c6 elementor-position-top elementor-widget elementor-widget-image-box\" data-id=\"d14d7c6\" data-element_type=\"widget\" data-e-type=\"widget\" data-widget_type=\"image-box.default\">\n\t\t\t\t<div class=\"elementor-widget-container\">\n\t\t\t\t\t<div class=\"elementor-image-box-wrapper\"><figure class=\"elementor-image-box-img\"><a href=\"https:\/\/onmytoolings.com\/fr\/holemaking-tools\/u-drills\/\" tabindex=\"-1\" target=\"_blank\"><img fetchpriority=\"high\" decoding=\"async\" width=\"1920\" height=\"1080\" src=\"https:\/\/onmytoolings.com\/wp-content\/uploads\/2025\/04\/u-drills.webp\" class=\"attachment-full size-full wp-image-15115\" alt=\"u forets\" srcset=\"https:\/\/onmytoolings.com\/wp-content\/uploads\/2025\/04\/u-drills.webp 1920w, https:\/\/onmytoolings.com\/wp-content\/uploads\/2025\/04\/u-drills-300x169.webp 300w, https:\/\/onmytoolings.com\/wp-content\/uploads\/2025\/04\/u-drills-1024x576.webp 1024w, https:\/\/onmytoolings.com\/wp-content\/uploads\/2025\/04\/u-drills-768x432.webp 768w, https:\/\/onmytoolings.com\/wp-content\/uploads\/2025\/04\/u-drills-1536x864.webp 1536w\" sizes=\"(max-width: 1920px) 100vw, 1920px\" \/><\/a><\/figure><div class=\"elementor-image-box-content\"><h5 class=\"elementor-image-box-title\"><a href=\"https:\/\/onmytoolings.com\/fr\/holemaking-tools\/u-drills\/\" target=\"_blank\">Forets en U pour trous courts<\/a><\/h5><p class=\"elementor-image-box-description\">Les mod\u00e8les 2D, 3D, 4D, 5D et 6D utilisent des plaquettes WC et les mod\u00e8les 2D, 3D, 4D et 5D utilisent des plaquettes SP pour le per\u00e7age rapide de trous courts.<\/p><\/div><\/div>\t\t\t\t<\/div>\n\t\t\t\t<\/div>\n\t\t\t\t<div class=\"elementor-element elementor-element-152fbfa elementor-position-top elementor-widget elementor-widget-image-box\" data-id=\"152fbfa\" data-element_type=\"widget\" data-e-type=\"widget\" data-widget_type=\"image-box.default\">\n\t\t\t\t<div class=\"elementor-widget-container\">\n\t\t\t\t\t<div class=\"elementor-image-box-wrapper\"><figure class=\"elementor-image-box-img\"><a href=\"https:\/\/onmytoolings.com\/fr\/holemaking-tools\/u-drills\/single-insert-u-drill-2\/\" tabindex=\"-1\" target=\"_blank\"><img decoding=\"async\" width=\"1948\" height=\"1020\" src=\"https:\/\/onmytoolings.com\/wp-content\/uploads\/2025\/05\/single-insert-u-drill-1.webp\" class=\"attachment-full size-full wp-image-15364\" alt=\"foret en U \u00e0 insertion unique\" srcset=\"https:\/\/onmytoolings.com\/wp-content\/uploads\/2025\/05\/single-insert-u-drill-1.webp 1948w, https:\/\/onmytoolings.com\/wp-content\/uploads\/2025\/05\/single-insert-u-drill-1-300x157.webp 300w, https:\/\/onmytoolings.com\/wp-content\/uploads\/2025\/05\/single-insert-u-drill-1-1024x536.webp 1024w, https:\/\/onmytoolings.com\/wp-content\/uploads\/2025\/05\/single-insert-u-drill-1-768x402.webp 768w, https:\/\/onmytoolings.com\/wp-content\/uploads\/2025\/05\/single-insert-u-drill-1-1536x804.webp 1536w\" sizes=\"(max-width: 1948px) 100vw, 1948px\" \/><\/a><\/figure><div class=\"elementor-image-box-content\"><h5 class=\"elementor-image-box-title\"><a href=\"https:\/\/onmytoolings.com\/fr\/holemaking-tools\/u-drills\/single-insert-u-drill-2\/\" target=\"_blank\">Foret en U \u00e0 insertion unique<\/a><\/h5><p class=\"elementor-image-box-description\">Insertion unique 2D, 3D <a class=\"wpil_keyword_link\" href=\"https:\/\/onmytoolings.com\/fr\/quel-est-votre-foret\/\" title=\"Qu&#039;est-ce qu&#039;un exercice en U ? Le guide ultime des exercices en U\" data-wpil-keyword-link=\"linked\" data-wpil-monitor-id=\"844\" target=\"_blank\">u forage<\/a> pour l'usinage de petits trous.<\/p><\/div><\/div>\t\t\t\t<\/div>\n\t\t\t\t<\/div>\n\t\t\t\t<div class=\"elementor-element elementor-element-4383319 elementor-position-top elementor-widget elementor-widget-image-box\" data-id=\"4383319\" data-element_type=\"widget\" data-e-type=\"widget\" data-widget_type=\"image-box.default\">\n\t\t\t\t<div class=\"elementor-widget-container\">\n\t\t\t\t\t<div class=\"elementor-image-box-wrapper\"><figure class=\"elementor-image-box-img\"><a href=\"https:\/\/onmytoolings.com\/fr\/hmd-large-diameter-drilling-u-drill-system\/\" tabindex=\"-1\" target=\"_blank\"><img decoding=\"async\" width=\"1921\" height=\"1077\" src=\"https:\/\/onmytoolings.com\/wp-content\/uploads\/2025\/06\/deep-hole-u-drill.webp\" class=\"attachment-full size-full wp-image-15410\" alt=\"trou profond u foret\" srcset=\"https:\/\/onmytoolings.com\/wp-content\/uploads\/2025\/06\/deep-hole-u-drill.webp 1921w, https:\/\/onmytoolings.com\/wp-content\/uploads\/2025\/06\/deep-hole-u-drill-300x168.webp 300w, https:\/\/onmytoolings.com\/wp-content\/uploads\/2025\/06\/deep-hole-u-drill-1024x574.webp 1024w, https:\/\/onmytoolings.com\/wp-content\/uploads\/2025\/06\/deep-hole-u-drill-768x431.webp 768w, https:\/\/onmytoolings.com\/wp-content\/uploads\/2025\/06\/deep-hole-u-drill-1536x861.webp 1536w\" sizes=\"(max-width: 1921px) 100vw, 1921px\" \/><\/a><\/figure><div class=\"elementor-image-box-content\"><h5 class=\"elementor-image-box-title\"><a href=\"https:\/\/onmytoolings.com\/fr\/hmd-large-diameter-drilling-u-drill-system\/\" target=\"_blank\">Syst\u00e8me HMD - Forage profond de grand diam\u00e8tre<\/a><\/h5><p class=\"elementor-image-box-description\">Inserts 10D wcmx pour trous profonds <a class=\"wpil_keyword_link\" href=\"https:\/\/onmytoolings.com\/fr\/produit\/foret-u-2d-corps-20mm-avec-insert-serie-sp\/\" title=\"Foret en U 2D Corps 20mm avec Insert S\u00e9rie SP\" data-wpil-keyword-link=\"linked\" data-wpil-monitor-id=\"1087\" target=\"_blank\">u forets<\/a>.<\/p><\/div><\/div>\t\t\t\t<\/div>\n\t\t\t\t<\/div>\n\t\t\t\t<div class=\"elementor-element elementor-element-1bbb5a8 elementor-position-top elementor-widget elementor-widget-image-box\" data-id=\"1bbb5a8\" data-element_type=\"widget\" data-e-type=\"widget\" data-widget_type=\"image-box.default\">\n\t\t\t\t<div class=\"elementor-widget-container\">\n\t\t\t\t\t<div class=\"elementor-image-box-wrapper\"><figure class=\"elementor-image-box-img\"><a href=\"https:\/\/onmytoolings.com\/fr\/spade-drills\/\" tabindex=\"-1\" target=\"_blank\"><img loading=\"lazy\" decoding=\"async\" width=\"1923\" height=\"1073\" src=\"https:\/\/onmytoolings.com\/wp-content\/uploads\/2025\/06\/spade-drill.webp\" class=\"attachment-full size-full wp-image-15534\" alt=\"foret \u00e0 b\u00eache\" srcset=\"https:\/\/onmytoolings.com\/wp-content\/uploads\/2025\/06\/spade-drill.webp 1923w, https:\/\/onmytoolings.com\/wp-content\/uploads\/2025\/06\/spade-drill-300x167.webp 300w, https:\/\/onmytoolings.com\/wp-content\/uploads\/2025\/06\/spade-drill-1024x571.webp 1024w, https:\/\/onmytoolings.com\/wp-content\/uploads\/2025\/06\/spade-drill-768x429.webp 768w, https:\/\/onmytoolings.com\/wp-content\/uploads\/2025\/06\/spade-drill-1536x857.webp 1536w, https:\/\/onmytoolings.com\/wp-content\/uploads\/2025\/06\/spade-drill-18x10.webp 18w\" sizes=\"(max-width: 1923px) 100vw, 1923px\" \/><\/a><\/figure><div class=\"elementor-image-box-content\"><h5 class=\"elementor-image-box-title\"><a href=\"https:\/\/onmytoolings.com\/fr\/spade-drills\/\" target=\"_blank\">Forets \u00e0 b\u00eache<\/a><\/h5><p class=\"elementor-image-box-description\">D13-D65mm gamme de tailles de trous,<a class=\"wpil_keyword_link\" href=\"https:\/\/onmytoolings.com\/fr\/indexable-inserts-the-cornerstone-of-modern-machining\/\" title=\"Plaquettes amovibles : La pierre angulaire de l&#039;usinage moderne\" data-wpil-keyword-link=\"linked\" data-wpil-monitor-id=\"1471\" target=\"_blank\">plaquettes indexables<\/a> des foreuses modulaires.<\/p><\/div><\/div>\t\t\t\t<\/div>\n\t\t\t\t<\/div>\n\t\t\t\t<div class=\"elementor-element elementor-element-d22eb8f elementor-position-top elementor-widget elementor-widget-image-box\" data-id=\"d22eb8f\" data-element_type=\"widget\" data-e-type=\"widget\" data-widget_type=\"image-box.default\">\n\t\t\t\t<div class=\"elementor-widget-container\">\n\t\t\t\t\t<div class=\"elementor-image-box-wrapper\"><figure class=\"elementor-image-box-img\"><a href=\"https:\/\/onmytoolings.com\/fr\/replaceable-tip-drill\/\" tabindex=\"-1\" target=\"_blank\"><img loading=\"lazy\" decoding=\"async\" width=\"1920\" height=\"1080\" src=\"https:\/\/onmytoolings.com\/wp-content\/uploads\/2025\/05\/Replaceable-Tip-Drill.webp\" class=\"attachment-full size-full wp-image-15344\" alt=\"Foret \u00e0 pointe rempla\u00e7able\" srcset=\"https:\/\/onmytoolings.com\/wp-content\/uploads\/2025\/05\/Replaceable-Tip-Drill.webp 1920w, https:\/\/onmytoolings.com\/wp-content\/uploads\/2025\/05\/Replaceable-Tip-Drill-300x169.webp 300w, https:\/\/onmytoolings.com\/wp-content\/uploads\/2025\/05\/Replaceable-Tip-Drill-1024x576.webp 1024w, https:\/\/onmytoolings.com\/wp-content\/uploads\/2025\/05\/Replaceable-Tip-Drill-768x432.webp 768w, https:\/\/onmytoolings.com\/wp-content\/uploads\/2025\/05\/Replaceable-Tip-Drill-1536x864.webp 1536w\" sizes=\"(max-width: 1920px) 100vw, 1920px\" \/><\/a><\/figure><div class=\"elementor-image-box-content\"><h5 class=\"elementor-image-box-title\"><a href=\"https:\/\/onmytoolings.com\/fr\/replaceable-tip-drill\/\" target=\"_blank\">Foret \u00e0 pointe rempla\u00e7able \u00e0 verrouillage lat\u00e9ral<\/a><\/h5><p class=\"elementor-image-box-description\">Gamme de trous D10-D28MM ; Prise en charge 3D\/4D\/5D\/6.5D\/8D\/10D ; Profondeur de 30mm-260mm.<\/p><\/div><\/div>\t\t\t\t<\/div>\n\t\t\t\t<\/div>\n\t\t\t\t<div class=\"elementor-element elementor-element-4e02c2b elementor-position-top elementor-widget elementor-widget-image-box\" data-id=\"4e02c2b\" data-element_type=\"widget\" data-e-type=\"widget\" data-widget_type=\"image-box.default\">\n\t\t\t\t<div class=\"elementor-widget-container\">\n\t\t\t\t\t<div class=\"elementor-image-box-wrapper\"><figure class=\"elementor-image-box-img\"><a href=\"https:\/\/onmytoolings.com\/fr\/holemaking-tools\/back-central-locking-modular-drill\/\" tabindex=\"-1\" target=\"_blank\"><img loading=\"lazy\" decoding=\"async\" width=\"1971\" height=\"1143\" src=\"https:\/\/onmytoolings.com\/wp-content\/uploads\/2025\/07\/modular-drill.webp\" class=\"attachment-full size-full wp-image-15660\" alt=\"foreuse modulaire\" srcset=\"https:\/\/onmytoolings.com\/wp-content\/uploads\/2025\/07\/modular-drill.webp 1971w, https:\/\/onmytoolings.com\/wp-content\/uploads\/2025\/07\/modular-drill-300x174.webp 300w, https:\/\/onmytoolings.com\/wp-content\/uploads\/2025\/07\/modular-drill-1024x594.webp 1024w, https:\/\/onmytoolings.com\/wp-content\/uploads\/2025\/07\/modular-drill-768x445.webp 768w, https:\/\/onmytoolings.com\/wp-content\/uploads\/2025\/07\/modular-drill-1536x891.webp 1536w, https:\/\/onmytoolings.com\/wp-content\/uploads\/2025\/07\/modular-drill-18x10.webp 18w\" sizes=\"(max-width: 1971px) 100vw, 1971px\" \/><\/a><\/figure><div class=\"elementor-image-box-content\"><h5 class=\"elementor-image-box-title\"><a href=\"https:\/\/onmytoolings.com\/fr\/holemaking-tools\/back-central-locking-modular-drill\/\" target=\"_blank\">Foret \u00e0 pointe rempla\u00e7able \u00e0 verrouillage central arri\u00e8re<\/a><\/h5><p class=\"elementor-image-box-description\">Gamme de trous D12.5-D52MM ; Support 1.5D\/3D\/5D\/7D\/8.5D\/10D\/12D ; Profondeur de 108.5mm-624mm.<\/p><\/div><\/div>\t\t\t\t<\/div>\n\t\t\t\t<\/div>\n\t\t\t\t<\/div>\n\t\t\t\t\t<\/div>\n\t\t\t\t<\/div>\n\t\t\t\t<section class=\"elementor-section elementor-top-section elementor-element elementor-element-6dab919b elementor-section-content-middle elementor-section-boxed elementor-section-height-default elementor-section-height-default\" data-id=\"6dab919b\" data-element_type=\"section\" data-e-type=\"section\" data-settings=\"{&quot;background_background&quot;:&quot;classic&quot;}\">\n\t\t\t\t\t\t<div class=\"elementor-container elementor-column-gap-no\">\n\t\t\t\t\t<div class=\"elementor-column elementor-col-66 elementor-top-column elementor-element elementor-element-6d29e377\" data-id=\"6d29e377\" data-element_type=\"column\" data-e-type=\"column\">\n\t\t\t<div class=\"elementor-widget-wrap elementor-element-populated\">\n\t\t\t\t\t\t<div class=\"elementor-element elementor-element-62ea230c elementor-widget elementor-widget-heading\" data-id=\"62ea230c\" data-element_type=\"widget\" data-e-type=\"widget\" data-widget_type=\"heading.default\">\n\t\t\t\t<div class=\"elementor-widget-container\">\n\t\t\t\t\t<h2 class=\"elementor-heading-title elementor-size-large\">Int\u00e9ress\u00e9 par nos outils de per\u00e7age ?<\/h2>\t\t\t\t<\/div>\n\t\t\t\t<\/div>\n\t\t\t\t<div class=\"elementor-element elementor-element-289cf3fe elementor-widget-divider--view-line elementor-widget elementor-widget-divider\" data-id=\"289cf3fe\" data-element_type=\"widget\" data-e-type=\"widget\" data-widget_type=\"divider.default\">\n\t\t\t\t<div class=\"elementor-widget-container\">\n\t\t\t\t\t\t\t<div class=\"elementor-divider\">\n\t\t\t<span class=\"elementor-divider-separator\">\n\t\t\t\t\t\t<\/span>\n\t\t<\/div>\n\t\t\t\t\t\t<\/div>\n\t\t\t\t<\/div>\n\t\t\t\t<div class=\"elementor-element elementor-element-7096dbf5 elementor-widget elementor-widget-text-editor\" data-id=\"7096dbf5\" data-element_type=\"widget\" data-e-type=\"widget\" data-widget_type=\"text-editor.default\">\n\t\t\t\t<div class=\"elementor-widget-container\">\n\t\t\t\t\t\t\t\t\t<p>ONMY Toolings se d\u00e9veloppe rapidement ces derni\u00e8res ann\u00e9es, et nous sommes toujours pr\u00eats \u00e0 accueillir des partenaires pour travailler ensemble afin d'obtenir des avantages manuels et de grandir ensemble !<\/p>\t\t\t\t\t\t\t\t<\/div>\n\t\t\t\t<\/div>\n\t\t\t\t\t<\/div>\n\t\t<\/div>\n\t\t\t\t<div class=\"elementor-column elementor-col-33 elementor-top-column elementor-element elementor-element-1b8fa912\" data-id=\"1b8fa912\" data-element_type=\"column\" data-e-type=\"column\">\n\t\t\t<div class=\"elementor-widget-wrap elementor-element-populated\">\n\t\t\t\t\t\t<div class=\"elementor-element elementor-element-3dcbf4cf elementor-align-center elementor-tablet-align-center elementor-widget elementor-widget-button\" data-id=\"3dcbf4cf\" data-element_type=\"widget\" data-e-type=\"widget\" data-widget_type=\"button.default\">\n\t\t\t\t<div class=\"elementor-widget-container\">\n\t\t\t\t\t\t\t\t\t<div class=\"elementor-button-wrapper\">\n\t\t\t\t\t<a class=\"elementor-button elementor-button-link elementor-size-sm\" href=\"#elementor-action%3Aaction%3Dpopup%3Aopen%26settings%3DeyJpZCI6IjEwNDA3IiwidG9nZ2xlIjpmYWxzZX0%3D\">\n\t\t\t\t\t\t<span class=\"elementor-button-content-wrapper\">\n\t\t\t\t\t\t<span class=\"elementor-button-icon\">\n\t\t\t\t<svg aria-hidden=\"true\" class=\"e-font-icon-svg e-fas-arrow-right\" viewbox=\"0 0 448 512\" xmlns=\"http:\/\/www.w3.org\/2000\/svg\"><path d=\"M190.5 66.9l22.2-22.2c9.4-9.4 24.6-9.4 33.9 0L441 239c9.4 9.4 9.4 24.6 0 33.9L246.6 467.3c-9.4 9.4-24.6 9.4-33.9 0l-22.2-22.2c-9.5-9.5-9.3-25 .4-34.3L311.4 296H24c-13.3 0-24-10.7-24-24v-32c0-13.3 10.7-24 24-24h287.4L190.9 101.2c-9.8-9.3-10-24.8-.4-34.3z\"><\/path><\/svg>\t\t\t<\/span>\n\t\t\t\t\t\t\t\t\t<span class=\"elementor-button-text\">Contact<\/span>\n\t\t\t\t\t<\/span>\n\t\t\t\t\t<\/a>\n\t\t\t\t<\/div>\n\t\t\t\t\t\t\t\t<\/div>\n\t\t\t\t<\/div>\n\t\t\t\t\t<\/div>\n\t\t<\/div>\n\t\t\t\t\t<\/div>\n\t\t<\/section>\n\t\t\t\t<\/div>","protected":false},"excerpt":{"rendered":"<p>Holemaking Tools Explore our specialized collection of holemaking tools, meticulously curated for demanding metalworking applications. Achieve unparalleled precision and efficiency with our range, including high-performance u drills, versatile modular drills, robust solid carbide drills for hard materials, and advanced deep hole drills for extended reach. Designed specifically for machining metals, these tools deliver superior chip [&hellip;]<\/p>\n","protected":false},"author":2,"featured_media":0,"parent":0,"menu_order":0,"comment_status":"closed","ping_status":"closed","template":"","meta":{"_acf_changed":false,"_uag_custom_page_level_css":"","site-sidebar-layout":"no-sidebar","site-content-layout":"page-builder","ast-site-content-layout":"full-width-container","site-content-style":"default","site-sidebar-style":"default","ast-global-header-display":"","ast-banner-title-visibility":"","ast-main-header-display":"","ast-hfb-above-header-display":"","ast-hfb-below-header-display":"","ast-hfb-mobile-header-display":"","site-post-title":"disabled","ast-breadcrumbs-content":"","ast-featured-img":"disabled","footer-sml-layout":"","ast-disable-related-posts":"","theme-transparent-header-meta":"","adv-header-id-meta":"","stick-header-meta":"","header-above-stick-meta":"","header-main-stick-meta":"","header-below-stick-meta":"","astra-migrate-meta-layouts":"set","ast-page-background-enabled":"default","ast-page-background-meta":{"desktop":{"background-color":"","background-image":"","background-repeat":"repeat","background-position":"center center","background-size":"auto","background-attachment":"scroll","background-type":"","background-media":"","overlay-type":"","overlay-color":"","overlay-opacity":"","overlay-gradient":""},"tablet":{"background-color":"","background-image":"","background-repeat":"repeat","background-position":"center center","background-size":"auto","background-attachment":"scroll","background-type":"","background-media":"","overlay-type":"","overlay-color":"","overlay-opacity":"","overlay-gradient":""},"mobile":{"background-color":"","background-image":"","background-repeat":"repeat","background-position":"center center","background-size":"auto","background-attachment":"scroll","background-type":"","background-media":"","overlay-type":"","overlay-color":"","overlay-opacity":"","overlay-gradient":""}},"ast-content-background-meta":{"desktop":{"background-color":"var(--ast-global-color-5)","background-image":"","background-repeat":"repeat","background-position":"center center","background-size":"auto","background-attachment":"scroll","background-type":"","background-media":"","overlay-type":"","overlay-color":"","overlay-opacity":"","overlay-gradient":""},"tablet":{"background-color":"var(--ast-global-color-5)","background-image":"","background-repeat":"repeat","background-position":"center center","background-size":"auto","background-attachment":"scroll","background-type":"","background-media":"","overlay-type":"","overlay-color":"","overlay-opacity":"","overlay-gradient":""},"mobile":{"background-color":"var(--ast-global-color-5)","background-image":"","background-repeat":"repeat","background-position":"center center","background-size":"auto","background-attachment":"scroll","background-type":"","background-media":"","overlay-type":"","overlay-color":"","overlay-opacity":"","overlay-gradient":""}},"footnotes":""},"class_list":["post-15109","page","type-page","status-publish","hentry"],"acf":[],"uagb_featured_image_src":{"full":false,"thumbnail":false,"medium":false,"medium_large":false,"large":false,"1536x1536":false,"2048x2048":false,"trp-custom-language-flag":false},"uagb_author_info":{"display_name":"tom","author_link":"https:\/\/onmytoolings.com\/fr\/author\/tom\/"},"uagb_comment_info":0,"uagb_excerpt":"Holemaking Tools Explore our specialized collection of holemaking tools, meticulously curated for demanding metalworking applications. Achieve unparalleled precision and efficiency with our range, including high-performance u drills, versatile modular drills, robust solid carbide drills for hard materials, and advanced deep hole drills for extended reach. Designed specifically for machining metals, these tools deliver superior chip\u2026","_links":{"self":[{"href":"https:\/\/onmytoolings.com\/fr\/wp-json\/wp\/v2\/pages\/15109","targetHints":{"allow":["GET"]}}],"collection":[{"href":"https:\/\/onmytoolings.com\/fr\/wp-json\/wp\/v2\/pages"}],"about":[{"href":"https:\/\/onmytoolings.com\/fr\/wp-json\/wp\/v2\/types\/page"}],"author":[{"embeddable":true,"href":"https:\/\/onmytoolings.com\/fr\/wp-json\/wp\/v2\/users\/2"}],"replies":[{"embeddable":true,"href":"https:\/\/onmytoolings.com\/fr\/wp-json\/wp\/v2\/comments?post=15109"}],"version-history":[{"count":58,"href":"https:\/\/onmytoolings.com\/fr\/wp-json\/wp\/v2\/pages\/15109\/revisions"}],"predecessor-version":[{"id":18142,"href":"https:\/\/onmytoolings.com\/fr\/wp-json\/wp\/v2\/pages\/15109\/revisions\/18142"}],"wp:attachment":[{"href":"https:\/\/onmytoolings.com\/fr\/wp-json\/wp\/v2\/media?parent=15109"}],"curies":[{"name":"wp","href":"https:\/\/api.w.org\/{rel}","templated":true}]}}