{"id":15081,"date":"2025-04-15T13:33:42","date_gmt":"2025-04-15T13:33:42","guid":{"rendered":"https:\/\/onmytoolings.com\/?page_id=15081"},"modified":"2025-04-15T13:33:44","modified_gmt":"2025-04-15T13:33:44","slug":"outils-dennui-sources-de-donnees-detaillees","status":"publish","type":"page","link":"https:\/\/onmytoolings.com\/fr\/boring-tools-detailed-data-sources\/","title":{"rendered":"Sources de donn\u00e9es d\u00e9taill\u00e9es sur les outils d'al\u00e9sage"},"content":{"rendered":"<h1 class=\"wp-block-heading\">R\u00e9f\u00e9rences pour \"Comprendre les outils d'al\u00e9sage dans l'usinage de pr\u00e9cision\" avec liens<\/h1>\n\n\n\n<ol class=\"wp-block-list\">\n<li>Mordor Intelligence. (2023). \"March\u00e9 mondial des machines-outils - Croissance, tendances, impact COVID-19 et pr\u00e9visions (2023-2028).\"<br><a href=\"https:\/\/www.mordorintelligence.com\/industry-reports\/machine-tools-market\" rel=\"nofollow noopener\" target=\"_blank\">https:\/\/www.mordorintelligence.com\/industry-reports\/machine-tools-market<\/a><\/li>\n\n\n\n<li>Precision Machined Products Association (PMPA) (2023). Normes techniques pour les <a class=\"wpil_keyword_link\" href=\"https:\/\/onmytoolings.com\/fr\/understanding-boring-tools-in-precision-machining-a-comprehensive-guide\/\" title=\"Comprendre les outils d&#039;al\u00e9sage dans l&#039;usinage de pr\u00e9cision : Un guide complet\" data-wpil-keyword-link=\"linked\" data-wpil-monitor-id=\"105\" target=\"_blank\">Al\u00e9sage de pr\u00e9cision<\/a> Op\u00e9rations.<br><a href=\"https:\/\/www.pmpa.org\/technical-resources\/technical-standards\" target=\"_blank\" rel=\"noopener\">https:\/\/www.pmpa.org\/technical-resources\/technical-standards<\/a><\/li>\n\n\n\n<li>International Journal of Machine Tools and Manufacture. (2022). \"Int\u00e9grit\u00e9 de la surface dans les op\u00e9rations d'al\u00e9sage de pr\u00e9cision\".<br><a href=\"https:\/\/www.sciencedirect.com\/journal\/international-journal-of-machine-tools-and-manufacture\" target=\"_blank\" rel=\"noopener\">https:\/\/www.sciencedirect.com\/journal\/international-journal-of-machine-tools-and-manufacture<\/a><\/li>\n\n\n\n<li>Sandvik Coromant. (2023). \"Guide technique : Vibration-Damped Boring in Production Environments\".<br><a href=\"https:\/\/www.sandvik.coromant.com\/en-us\/knowledge\/boring\/pages\/vibration-damped-boring.aspx\" target=\"_blank\" rel=\"noopener\">https:\/\/www.sandvik.coromant.com\/en-us\/knowledge\/boring\/pages\/vibration-damped-boring.aspx<\/a><\/li>\n\n\n\n<li>BIG Kaiser Precision Tooling. (2023). \"Syst\u00e8mes d'al\u00e9sage num\u00e9riques : Pr\u00e9cision et mesures de performance\".<br><a href=\"https:\/\/www.bigkaiser.com\/products\/boring-tools\/digital-boring-heads\" target=\"_blank\" rel=\"noopener\">https:\/\/www.bigkaiser.com\/products\/boring-tools\/digital-boring-heads<\/a><\/li>\n\n\n\n<li>Outils de pr\u00e9cision Horn. (2022). \"Capacit\u00e9s de micro-per\u00e7age dans la fabrication de dispositifs m\u00e9dicaux\".<br><a href=\"https:\/\/www.phorn.com\/products\/micro-machining\/micro-boring\" target=\"_blank\" rel=\"noopener\">https:\/\/www.phorn.com\/products\/micro-machining\/micro-boring<\/a><\/li>\n\n\n\n<li>Kennametal Inc. (2023). \"Normes de taux d'enl\u00e8vement de mati\u00e8re pour les applications d'al\u00e9sage grossier\".<br><a href=\"https:\/\/www.kennametal.com\/us\/en\/products\/machining\/holemaking\/boring.html\" target=\"_blank\" rel=\"noopener\">https:\/\/www.kennametal.com\/us\/en\/products\/machining\/holemaking\/boring.html<\/a><\/li>\n\n\n\n<li>Modern Machine Shop Magazine. (2022). \"Enqu\u00eate sur les pratiques d'usinage de pr\u00e9cision\".<br><a href=\"https:\/\/www.mmsonline.com\/articles\/precision-machining-survey-results\" target=\"_blank\" rel=\"noopener\">https:\/\/www.mmsonline.com\/articles\/precision-machining-survey-results<\/a><\/li>\n\n\n\n<li>Journal of Manufacturing Science and Engineering. (2023). \"Pr\u00e9cision g\u00e9om\u00e9trique dans les trous usin\u00e9s\".<br><a href=\"https:\/\/asmedigitalcollection.asme.org\/manufacturingscience\" target=\"_blank\" rel=\"noopener\">https:\/\/asmedigitalcollection.asme.org\/manufacturingscience<\/a><\/li>\n\n\n\n<li>Mitsubishi Materials Corporation. (2022). \"Caract\u00e9ristiques de l'\u00e9tat de surface dans l'al\u00e9sage de pr\u00e9cision\".<br><a href=\"https:\/\/www.mitsubishicarbide.com\/en\/technical_information\/tec_boring\" target=\"_blank\" rel=\"noopener\">https:\/\/www.mitsubishicarbide.com\/en\/technical_information\/tec_boring<\/a><\/li>\n\n\n\n<li>Organisation internationale des constructeurs d'automobiles (OICA). (2023). \"Les composants de pr\u00e9cision dans la fabrication automobile moderne\".<br><a href=\"https:\/\/www.oica.net\/category\/production-statistics\/\" target=\"_blank\" rel=\"noopener\">https:\/\/www.oica.net\/category\/production-statistics\/<\/a><\/li>\n\n\n\n<li>Norme a\u00e9rospatiale AS478. (2022). \"Marques d'identification pour les trous coniques\".<br><a href=\"https:\/\/www.sae.org\/standards\/content\/as478\/\" target=\"_blank\" rel=\"noopener\">https:\/\/www.sae.org\/standards\/content\/as478\/<\/a><\/li>\n\n\n\n<li>Association for Manufacturing Technology (AMT). (2023). \"D\u00e9penses annuelles pour l'outillage de pr\u00e9cision\".<br><a href=\"https:\/\/www.amtonline.org\/resources\/business-intelligence\" target=\"_blank\" rel=\"noopener\">https:\/\/www.amtonline.org\/resources\/business-intelligence<\/a><\/li>\n\n\n\n<li>Organisation internationale de normalisation. (2022). \"ISO 26622-1 : Broches de machines-outils et porte-outils\".<br><a href=\"https:\/\/www.iso.org\/standard\/43497.html\" target=\"_blank\" rel=\"noopener\">https:\/\/www.iso.org\/standard\/43497.html<\/a><\/li>\n\n\n\n<li>Centre des technologies de fabrication (MTC). (2023). \"Mat\u00e9riaux avanc\u00e9s dans la conception d'outils d'al\u00e9sage\".<br><a href=\"https:\/\/www.the-mtc.org\/research\/machining-technology\" target=\"_blank\" rel=\"noopener\">https:\/\/www.the-mtc.org\/research\/machining-technology<\/a><\/li>\n\n\n\n<li>Outils Seco. (2022). \"Effets de la g\u00e9om\u00e9trie de la plaquette sur les performances de coupe\".<br><a href=\"https:\/\/www.secotools.com\/article\/84216\" target=\"_blank\" rel=\"noopener\">https:\/\/www.secotools.com\/article\/84216<\/a><\/li>\n\n\n\n<li>Iscar technique. (2023). \"Syst\u00e8mes de serrage pour l'usinage haute performance\".<br><a href=\"https:\/\/www.iscar.com\/Products.aspx\/countryid\/1\/ProductId\/13085\" target=\"_blank\" rel=\"noopener\">https:\/\/www.iscar.com\/Products.aspx\/countryid\/1\/ProductId\/13085<\/a><\/li>\n\n\n\n<li>Wohlhaupter GmbH. (2023). \"\u00c9tude de pr\u00e9cision \u00e0 long terme des t\u00eates d'al\u00e9sage num\u00e9riques.<br><a href=\"https:\/\/www.wohlhaupter.com\/en\/products\/precision-boring-tools\/\" target=\"_blank\" rel=\"noopener\">https:\/\/www.wohlhaupter.com\/en\/products\/precision-boring-tools\/<\/a><\/li>\n\n\n\n<li>International Journal of Machine Tools and Manufacture. (2023). \"Applications du liquide de refroidissement \u00e0 haute pression dans les mat\u00e9riaux difficiles \u00e0 usiner\".<br><a href=\"https:\/\/www.sciencedirect.com\/journal\/international-journal-of-machine-tools-and-manufacture\" target=\"_blank\" rel=\"noopener\">https:\/\/www.sciencedirect.com\/journal\/international-journal-of-machine-tools-and-manufacture<\/a><\/li>\n\n\n\n<li>Laboratoire de recherche sur la fabrication, Universit\u00e9 du Michigan. (2022). \"\u00c9tude comparative des processus de fabrication de trous\".<br><a href=\"https:\/\/me.engin.umich.edu\/research\/manufacturing\/\" target=\"_blank\" rel=\"noopener\">https:\/\/me.engin.umich.edu\/research\/manufacturing\/<\/a><\/li>\n\n\n\n<li>Zeiss Industrial Metrology. (2023). \"Analyse de l'\u00e9tat de surface des trous for\u00e9s par rapport aux trous al\u00e9s\u00e9s\".<br><a href=\"https:\/\/www.zeiss.com\/metrology\/products\/software\/zeiss-metrology-software\/surface.html\" target=\"_blank\" rel=\"noopener\">https:\/\/www.zeiss.com\/metrology\/products\/software\/zeiss-metrology-software\/surface.html<\/a><\/li>\n\n\n\n<li>Precision Engineering Journal. (2022). \"Caract\u00e9ristiques de la qualit\u00e9 des trous dans l'usinage de pr\u00e9cision\".<br><a href=\"https:\/\/www.sciencedirect.com\/journal\/precision-engineering\" target=\"_blank\" rel=\"noopener\">https:\/\/www.sciencedirect.com\/journal\/precision-engineering<\/a><\/li>\n\n\n\n<li>Outils de pr\u00e9cision Horn. (2023). \"Capacit\u00e9s de tol\u00e9rance de micro-per\u00e7age\".<br><a href=\"https:\/\/www.phorn.com\/products\/micro-machining\/micro-boring\" target=\"_blank\" rel=\"noopener\">https:\/\/www.phorn.com\/products\/micro-machining\/micro-boring<\/a><\/li>\n\n\n\n<li>Grand View Research. (2023). \"Analyse du march\u00e9 des \u00e9quipements de fabrication de dispositifs m\u00e9dicaux\".<br><a href=\"https:\/\/www.grandviewresearch.com\/industry-analysis\/medical-device-manufacturing-equipment-market\" target=\"_blank\" rel=\"noopener\">https:\/\/www.grandviewresearch.com\/industry-analysis\/medical-device-manufacturing-equipment-market<\/a><\/li>\n\n\n\n<li>International Journal of Machine Tools and Manufacture. (2022). \"D\u00e9veloppements r\u00e9cents dans la recherche et les applications en mati\u00e8re de contr\u00f4le des puces.<br><a href=\"https:\/\/www.sciencedirect.com\/journal\/international-journal-of-machine-tools-and-manufacture\" target=\"_blank\" rel=\"noopener\">https:\/\/www.sciencedirect.com\/journal\/international-journal-of-machine-tools-and-manufacture<\/a><\/li>\n\n\n\n<li>Institut Fraunhofer pour les technologies de production. (2023). \"Am\u00e9lioration de la dur\u00e9e de vie des outils gr\u00e2ce \u00e0 des rev\u00eatements avanc\u00e9s\".<br><a href=\"https:\/\/www.ipt.fraunhofer.de\/en\/research-development\/precision-manufacturing.html\" target=\"_blank\" rel=\"noopener\">https:\/\/www.ipt.fraunhofer.de\/en\/research-development\/precision-manufacturing.html<\/a><\/li>\n\n\n\n<li>Sandvik Coromant. (2022). \"\u00c9tudes sur la dur\u00e9e de vie des outils : Performance des mat\u00e9riaux et des rev\u00eatements\".<br><a href=\"https:\/\/www.sandvik.coromant.com\/en-us\/knowledge\/general-turning\/pages\/tool-life-determination.aspx\" target=\"_blank\" rel=\"noopener\">https:\/\/www.sandvik.coromant.com\/en-us\/knowledge\/general-turning\/pages\/tool-life-determination.aspx<\/a><\/li>\n\n\n\n<li>Magazine de l'ing\u00e9nierie de la fabrication. (2023). \"Exigences de pr\u00e9cision dans la fabrication moderne\".<br><a href=\"https:\/\/www.sme.org\/technologies\/articles\/\" target=\"_blank\" rel=\"noopener\">https:\/\/www.sme.org\/technologies\/articles\/<\/a><\/li>\n\n\n\n<li>Big Kaiser Precision Tooling. (2022). Performance des barres d'al\u00e9sage \u00e0 des rapports longueur\/diam\u00e8tre \u00e9tendus.<br><a href=\"https:\/\/www.bigkaiser.com\/products\/boring-tools\/boring-bars\" target=\"_blank\" rel=\"noopener\">https:\/\/www.bigkaiser.com\/products\/boring-tools\/boring-bars<\/a><\/li>\n\n\n\n<li>Journal of Manufacturing Systems. (2023). \"Analyse \u00e9conomique de l'outillage sp\u00e9cialis\u00e9 par rapport \u00e0 l'outillage \u00e0 usage g\u00e9n\u00e9ral\".<br><a href=\"https:\/\/www.sciencedirect.com\/journal\/journal-of-manufacturing-systems\" target=\"_blank\" rel=\"noopener\">https:\/\/www.sciencedirect.com\/journal\/journal-of-manufacturing-systems<\/a><\/li>\n\n\n\n<li>Fondation pour la recherche sur les technologies des machines-outils. (2022). \"Adaptation machine-outil pour une performance optimale\".<br><a href=\"https:\/\/www.mttrf.org\/research\/\" target=\"_blank\" rel=\"noopener\">https:\/\/www.mttrf.org\/research\/<\/a><\/li>\n\n\n\n<li>Centre des technologies de fabrication (MTC). (2023). \"Effets du porte-\u00e0-faux de l'outil sur les mesures de performance\".<br><a href=\"https:\/\/www.the-mtc.org\/research\/machining-technology\" target=\"_blank\" rel=\"noopener\">https:\/\/www.the-mtc.org\/research\/machining-technology<\/a><\/li>\n\n\n\n<li>Kennametal Inc. (2023). \"Param\u00e8tres de coupe recommand\u00e9s par groupe de mat\u00e9riaux.<br><a href=\"https:\/\/www.kennametal.com\/us\/en\/resources\/engineering-calculators\/turning-calculators.html\" target=\"_blank\" rel=\"noopener\">https:\/\/www.kennametal.com\/us\/en\/resources\/engineering-calculators\/turning-calculators.html<\/a><\/li>\n\n\n\n<li>Outils Seco. (2022). \"Pr\u00e9vision et pr\u00e9vention des vibrations dans les op\u00e9rations de forage\".<br><a href=\"https:\/\/www.secotools.com\/article\/84607\" target=\"_blank\" rel=\"noopener\">https:\/\/www.secotools.com\/article\/84607<\/a><\/li>\n\n\n\n<li>Journal of Materials Processing Technology. (2023). \"Effets du refroidissement sur la performance de l'outil et la qualit\u00e9 de la surface\".<br><a href=\"https:\/\/www.sciencedirect.com\/journal\/journal-of-materials-processing-technology\" target=\"_blank\" rel=\"noopener\">https:\/\/www.sciencedirect.com\/journal\/journal-of-materials-processing-technology<\/a><\/li>\n\n\n\n<li>Association des produits usin\u00e9s de pr\u00e9cision. (2022). \"\u00c9tude d'impact de l'entretien proactif des outils\".<br><a href=\"https:\/\/www.pmpa.org\/technical-resources\/technical-reports\" target=\"_blank\" rel=\"noopener\">https:\/\/www.pmpa.org\/technical-resources\/technical-reports<\/a><\/li>\n\n\n\n<li>Iscar Tooling. (2023). \"Corr\u00e9lation entre l'\u00e9tat de surface et la g\u00e9om\u00e9trie de la plaquette\".<br><a href=\"https:\/\/www.iscar.com\/newarticles.aspx\/countryid\/1\/newarticleid\/1246\" target=\"_blank\" rel=\"noopener\">https:\/\/www.iscar.com\/newarticles.aspx\/countryid\/1\/newarticleid\/1246<\/a><\/li>\n\n\n\n<li>Institut national des normes et de la technologie (NIST). (2023). \"Effets thermiques dans les op\u00e9rations d'usinage de pr\u00e9cision\".<br><a href=\"https:\/\/www.nist.gov\/publications\/thermal-effects-precision-machining\" target=\"_blank\" rel=\"noopener\">https:\/\/www.nist.gov\/publications\/thermal-effects-precision-machining<\/a><\/li>\n\n\n\n<li>Sandvik Coromant. (2022). \"Caract\u00e9ristiques d'amortissement des mat\u00e9riaux des barres d'al\u00e9sage\".<br><a href=\"https:\/\/www.sandvik.coromant.com\/en-us\/products\/silent-tools\/pages\/boring.aspx\" target=\"_blank\" rel=\"noopener\">https:\/\/www.sandvik.coromant.com\/en-us\/products\/silent-tools\/pages\/boring.aspx<\/a><\/li>\n\n\n\n<li>Laboratoire de recherche sur la fabrication. (2023). \"D\u00e9fis en mati\u00e8re de contr\u00f4le des copeaux dans l'usinage des trous profonds\".<br><a href=\"https:\/\/me.engin.umich.edu\/research\/manufacturing\/\" target=\"_blank\" rel=\"noopener\">https:\/\/me.engin.umich.edu\/research\/manufacturing\/<\/a><\/li>\n\n\n\n<li>Magazine Cutting Tool Engineering. (2023). \"Advanced Coating Performance in Hardened Materials\" (Performance des rev\u00eatements avanc\u00e9s dans les mat\u00e9riaux tremp\u00e9s).<br><a href=\"https:\/\/www.ctemag.com\/articles\/coatings-increase-tool-life\" target=\"_blank\" rel=\"noopener\">https:\/\/www.ctemag.com\/articles\/coatings-increase-tool-life<\/a><\/li>\n\n\n\n<li>Machiniste am\u00e9ricain. (2022). \"Syst\u00e8mes d'outillage modulaire : Economic Impact Analysis\".<br><a href=\"https:\/\/www.americanmachinist.com\/cutting-tools\/article\/\" target=\"_blank\" rel=\"noopener\">https:\/\/www.americanmachinist.com\/cutting-tools\/article\/<\/a><\/li>\n\n\n\n<li>Centre des technologies de fabrication. (2023). \"Outillage intelligent et int\u00e9gration de capteurs dans les outils de coupe\".<br><a href=\"https:\/\/www.the-mtc.org\/research\/digital-engineering\" target=\"_blank\" rel=\"noopener\">https:\/\/www.the-mtc.org\/research\/digital-engineering<\/a><\/li>\n\n\n\n<li>Big Kaiser &amp; D'Andrea (2023). \"Les capacit\u00e9s de pr\u00e9cision des syst\u00e8mes d'al\u00e9sage num\u00e9riques modernes\".<br><a href=\"https:\/\/www.bigkaiser.com\/products\/boring-tools\/digital-boring-heads\" target=\"_blank\" rel=\"noopener\">https:\/\/www.bigkaiser.com\/products\/boring-tools\/digital-boring-heads<\/a><\/li>\n\n\n\n<li>Global Industry Analysts. (2023). \"March\u00e9 des outils d'al\u00e9sage : Perspectives mondiales et pr\u00e9visions 2023-2028.\"<br><a href=\"https:\/\/www.strategyr.com\/market-report-boring-tools-forecasts-global-industry-analysts-inc.asp\" target=\"_blank\" rel=\"noopener\">https:\/\/www.strategyr.com\/market-report-boring-tools-forecasts-global-industry-analysts-inc.asp<\/a><\/li>\n<\/ol>","protected":false},"excerpt":{"rendered":"<p>R\u00e9f\u00e9rences pour \"Comprendre les outils d'al\u00e9sage dans l'usinage de pr\u00e9cision\" avec liens<\/p>","protected":false},"author":2,"featured_media":0,"parent":0,"menu_order":0,"comment_status":"closed","ping_status":"closed","template":"","meta":{"_acf_changed":false,"_uag_custom_page_level_css":"","site-sidebar-layout":"default","site-content-layout":"","ast-site-content-layout":"default","site-content-style":"default","site-sidebar-style":"default","ast-global-header-display":"","ast-banner-title-visibility":"","ast-main-header-display":"","ast-hfb-above-header-display":"","ast-hfb-below-header-display":"","ast-hfb-mobile-header-display":"","site-post-title":"","ast-breadcrumbs-content":"","ast-featured-img":"","footer-sml-layout":"","ast-disable-related-posts":"","theme-transparent-header-meta":"","adv-header-id-meta":"","stick-header-meta":"","header-above-stick-meta":"","header-main-stick-meta":"","header-below-stick-meta":"","astra-migrate-meta-layouts":"set","ast-page-background-enabled":"default","ast-page-background-meta":{"desktop":{"background-color":"","background-image":"","background-repeat":"repeat","background-position":"center center","background-size":"auto","background-attachment":"scroll","background-type":"","background-media":"","overlay-type":"","overlay-color":"","overlay-opacity":"","overlay-gradient":""},"tablet":{"background-color":"","background-image":"","background-repeat":"repeat","background-position":"center center","background-size":"auto","background-attachment":"scroll","background-type":"","background-media":"","overlay-type":"","overlay-color":"","overlay-opacity":"","overlay-gradient":""},"mobile":{"background-color":"","background-image":"","background-repeat":"repeat","background-position":"center center","background-size":"auto","background-attachment":"scroll","background-type":"","background-media":"","overlay-type":"","overlay-color":"","overlay-opacity":"","overlay-gradient":""}},"ast-content-background-meta":{"desktop":{"background-color":"var(--ast-global-color-5)","background-image":"","background-repeat":"repeat","background-position":"center center","background-size":"auto","background-attachment":"scroll","background-type":"","background-media":"","overlay-type":"","overlay-color":"","overlay-opacity":"","overlay-gradient":""},"tablet":{"background-color":"var(--ast-global-color-5)","background-image":"","background-repeat":"repeat","background-position":"center center","background-size":"auto","background-attachment":"scroll","background-type":"","background-media":"","overlay-type":"","overlay-color":"","overlay-opacity":"","overlay-gradient":""},"mobile":{"background-color":"var(--ast-global-color-5)","background-image":"","background-repeat":"repeat","background-position":"center center","background-size":"auto","background-attachment":"scroll","background-type":"","background-media":"","overlay-type":"","overlay-color":"","overlay-opacity":"","overlay-gradient":""}},"footnotes":""},"class_list":["post-15081","page","type-page","status-publish","hentry"],"acf":[],"uagb_featured_image_src":{"full":false,"thumbnail":false,"medium":false,"medium_large":false,"large":false,"1536x1536":false,"2048x2048":false,"trp-custom-language-flag":false},"uagb_author_info":{"display_name":"tom","author_link":"https:\/\/onmytoolings.com\/fr\/author\/tom\/"},"uagb_comment_info":0,"uagb_excerpt":"References for &#8220;Understanding Boring Tools in Precision Machining&#8221; with Links","_links":{"self":[{"href":"https:\/\/onmytoolings.com\/fr\/wp-json\/wp\/v2\/pages\/15081","targetHints":{"allow":["GET"]}}],"collection":[{"href":"https:\/\/onmytoolings.com\/fr\/wp-json\/wp\/v2\/pages"}],"about":[{"href":"https:\/\/onmytoolings.com\/fr\/wp-json\/wp\/v2\/types\/page"}],"author":[{"embeddable":true,"href":"https:\/\/onmytoolings.com\/fr\/wp-json\/wp\/v2\/users\/2"}],"replies":[{"embeddable":true,"href":"https:\/\/onmytoolings.com\/fr\/wp-json\/wp\/v2\/comments?post=15081"}],"version-history":[{"count":3,"href":"https:\/\/onmytoolings.com\/fr\/wp-json\/wp\/v2\/pages\/15081\/revisions"}],"predecessor-version":[{"id":17752,"href":"https:\/\/onmytoolings.com\/fr\/wp-json\/wp\/v2\/pages\/15081\/revisions\/17752"}],"wp:attachment":[{"href":"https:\/\/onmytoolings.com\/fr\/wp-json\/wp\/v2\/media?parent=15081"}],"curies":[{"name":"wp","href":"https:\/\/api.w.org\/{rel}","templated":true}]}}