{"id":16831,"date":"2025-12-03T03:16:35","date_gmt":"2025-12-03T03:16:35","guid":{"rendered":"https:\/\/onmytoolings.com\/?post_type=product&#038;p=16831"},"modified":"2026-02-27T10:00:46","modified_gmt":"2026-02-27T10:00:46","slug":"insertos-roscados-conicos-para-tubos-segun-la-norma-britanica-bspt-serie-16er-16ir","status":"publish","type":"product","link":"https:\/\/onmytoolings.com\/es\/product\/bspt-british-standard-pipe-taper-threading-inserts-16er-16ir-series\/","title":{"rendered":"Insertos roscados c\u00f3nicos para tubos seg\u00fan la norma brit\u00e1nica BSPT: serie 16ER\/16IR"},"content":{"rendered":"","protected":false},"excerpt":{"rendered":"","protected":false},"author":1,"featured_media":16229,"parent":0,"template":"","meta":{"_acf_changed":true,"_uag_custom_page_level_css":"","site-sidebar-layout":"default","site-content-layout":"","ast-site-content-layout":"default","site-content-style":"default","site-sidebar-style":"default","ast-global-header-display":"","ast-banner-title-visibility":"","ast-main-header-display":"","ast-hfb-above-header-display":"","ast-hfb-below-header-display":"","ast-hfb-mobile-header-display":"","site-post-title":"","ast-breadcrumbs-content":"","ast-featured-img":"","footer-sml-layout":"","ast-disable-related-posts":"","theme-transparent-header-meta":"","adv-header-id-meta":"","stick-header-meta":"","header-above-stick-meta":"","header-main-stick-meta":"","header-below-stick-meta":"","astra-migrate-meta-layouts":"set","ast-page-background-enabled":"default","ast-page-background-meta":{"desktop":{"background-color":"","background-image":"","background-repeat":"repeat","background-position":"center center","background-size":"auto","background-attachment":"scroll","background-type":"","background-media":"","overlay-type":"","overlay-color":"","overlay-opacity":"","overlay-gradient":""},"tablet":{"background-color":"","background-image":"","background-repeat":"repeat","background-position":"center center","background-size":"auto","background-attachment":"scroll","background-type":"","background-media":"","overlay-type":"","overlay-color":"","overlay-opacity":"","overlay-gradient":""},"mobile":{"background-color":"","background-image":"","background-repeat":"repeat","background-position":"center center","background-size":"auto","background-attachment":"scroll","background-type":"","background-media":"","overlay-type":"","overlay-color":"","overlay-opacity":"","overlay-gradient":""}},"ast-content-background-meta":{"desktop":{"background-color":"var(--ast-global-color-5)","background-image":"","background-repeat":"repeat","background-position":"center center","background-size":"auto","background-attachment":"scroll","background-type":"","background-media":"","overlay-type":"","overlay-color":"","overlay-opacity":"","overlay-gradient":""},"tablet":{"background-color":"var(--ast-global-color-5)","background-image":"","background-repeat":"repeat","background-position":"center center","background-size":"auto","background-attachment":"scroll","background-type":"","background-media":"","overlay-type":"","overlay-color":"","overlay-opacity":"","overlay-gradient":""},"mobile":{"background-color":"var(--ast-global-color-5)","background-image":"","background-repeat":"repeat","background-position":"center center","background-size":"auto","background-attachment":"scroll","background-type":"","background-media":"","overlay-type":"","overlay-color":"","overlay-opacity":"","overlay-gradient":""}}},"product-tag":[121,134,158,126,128,127,123],"class_list":["post-16831","product","type-product","status-publish","has-post-thumbnail","hentry","product-tag-threading-inserts","product-tag-16er-threading-inserts","product-tag-bspt-british-standard-pipe-taper-threading-inserts","product-tag-external-threading-inserts","product-tag-full-profile-threading-inserts","product-tag-internal-threading-inserts","product-tag-laydown-threading-inserts"],"acf":[],"uagb_featured_image_src":{"full":["https:\/\/onmytoolings.com\/wp-content\/uploads\/2025\/10\/BSPT-laydown-full-profile-threading-turning-insert.webp",802,800,false],"thumbnail":["https:\/\/onmytoolings.com\/wp-content\/uploads\/2025\/10\/BSPT-laydown-full-profile-threading-turning-insert-150x150.webp",150,150,true],"medium":["https:\/\/onmytoolings.com\/wp-content\/uploads\/2025\/10\/BSPT-laydown-full-profile-threading-turning-insert-300x300.webp",300,300,true],"medium_large":["https:\/\/onmytoolings.com\/wp-content\/uploads\/2025\/10\/BSPT-laydown-full-profile-threading-turning-insert-768x766.webp",768,766,true],"large":["https:\/\/onmytoolings.com\/wp-content\/uploads\/2025\/10\/BSPT-laydown-full-profile-threading-turning-insert.webp",802,800,false],"1536x1536":["https:\/\/onmytoolings.com\/wp-content\/uploads\/2025\/10\/BSPT-laydown-full-profile-threading-turning-insert.webp",802,800,false],"2048x2048":["https:\/\/onmytoolings.com\/wp-content\/uploads\/2025\/10\/BSPT-laydown-full-profile-threading-turning-insert.webp",802,800,false],"trp-custom-language-flag":["https:\/\/onmytoolings.com\/wp-content\/uploads\/2025\/10\/BSPT-laydown-full-profile-threading-turning-insert-12x12.webp",12,12,true]},"uagb_author_info":{"display_name":"Jiang.xu","author_link":"https:\/\/onmytoolings.com\/es\/author\/bigsunjianggmail-com\/"},"uagb_comment_info":0,"uagb_excerpt":null,"_links":{"self":[{"href":"https:\/\/onmytoolings.com\/es\/wp-json\/wp\/v2\/product\/16831","targetHints":{"allow":["GET"]}}],"collection":[{"href":"https:\/\/onmytoolings.com\/es\/wp-json\/wp\/v2\/product"}],"about":[{"href":"https:\/\/onmytoolings.com\/es\/wp-json\/wp\/v2\/types\/product"}],"author":[{"embeddable":true,"href":"https:\/\/onmytoolings.com\/es\/wp-json\/wp\/v2\/users\/1"}],"wp:featuredmedia":[{"embeddable":true,"href":"https:\/\/onmytoolings.com\/es\/wp-json\/wp\/v2\/media\/16229"}],"wp:attachment":[{"href":"https:\/\/onmytoolings.com\/es\/wp-json\/wp\/v2\/media?parent=16831"}],"wp:term":[{"taxonomy":"product-tag","embeddable":true,"href":"https:\/\/onmytoolings.com\/es\/wp-json\/wp\/v2\/product-tag?post=16831"}],"curies":[{"name":"wp","href":"https:\/\/api.w.org\/{rel}","templated":true}]}}