{"id":15677,"date":"2025-07-21T15:13:12","date_gmt":"2025-07-21T15:13:12","guid":{"rendered":"https:\/\/onmytoolings.com\/?page_id=15677"},"modified":"2025-09-16T05:59:46","modified_gmt":"2025-09-16T05:59:46","slug":"piezas-en-bruto-de-carburo-de-tungsteno","status":"publish","type":"page","link":"https:\/\/onmytoolings.com\/es\/tungsten-carbide-blanks\/","title":{"rendered":"Piezas en bruto de carburo de tungsteno"},"content":{"rendered":"<div data-elementor-type=\"wp-page\" data-elementor-id=\"15677\" class=\"elementor elementor-15677\" data-elementor-post-type=\"page\">\n\t\t\t\t<div class=\"elementor-element elementor-element-76ab52d e-flex e-con-boxed e-con e-parent\" data-id=\"76ab52d\" data-element_type=\"container\" data-e-type=\"container\" data-settings=\"{&quot;background_background&quot;:&quot;classic&quot;}\">\n\t\t\t\t\t<div class=\"e-con-inner\">\n\t\t\t\t<div class=\"elementor-element elementor-element-7cf24d0 elementor-widget elementor-widget-heading\" data-id=\"7cf24d0\" data-element_type=\"widget\" data-e-type=\"widget\" data-widget_type=\"heading.default\">\n\t\t\t\t<div class=\"elementor-widget-container\">\n\t\t\t\t\t<h1 class=\"elementor-heading-title elementor-size-default\">piezas en bruto de carburo de tungsteno<\/h1>\t\t\t\t<\/div>\n\t\t\t\t<\/div>\n\t\t\t\t<div class=\"elementor-element elementor-element-0cac017 elementor-widget elementor-widget-text-editor\" data-id=\"0cac017\" data-element_type=\"widget\" data-e-type=\"widget\" data-widget_type=\"text-editor.default\">\n\t\t\t\t<div class=\"elementor-widget-container\">\n\t\t\t\t\t\t\t\t\t<p dir=\"auto\"><span data-sheets-root=\"1\">Piezas brutas de carburo de wolframio<\/span> son piezas preformadas de carburo de wolframio, un material duro y duradero fabricado a partir de wolframio y carbono. Se utilizan como material de partida para fabricar herramientas de corte, <a href=\"https:\/\/onmytoolings.com\/es\/herramientas-de-perforacion\/\" target=\"_blank\" rel=\"noopener\">taladros<\/a>, <a href=\"https:\/\/onmytoolings.com\/es\/carbide-end-mill-supplier\/\" target=\"_blank\" rel=\"noopener\">fresas<\/a>y otros componentes de precisi\u00f3n. Las piezas brutas se suelen moldear en forma de varillas, discos u otras formas y luego se rectifican o mecanizan para convertirlas en herramientas definitivas. Sus principales propiedades son una gran dureza, resistencia al desgaste y resistencia, lo que las hace ideales para aplicaciones industriales como el mecanizado de metales, la carpinter\u00eda y la miner\u00eda. A menudo se combinan con un aglutinante met\u00e1lico, como el cobalto, para aumentar su dureza.<\/p>\t\t\t\t\t\t\t\t<\/div>\n\t\t\t\t<\/div>\n\t\t\t\t<div class=\"elementor-element elementor-element-9c60a01 elementor-mobile-align-center elementor-widget elementor-widget-button\" data-id=\"9c60a01\" data-element_type=\"widget\" data-e-type=\"widget\" data-widget_type=\"button.default\">\n\t\t\t\t<div class=\"elementor-widget-container\">\n\t\t\t\t\t\t\t\t\t<div class=\"elementor-button-wrapper\">\n\t\t\t\t\t<a class=\"elementor-button elementor-button-link elementor-size-sm\" href=\"#elementor-action%3Aaction%3Dpopup%3Aopen%26settings%3DeyJpZCI6IjEwNDA3IiwidG9nZ2xlIjpmYWxzZX0%3D\">\n\t\t\t\t\t\t<span class=\"elementor-button-content-wrapper\">\n\t\t\t\t\t\t\t\t\t<span class=\"elementor-button-text\">Contactar con un experto<\/span>\n\t\t\t\t\t<\/span>\n\t\t\t\t\t<\/a>\n\t\t\t\t<\/div>\n\t\t\t\t\t\t\t\t<\/div>\n\t\t\t\t<\/div>\n\t\t\t\t\t<\/div>\n\t\t\t\t<\/div>\n\t\t<div class=\"elementor-element elementor-element-2834aaa e-grid e-con-boxed e-con e-parent\" data-id=\"2834aaa\" data-element_type=\"container\" data-e-type=\"container\">\n\t\t\t\t\t<div class=\"e-con-inner\">\n\t\t\t\t<div class=\"elementor-element elementor-element-20afe93 elementor-position-top elementor-widget elementor-widget-image-box\" data-id=\"20afe93\" data-element_type=\"widget\" data-e-type=\"widget\" data-widget_type=\"image-box.default\">\n\t\t\t\t<div class=\"elementor-widget-container\">\n\t\t\t\t\t<div class=\"elementor-image-box-wrapper\"><figure class=\"elementor-image-box-img\"><a href=\"https:\/\/onmytoolings.com\/es\/tungsten-carbide-blanks\/tungsten-carbide-rod\/\" tabindex=\"-1\" target=\"_blank\"><img fetchpriority=\"high\" decoding=\"async\" width=\"800\" height=\"800\" src=\"https:\/\/onmytoolings.com\/wp-content\/uploads\/2025\/07\/carbide-rod-blanks.webp\" class=\"attachment-full size-full wp-image-15681\" alt=\"barras de carburo en bruto\" srcset=\"https:\/\/onmytoolings.com\/wp-content\/uploads\/2025\/07\/carbide-rod-blanks.webp 800w, https:\/\/onmytoolings.com\/wp-content\/uploads\/2025\/07\/carbide-rod-blanks-300x300.webp 300w, https:\/\/onmytoolings.com\/wp-content\/uploads\/2025\/07\/carbide-rod-blanks-150x150.webp 150w, https:\/\/onmytoolings.com\/wp-content\/uploads\/2025\/07\/carbide-rod-blanks-768x768.webp 768w, https:\/\/onmytoolings.com\/wp-content\/uploads\/2025\/07\/carbide-rod-blanks-12x12.webp 12w\" sizes=\"(max-width: 800px) 100vw, 800px\" \/><\/a><\/figure><div class=\"elementor-image-box-content\"><h5 class=\"elementor-image-box-title\"><a href=\"https:\/\/onmytoolings.com\/es\/tungsten-carbide-blanks\/tungsten-carbide-rod\/\" target=\"_blank\">barras de carburo en bruto<\/a><\/h5><p class=\"elementor-image-box-description\">Podemos proporcionar s\u00f3lidos, de un solo orificio, de doble orificio, espirales. <a class=\"wpil_keyword_link\" href=\"https:\/\/onmytoolings.com\/es\/piezas-en-bruto-de-carburo-de-tungsteno\/varilla-de-carburo-de-tungsteno\/\" title=\"Varilla de carburo de tungsteno\" data-wpil-keyword-link=\"linked\" data-wpil-monitor-id=\"74\" target=\"_blank\">varilla de carburo de tungsteno<\/a> espacios en blanco.<\/p><\/div><\/div>\t\t\t\t<\/div>\n\t\t\t\t<\/div>\n\t\t\t\t<div class=\"elementor-element elementor-element-534bcd5 elementor-position-top elementor-widget elementor-widget-image-box\" data-id=\"534bcd5\" data-element_type=\"widget\" data-e-type=\"widget\" data-widget_type=\"image-box.default\">\n\t\t\t\t<div class=\"elementor-widget-container\">\n\t\t\t\t\t<div class=\"elementor-image-box-wrapper\"><figure class=\"elementor-image-box-img\"><a href=\"https:\/\/onmytoolings.com\/es\/tungsten-carbide-blanks\/carbide-insert-blanks-2\/\" tabindex=\"-1\" target=\"_blank\"><img decoding=\"async\" width=\"800\" height=\"800\" src=\"https:\/\/onmytoolings.com\/wp-content\/uploads\/2025\/07\/carbide-insert-blanks.webp\" class=\"attachment-full size-full wp-image-15682\" alt=\"plaquitas de metal duro en bruto\" srcset=\"https:\/\/onmytoolings.com\/wp-content\/uploads\/2025\/07\/carbide-insert-blanks.webp 800w, https:\/\/onmytoolings.com\/wp-content\/uploads\/2025\/07\/carbide-insert-blanks-300x300.webp 300w, https:\/\/onmytoolings.com\/wp-content\/uploads\/2025\/07\/carbide-insert-blanks-150x150.webp 150w, https:\/\/onmytoolings.com\/wp-content\/uploads\/2025\/07\/carbide-insert-blanks-768x768.webp 768w, https:\/\/onmytoolings.com\/wp-content\/uploads\/2025\/07\/carbide-insert-blanks-12x12.webp 12w\" sizes=\"(max-width: 800px) 100vw, 800px\" \/><\/a><\/figure><div class=\"elementor-image-box-content\"><h5 class=\"elementor-image-box-title\"><a href=\"https:\/\/onmytoolings.com\/es\/tungsten-carbide-blanks\/carbide-insert-blanks-2\/\" target=\"_blank\">plaquitas de metal duro en bruto<\/a><\/h5><p class=\"elementor-image-box-description\">Podemos fabricar una amplia gama de insertables est\u00e1ndar. <a class=\"wpil_keyword_link\" href=\"https:\/\/onmytoolings.com\/es\/piezas-en-bruto-de-carburo-de-tungsteno\/plaquitas-de-metal-duro-en-bruto-2\/\" title=\"Plaquitas de metal duro\" data-wpil-keyword-link=\"linked\" data-wpil-monitor-id=\"75\" target=\"_blank\">insertar espacios en blanco<\/a> como torneado, fresado, taladrado y roscado de insertos en bruto.<\/p><\/div><\/div>\t\t\t\t<\/div>\n\t\t\t\t<\/div>\n\t\t\t\t<div class=\"elementor-element elementor-element-c21364e elementor-position-top elementor-widget elementor-widget-image-box\" data-id=\"c21364e\" data-element_type=\"widget\" data-e-type=\"widget\" data-widget_type=\"image-box.default\">\n\t\t\t\t<div class=\"elementor-widget-container\">\n\t\t\t\t\t<div class=\"elementor-image-box-wrapper\"><figure class=\"elementor-image-box-img\"><a href=\"https:\/\/onmytoolings.com\/es\/product\/tungsten-carbide-plates\/\" tabindex=\"-1\" target=\"_blank\"><img decoding=\"async\" width=\"800\" height=\"800\" src=\"https:\/\/onmytoolings.com\/wp-content\/uploads\/2025\/07\/tungsten-carbide-plate.webp\" class=\"attachment-full size-full wp-image-15686\" alt=\"placa de carburo de tungsteno\" srcset=\"https:\/\/onmytoolings.com\/wp-content\/uploads\/2025\/07\/tungsten-carbide-plate.webp 800w, https:\/\/onmytoolings.com\/wp-content\/uploads\/2025\/07\/tungsten-carbide-plate-300x300.webp 300w, https:\/\/onmytoolings.com\/wp-content\/uploads\/2025\/07\/tungsten-carbide-plate-150x150.webp 150w, https:\/\/onmytoolings.com\/wp-content\/uploads\/2025\/07\/tungsten-carbide-plate-768x768.webp 768w, https:\/\/onmytoolings.com\/wp-content\/uploads\/2025\/07\/tungsten-carbide-plate-12x12.webp 12w\" sizes=\"(max-width: 800px) 100vw, 800px\" \/><\/a><\/figure><div class=\"elementor-image-box-content\"><h5 class=\"elementor-image-box-title\"><a href=\"https:\/\/onmytoolings.com\/es\/product\/tungsten-carbide-plates\/\" target=\"_blank\">placa de carburo de tungsteno<\/a><\/h5><p class=\"elementor-image-box-description\">Ofrecemos <a class=\"wpil_keyword_link\" href=\"https:\/\/onmytoolings.com\/es\/producto\/placas-de-carburo-de-tungsteno\/\" title=\"Placas est\u00e1ndar de carburo de tungsteno\" data-wpil-keyword-link=\"linked\" data-wpil-monitor-id=\"72\" target=\"_blank\">placas de carburo de tungsteno<\/a> de diferentes tama\u00f1os, incluyendo piezas en bruto normales y piezas en bruto rectificadas, y tambi\u00e9n admiten requisitos de personalizaci\u00f3n especiales.<\/p><\/div><\/div>\t\t\t\t<\/div>\n\t\t\t\t<\/div>\n\t\t\t\t<div class=\"elementor-element elementor-element-69abe3a elementor-position-top elementor-widget elementor-widget-image-box\" data-id=\"69abe3a\" data-element_type=\"widget\" data-e-type=\"widget\" data-widget_type=\"image-box.default\">\n\t\t\t\t<div class=\"elementor-widget-container\">\n\t\t\t\t\t<div class=\"elementor-image-box-wrapper\"><figure class=\"elementor-image-box-img\"><a href=\"https:\/\/onmytoolings.com\/es\/tungsten-carbide-blanks\/tungsten-carbide-strips-2\/\" tabindex=\"-1\" target=\"_blank\"><img loading=\"lazy\" decoding=\"async\" width=\"640\" height=\"640\" src=\"https:\/\/onmytoolings.com\/wp-content\/uploads\/2025\/07\/tungsten-carbide-strips.webp\" class=\"attachment-full size-full wp-image-15695\" alt=\"tiras de carburo\" srcset=\"https:\/\/onmytoolings.com\/wp-content\/uploads\/2025\/07\/tungsten-carbide-strips.webp 640w, https:\/\/onmytoolings.com\/wp-content\/uploads\/2025\/07\/tungsten-carbide-strips-300x300.webp 300w, https:\/\/onmytoolings.com\/wp-content\/uploads\/2025\/07\/tungsten-carbide-strips-150x150.webp 150w, https:\/\/onmytoolings.com\/wp-content\/uploads\/2025\/07\/tungsten-carbide-strips-12x12.webp 12w\" sizes=\"(max-width: 640px) 100vw, 640px\" \/><\/a><\/figure><div class=\"elementor-image-box-content\"><h5 class=\"elementor-image-box-title\"><a href=\"https:\/\/onmytoolings.com\/es\/tungsten-carbide-blanks\/tungsten-carbide-strips-2\/\" target=\"_blank\">tiras de carburo de tungsteno<\/a><\/h5><p class=\"elementor-image-box-description\">Tungsteno profesional <a class=\"wpil_keyword_link\" href=\"https:\/\/onmytoolings.com\/es\/producto\/tiras-de-carburo-de-tungsteno-extruido\/\" title=\"Tiras de carburo de tungsteno extruido\" data-wpil-keyword-link=\"linked\" data-wpil-monitor-id=\"73\" target=\"_blank\">tira de carburo<\/a> Fabricante, los productos incluyen tiras extruidas y tiras STB, admiten varios tama\u00f1os y espesores y requisitos de personalizaci\u00f3n especiales.<\/p><\/div><\/div>\t\t\t\t<\/div>\n\t\t\t\t<\/div>\n\t\t\t\t<div class=\"elementor-element elementor-element-3e713ef elementor-position-top elementor-widget elementor-widget-image-box\" data-id=\"3e713ef\" data-element_type=\"widget\" data-e-type=\"widget\" data-widget_type=\"image-box.default\">\n\t\t\t\t<div class=\"elementor-widget-container\">\n\t\t\t\t\t<div class=\"elementor-image-box-wrapper\"><figure class=\"elementor-image-box-img\"><img loading=\"lazy\" decoding=\"async\" width=\"800\" height=\"800\" src=\"https:\/\/onmytoolings.com\/wp-content\/uploads\/2025\/07\/carbide-drill-blanks.webp\" class=\"attachment-full size-full wp-image-15691\" alt=\"brocas de metal duro\" srcset=\"https:\/\/onmytoolings.com\/wp-content\/uploads\/2025\/07\/carbide-drill-blanks.webp 800w, https:\/\/onmytoolings.com\/wp-content\/uploads\/2025\/07\/carbide-drill-blanks-300x300.webp 300w, https:\/\/onmytoolings.com\/wp-content\/uploads\/2025\/07\/carbide-drill-blanks-150x150.webp 150w, https:\/\/onmytoolings.com\/wp-content\/uploads\/2025\/07\/carbide-drill-blanks-768x768.webp 768w, https:\/\/onmytoolings.com\/wp-content\/uploads\/2025\/07\/carbide-drill-blanks-12x12.webp 12w\" sizes=\"(max-width: 800px) 100vw, 800px\" \/><\/figure><div class=\"elementor-image-box-content\"><h5 class=\"elementor-image-box-title\">brocas de metal duro<\/h5><p class=\"elementor-image-box-description\">Piezas brutas de metal duro est\u00e1ndar (refrigerante interno, refrigerante externo) y productos personalizados con requisitos especiales.<\/p><\/div><\/div>\t\t\t\t<\/div>\n\t\t\t\t<\/div>\n\t\t\t\t<div class=\"elementor-element elementor-element-118895f elementor-position-top elementor-widget elementor-widget-image-box\" data-id=\"118895f\" data-element_type=\"widget\" data-e-type=\"widget\" data-widget_type=\"image-box.default\">\n\t\t\t\t<div class=\"elementor-widget-container\">\n\t\t\t\t\t<div class=\"elementor-image-box-wrapper\"><figure class=\"elementor-image-box-img\"><img loading=\"lazy\" decoding=\"async\" width=\"600\" height=\"600\" src=\"https:\/\/onmytoolings.com\/wp-content\/uploads\/2025\/07\/carbide-preforms.webp\" class=\"attachment-full size-full wp-image-15696\" alt=\"preformas de carburo\" srcset=\"https:\/\/onmytoolings.com\/wp-content\/uploads\/2025\/07\/carbide-preforms.webp 600w, https:\/\/onmytoolings.com\/wp-content\/uploads\/2025\/07\/carbide-preforms-300x300.webp 300w, https:\/\/onmytoolings.com\/wp-content\/uploads\/2025\/07\/carbide-preforms-150x150.webp 150w, https:\/\/onmytoolings.com\/wp-content\/uploads\/2025\/07\/carbide-preforms-12x12.webp 12w, https:\/\/onmytoolings.com\/wp-content\/uploads\/2025\/07\/elementor\/thumbs\/carbide-preforms-r93a00eggg0hqvn6mg1vyxy4og5sgmwktsfa4velco.webp 92w\" sizes=\"(max-width: 600px) 100vw, 600px\" \/><\/figure><div class=\"elementor-image-box-content\"><h5 class=\"elementor-image-box-title\">preformas de carburo<\/h5><p class=\"elementor-image-box-description\">Fabricante profesional de preformas de metal duro, compatible con diversos productos especiales resistentes al desgaste (roscas, multiagujeros, multiranuras, agujeros laterales, agujeros ciegos, boquillas, moldes).<\/p><\/div><\/div>\t\t\t\t<\/div>\n\t\t\t\t<\/div>\n\t\t\t\t<div class=\"elementor-element elementor-element-adcc416 elementor-position-top elementor-widget elementor-widget-image-box\" data-id=\"adcc416\" data-element_type=\"widget\" data-e-type=\"widget\" data-widget_type=\"image-box.default\">\n\t\t\t\t<div class=\"elementor-widget-container\">\n\t\t\t\t\t<div class=\"elementor-image-box-wrapper\"><figure class=\"elementor-image-box-img\"><a href=\"https:\/\/onmytoolings.com\/es\/tungsten-carbide-blanks\/carbide-cold-heading-dies\/\" tabindex=\"-1\" target=\"_blank\"><img loading=\"lazy\" decoding=\"async\" width=\"800\" height=\"801\" src=\"https:\/\/onmytoolings.com\/wp-content\/uploads\/2025\/09\/cold-heading-dies.webp\" class=\"attachment-full size-full wp-image-15998\" alt=\"matrices de estampaci\u00f3n en fr\u00edo de metal duro\" srcset=\"https:\/\/onmytoolings.com\/wp-content\/uploads\/2025\/09\/cold-heading-dies.webp 800w, https:\/\/onmytoolings.com\/wp-content\/uploads\/2025\/09\/cold-heading-dies-300x300.webp 300w, https:\/\/onmytoolings.com\/wp-content\/uploads\/2025\/09\/cold-heading-dies-150x150.webp 150w, https:\/\/onmytoolings.com\/wp-content\/uploads\/2025\/09\/cold-heading-dies-768x769.webp 768w, https:\/\/onmytoolings.com\/wp-content\/uploads\/2025\/09\/cold-heading-dies-12x12.webp 12w\" sizes=\"(max-width: 800px) 100vw, 800px\" \/><\/a><\/figure><div class=\"elementor-image-box-content\"><h5 class=\"elementor-image-box-title\"><a href=\"https:\/\/onmytoolings.com\/es\/tungsten-carbide-blanks\/carbide-cold-heading-dies\/\" target=\"_blank\">Matrices de estampaci\u00f3n en fr\u00edo de metal duro<\/a><\/h5><p class=\"elementor-image-box-description\"><a class=\"wpil_keyword_link\" href=\"https:\/\/onmytoolings.com\/es\/piezas-en-bruto-de-carburo-de-tungsteno\/matrices-de-estampacion-en-frio-de-metal-duro\/\" title=\"Matrices de estampaci\u00f3n en fr\u00edo de metal duro\" data-wpil-keyword-link=\"linked\" data-wpil-monitor-id=\"76\" target=\"_blank\">Matrices de estampaci\u00f3n en fr\u00edo de metal duro<\/a> Son herramientas de precisi\u00f3n fundamentales que se utilizan en el proceso de estampado en fr\u00edo o conformado en fr\u00edo para la producci\u00f3n en masa de piezas met\u00e1licas, especialmente elementos de fijaci\u00f3n.<\/p><\/div><\/div>\t\t\t\t<\/div>\n\t\t\t\t<\/div>\n\t\t\t\t\t<\/div>\n\t\t\t\t<\/div>\n\t\t\t\t<\/div>","protected":false},"excerpt":{"rendered":"<p>tungsten carbide blanks Tungsten carbide blanks are pre-formed pieces of tungsten carbide, a hard and durable material made from tungsten and carbon. They\u2019re used as starting materials for manufacturing cutting tools, drills, end mills, and other precision components. The blanks are typically shaped into rods, discs, or other forms and then ground or machined into [&hellip;]<\/p>\n","protected":false},"author":1,"featured_media":0,"parent":0,"menu_order":0,"comment_status":"closed","ping_status":"closed","template":"","meta":{"_acf_changed":false,"_uag_custom_page_level_css":"","site-sidebar-layout":"no-sidebar","site-content-layout":"page-builder","ast-site-content-layout":"full-width-container","site-content-style":"default","site-sidebar-style":"default","ast-global-header-display":"","ast-banner-title-visibility":"","ast-main-header-display":"","ast-hfb-above-header-display":"","ast-hfb-below-header-display":"","ast-hfb-mobile-header-display":"","site-post-title":"disabled","ast-breadcrumbs-content":"","ast-featured-img":"disabled","footer-sml-layout":"","ast-disable-related-posts":"","theme-transparent-header-meta":"","adv-header-id-meta":"","stick-header-meta":"","header-above-stick-meta":"","header-main-stick-meta":"","header-below-stick-meta":"","astra-migrate-meta-layouts":"default","ast-page-background-enabled":"default","ast-page-background-meta":{"desktop":{"background-color":"","background-image":"","background-repeat":"repeat","background-position":"center center","background-size":"auto","background-attachment":"scroll","background-type":"","background-media":"","overlay-type":"","overlay-color":"","overlay-opacity":"","overlay-gradient":""},"tablet":{"background-color":"","background-image":"","background-repeat":"repeat","background-position":"center center","background-size":"auto","background-attachment":"scroll","background-type":"","background-media":"","overlay-type":"","overlay-color":"","overlay-opacity":"","overlay-gradient":""},"mobile":{"background-color":"","background-image":"","background-repeat":"repeat","background-position":"center center","background-size":"auto","background-attachment":"scroll","background-type":"","background-media":"","overlay-type":"","overlay-color":"","overlay-opacity":"","overlay-gradient":""}},"ast-content-background-meta":{"desktop":{"background-color":"var(--ast-global-color-5)","background-image":"","background-repeat":"repeat","background-position":"center center","background-size":"auto","background-attachment":"scroll","background-type":"","background-media":"","overlay-type":"","overlay-color":"","overlay-opacity":"","overlay-gradient":""},"tablet":{"background-color":"var(--ast-global-color-5)","background-image":"","background-repeat":"repeat","background-position":"center center","background-size":"auto","background-attachment":"scroll","background-type":"","background-media":"","overlay-type":"","overlay-color":"","overlay-opacity":"","overlay-gradient":""},"mobile":{"background-color":"var(--ast-global-color-5)","background-image":"","background-repeat":"repeat","background-position":"center center","background-size":"auto","background-attachment":"scroll","background-type":"","background-media":"","overlay-type":"","overlay-color":"","overlay-opacity":"","overlay-gradient":""}},"footnotes":""},"class_list":["post-15677","page","type-page","status-publish","hentry"],"acf":[],"uagb_featured_image_src":{"full":false,"thumbnail":false,"medium":false,"medium_large":false,"large":false,"1536x1536":false,"2048x2048":false,"trp-custom-language-flag":false},"uagb_author_info":{"display_name":"Jiang.xu","author_link":"https:\/\/onmytoolings.com\/es\/author\/bigsunjianggmail-com\/"},"uagb_comment_info":0,"uagb_excerpt":"tungsten carbide blanks Tungsten carbide blanks are pre-formed pieces of tungsten carbide, a hard and durable material made from tungsten and carbon. They\u2019re used as starting materials for manufacturing cutting tools, drills, end mills, and other precision components. The blanks are typically shaped into rods, discs, or other forms and then ground or machined into&hellip;","_links":{"self":[{"href":"https:\/\/onmytoolings.com\/es\/wp-json\/wp\/v2\/pages\/15677","targetHints":{"allow":["GET"]}}],"collection":[{"href":"https:\/\/onmytoolings.com\/es\/wp-json\/wp\/v2\/pages"}],"about":[{"href":"https:\/\/onmytoolings.com\/es\/wp-json\/wp\/v2\/types\/page"}],"author":[{"embeddable":true,"href":"https:\/\/onmytoolings.com\/es\/wp-json\/wp\/v2\/users\/1"}],"replies":[{"embeddable":true,"href":"https:\/\/onmytoolings.com\/es\/wp-json\/wp\/v2\/comments?post=15677"}],"version-history":[{"count":33,"href":"https:\/\/onmytoolings.com\/es\/wp-json\/wp\/v2\/pages\/15677\/revisions"}],"predecessor-version":[{"id":17222,"href":"https:\/\/onmytoolings.com\/es\/wp-json\/wp\/v2\/pages\/15677\/revisions\/17222"}],"wp:attachment":[{"href":"https:\/\/onmytoolings.com\/es\/wp-json\/wp\/v2\/media?parent=15677"}],"curies":[{"name":"wp","href":"https:\/\/api.w.org\/{rel}","templated":true}]}}