{"id":15523,"date":"2025-06-16T13:08:41","date_gmt":"2025-06-16T13:08:41","guid":{"rendered":"https:\/\/onmytoolings.com\/?page_id=15523"},"modified":"2025-07-16T07:02:26","modified_gmt":"2025-07-16T07:02:26","slug":"taladros-de-pala","status":"publish","type":"page","link":"https:\/\/onmytoolings.com\/es\/spade-drills\/","title":{"rendered":"Taladros de pala"},"content":{"rendered":"<div data-elementor-type=\"wp-page\" data-elementor-id=\"15523\" class=\"elementor elementor-15523\" data-elementor-post-type=\"page\">\n\t\t\t\t<div class=\"elementor-element elementor-element-b264b0a e-flex e-con-boxed e-con e-parent\" data-id=\"b264b0a\" data-element_type=\"container\" data-e-type=\"container\">\n\t\t\t\t\t<div class=\"e-con-inner\">\n\t\t<div class=\"elementor-element elementor-element-0279949 e-con-full e-flex e-con e-child\" data-id=\"0279949\" data-element_type=\"container\" data-e-type=\"container\">\n\t\t\t\t<div class=\"elementor-element elementor-element-acca71c elementor-widget elementor-widget-heading\" data-id=\"acca71c\" data-element_type=\"widget\" data-e-type=\"widget\" data-widget_type=\"heading.default\">\n\t\t\t\t<div class=\"elementor-widget-container\">\n\t\t\t\t\t<h1 class=\"elementor-heading-title elementor-size-default\">taladros de pala<\/h1>\t\t\t\t<\/div>\n\t\t\t\t<\/div>\n\t\t\t\t<div class=\"elementor-element elementor-element-3dba00f elementor-widget elementor-widget-text-editor\" data-id=\"3dba00f\" data-element_type=\"widget\" data-e-type=\"widget\" data-widget_type=\"text-editor.default\">\n\t\t\t\t<div class=\"elementor-widget-container\">\n\t\t\t\t\t\t\t\t\t<p>Las brocas de pala disponen de una plaquita de corte plana, normalmente con plaquitas intercambiables o intercambiables de metal duro, cobalto y acero r\u00e1pido (HSS), montadas en un portaherramientas. Son un tipo de herramienta de taladrado modular para trabajos de taladrado en metal. Las brocas de pala se utilizan en m\u00e1quinas CNC, tornos o fresadoras para taladrar agujeros grandes (normalmente de 13 a 65 mm de di\u00e1metro) en metales como acero, aluminio o hierro fundido. Las brocas de pala son rentables gracias a las plaquitas reemplazables, tienen una evacuaci\u00f3n eficaz de la viruta mediante canales de refrigerante internos y son adecuadas para el taladrado de agujeros profundos a alta velocidad con requisitos de tolerancia ajustados (\u00b10,1 mm). Funcionan mejor en condiciones de contacto total, pero pueden encontrar dificultades al pretaladrar.<\/p>\t\t\t\t\t\t\t\t<\/div>\n\t\t\t\t<\/div>\n\t\t<div class=\"elementor-element elementor-element-d3d0d40 e-con-full e-flex e-con e-child\" data-id=\"d3d0d40\" data-element_type=\"container\" data-e-type=\"container\">\n\t\t<div class=\"elementor-element elementor-element-ee711a8 e-grid e-con-full e-con e-child\" data-id=\"ee711a8\" data-element_type=\"container\" data-e-type=\"container\">\n\t\t\t\t<div class=\"elementor-element elementor-element-1672ec9 elementor-position-top elementor-widget elementor-widget-image-box\" data-id=\"1672ec9\" data-element_type=\"widget\" data-e-type=\"widget\" data-widget_type=\"image-box.default\">\n\t\t\t\t<div class=\"elementor-widget-container\">\n\t\t\t\t\t<div class=\"elementor-image-box-wrapper\"><figure class=\"elementor-image-box-img\"><a href=\"https:\/\/onmytoolings.com\/es\/product\/spade-drill-inserts\/\" tabindex=\"-1\" target=\"_blank\"><img decoding=\"async\" src=\"https:\/\/onmytoolings.com\/wp-content\/uploads\/elementor\/thumbs\/spade-drill-inserts-r7e74szb7ha37rgg0iri3z2kltlxqoo7gt5grl6h68.webp\" title=\"insertos para brocas de pala\" alt=\"insertos para brocas de pala\" loading=\"lazy\" \/><\/a><\/figure><div class=\"elementor-image-box-content\"><h3 class=\"elementor-image-box-title\"><a href=\"https:\/\/onmytoolings.com\/es\/product\/spade-drill-inserts\/\" target=\"_blank\">insertos para brocas de pala<\/a><\/h3><p class=\"elementor-image-box-description\">Para los distintos materiales procesados, se utilizan plaquitas sustituibles de metal duro, cobalto y acero r\u00e1pido (HSS).<\/p><\/div><\/div>\t\t\t\t<\/div>\n\t\t\t\t<\/div>\n\t\t\t\t<div class=\"elementor-element elementor-element-4c13064 elementor-position-top elementor-widget elementor-widget-image-box\" data-id=\"4c13064\" data-element_type=\"widget\" data-e-type=\"widget\" data-widget_type=\"image-box.default\">\n\t\t\t\t<div class=\"elementor-widget-container\">\n\t\t\t\t\t<div class=\"elementor-image-box-wrapper\"><figure class=\"elementor-image-box-img\"><a href=\"https:\/\/onmytoolings.com\/es\/product\/spade-drill-holders\/\" tabindex=\"-1\" target=\"_blank\"><img decoding=\"async\" src=\"https:\/\/onmytoolings.com\/wp-content\/uploads\/elementor\/thumbs\/spde-drill-holders-r7e759wemhx90qrv9q2scusvarajl8jdj4w7ekhe28.webp\" title=\"portabrocas spde\" alt=\"portabrocas spde\" loading=\"lazy\" \/><\/a><\/figure><div class=\"elementor-image-box-content\"><h3 class=\"elementor-image-box-title\"><a href=\"https:\/\/onmytoolings.com\/es\/product\/spade-drill-holders\/\" target=\"_blank\">portabrocas de pala<\/a><\/h3><p class=\"elementor-image-box-description\">Dise\u00f1o de ranura de viruta grande, utilizando dise\u00f1o cromado H13, buena rigidez y alta precisi\u00f3n.<\/p><\/div><\/div>\t\t\t\t<\/div>\n\t\t\t\t<\/div>\n\t\t\t\t<\/div>\n\t\t\t\t<\/div>\n\t\t\t\t<\/div>\n\t\t\t\t\t<\/div>\n\t\t\t\t<\/div>\n\t\t\t\t<\/div>","protected":false},"excerpt":{"rendered":"<p>spade drills Spade drills feature a flat cutting insert, usually with replaceable or indexable carbide, cobalt and high-speed steel (HSS) inserts, mounted on a tool holder. They are a type of modular drilling tool for metal drilling work. Spade drills are used on CNC machines, lathes or milling machines to drill large holes (typically 13 [&hellip;]<\/p>\n","protected":false},"author":1,"featured_media":0,"parent":0,"menu_order":0,"comment_status":"closed","ping_status":"closed","template":"","meta":{"_acf_changed":false,"_uag_custom_page_level_css":"","site-sidebar-layout":"no-sidebar","site-content-layout":"page-builder","ast-site-content-layout":"full-width-container","site-content-style":"default","site-sidebar-style":"default","ast-global-header-display":"","ast-banner-title-visibility":"","ast-main-header-display":"","ast-hfb-above-header-display":"","ast-hfb-below-header-display":"","ast-hfb-mobile-header-display":"","site-post-title":"disabled","ast-breadcrumbs-content":"","ast-featured-img":"disabled","footer-sml-layout":"","ast-disable-related-posts":"","theme-transparent-header-meta":"","adv-header-id-meta":"","stick-header-meta":"","header-above-stick-meta":"","header-main-stick-meta":"","header-below-stick-meta":"","astra-migrate-meta-layouts":"default","ast-page-background-enabled":"default","ast-page-background-meta":{"desktop":{"background-color":"","background-image":"","background-repeat":"repeat","background-position":"center center","background-size":"auto","background-attachment":"scroll","background-type":"","background-media":"","overlay-type":"","overlay-color":"","overlay-opacity":"","overlay-gradient":""},"tablet":{"background-color":"","background-image":"","background-repeat":"repeat","background-position":"center center","background-size":"auto","background-attachment":"scroll","background-type":"","background-media":"","overlay-type":"","overlay-color":"","overlay-opacity":"","overlay-gradient":""},"mobile":{"background-color":"","background-image":"","background-repeat":"repeat","background-position":"center center","background-size":"auto","background-attachment":"scroll","background-type":"","background-media":"","overlay-type":"","overlay-color":"","overlay-opacity":"","overlay-gradient":""}},"ast-content-background-meta":{"desktop":{"background-color":"var(--ast-global-color-5)","background-image":"","background-repeat":"repeat","background-position":"center center","background-size":"auto","background-attachment":"scroll","background-type":"","background-media":"","overlay-type":"","overlay-color":"","overlay-opacity":"","overlay-gradient":""},"tablet":{"background-color":"var(--ast-global-color-5)","background-image":"","background-repeat":"repeat","background-position":"center center","background-size":"auto","background-attachment":"scroll","background-type":"","background-media":"","overlay-type":"","overlay-color":"","overlay-opacity":"","overlay-gradient":""},"mobile":{"background-color":"var(--ast-global-color-5)","background-image":"","background-repeat":"repeat","background-position":"center center","background-size":"auto","background-attachment":"scroll","background-type":"","background-media":"","overlay-type":"","overlay-color":"","overlay-opacity":"","overlay-gradient":""}},"footnotes":""},"class_list":["post-15523","page","type-page","status-publish","hentry"],"acf":[],"uagb_featured_image_src":{"full":false,"thumbnail":false,"medium":false,"medium_large":false,"large":false,"1536x1536":false,"2048x2048":false,"trp-custom-language-flag":false},"uagb_author_info":{"display_name":"Jiang.xu","author_link":"https:\/\/onmytoolings.com\/es\/author\/bigsunjianggmail-com\/"},"uagb_comment_info":0,"uagb_excerpt":"spade drills Spade drills feature a flat cutting insert, usually with replaceable or indexable carbide, cobalt and high-speed steel (HSS) inserts, mounted on a tool holder. They are a type of modular drilling tool for metal drilling work. Spade drills are used on CNC machines, lathes or milling machines to drill large holes (typically 13&hellip;","_links":{"self":[{"href":"https:\/\/onmytoolings.com\/es\/wp-json\/wp\/v2\/pages\/15523","targetHints":{"allow":["GET"]}}],"collection":[{"href":"https:\/\/onmytoolings.com\/es\/wp-json\/wp\/v2\/pages"}],"about":[{"href":"https:\/\/onmytoolings.com\/es\/wp-json\/wp\/v2\/types\/page"}],"author":[{"embeddable":true,"href":"https:\/\/onmytoolings.com\/es\/wp-json\/wp\/v2\/users\/1"}],"replies":[{"embeddable":true,"href":"https:\/\/onmytoolings.com\/es\/wp-json\/wp\/v2\/comments?post=15523"}],"version-history":[{"count":9,"href":"https:\/\/onmytoolings.com\/es\/wp-json\/wp\/v2\/pages\/15523\/revisions"}],"predecessor-version":[{"id":17982,"href":"https:\/\/onmytoolings.com\/es\/wp-json\/wp\/v2\/pages\/15523\/revisions\/17982"}],"wp:attachment":[{"href":"https:\/\/onmytoolings.com\/es\/wp-json\/wp\/v2\/media?parent=15523"}],"curies":[{"name":"wp","href":"https:\/\/api.w.org\/{rel}","templated":true}]}}