{"id":15390,"date":"2025-06-09T13:00:32","date_gmt":"2025-06-09T13:00:32","guid":{"rendered":"https:\/\/onmytoolings.com\/?page_id=15390"},"modified":"2026-01-05T06:29:45","modified_gmt":"2026-01-05T06:29:45","slug":"sistema-de-perforacion-u-de-gran-diametro-hmd","status":"publish","type":"page","link":"https:\/\/onmytoolings.com\/es\/hmd-large-diameter-drilling-u-drill-system\/","title":{"rendered":"Sistema de perforaci\u00f3n profunda en U-HMD"},"content":{"rendered":"<div data-elementor-type=\"wp-page\" data-elementor-id=\"15390\" class=\"elementor elementor-15390\" data-elementor-post-type=\"page\">\n\t\t\t\t<div class=\"elementor-element elementor-element-9874eb8 e-flex e-con-boxed e-con e-parent\" data-id=\"9874eb8\" data-element_type=\"container\" data-e-type=\"container\">\n\t\t\t\t\t<div class=\"e-con-inner\">\n\t\t\t\t<div class=\"elementor-element elementor-element-a89f7ac elementor-widget elementor-widget-heading\" data-id=\"a89f7ac\" data-element_type=\"widget\" data-e-type=\"widget\" data-widget_type=\"heading.default\">\n\t\t\t\t<div class=\"elementor-widget-container\">\n\t\t\t\t\t<h1 class=\"elementor-heading-title elementor-size-default\">Sistema de perforaci\u00f3n U de gran di\u00e1metro HMD<\/h1>\t\t\t\t<\/div>\n\t\t\t\t<\/div>\n\t\t\t\t<div class=\"elementor-element elementor-element-c81683d elementor-widget elementor-widget-heading\" data-id=\"c81683d\" data-element_type=\"widget\" data-e-type=\"widget\" data-widget_type=\"heading.default\">\n\t\t\t\t<div class=\"elementor-widget-container\">\n\t\t\t\t\t<h3 class=\"elementor-heading-title elementor-size-default\">Broca en U de alta resistencia para taladrado de precisi\u00f3n de gran di\u00e1metro Cuerpo<\/h3>\t\t\t\t<\/div>\n\t\t\t\t<\/div>\n\t\t\t\t\t<\/div>\n\t\t\t\t<\/div>\n\t\t<div class=\"elementor-element elementor-element-e77c42e e-flex e-con-boxed e-con e-parent\" data-id=\"e77c42e\" data-element_type=\"container\" data-e-type=\"container\">\n\t\t\t\t\t<div class=\"e-con-inner\">\n\t\t\t\t<div class=\"elementor-element elementor-element-6c092ba elementor-widget elementor-widget-text-editor\" data-id=\"6c092ba\" data-element_type=\"widget\" data-e-type=\"widget\" data-widget_type=\"text-editor.default\">\n\t\t\t\t<div class=\"elementor-widget-container\">\n\t\t\t\t\t\t\t\t\t<p data-path-to-node=\"11\">Para lograr tolerancias estrictas en perforaciones de gran di\u00e1metro se requiere una herramienta que equilibre la rigidez con la eficiencia de corte. Nuestros portaherramientas U Drill de gran tama\u00f1o est\u00e1n dise\u00f1ados con un cuerpo de acero endurecido y una geometr\u00eda de ranura optimizada para manejar el alto par y el volumen de virutas asociados con el mecanizado de grandes di\u00e1metros.<\/p><p data-path-to-node=\"12\">Ya sea que est\u00e9 perforando acero, acero inoxidable o hierro fundido, esta broca en U garantiza un rendimiento constante y tiempos de ciclo reducidos. Es la soluci\u00f3n ideal para los maquinistas que buscan mejorar sus capacidades de perforaci\u00f3n de gran di\u00e1metro desde <a class=\"wpil_keyword_link\" href=\"https:\/\/onmytoolings.com\/es\/taladros-de-pala\/\"   title=\"Taladros de pala\" data-wpil-keyword-link=\"linked\"  data-wpil-monitor-id=\"837\" target=\"_blank\">taladros de pala<\/a> o brocas helicoidales convencionales a una soluci\u00f3n moderna e indexable.<\/p>\t\t\t\t\t\t\t\t<\/div>\n\t\t\t\t<\/div>\n\t\t\t\t\t<\/div>\n\t\t\t\t<\/div>\n\t\t<div class=\"elementor-element elementor-element-55e70af e-flex e-con-boxed e-con e-parent\" data-id=\"55e70af\" data-element_type=\"container\" data-e-type=\"container\">\n\t\t\t\t\t<div class=\"e-con-inner\">\n\t\t<div class=\"elementor-element elementor-element-06f2223 e-grid e-con-full e-con e-child\" data-id=\"06f2223\" data-element_type=\"container\" data-e-type=\"container\">\n\t\t\t\t<div class=\"elementor-element elementor-element-79827b1 elementor-position-top elementor-widget elementor-widget-image-box\" data-id=\"79827b1\" data-element_type=\"widget\" data-e-type=\"widget\" data-widget_type=\"image-box.default\">\n\t\t\t\t<div class=\"elementor-widget-container\">\n\t\t\t\t\t<div class=\"elementor-image-box-wrapper\"><figure class=\"elementor-image-box-img\"><a href=\"https:\/\/onmytoolings.com\/es\/product\/hmd-system-adjustable-heads\/\" tabindex=\"-1\" target=\"_blank\"><img fetchpriority=\"high\" decoding=\"async\" width=\"801\" height=\"801\" src=\"https:\/\/onmytoolings.com\/wp-content\/uploads\/2025\/06\/deep-hole-u-drills.webp\" class=\"attachment-full size-full wp-image-15396\" alt=\"taladros en u para agujeros profundos\" srcset=\"https:\/\/onmytoolings.com\/wp-content\/uploads\/2025\/06\/deep-hole-u-drills.webp 801w, https:\/\/onmytoolings.com\/wp-content\/uploads\/2025\/06\/deep-hole-u-drills-300x300.webp 300w, https:\/\/onmytoolings.com\/wp-content\/uploads\/2025\/06\/deep-hole-u-drills-150x150.webp 150w, https:\/\/onmytoolings.com\/wp-content\/uploads\/2025\/06\/deep-hole-u-drills-768x768.webp 768w\" sizes=\"(max-width: 801px) 100vw, 801px\" \/><\/a><\/figure><div class=\"elementor-image-box-content\"><p class=\"elementor-image-box-title\"><a href=\"https:\/\/onmytoolings.com\/es\/product\/hmd-system-adjustable-heads\/\" target=\"_blank\">Sistema HMD-Cabezas ajustables<\/a><\/p><\/div><\/div>\t\t\t\t<\/div>\n\t\t\t\t<\/div>\n\t\t\t\t<div class=\"elementor-element elementor-element-b7374e8 elementor-position-top elementor-widget elementor-widget-image-box\" data-id=\"b7374e8\" data-element_type=\"widget\" data-e-type=\"widget\" data-widget_type=\"image-box.default\">\n\t\t\t\t<div class=\"elementor-widget-container\">\n\t\t\t\t\t<div class=\"elementor-image-box-wrapper\"><figure class=\"elementor-image-box-img\"><a href=\"https:\/\/onmytoolings.com\/es\/product\/hmd-system-pilot-drill\/\" tabindex=\"-1\" target=\"_blank\"><img decoding=\"async\" width=\"801\" height=\"798\" src=\"https:\/\/onmytoolings.com\/wp-content\/uploads\/2025\/06\/pilot-drills.webp\" class=\"attachment-full size-full wp-image-15397\" alt=\"u taladro con brocas piloto\" srcset=\"https:\/\/onmytoolings.com\/wp-content\/uploads\/2025\/06\/pilot-drills.webp 801w, https:\/\/onmytoolings.com\/wp-content\/uploads\/2025\/06\/pilot-drills-300x300.webp 300w, https:\/\/onmytoolings.com\/wp-content\/uploads\/2025\/06\/pilot-drills-150x150.webp 150w, https:\/\/onmytoolings.com\/wp-content\/uploads\/2025\/06\/pilot-drills-768x765.webp 768w\" sizes=\"(max-width: 801px) 100vw, 801px\" \/><\/a><\/figure><div class=\"elementor-image-box-content\"><p class=\"elementor-image-box-title\"><a href=\"https:\/\/onmytoolings.com\/es\/product\/hmd-system-pilot-drill\/\" target=\"_blank\">Sistema HMD-Piloto de ejercicios<\/a><\/p><\/div><\/div>\t\t\t\t<\/div>\n\t\t\t\t<\/div>\n\t\t\t\t<div class=\"elementor-element elementor-element-02e4b4e elementor-position-top elementor-widget elementor-widget-image-box\" data-id=\"02e4b4e\" data-element_type=\"widget\" data-e-type=\"widget\" data-widget_type=\"image-box.default\">\n\t\t\t\t<div class=\"elementor-widget-container\">\n\t\t\t\t\t<div class=\"elementor-image-box-wrapper\"><figure class=\"elementor-image-box-img\"><a href=\"https:\/\/onmytoolings.com\/es\/product\/hmd-system-insert-holders\/\" tabindex=\"-1\" target=\"_blank\"><img decoding=\"async\" width=\"803\" height=\"802\" src=\"https:\/\/onmytoolings.com\/wp-content\/uploads\/2025\/06\/insert-holder.webp\" class=\"attachment-full size-full wp-image-15398\" alt=\"\" srcset=\"https:\/\/onmytoolings.com\/wp-content\/uploads\/2025\/06\/insert-holder.webp 803w, https:\/\/onmytoolings.com\/wp-content\/uploads\/2025\/06\/insert-holder-300x300.webp 300w, https:\/\/onmytoolings.com\/wp-content\/uploads\/2025\/06\/insert-holder-150x150.webp 150w, https:\/\/onmytoolings.com\/wp-content\/uploads\/2025\/06\/insert-holder-768x767.webp 768w\" sizes=\"(max-width: 803px) 100vw, 803px\" \/><\/a><\/figure><div class=\"elementor-image-box-content\"><p class=\"elementor-image-box-title\"><a href=\"https:\/\/onmytoolings.com\/es\/product\/hmd-system-insert-holders\/\" target=\"_blank\">Sistema HMD-Soportes de inserci\u00f3n<\/a><\/p><\/div><\/div>\t\t\t\t<\/div>\n\t\t\t\t<\/div>\n\t\t\t\t<div class=\"elementor-element elementor-element-b50d2c8 elementor-position-top elementor-widget elementor-widget-image-box\" data-id=\"b50d2c8\" data-element_type=\"widget\" data-e-type=\"widget\" data-widget_type=\"image-box.default\">\n\t\t\t\t<div class=\"elementor-widget-container\">\n\t\t\t\t\t<div class=\"elementor-image-box-wrapper\"><figure class=\"elementor-image-box-img\"><a href=\"https:\/\/onmytoolings.com\/es\/product\/hmd-system-basic-shank\/\" tabindex=\"-1\" target=\"_blank\"><img loading=\"lazy\" decoding=\"async\" width=\"801\" height=\"802\" src=\"https:\/\/onmytoolings.com\/wp-content\/uploads\/2025\/06\/Basic-shank.webp\" class=\"attachment-full size-full wp-image-15399\" alt=\"\" srcset=\"https:\/\/onmytoolings.com\/wp-content\/uploads\/2025\/06\/Basic-shank.webp 801w, https:\/\/onmytoolings.com\/wp-content\/uploads\/2025\/06\/Basic-shank-300x300.webp 300w, https:\/\/onmytoolings.com\/wp-content\/uploads\/2025\/06\/Basic-shank-150x150.webp 150w, https:\/\/onmytoolings.com\/wp-content\/uploads\/2025\/06\/Basic-shank-768x769.webp 768w\" sizes=\"(max-width: 801px) 100vw, 801px\" \/><\/a><\/figure><div class=\"elementor-image-box-content\"><p class=\"elementor-image-box-title\"><a href=\"https:\/\/onmytoolings.com\/es\/product\/hmd-system-basic-shank\/\" target=\"_blank\">Sistema HMD - V\u00e1stago b\u00e1sico<\/a><\/p><\/div><\/div>\t\t\t\t<\/div>\n\t\t\t\t<\/div>\n\t\t\t\t<\/div>\n\t\t<div class=\"elementor-element elementor-element-3cc9f9f e-grid e-con-full e-con e-child\" data-id=\"3cc9f9f\" data-element_type=\"container\" data-e-type=\"container\">\n\t\t\t\t<div class=\"elementor-element elementor-element-ba87def elementor-position-top elementor-widget elementor-widget-image-box\" data-id=\"ba87def\" data-element_type=\"widget\" data-e-type=\"widget\" data-widget_type=\"image-box.default\">\n\t\t\t\t<div class=\"elementor-widget-container\">\n\t\t\t\t\t<div class=\"elementor-image-box-wrapper\"><figure class=\"elementor-image-box-img\"><a href=\"https:\/\/onmytoolings.com\/es\/product\/hmd-system-extension-shank\/\" tabindex=\"-1\" target=\"_blank\"><img loading=\"lazy\" decoding=\"async\" width=\"800\" height=\"800\" src=\"https:\/\/onmytoolings.com\/wp-content\/uploads\/2025\/06\/Extension-shank.webp\" class=\"attachment-full size-full wp-image-15400\" alt=\"V\u00e1stago de extensi\u00f3n\" srcset=\"https:\/\/onmytoolings.com\/wp-content\/uploads\/2025\/06\/Extension-shank.webp 800w, https:\/\/onmytoolings.com\/wp-content\/uploads\/2025\/06\/Extension-shank-300x300.webp 300w, https:\/\/onmytoolings.com\/wp-content\/uploads\/2025\/06\/Extension-shank-150x150.webp 150w, https:\/\/onmytoolings.com\/wp-content\/uploads\/2025\/06\/Extension-shank-768x768.webp 768w\" sizes=\"(max-width: 800px) 100vw, 800px\" \/><\/a><\/figure><div class=\"elementor-image-box-content\"><p class=\"elementor-image-box-title\"><a href=\"https:\/\/onmytoolings.com\/es\/product\/hmd-system-extension-shank\/\" target=\"_blank\">Sistema HMD-V\u00e1stago de extensi\u00f3n<\/a><\/p><\/div><\/div>\t\t\t\t<\/div>\n\t\t\t\t<\/div>\n\t\t\t\t<div class=\"elementor-element elementor-element-ce22529 elementor-position-top elementor-widget elementor-widget-image-box\" data-id=\"ce22529\" data-element_type=\"widget\" data-e-type=\"widget\" data-widget_type=\"image-box.default\">\n\t\t\t\t<div class=\"elementor-widget-container\">\n\t\t\t\t\t<div class=\"elementor-image-box-wrapper\"><figure class=\"elementor-image-box-img\"><a href=\"https:\/\/onmytoolings.com\/es\/holemaking-tools\/u-drills\/wcmt-u-drill-insert\/\" tabindex=\"-1\" target=\"_blank\"><img loading=\"lazy\" decoding=\"async\" width=\"800\" height=\"800\" src=\"https:\/\/onmytoolings.com\/wp-content\/uploads\/2025\/06\/WCMX-Insert.webp\" class=\"attachment-full size-full wp-image-15401\" alt=\"\" srcset=\"https:\/\/onmytoolings.com\/wp-content\/uploads\/2025\/06\/WCMX-Insert.webp 800w, https:\/\/onmytoolings.com\/wp-content\/uploads\/2025\/06\/WCMX-Insert-300x300.webp 300w, https:\/\/onmytoolings.com\/wp-content\/uploads\/2025\/06\/WCMX-Insert-150x150.webp 150w, https:\/\/onmytoolings.com\/wp-content\/uploads\/2025\/06\/WCMX-Insert-768x768.webp 768w\" sizes=\"(max-width: 800px) 100vw, 800px\" \/><\/a><\/figure><div class=\"elementor-image-box-content\"><p class=\"elementor-image-box-title\"><a href=\"https:\/\/onmytoolings.com\/es\/holemaking-tools\/u-drills\/wcmt-u-drill-insert\/\" target=\"_blank\">WCMT Insertos<\/a><\/p><\/div><\/div>\t\t\t\t<\/div>\n\t\t\t\t<\/div>\n\t\t\t\t<\/div>\n\t\t\t\t\t<\/div>\n\t\t\t\t<\/div>\n\t\t\t\t<section class=\"elementor-section elementor-top-section elementor-element elementor-element-332aad86 elementor-section-content-middle elementor-section-boxed elementor-section-height-default elementor-section-height-default\" data-id=\"332aad86\" data-element_type=\"section\" data-e-type=\"section\" data-settings=\"{&quot;background_background&quot;:&quot;classic&quot;}\">\n\t\t\t\t\t\t<div class=\"elementor-container elementor-column-gap-no\">\n\t\t\t\t\t<div class=\"elementor-column elementor-col-66 elementor-top-column elementor-element elementor-element-3f6bdd07\" data-id=\"3f6bdd07\" data-element_type=\"column\" data-e-type=\"column\">\n\t\t\t<div class=\"elementor-widget-wrap elementor-element-populated\">\n\t\t\t\t\t\t<div class=\"elementor-element elementor-element-2b7eb064 elementor-widget elementor-widget-heading\" data-id=\"2b7eb064\" data-element_type=\"widget\" data-e-type=\"widget\" data-widget_type=\"heading.default\">\n\t\t\t\t<div class=\"elementor-widget-container\">\n\t\t\t\t\t<h2 class=\"elementor-heading-title elementor-size-large\">\u00bfEst\u00e1 interesado en nuestras brocas en U de perforaci\u00f3n profunda?<\/h2>\t\t\t\t<\/div>\n\t\t\t\t<\/div>\n\t\t\t\t<div class=\"elementor-element elementor-element-2ca00b46 elementor-widget-divider--view-line elementor-widget elementor-widget-divider\" data-id=\"2ca00b46\" data-element_type=\"widget\" data-e-type=\"widget\" data-widget_type=\"divider.default\">\n\t\t\t\t<div class=\"elementor-widget-container\">\n\t\t\t\t\t\t\t<div class=\"elementor-divider\">\n\t\t\t<span class=\"elementor-divider-separator\">\n\t\t\t\t\t\t<\/span>\n\t\t<\/div>\n\t\t\t\t\t\t<\/div>\n\t\t\t\t<\/div>\n\t\t\t\t<div class=\"elementor-element elementor-element-1bd14483 elementor-widget elementor-widget-text-editor\" data-id=\"1bd14483\" data-element_type=\"widget\" data-e-type=\"widget\" data-widget_type=\"text-editor.default\">\n\t\t\t\t<div class=\"elementor-widget-container\">\n\t\t\t\t\t\t\t\t\t<p>ONMY Toolings est\u00e1 creciendo r\u00e1pidamente estos a\u00f1os, \u00a1y siempre damos la bienvenida a socios para trabajar juntos y conseguir beneficios manuales y crecer juntos!<\/p>\t\t\t\t\t\t\t\t<\/div>\n\t\t\t\t<\/div>\n\t\t\t\t\t<\/div>\n\t\t<\/div>\n\t\t\t\t<div class=\"elementor-column elementor-col-33 elementor-top-column elementor-element elementor-element-20ec1841\" data-id=\"20ec1841\" data-element_type=\"column\" data-e-type=\"column\">\n\t\t\t<div class=\"elementor-widget-wrap elementor-element-populated\">\n\t\t\t\t\t\t<div class=\"elementor-element elementor-element-6880ac61 elementor-align-center elementor-tablet-align-center elementor-widget elementor-widget-button\" data-id=\"6880ac61\" data-element_type=\"widget\" data-e-type=\"widget\" data-widget_type=\"button.default\">\n\t\t\t\t<div class=\"elementor-widget-container\">\n\t\t\t\t\t\t\t\t\t<div class=\"elementor-button-wrapper\">\n\t\t\t\t\t<a class=\"elementor-button elementor-button-link elementor-size-sm\" href=\"#elementor-action%3Aaction%3Dpopup%3Aopen%26settings%3DeyJpZCI6IjEwNDA3IiwidG9nZ2xlIjpmYWxzZX0%3D\">\n\t\t\t\t\t\t<span class=\"elementor-button-content-wrapper\">\n\t\t\t\t\t\t<span class=\"elementor-button-icon\">\n\t\t\t\t<svg aria-hidden=\"true\" class=\"e-font-icon-svg e-fas-arrow-right\" viewbox=\"0 0 448 512\" xmlns=\"http:\/\/www.w3.org\/2000\/svg\"><path d=\"M190.5 66.9l22.2-22.2c9.4-9.4 24.6-9.4 33.9 0L441 239c9.4 9.4 9.4 24.6 0 33.9L246.6 467.3c-9.4 9.4-24.6 9.4-33.9 0l-22.2-22.2c-9.5-9.5-9.3-25 .4-34.3L311.4 296H24c-13.3 0-24-10.7-24-24v-32c0-13.3 10.7-24 24-24h287.4L190.9 101.2c-9.8-9.3-10-24.8-.4-34.3z\"><\/path><\/svg>\t\t\t<\/span>\n\t\t\t\t\t\t\t\t\t<span class=\"elementor-button-text\">Contacto<\/span>\n\t\t\t\t\t<\/span>\n\t\t\t\t\t<\/a>\n\t\t\t\t<\/div>\n\t\t\t\t\t\t\t\t<\/div>\n\t\t\t\t<\/div>\n\t\t\t\t\t<\/div>\n\t\t<\/div>\n\t\t\t\t\t<\/div>\n\t\t<\/section>\n\t\t\t\t<\/div>","protected":false},"excerpt":{"rendered":"<p>HMD Large Diameter Drilling U Drill System Heavy-Duty U Drill for Precision Large Diameter Drilling Body Achieving strict tolerances in large diameter drilling requires a tool that balances rigidity with cutting efficiency. Our large-size U Drill holders are engineered with a hardened steel body and optimized flute geometry to handle the high torque and chip [&hellip;]<\/p>\n","protected":false},"author":1,"featured_media":0,"parent":0,"menu_order":0,"comment_status":"closed","ping_status":"closed","template":"","meta":{"_acf_changed":false,"_uag_custom_page_level_css":"","site-sidebar-layout":"no-sidebar","site-content-layout":"page-builder","ast-site-content-layout":"full-width-container","site-content-style":"default","site-sidebar-style":"default","ast-global-header-display":"","ast-banner-title-visibility":"","ast-main-header-display":"","ast-hfb-above-header-display":"","ast-hfb-below-header-display":"","ast-hfb-mobile-header-display":"","site-post-title":"disabled","ast-breadcrumbs-content":"","ast-featured-img":"disabled","footer-sml-layout":"","ast-disable-related-posts":"","theme-transparent-header-meta":"","adv-header-id-meta":"","stick-header-meta":"","header-above-stick-meta":"","header-main-stick-meta":"","header-below-stick-meta":"","astra-migrate-meta-layouts":"default","ast-page-background-enabled":"default","ast-page-background-meta":{"desktop":{"background-color":"","background-image":"","background-repeat":"repeat","background-position":"center center","background-size":"auto","background-attachment":"scroll","background-type":"","background-media":"","overlay-type":"","overlay-color":"","overlay-opacity":"","overlay-gradient":""},"tablet":{"background-color":"","background-image":"","background-repeat":"repeat","background-position":"center center","background-size":"auto","background-attachment":"scroll","background-type":"","background-media":"","overlay-type":"","overlay-color":"","overlay-opacity":"","overlay-gradient":""},"mobile":{"background-color":"","background-image":"","background-repeat":"repeat","background-position":"center center","background-size":"auto","background-attachment":"scroll","background-type":"","background-media":"","overlay-type":"","overlay-color":"","overlay-opacity":"","overlay-gradient":""}},"ast-content-background-meta":{"desktop":{"background-color":"var(--ast-global-color-5)","background-image":"","background-repeat":"repeat","background-position":"center center","background-size":"auto","background-attachment":"scroll","background-type":"","background-media":"","overlay-type":"","overlay-color":"","overlay-opacity":"","overlay-gradient":""},"tablet":{"background-color":"var(--ast-global-color-5)","background-image":"","background-repeat":"repeat","background-position":"center center","background-size":"auto","background-attachment":"scroll","background-type":"","background-media":"","overlay-type":"","overlay-color":"","overlay-opacity":"","overlay-gradient":""},"mobile":{"background-color":"var(--ast-global-color-5)","background-image":"","background-repeat":"repeat","background-position":"center center","background-size":"auto","background-attachment":"scroll","background-type":"","background-media":"","overlay-type":"","overlay-color":"","overlay-opacity":"","overlay-gradient":""}},"footnotes":""},"class_list":["post-15390","page","type-page","status-publish","hentry"],"acf":[],"uagb_featured_image_src":{"full":false,"thumbnail":false,"medium":false,"medium_large":false,"large":false,"1536x1536":false,"2048x2048":false,"trp-custom-language-flag":false},"uagb_author_info":{"display_name":"Jiang.xu","author_link":"https:\/\/onmytoolings.com\/es\/author\/bigsunjianggmail-com\/"},"uagb_comment_info":0,"uagb_excerpt":"HMD Large Diameter Drilling U Drill System Heavy-Duty U Drill for Precision Large Diameter Drilling Body Achieving strict tolerances in large diameter drilling requires a tool that balances rigidity with cutting efficiency. Our large-size U Drill holders are engineered with a hardened steel body and optimized flute geometry to handle the high torque and chip&hellip;","_links":{"self":[{"href":"https:\/\/onmytoolings.com\/es\/wp-json\/wp\/v2\/pages\/15390","targetHints":{"allow":["GET"]}}],"collection":[{"href":"https:\/\/onmytoolings.com\/es\/wp-json\/wp\/v2\/pages"}],"about":[{"href":"https:\/\/onmytoolings.com\/es\/wp-json\/wp\/v2\/types\/page"}],"author":[{"embeddable":true,"href":"https:\/\/onmytoolings.com\/es\/wp-json\/wp\/v2\/users\/1"}],"replies":[{"embeddable":true,"href":"https:\/\/onmytoolings.com\/es\/wp-json\/wp\/v2\/comments?post=15390"}],"version-history":[{"count":39,"href":"https:\/\/onmytoolings.com\/es\/wp-json\/wp\/v2\/pages\/15390\/revisions"}],"predecessor-version":[{"id":17660,"href":"https:\/\/onmytoolings.com\/es\/wp-json\/wp\/v2\/pages\/15390\/revisions\/17660"}],"wp:attachment":[{"href":"https:\/\/onmytoolings.com\/es\/wp-json\/wp\/v2\/media?parent=15390"}],"curies":[{"name":"wp","href":"https:\/\/api.w.org\/{rel}","templated":true}]}}