{"id":1519,"date":"2023-04-14T08:31:28","date_gmt":"2023-04-14T08:31:28","guid":{"rendered":"https:\/\/onmytoolings.com\/?page_id=1519"},"modified":"2024-10-31T02:19:58","modified_gmt":"2024-10-31T02:19:58","slug":"velocidad-y-avance-del-fresado-frontal","status":"publish","type":"page","link":"https:\/\/onmytoolings.com\/es\/face-milling-speed-and-feed\/","title":{"rendered":"Velocidad y avance del fresado frontal"},"content":{"rendered":"<div data-elementor-type=\"wp-page\" data-elementor-id=\"1519\" class=\"elementor elementor-1519\" data-elementor-post-type=\"page\">\n\t\t\t\t<div class=\"elementor-element elementor-element-249e104 e-flex e-con-boxed e-con e-parent\" data-id=\"249e104\" data-element_type=\"container\" data-e-type=\"container\">\n\t\t\t\t\t<div class=\"e-con-inner\">\n\t\t\t\t<div class=\"elementor-element elementor-element-2446195 elementor-widget elementor-widget-heading\" data-id=\"2446195\" data-element_type=\"widget\" data-e-type=\"widget\" data-widget_type=\"heading.default\">\n\t\t\t\t<div class=\"elementor-widget-container\">\n\t\t\t\t\t<h2 class=\"elementor-heading-title elementor-size-default\">Velocidad y avance del refrentado<\/h2>\t\t\t\t<\/div>\n\t\t\t\t<\/div>\n\t\t\t\t<div class=\"elementor-element elementor-element-119a23b elementor-widget elementor-widget-text-editor\" data-id=\"119a23b\" data-element_type=\"widget\" data-e-type=\"widget\" data-widget_type=\"text-editor.default\">\n\t\t\t\t<div class=\"elementor-widget-container\">\n\t\t\t\t\t\t\t\t\t<p>Estos valores se facilitan a t\u00edtulo orientativo y pueden variar en funci\u00f3n de las condiciones espec\u00edficas de cada pa\u00eds. <a href=\"https:\/\/onmytoolings.com\/es\/insertos-de-fresado\/fresado-frontal\/\" target=\"_blank\">plaquita de fresado frontal<\/a> la m\u00e1quina utilizada y las condiciones del material de la pieza. Es importante ajustar la velocidad de corte y el avance en funci\u00f3n del trabajo espec\u00edfico para optimizar el rendimiento y la vida \u00fatil de la herramienta.<\/p>\t\t\t\t\t\t\t\t<\/div>\n\t\t\t\t<\/div>\n\t\t\t\t<div class=\"elementor-element elementor-element-7edf20c elementor-widget elementor-widget-text-editor\" data-id=\"7edf20c\" data-element_type=\"widget\" data-e-type=\"widget\" data-widget_type=\"text-editor.default\">\n\t\t\t\t<div class=\"elementor-widget-container\">\n\t\t\t\t\t\t\t\t\t<p>Los datos de velocidad y avance para plaquitas de fresado frontal pueden variar en funci\u00f3n del tipo espec\u00edfico de plaquita, la calidad de la plaquita, la m\u00e1quina que se utilice y el material de la pieza que se frese. A continuaci\u00f3n se indican algunos factores que deben tenerse en cuenta para determinar la velocidad y el avance ideales para el fresado frontal:<\/p><ul><li><p>Tipo de plaquita: Las diferentes plaquitas est\u00e1n dise\u00f1adas para diferentes tipos de materiales y aplicaciones. Algunas est\u00e1n dise\u00f1adas para velocidades y avances m\u00e1s altos, mientras que otras est\u00e1n dise\u00f1adas para cortes m\u00e1s lentos y uniformes.<\/p><\/li><li><p>Calidad de la plaquita: Cada calidad de plaquita tiene propiedades diferentes que pueden afectar a la velocidad de corte y a la eficacia. Las calidades m\u00e1s duras pueden soportar velocidades de corte m\u00e1s r\u00e1pidas, mientras que las m\u00e1s blandas pueden rendir mejor a velocidades m\u00e1s lentas.<\/p><\/li><li><p>M\u00e1quina utilizada: El tipo de m\u00e1quina que se utilice puede afectar a la velocidad y los avances \u00f3ptimos para el fresado frontal. Las m\u00e1quinas CNC y las fresadoras especializadas pueden ofrecer mayores velocidades de corte y avance que las m\u00e1quinas manuales.<\/p><\/li><li><p>Material de la pieza: Los distintos materiales tienen propiedades diferentes que pueden afectar a la velocidad de corte y el avance \u00f3ptimos. Los materiales m\u00e1s duros, por ejemplo, pueden requerir avances m\u00e1s lentos y velocidades de corte m\u00e1s altas para garantizar un corte limpio.<\/p><\/li><\/ul>\t\t\t\t\t\t\t\t<\/div>\n\t\t\t\t<\/div>\n\t\t\t\t<div class=\"elementor-element elementor-element-f3dac2c elementor-widget elementor-widget-text-editor\" data-id=\"f3dac2c\" data-element_type=\"widget\" data-e-type=\"widget\" data-widget_type=\"text-editor.default\">\n\t\t\t\t<div class=\"elementor-widget-container\">\n\t\t\t\t\t\t\t\t\t<p>Para determinar la velocidad y el avance \u00f3ptimos para su aplicaci\u00f3n espec\u00edfica de fresado frontal, lo mejor es consultar las recomendaciones del fabricante o trabajar con maquinistas experimentados que puedan proporcionar orientaci\u00f3n basada en su experiencia con materiales y aplicaciones similares. Es importante ajustar la velocidad y los avances en funci\u00f3n del trabajo espec\u00edfico para optimizar el rendimiento y la vida \u00fatil de la herramienta, y supervisar constantemente el proceso para garantizar la seguridad y la eficacia.<\/p>\t\t\t\t\t\t\t\t<\/div>\n\t\t\t\t<\/div>\n\t\t\t\t\t<\/div>\n\t\t\t\t<\/div>\n\t\t\t\t<\/div>","protected":false},"excerpt":{"rendered":"<p>Face milling speed and feed Material Cutting Speed (SFM) Feed per Tooth (IPT) Aluminum 600-2000 0.003-0.020 Brass 200-800 0.003-0.012 Stainless Steel (300 series) 175-350 0.002-0.006 Cast Iron (gray) 100-325 0.008-0.020 Cast Iron (ductile) 75-250 0.008-0.020 Low Carbon Steel 100-300 0.010-0.020 High Carbon Steel 75-200 0.008-0.012 These values are provided as a general guideline and may [&hellip;]<\/p>\n","protected":false},"author":1,"featured_media":0,"parent":0,"menu_order":0,"comment_status":"closed","ping_status":"closed","template":"","meta":{"_acf_changed":false,"_uag_custom_page_level_css":"","site-sidebar-layout":"no-sidebar","site-content-layout":"page-builder","ast-site-content-layout":"default","site-content-style":"default","site-sidebar-style":"default","ast-global-header-display":"","ast-banner-title-visibility":"","ast-main-header-display":"","ast-hfb-above-header-display":"","ast-hfb-below-header-display":"","ast-hfb-mobile-header-display":"","site-post-title":"disabled","ast-breadcrumbs-content":"","ast-featured-img":"disabled","footer-sml-layout":"","ast-disable-related-posts":"","theme-transparent-header-meta":"","adv-header-id-meta":"","stick-header-meta":"","header-above-stick-meta":"","header-main-stick-meta":"","header-below-stick-meta":"","astra-migrate-meta-layouts":"default","ast-page-background-enabled":"default","ast-page-background-meta":{"desktop":{"background-color":"","background-image":"","background-repeat":"repeat","background-position":"center center","background-size":"auto","background-attachment":"scroll","background-type":"","background-media":"","overlay-type":"","overlay-color":"","overlay-opacity":"","overlay-gradient":""},"tablet":{"background-color":"","background-image":"","background-repeat":"repeat","background-position":"center center","background-size":"auto","background-attachment":"scroll","background-type":"","background-media":"","overlay-type":"","overlay-color":"","overlay-opacity":"","overlay-gradient":""},"mobile":{"background-color":"","background-image":"","background-repeat":"repeat","background-position":"center center","background-size":"auto","background-attachment":"scroll","background-type":"","background-media":"","overlay-type":"","overlay-color":"","overlay-opacity":"","overlay-gradient":""}},"ast-content-background-meta":{"desktop":{"background-color":"var(--ast-global-color-5)","background-image":"","background-repeat":"repeat","background-position":"center center","background-size":"auto","background-attachment":"scroll","background-type":"","background-media":"","overlay-type":"","overlay-color":"","overlay-opacity":"","overlay-gradient":""},"tablet":{"background-color":"var(--ast-global-color-5)","background-image":"","background-repeat":"repeat","background-position":"center center","background-size":"auto","background-attachment":"scroll","background-type":"","background-media":"","overlay-type":"","overlay-color":"","overlay-opacity":"","overlay-gradient":""},"mobile":{"background-color":"var(--ast-global-color-5)","background-image":"","background-repeat":"repeat","background-position":"center center","background-size":"auto","background-attachment":"scroll","background-type":"","background-media":"","overlay-type":"","overlay-color":"","overlay-opacity":"","overlay-gradient":""}},"footnotes":""},"class_list":["post-1519","page","type-page","status-publish","hentry"],"acf":[],"uagb_featured_image_src":{"full":false,"thumbnail":false,"medium":false,"medium_large":false,"large":false,"1536x1536":false,"2048x2048":false,"trp-custom-language-flag":false},"uagb_author_info":{"display_name":"Jiang.xu","author_link":"https:\/\/onmytoolings.com\/es\/author\/bigsunjianggmail-com\/"},"uagb_comment_info":0,"uagb_excerpt":"Face milling speed and feed Material Cutting Speed (SFM) Feed per Tooth (IPT) Aluminum 600-2000 0.003-0.020 Brass 200-800 0.003-0.012 Stainless Steel (300 series) 175-350 0.002-0.006 Cast Iron (gray) 100-325 0.008-0.020 Cast Iron (ductile) 75-250 0.008-0.020 Low Carbon Steel 100-300 0.010-0.020 High Carbon Steel 75-200 0.008-0.012 These values are provided as a general guideline and may&hellip;","_links":{"self":[{"href":"https:\/\/onmytoolings.com\/es\/wp-json\/wp\/v2\/pages\/1519","targetHints":{"allow":["GET"]}}],"collection":[{"href":"https:\/\/onmytoolings.com\/es\/wp-json\/wp\/v2\/pages"}],"about":[{"href":"https:\/\/onmytoolings.com\/es\/wp-json\/wp\/v2\/types\/page"}],"author":[{"embeddable":true,"href":"https:\/\/onmytoolings.com\/es\/wp-json\/wp\/v2\/users\/1"}],"replies":[{"embeddable":true,"href":"https:\/\/onmytoolings.com\/es\/wp-json\/wp\/v2\/comments?post=1519"}],"version-history":[{"count":8,"href":"https:\/\/onmytoolings.com\/es\/wp-json\/wp\/v2\/pages\/1519\/revisions"}],"predecessor-version":[{"id":13910,"href":"https:\/\/onmytoolings.com\/es\/wp-json\/wp\/v2\/pages\/1519\/revisions\/13910"}],"wp:attachment":[{"href":"https:\/\/onmytoolings.com\/es\/wp-json\/wp\/v2\/media?parent=1519"}],"curies":[{"name":"wp","href":"https:\/\/api.w.org\/{rel}","templated":true}]}}