{"id":15109,"date":"2025-04-26T15:14:32","date_gmt":"2025-04-26T15:14:32","guid":{"rendered":"https:\/\/onmytoolings.com\/?page_id=15109"},"modified":"2026-01-05T06:30:48","modified_gmt":"2026-01-05T06:30:48","slug":"herramientas-de-perforacion","status":"publish","type":"page","link":"https:\/\/onmytoolings.com\/es\/holemaking-tools\/","title":{"rendered":"Herramientas de perforaci\u00f3n"},"content":{"rendered":"<div data-elementor-type=\"wp-page\" data-elementor-id=\"15109\" class=\"elementor elementor-15109\" data-elementor-post-type=\"page\">\n\t\t\t\t<div class=\"elementor-element elementor-element-5513369 e-flex e-con-boxed e-con e-parent\" data-id=\"5513369\" data-element_type=\"container\" data-e-type=\"container\">\n\t\t\t\t\t<div class=\"e-con-inner\">\n\t\t\t\t<div class=\"elementor-element elementor-element-d0228b5 elementor-widget elementor-widget-heading\" data-id=\"d0228b5\" data-element_type=\"widget\" data-e-type=\"widget\" data-widget_type=\"heading.default\">\n\t\t\t\t<div class=\"elementor-widget-container\">\n\t\t\t\t\t<h1 class=\"elementor-heading-title elementor-size-default\">Herramientas de perforaci\u00f3n<\/h1>\t\t\t\t<\/div>\n\t\t\t\t<\/div>\n\t\t\t\t<div class=\"elementor-element elementor-element-4e86066 elementor-widget elementor-widget-text-editor\" data-id=\"4e86066\" data-element_type=\"widget\" data-e-type=\"widget\" data-widget_type=\"text-editor.default\">\n\t\t\t\t<div class=\"elementor-widget-container\">\n\t\t\t\t\t\t\t\t\t<p>Explore nuestra colecci\u00f3n especializada de herramientas de taladrado, meticulosamente seleccionadas para las aplicaciones metal\u00fargicas m\u00e1s exigentes. Consiga una precisi\u00f3n y eficiencia inigualables con nuestra gama, que incluye brocas en U de alto rendimiento, brocas modulares vers\u00e1tiles, brocas robustas de metal duro para materiales duros y brocas profundas avanzadas de gran alcance.<\/p><p>Dise\u00f1adas espec\u00edficamente para el mecanizado de metales, estas herramientas ofrecen una evacuaci\u00f3n de virutas, una precisi\u00f3n y una vida \u00fatil superiores. Encuentre las herramientas de taladrado perfectas para optimizar sus procesos de fabricaci\u00f3n de metales y obtener resultados excepcionales en todo momento.<\/p>\t\t\t\t\t\t\t\t<\/div>\n\t\t\t\t<\/div>\n\t\t\t\t\t<\/div>\n\t\t\t\t<\/div>\n\t\t<div class=\"elementor-element elementor-element-aff3644 e-flex e-con-boxed e-con e-parent\" data-id=\"aff3644\" data-element_type=\"container\" data-e-type=\"container\">\n\t\t\t\t\t<div class=\"e-con-inner\">\n\t\t<div class=\"elementor-element elementor-element-99c8862 e-grid e-con-full e-con e-child\" data-id=\"99c8862\" data-element_type=\"container\" data-e-type=\"container\">\n\t\t\t\t<div class=\"elementor-element elementor-element-d14d7c6 elementor-position-top elementor-widget elementor-widget-image-box\" data-id=\"d14d7c6\" data-element_type=\"widget\" data-e-type=\"widget\" data-widget_type=\"image-box.default\">\n\t\t\t\t<div class=\"elementor-widget-container\">\n\t\t\t\t\t<div class=\"elementor-image-box-wrapper\"><figure class=\"elementor-image-box-img\"><a href=\"https:\/\/onmytoolings.com\/es\/holemaking-tools\/u-drills\/\" tabindex=\"-1\" target=\"_blank\"><img fetchpriority=\"high\" decoding=\"async\" width=\"1920\" height=\"1080\" src=\"https:\/\/onmytoolings.com\/wp-content\/uploads\/2025\/04\/u-drills.webp\" class=\"attachment-full size-full wp-image-15115\" alt=\"u ejercicios\" srcset=\"https:\/\/onmytoolings.com\/wp-content\/uploads\/2025\/04\/u-drills.webp 1920w, https:\/\/onmytoolings.com\/wp-content\/uploads\/2025\/04\/u-drills-300x169.webp 300w, https:\/\/onmytoolings.com\/wp-content\/uploads\/2025\/04\/u-drills-1024x576.webp 1024w, https:\/\/onmytoolings.com\/wp-content\/uploads\/2025\/04\/u-drills-768x432.webp 768w, https:\/\/onmytoolings.com\/wp-content\/uploads\/2025\/04\/u-drills-1536x864.webp 1536w\" sizes=\"(max-width: 1920px) 100vw, 1920px\" \/><\/a><\/figure><div class=\"elementor-image-box-content\"><h5 class=\"elementor-image-box-title\"><a href=\"https:\/\/onmytoolings.com\/es\/holemaking-tools\/u-drills\/\" target=\"_blank\">Brocas en U para agujeros cortos<\/a><\/h5><p class=\"elementor-image-box-description\">2D,3D,4D,5D,6D utiliza plaquitas WC, y 2D,3D,4D,5D utiliza plaquitas SP para taladrado r\u00e1pido de agujeros cortos.<\/p><\/div><\/div>\t\t\t\t<\/div>\n\t\t\t\t<\/div>\n\t\t\t\t<div class=\"elementor-element elementor-element-152fbfa elementor-position-top elementor-widget elementor-widget-image-box\" data-id=\"152fbfa\" data-element_type=\"widget\" data-e-type=\"widget\" data-widget_type=\"image-box.default\">\n\t\t\t\t<div class=\"elementor-widget-container\">\n\t\t\t\t\t<div class=\"elementor-image-box-wrapper\"><figure class=\"elementor-image-box-img\"><a href=\"https:\/\/onmytoolings.com\/es\/holemaking-tools\/u-drills\/single-insert-u-drill-2\/\" tabindex=\"-1\" target=\"_blank\"><img decoding=\"async\" width=\"1948\" height=\"1020\" src=\"https:\/\/onmytoolings.com\/wp-content\/uploads\/2025\/05\/single-insert-u-drill-1.webp\" class=\"attachment-full size-full wp-image-15364\" alt=\"broca en u de una sola plaquita\" srcset=\"https:\/\/onmytoolings.com\/wp-content\/uploads\/2025\/05\/single-insert-u-drill-1.webp 1948w, https:\/\/onmytoolings.com\/wp-content\/uploads\/2025\/05\/single-insert-u-drill-1-300x157.webp 300w, https:\/\/onmytoolings.com\/wp-content\/uploads\/2025\/05\/single-insert-u-drill-1-1024x536.webp 1024w, https:\/\/onmytoolings.com\/wp-content\/uploads\/2025\/05\/single-insert-u-drill-1-768x402.webp 768w, https:\/\/onmytoolings.com\/wp-content\/uploads\/2025\/05\/single-insert-u-drill-1-1536x804.webp 1536w\" sizes=\"(max-width: 1948px) 100vw, 1948px\" \/><\/a><\/figure><div class=\"elementor-image-box-content\"><h5 class=\"elementor-image-box-title\"><a href=\"https:\/\/onmytoolings.com\/es\/holemaking-tools\/u-drills\/single-insert-u-drill-2\/\" target=\"_blank\">Broca en U de una sola plaquita<\/a><\/h5><p class=\"elementor-image-box-description\">Inserto \u00fanico 2D, 3D <a class=\"wpil_keyword_link\" href=\"https:\/\/onmytoolings.com\/es\/que-es-u-taladro\/\" title=\"\u00bfQu\u00e9 es el ejercicio en U? La gu\u00eda definitiva de los ejercicios en U\" data-wpil-keyword-link=\"linked\" data-wpil-monitor-id=\"844\" target=\"_blank\">u taladro<\/a> para el mecanizado de agujeros peque\u00f1os.<\/p><\/div><\/div>\t\t\t\t<\/div>\n\t\t\t\t<\/div>\n\t\t\t\t<div class=\"elementor-element elementor-element-4383319 elementor-position-top elementor-widget elementor-widget-image-box\" data-id=\"4383319\" data-element_type=\"widget\" data-e-type=\"widget\" data-widget_type=\"image-box.default\">\n\t\t\t\t<div class=\"elementor-widget-container\">\n\t\t\t\t\t<div class=\"elementor-image-box-wrapper\"><figure class=\"elementor-image-box-img\"><a href=\"https:\/\/onmytoolings.com\/es\/hmd-large-diameter-drilling-u-drill-system\/\" tabindex=\"-1\" target=\"_blank\"><img decoding=\"async\" width=\"1921\" height=\"1077\" src=\"https:\/\/onmytoolings.com\/wp-content\/uploads\/2025\/06\/deep-hole-u-drill.webp\" class=\"attachment-full size-full wp-image-15410\" alt=\"taladro profundo en u\" srcset=\"https:\/\/onmytoolings.com\/wp-content\/uploads\/2025\/06\/deep-hole-u-drill.webp 1921w, https:\/\/onmytoolings.com\/wp-content\/uploads\/2025\/06\/deep-hole-u-drill-300x168.webp 300w, https:\/\/onmytoolings.com\/wp-content\/uploads\/2025\/06\/deep-hole-u-drill-1024x574.webp 1024w, https:\/\/onmytoolings.com\/wp-content\/uploads\/2025\/06\/deep-hole-u-drill-768x431.webp 768w, https:\/\/onmytoolings.com\/wp-content\/uploads\/2025\/06\/deep-hole-u-drill-1536x861.webp 1536w\" sizes=\"(max-width: 1921px) 100vw, 1921px\" \/><\/a><\/figure><div class=\"elementor-image-box-content\"><h5 class=\"elementor-image-box-title\"><a href=\"https:\/\/onmytoolings.com\/es\/hmd-large-diameter-drilling-u-drill-system\/\" target=\"_blank\">Sistema HMD: perforaci\u00f3n de agujeros profundos de gran di\u00e1metro<\/a><\/h5><p class=\"elementor-image-box-description\">Insertos 10D wcmx para agujeros profundos <a class=\"wpil_keyword_link\" href=\"https:\/\/onmytoolings.com\/es\/producto\/broca-en-u-cuerpo-2d-mango-20mm-con-plaquita-serie-sp\/\" title=\"Broca en U cuerpo 2D mango 20mm con plaquita serie SP\" data-wpil-keyword-link=\"linked\" data-wpil-monitor-id=\"1087\" target=\"_blank\">u ejercicios<\/a>.<\/p><\/div><\/div>\t\t\t\t<\/div>\n\t\t\t\t<\/div>\n\t\t\t\t<div class=\"elementor-element elementor-element-1bbb5a8 elementor-position-top elementor-widget elementor-widget-image-box\" data-id=\"1bbb5a8\" data-element_type=\"widget\" data-e-type=\"widget\" data-widget_type=\"image-box.default\">\n\t\t\t\t<div class=\"elementor-widget-container\">\n\t\t\t\t\t<div class=\"elementor-image-box-wrapper\"><figure class=\"elementor-image-box-img\"><a href=\"https:\/\/onmytoolings.com\/es\/spade-drills\/\" tabindex=\"-1\" target=\"_blank\"><img loading=\"lazy\" decoding=\"async\" width=\"1923\" height=\"1073\" src=\"https:\/\/onmytoolings.com\/wp-content\/uploads\/2025\/06\/spade-drill.webp\" class=\"attachment-full size-full wp-image-15534\" alt=\"taladro de pala\" srcset=\"https:\/\/onmytoolings.com\/wp-content\/uploads\/2025\/06\/spade-drill.webp 1923w, https:\/\/onmytoolings.com\/wp-content\/uploads\/2025\/06\/spade-drill-300x167.webp 300w, https:\/\/onmytoolings.com\/wp-content\/uploads\/2025\/06\/spade-drill-1024x571.webp 1024w, https:\/\/onmytoolings.com\/wp-content\/uploads\/2025\/06\/spade-drill-768x429.webp 768w, https:\/\/onmytoolings.com\/wp-content\/uploads\/2025\/06\/spade-drill-1536x857.webp 1536w, https:\/\/onmytoolings.com\/wp-content\/uploads\/2025\/06\/spade-drill-18x10.webp 18w\" sizes=\"(max-width: 1923px) 100vw, 1923px\" \/><\/a><\/figure><div class=\"elementor-image-box-content\"><h5 class=\"elementor-image-box-title\"><a href=\"https:\/\/onmytoolings.com\/es\/spade-drills\/\" target=\"_blank\">Taladros de pala<\/a><\/h5><p class=\"elementor-image-box-description\">Rango de tama\u00f1os de orificio D13-D65 mm.,<a class=\"wpil_keyword_link\" href=\"https:\/\/onmytoolings.com\/es\/indexable-inserts-the-cornerstone-of-modern-machining\/\" title=\"Plaquitas indexables: La piedra angular del mecanizado moderno\" data-wpil-keyword-link=\"linked\" data-wpil-monitor-id=\"1471\" target=\"_blank\">plaquitas indexables<\/a> taladros modulares.<\/p><\/div><\/div>\t\t\t\t<\/div>\n\t\t\t\t<\/div>\n\t\t\t\t<div class=\"elementor-element elementor-element-d22eb8f elementor-position-top elementor-widget elementor-widget-image-box\" data-id=\"d22eb8f\" data-element_type=\"widget\" data-e-type=\"widget\" data-widget_type=\"image-box.default\">\n\t\t\t\t<div class=\"elementor-widget-container\">\n\t\t\t\t\t<div class=\"elementor-image-box-wrapper\"><figure class=\"elementor-image-box-img\"><a href=\"https:\/\/onmytoolings.com\/es\/replaceable-tip-drill\/\" tabindex=\"-1\" target=\"_blank\"><img loading=\"lazy\" decoding=\"async\" width=\"1920\" height=\"1080\" src=\"https:\/\/onmytoolings.com\/wp-content\/uploads\/2025\/05\/Replaceable-Tip-Drill.webp\" class=\"attachment-full size-full wp-image-15344\" alt=\"Broca de punta reemplazable\" srcset=\"https:\/\/onmytoolings.com\/wp-content\/uploads\/2025\/05\/Replaceable-Tip-Drill.webp 1920w, https:\/\/onmytoolings.com\/wp-content\/uploads\/2025\/05\/Replaceable-Tip-Drill-300x169.webp 300w, https:\/\/onmytoolings.com\/wp-content\/uploads\/2025\/05\/Replaceable-Tip-Drill-1024x576.webp 1024w, https:\/\/onmytoolings.com\/wp-content\/uploads\/2025\/05\/Replaceable-Tip-Drill-768x432.webp 768w, https:\/\/onmytoolings.com\/wp-content\/uploads\/2025\/05\/Replaceable-Tip-Drill-1536x864.webp 1536w\" sizes=\"(max-width: 1920px) 100vw, 1920px\" \/><\/a><\/figure><div class=\"elementor-image-box-content\"><h5 class=\"elementor-image-box-title\"><a href=\"https:\/\/onmytoolings.com\/es\/replaceable-tip-drill\/\" target=\"_blank\">Broca de punta reemplazable con bloqueo lateral<\/a><\/h5><p class=\"elementor-image-box-description\">Rango de agujeros D10-D28MM; Soporta 3D\/4D\/5D\/6.5D\/8D\/10D; Profundidad de 30mm-260mm.<\/p><\/div><\/div>\t\t\t\t<\/div>\n\t\t\t\t<\/div>\n\t\t\t\t<div class=\"elementor-element elementor-element-4e02c2b elementor-position-top elementor-widget elementor-widget-image-box\" data-id=\"4e02c2b\" data-element_type=\"widget\" data-e-type=\"widget\" data-widget_type=\"image-box.default\">\n\t\t\t\t<div class=\"elementor-widget-container\">\n\t\t\t\t\t<div class=\"elementor-image-box-wrapper\"><figure class=\"elementor-image-box-img\"><a href=\"https:\/\/onmytoolings.com\/es\/holemaking-tools\/back-central-locking-modular-drill\/\" tabindex=\"-1\" target=\"_blank\"><img loading=\"lazy\" decoding=\"async\" width=\"1971\" height=\"1143\" src=\"https:\/\/onmytoolings.com\/wp-content\/uploads\/2025\/07\/modular-drill.webp\" class=\"attachment-full size-full wp-image-15660\" alt=\"taladro modular\" srcset=\"https:\/\/onmytoolings.com\/wp-content\/uploads\/2025\/07\/modular-drill.webp 1971w, https:\/\/onmytoolings.com\/wp-content\/uploads\/2025\/07\/modular-drill-300x174.webp 300w, https:\/\/onmytoolings.com\/wp-content\/uploads\/2025\/07\/modular-drill-1024x594.webp 1024w, https:\/\/onmytoolings.com\/wp-content\/uploads\/2025\/07\/modular-drill-768x445.webp 768w, https:\/\/onmytoolings.com\/wp-content\/uploads\/2025\/07\/modular-drill-1536x891.webp 1536w, https:\/\/onmytoolings.com\/wp-content\/uploads\/2025\/07\/modular-drill-18x10.webp 18w\" sizes=\"(max-width: 1971px) 100vw, 1971px\" \/><\/a><\/figure><div class=\"elementor-image-box-content\"><h5 class=\"elementor-image-box-title\"><a href=\"https:\/\/onmytoolings.com\/es\/holemaking-tools\/back-central-locking-modular-drill\/\" target=\"_blank\">Broca de punta reemplazable con bloqueo central trasero<\/a><\/h5><p class=\"elementor-image-box-description\">Rango de agujeros D12.5-D52MM; Soporta 1.5D\/3D\/5D\/7D\/8.5D\/10D\/12D; Profundidad de 108.5mm-624mm.<\/p><\/div><\/div>\t\t\t\t<\/div>\n\t\t\t\t<\/div>\n\t\t\t\t<\/div>\n\t\t\t\t\t<\/div>\n\t\t\t\t<\/div>\n\t\t\t\t<section class=\"elementor-section elementor-top-section elementor-element elementor-element-6dab919b elementor-section-content-middle elementor-section-boxed elementor-section-height-default elementor-section-height-default\" data-id=\"6dab919b\" data-element_type=\"section\" data-e-type=\"section\" data-settings=\"{&quot;background_background&quot;:&quot;classic&quot;}\">\n\t\t\t\t\t\t<div class=\"elementor-container elementor-column-gap-no\">\n\t\t\t\t\t<div class=\"elementor-column elementor-col-66 elementor-top-column elementor-element elementor-element-6d29e377\" data-id=\"6d29e377\" data-element_type=\"column\" data-e-type=\"column\">\n\t\t\t<div class=\"elementor-widget-wrap elementor-element-populated\">\n\t\t\t\t\t\t<div class=\"elementor-element elementor-element-62ea230c elementor-widget elementor-widget-heading\" data-id=\"62ea230c\" data-element_type=\"widget\" data-e-type=\"widget\" data-widget_type=\"heading.default\">\n\t\t\t\t<div class=\"elementor-widget-container\">\n\t\t\t\t\t<h2 class=\"elementor-heading-title elementor-size-large\">\u00bfLe interesan nuestras herramientas de perforaci\u00f3n?<\/h2>\t\t\t\t<\/div>\n\t\t\t\t<\/div>\n\t\t\t\t<div class=\"elementor-element elementor-element-289cf3fe elementor-widget-divider--view-line elementor-widget elementor-widget-divider\" data-id=\"289cf3fe\" data-element_type=\"widget\" data-e-type=\"widget\" data-widget_type=\"divider.default\">\n\t\t\t\t<div class=\"elementor-widget-container\">\n\t\t\t\t\t\t\t<div class=\"elementor-divider\">\n\t\t\t<span class=\"elementor-divider-separator\">\n\t\t\t\t\t\t<\/span>\n\t\t<\/div>\n\t\t\t\t\t\t<\/div>\n\t\t\t\t<\/div>\n\t\t\t\t<div class=\"elementor-element elementor-element-7096dbf5 elementor-widget elementor-widget-text-editor\" data-id=\"7096dbf5\" data-element_type=\"widget\" data-e-type=\"widget\" data-widget_type=\"text-editor.default\">\n\t\t\t\t<div class=\"elementor-widget-container\">\n\t\t\t\t\t\t\t\t\t<p>ONMY Toolings est\u00e1 creciendo r\u00e1pidamente estos a\u00f1os, \u00a1y siempre damos la bienvenida a socios para trabajar juntos y conseguir beneficios manuales y crecer juntos!<\/p>\t\t\t\t\t\t\t\t<\/div>\n\t\t\t\t<\/div>\n\t\t\t\t\t<\/div>\n\t\t<\/div>\n\t\t\t\t<div class=\"elementor-column elementor-col-33 elementor-top-column elementor-element elementor-element-1b8fa912\" data-id=\"1b8fa912\" data-element_type=\"column\" data-e-type=\"column\">\n\t\t\t<div class=\"elementor-widget-wrap elementor-element-populated\">\n\t\t\t\t\t\t<div class=\"elementor-element elementor-element-3dcbf4cf elementor-align-center elementor-tablet-align-center elementor-widget elementor-widget-button\" data-id=\"3dcbf4cf\" data-element_type=\"widget\" data-e-type=\"widget\" data-widget_type=\"button.default\">\n\t\t\t\t<div class=\"elementor-widget-container\">\n\t\t\t\t\t\t\t\t\t<div class=\"elementor-button-wrapper\">\n\t\t\t\t\t<a class=\"elementor-button elementor-button-link elementor-size-sm\" href=\"#elementor-action%3Aaction%3Dpopup%3Aopen%26settings%3DeyJpZCI6IjEwNDA3IiwidG9nZ2xlIjpmYWxzZX0%3D\">\n\t\t\t\t\t\t<span class=\"elementor-button-content-wrapper\">\n\t\t\t\t\t\t<span class=\"elementor-button-icon\">\n\t\t\t\t<svg aria-hidden=\"true\" class=\"e-font-icon-svg e-fas-arrow-right\" viewbox=\"0 0 448 512\" xmlns=\"http:\/\/www.w3.org\/2000\/svg\"><path d=\"M190.5 66.9l22.2-22.2c9.4-9.4 24.6-9.4 33.9 0L441 239c9.4 9.4 9.4 24.6 0 33.9L246.6 467.3c-9.4 9.4-24.6 9.4-33.9 0l-22.2-22.2c-9.5-9.5-9.3-25 .4-34.3L311.4 296H24c-13.3 0-24-10.7-24-24v-32c0-13.3 10.7-24 24-24h287.4L190.9 101.2c-9.8-9.3-10-24.8-.4-34.3z\"><\/path><\/svg>\t\t\t<\/span>\n\t\t\t\t\t\t\t\t\t<span class=\"elementor-button-text\">Contacto<\/span>\n\t\t\t\t\t<\/span>\n\t\t\t\t\t<\/a>\n\t\t\t\t<\/div>\n\t\t\t\t\t\t\t\t<\/div>\n\t\t\t\t<\/div>\n\t\t\t\t\t<\/div>\n\t\t<\/div>\n\t\t\t\t\t<\/div>\n\t\t<\/section>\n\t\t\t\t<\/div>","protected":false},"excerpt":{"rendered":"<p>Holemaking Tools Explore our specialized collection of holemaking tools, meticulously curated for demanding metalworking applications. Achieve unparalleled precision and efficiency with our range, including high-performance u drills, versatile modular drills, robust solid carbide drills for hard materials, and advanced deep hole drills for extended reach. Designed specifically for machining metals, these tools deliver superior chip [&hellip;]<\/p>\n","protected":false},"author":2,"featured_media":0,"parent":0,"menu_order":0,"comment_status":"closed","ping_status":"closed","template":"","meta":{"_acf_changed":false,"_uag_custom_page_level_css":"","site-sidebar-layout":"no-sidebar","site-content-layout":"page-builder","ast-site-content-layout":"full-width-container","site-content-style":"default","site-sidebar-style":"default","ast-global-header-display":"","ast-banner-title-visibility":"","ast-main-header-display":"","ast-hfb-above-header-display":"","ast-hfb-below-header-display":"","ast-hfb-mobile-header-display":"","site-post-title":"disabled","ast-breadcrumbs-content":"","ast-featured-img":"disabled","footer-sml-layout":"","ast-disable-related-posts":"","theme-transparent-header-meta":"","adv-header-id-meta":"","stick-header-meta":"","header-above-stick-meta":"","header-main-stick-meta":"","header-below-stick-meta":"","astra-migrate-meta-layouts":"set","ast-page-background-enabled":"default","ast-page-background-meta":{"desktop":{"background-color":"","background-image":"","background-repeat":"repeat","background-position":"center center","background-size":"auto","background-attachment":"scroll","background-type":"","background-media":"","overlay-type":"","overlay-color":"","overlay-opacity":"","overlay-gradient":""},"tablet":{"background-color":"","background-image":"","background-repeat":"repeat","background-position":"center center","background-size":"auto","background-attachment":"scroll","background-type":"","background-media":"","overlay-type":"","overlay-color":"","overlay-opacity":"","overlay-gradient":""},"mobile":{"background-color":"","background-image":"","background-repeat":"repeat","background-position":"center center","background-size":"auto","background-attachment":"scroll","background-type":"","background-media":"","overlay-type":"","overlay-color":"","overlay-opacity":"","overlay-gradient":""}},"ast-content-background-meta":{"desktop":{"background-color":"var(--ast-global-color-5)","background-image":"","background-repeat":"repeat","background-position":"center center","background-size":"auto","background-attachment":"scroll","background-type":"","background-media":"","overlay-type":"","overlay-color":"","overlay-opacity":"","overlay-gradient":""},"tablet":{"background-color":"var(--ast-global-color-5)","background-image":"","background-repeat":"repeat","background-position":"center center","background-size":"auto","background-attachment":"scroll","background-type":"","background-media":"","overlay-type":"","overlay-color":"","overlay-opacity":"","overlay-gradient":""},"mobile":{"background-color":"var(--ast-global-color-5)","background-image":"","background-repeat":"repeat","background-position":"center center","background-size":"auto","background-attachment":"scroll","background-type":"","background-media":"","overlay-type":"","overlay-color":"","overlay-opacity":"","overlay-gradient":""}},"footnotes":""},"class_list":["post-15109","page","type-page","status-publish","hentry"],"acf":[],"uagb_featured_image_src":{"full":false,"thumbnail":false,"medium":false,"medium_large":false,"large":false,"1536x1536":false,"2048x2048":false,"trp-custom-language-flag":false},"uagb_author_info":{"display_name":"tom","author_link":"https:\/\/onmytoolings.com\/es\/author\/tom\/"},"uagb_comment_info":0,"uagb_excerpt":"Holemaking Tools Explore our specialized collection of holemaking tools, meticulously curated for demanding metalworking applications. Achieve unparalleled precision and efficiency with our range, including high-performance u drills, versatile modular drills, robust solid carbide drills for hard materials, and advanced deep hole drills for extended reach. Designed specifically for machining metals, these tools deliver superior chip&hellip;","_links":{"self":[{"href":"https:\/\/onmytoolings.com\/es\/wp-json\/wp\/v2\/pages\/15109","targetHints":{"allow":["GET"]}}],"collection":[{"href":"https:\/\/onmytoolings.com\/es\/wp-json\/wp\/v2\/pages"}],"about":[{"href":"https:\/\/onmytoolings.com\/es\/wp-json\/wp\/v2\/types\/page"}],"author":[{"embeddable":true,"href":"https:\/\/onmytoolings.com\/es\/wp-json\/wp\/v2\/users\/2"}],"replies":[{"embeddable":true,"href":"https:\/\/onmytoolings.com\/es\/wp-json\/wp\/v2\/comments?post=15109"}],"version-history":[{"count":58,"href":"https:\/\/onmytoolings.com\/es\/wp-json\/wp\/v2\/pages\/15109\/revisions"}],"predecessor-version":[{"id":18142,"href":"https:\/\/onmytoolings.com\/es\/wp-json\/wp\/v2\/pages\/15109\/revisions\/18142"}],"wp:attachment":[{"href":"https:\/\/onmytoolings.com\/es\/wp-json\/wp\/v2\/media?parent=15109"}],"curies":[{"name":"wp","href":"https:\/\/api.w.org\/{rel}","templated":true}]}}