{"id":15081,"date":"2025-04-15T13:33:42","date_gmt":"2025-04-15T13:33:42","guid":{"rendered":"https:\/\/onmytoolings.com\/?page_id=15081"},"modified":"2025-04-15T13:33:44","modified_gmt":"2025-04-15T13:33:44","slug":"herramientas-aburridas-fuentes-de-datos-detalladas","status":"publish","type":"page","link":"https:\/\/onmytoolings.com\/es\/boring-tools-detailed-data-sources\/","title":{"rendered":"Fuentes de datos detallados sobre herramientas de perforaci\u00f3n"},"content":{"rendered":"<h1 class=\"wp-block-heading\">Referencias para \"Entender las herramientas de mandrinar en el mecanizado de precisi\u00f3n\" con enlaces<\/h1>\n\n\n\n<ol class=\"wp-block-list\">\n<li>Inteligencia de Mordor. (2023). \"Global Machine Tools Market - Growth, Trends, COVID-19 Impact, and Forecasts (2023-2028)\".<br><a href=\"https:\/\/www.mordorintelligence.com\/industry-reports\/machine-tools-market\" rel=\"nofollow noopener\" target=\"_blank\">https:\/\/www.mordorintelligence.com\/industry-reports\/machine-tools-market<\/a><\/li>\n\n\n\n<li>Asociaci\u00f3n de Productos Mecanizados de Precisi\u00f3n (PMPA). (2023). Normas t\u00e9cnicas para <a class=\"wpil_keyword_link\" href=\"https:\/\/onmytoolings.com\/es\/understanding-boring-tools-in-precision-machining-a-comprehensive-guide\/\" title=\"Herramientas de mandrinar en el mecanizado de precisi\u00f3n: Una gu\u00eda completa\" data-wpil-keyword-link=\"linked\" data-wpil-monitor-id=\"105\" target=\"_blank\">Mandrinado de precisi\u00f3n<\/a> Operaciones.<br><a href=\"https:\/\/www.pmpa.org\/technical-resources\/technical-standards\" target=\"_blank\" rel=\"noopener\">https:\/\/www.pmpa.org\/technical-resources\/technical-standards<\/a><\/li>\n\n\n\n<li>Revista Internacional de M\u00e1quinas-Herramienta y Fabricaci\u00f3n. (2022). \"Integridad superficial en operaciones de mandrinado de precisi\u00f3n\".<br><a href=\"https:\/\/www.sciencedirect.com\/journal\/international-journal-of-machine-tools-and-manufacture\" target=\"_blank\" rel=\"noopener\">https:\/\/www.sciencedirect.com\/journal\/international-journal-of-machine-tools-and-manufacture<\/a><\/li>\n\n\n\n<li>Sandvik Coromant. (2023). \"Gu\u00eda t\u00e9cnica: Mandrinado con amortiguaci\u00f3n de vibraciones en entornos de producci\u00f3n\".<br><a href=\"https:\/\/www.sandvik.coromant.com\/en-us\/knowledge\/boring\/pages\/vibration-damped-boring.aspx\" target=\"_blank\" rel=\"noopener\">https:\/\/www.sandvik.coromant.com\/en-us\/knowledge\/boring\/pages\/vibration-damped-boring.aspx<\/a><\/li>\n\n\n\n<li>BIG Kaiser Precision Tooling. (2023). \"Sistemas de mandrinado digital: M\u00e9tricas de precisi\u00f3n y rendimiento\".<br><a href=\"https:\/\/www.bigkaiser.com\/products\/boring-tools\/digital-boring-heads\" target=\"_blank\" rel=\"noopener\">https:\/\/www.bigkaiser.com\/products\/boring-tools\/digital-boring-heads<\/a><\/li>\n\n\n\n<li>Herramientas de precisi\u00f3n Horn. (2022). \"Capacidades de microperforaci\u00f3n en la fabricaci\u00f3n de dispositivos m\u00e9dicos\".<br><a href=\"https:\/\/www.phorn.com\/products\/micro-machining\/micro-boring\" target=\"_blank\" rel=\"noopener\">https:\/\/www.phorn.com\/products\/micro-machining\/micro-boring<\/a><\/li>\n\n\n\n<li>Kennametal Inc. (2023). \"Normas de velocidad de arranque de material para aplicaciones de mandrinado en desbaste\".<br><a href=\"https:\/\/www.kennametal.com\/us\/en\/products\/machining\/holemaking\/boring.html\" target=\"_blank\" rel=\"noopener\">https:\/\/www.kennametal.com\/us\/en\/products\/machining\/holemaking\/boring.html<\/a><\/li>\n\n\n\n<li>Revista Modern Machine Shop. (2022). \"Encuesta sobre pr\u00e1cticas de mecanizado de precisi\u00f3n\".<br><a href=\"https:\/\/www.mmsonline.com\/articles\/precision-machining-survey-results\" target=\"_blank\" rel=\"noopener\">https:\/\/www.mmsonline.com\/articles\/precision-machining-survey-results<\/a><\/li>\n\n\n\n<li>Revista de Ciencia e Ingenier\u00eda de Fabricaci\u00f3n. (2023). \"Precisi\u00f3n geom\u00e9trica en agujeros mecanizados\".<br><a href=\"https:\/\/asmedigitalcollection.asme.org\/manufacturingscience\" target=\"_blank\" rel=\"noopener\">https:\/\/asmedigitalcollection.asme.org\/manufacturingscience<\/a><\/li>\n\n\n\n<li>Mitsubishi Materials Corporation. (2022). \"Caracter\u00edsticas del acabado superficial en el mandrinado de precisi\u00f3n\".<br><a href=\"https:\/\/www.mitsubishicarbide.com\/en\/technical_information\/tec_boring\" target=\"_blank\" rel=\"noopener\">https:\/\/www.mitsubishicarbide.com\/en\/technical_information\/tec_boring<\/a><\/li>\n\n\n\n<li>Organizaci\u00f3n Internacional de Constructores de Autom\u00f3viles (OICA). (2023). \"Componentes de precisi\u00f3n en la fabricaci\u00f3n moderna de autom\u00f3viles\".<br><a href=\"https:\/\/www.oica.net\/category\/production-statistics\/\" target=\"_blank\" rel=\"noopener\">https:\/\/www.oica.net\/category\/production-statistics\/<\/a><\/li>\n\n\n\n<li>Norma aeroespacial AS478. (2022). \"Marcas de identificaci\u00f3n para orificios c\u00f3nicos\".<br><a href=\"https:\/\/www.sae.org\/standards\/content\/as478\/\" target=\"_blank\" rel=\"noopener\">https:\/\/www.sae.org\/standards\/content\/as478\/<\/a><\/li>\n\n\n\n<li>Asociaci\u00f3n para la Tecnolog\u00eda de Fabricaci\u00f3n (AMT). (2023). \"Gasto anual en utillaje de precisi\u00f3n\".<br><a href=\"https:\/\/www.amtonline.org\/resources\/business-intelligence\" target=\"_blank\" rel=\"noopener\">https:\/\/www.amtonline.org\/resources\/business-intelligence<\/a><\/li>\n\n\n\n<li>Organizaci\u00f3n Internacional de Normalizaci\u00f3n. (2022). \"ISO 26622-1: Husillos de m\u00e1quina herramienta y portaherramientas\".<br><a href=\"https:\/\/www.iso.org\/standard\/43497.html\" target=\"_blank\" rel=\"noopener\">https:\/\/www.iso.org\/standard\/43497.html<\/a><\/li>\n\n\n\n<li>Centro de Tecnolog\u00eda de Fabricaci\u00f3n (CTF). (2023). \"Materiales avanzados en el dise\u00f1o de herramientas de mandrinado\".<br><a href=\"https:\/\/www.the-mtc.org\/research\/machining-technology\" target=\"_blank\" rel=\"noopener\">https:\/\/www.the-mtc.org\/research\/machining-technology<\/a><\/li>\n\n\n\n<li>Herramientas Seco. (2022). \"Efectos de la geometr\u00eda de la plaquita en el rendimiento de corte\".<br><a href=\"https:\/\/www.secotools.com\/article\/84216\" target=\"_blank\" rel=\"noopener\">https:\/\/www.secotools.com\/article\/84216<\/a><\/li>\n\n\n\n<li>T\u00e9cnico de Iscar. (2023). \"Sistemas de sujeci\u00f3n para mecanizado de alto rendimiento\".<br><a href=\"https:\/\/www.iscar.com\/Products.aspx\/countryid\/1\/ProductId\/13085\" target=\"_blank\" rel=\"noopener\">https:\/\/www.iscar.com\/Products.aspx\/countryid\/1\/ProductId\/13085<\/a><\/li>\n\n\n\n<li>Wohlhaupter GmbH. (2023). \"Estudio de precisi\u00f3n a largo plazo de cabezales de mandrinado digitales\".<br><a href=\"https:\/\/www.wohlhaupter.com\/en\/products\/precision-boring-tools\/\" target=\"_blank\" rel=\"noopener\">https:\/\/www.wohlhaupter.com\/en\/products\/precision-boring-tools\/<\/a><\/li>\n\n\n\n<li>Revista Internacional de M\u00e1quinas-Herramienta y Fabricaci\u00f3n. (2023). \"Aplicaciones de refrigerante de alta presi\u00f3n en materiales dif\u00edciles de mecanizar\".<br><a href=\"https:\/\/www.sciencedirect.com\/journal\/international-journal-of-machine-tools-and-manufacture\" target=\"_blank\" rel=\"noopener\">https:\/\/www.sciencedirect.com\/journal\/international-journal-of-machine-tools-and-manufacture<\/a><\/li>\n\n\n\n<li>Laboratorio de Investigaci\u00f3n en Fabricaci\u00f3n, Universidad de Michigan. (2022). \"Estudio comparativo de procesos de fabricaci\u00f3n de agujeros\".<br><a href=\"https:\/\/me.engin.umich.edu\/research\/manufacturing\/\" target=\"_blank\" rel=\"noopener\">https:\/\/me.engin.umich.edu\/research\/manufacturing\/<\/a><\/li>\n\n\n\n<li>Zeiss Metrolog\u00eda Industrial. (2023). \"An\u00e1lisis del acabado superficial de agujeros taladrados frente a agujeros perforados\".<br><a href=\"https:\/\/www.zeiss.com\/metrology\/products\/software\/zeiss-metrology-software\/surface.html\" target=\"_blank\" rel=\"noopener\">https:\/\/www.zeiss.com\/metrology\/products\/software\/zeiss-metrology-software\/surface.html<\/a><\/li>\n\n\n\n<li>Revista de ingenier\u00eda de precisi\u00f3n. (2022). \"Caracter\u00edsticas de la calidad del agujero en el mecanizado de precisi\u00f3n\".<br><a href=\"https:\/\/www.sciencedirect.com\/journal\/precision-engineering\" target=\"_blank\" rel=\"noopener\">https:\/\/www.sciencedirect.com\/journal\/precision-engineering<\/a><\/li>\n\n\n\n<li>Herramientas de precisi\u00f3n Horn. (2023). \"Capacidades de tolerancia de microperforaci\u00f3n\".<br><a href=\"https:\/\/www.phorn.com\/products\/micro-machining\/micro-boring\" target=\"_blank\" rel=\"noopener\">https:\/\/www.phorn.com\/products\/micro-machining\/micro-boring<\/a><\/li>\n\n\n\n<li>Grand View Research. (2023). \"An\u00e1lisis del mercado de equipos de fabricaci\u00f3n de dispositivos m\u00e9dicos\".<br><a href=\"https:\/\/www.grandviewresearch.com\/industry-analysis\/medical-device-manufacturing-equipment-market\" target=\"_blank\" rel=\"noopener\">https:\/\/www.grandviewresearch.com\/industry-analysis\/medical-device-manufacturing-equipment-market<\/a><\/li>\n\n\n\n<li>Revista Internacional de M\u00e1quinas-Herramienta y Fabricaci\u00f3n. (2022). \"Avances recientes en la investigaci\u00f3n y aplicaciones del control de virutas\".<br><a href=\"https:\/\/www.sciencedirect.com\/journal\/international-journal-of-machine-tools-and-manufacture\" target=\"_blank\" rel=\"noopener\">https:\/\/www.sciencedirect.com\/journal\/international-journal-of-machine-tools-and-manufacture<\/a><\/li>\n\n\n\n<li>Instituto Fraunhofer de Tecnolog\u00eda de la Producci\u00f3n. (2023). \"Mejora de la vida \u00fatil de las herramientas mediante recubrimientos avanzados\".<br><a href=\"https:\/\/www.ipt.fraunhofer.de\/en\/research-development\/precision-manufacturing.html\" target=\"_blank\" rel=\"noopener\">https:\/\/www.ipt.fraunhofer.de\/en\/research-development\/precision-manufacturing.html<\/a><\/li>\n\n\n\n<li>Sandvik Coromant. (2022). \"Estudios de vida \u00fatil de herramientas: Rendimiento de materiales y recubrimientos\".<br><a href=\"https:\/\/www.sandvik.coromant.com\/en-us\/knowledge\/general-turning\/pages\/tool-life-determination.aspx\" target=\"_blank\" rel=\"noopener\">https:\/\/www.sandvik.coromant.com\/en-us\/knowledge\/general-turning\/pages\/tool-life-determination.aspx<\/a><\/li>\n\n\n\n<li>Revista de ingenier\u00eda de fabricaci\u00f3n. (2023). \"Requisitos de precisi\u00f3n en la fabricaci\u00f3n moderna\".<br><a href=\"https:\/\/www.sme.org\/technologies\/articles\/\" target=\"_blank\" rel=\"noopener\">https:\/\/www.sme.org\/technologies\/articles\/<\/a><\/li>\n\n\n\n<li>Big Kaiser Precision Tooling. (2022). Rendimiento de las barras de mandrinar con relaciones longitud-di\u00e1metro ampliadas.<br><a href=\"https:\/\/www.bigkaiser.com\/products\/boring-tools\/boring-bars\" target=\"_blank\" rel=\"noopener\">https:\/\/www.bigkaiser.com\/products\/boring-tools\/boring-bars<\/a><\/li>\n\n\n\n<li>Revista de sistemas de fabricaci\u00f3n. (2023). \"An\u00e1lisis econ\u00f3mico del utillaje especializado frente al de uso general\".<br><a href=\"https:\/\/www.sciencedirect.com\/journal\/journal-of-manufacturing-systems\" target=\"_blank\" rel=\"noopener\">https:\/\/www.sciencedirect.com\/journal\/journal-of-manufacturing-systems<\/a><\/li>\n\n\n\n<li>Fundaci\u00f3n para la Investigaci\u00f3n de Tecnolog\u00edas de M\u00e1quinas-Herramienta. (2022). \"Ajuste m\u00e1quina-herramienta para un rendimiento \u00f3ptimo\".<br><a href=\"https:\/\/www.mttrf.org\/research\/\" target=\"_blank\" rel=\"noopener\">https:\/\/www.mttrf.org\/research\/<\/a><\/li>\n\n\n\n<li>Centro de Tecnolog\u00eda de Fabricaci\u00f3n (CTF). (2023). \"Efectos del voladizo de la herramienta en las m\u00e9tricas de rendimiento\".<br><a href=\"https:\/\/www.the-mtc.org\/research\/machining-technology\" target=\"_blank\" rel=\"noopener\">https:\/\/www.the-mtc.org\/research\/machining-technology<\/a><\/li>\n\n\n\n<li>Kennametal Inc. (2023). \"Par\u00e1metros de corte recomendados por grupo de materiales\".<br><a href=\"https:\/\/www.kennametal.com\/us\/en\/resources\/engineering-calculators\/turning-calculators.html\" target=\"_blank\" rel=\"noopener\">https:\/\/www.kennametal.com\/us\/en\/resources\/engineering-calculators\/turning-calculators.html<\/a><\/li>\n\n\n\n<li>Herramientas Seco. (2022). \"Predicci\u00f3n y evitaci\u00f3n de vibraciones en operaciones de perforaci\u00f3n\".<br><a href=\"https:\/\/www.secotools.com\/article\/84607\" target=\"_blank\" rel=\"noopener\">https:\/\/www.secotools.com\/article\/84607<\/a><\/li>\n\n\n\n<li>Revista de Tecnolog\u00eda de Procesado de Materiales. (2023). \"Efectos del enfriamiento en el rendimiento de la herramienta y la calidad superficial\".<br><a href=\"https:\/\/www.sciencedirect.com\/journal\/journal-of-materials-processing-technology\" target=\"_blank\" rel=\"noopener\">https:\/\/www.sciencedirect.com\/journal\/journal-of-materials-processing-technology<\/a><\/li>\n\n\n\n<li>Asociaci\u00f3n de Productos Mecanizados de Precisi\u00f3n. (2022). \"Estudio de impacto del mantenimiento proactivo de herramientas\".<br><a href=\"https:\/\/www.pmpa.org\/technical-resources\/technical-reports\" target=\"_blank\" rel=\"noopener\">https:\/\/www.pmpa.org\/technical-resources\/technical-reports<\/a><\/li>\n\n\n\n<li>Utillaje Iscar. (2023). \"Correlaci\u00f3n del acabado superficial con la geometr\u00eda del inserto\".<br><a href=\"https:\/\/www.iscar.com\/newarticles.aspx\/countryid\/1\/newarticleid\/1246\" target=\"_blank\" rel=\"noopener\">https:\/\/www.iscar.com\/newarticles.aspx\/countryid\/1\/newarticleid\/1246<\/a><\/li>\n\n\n\n<li>Instituto Nacional de Normas y Tecnolog\u00eda (NIST). (2023). \"Efectos t\u00e9rmicos en operaciones de mecanizado de precisi\u00f3n\".<br><a href=\"https:\/\/www.nist.gov\/publications\/thermal-effects-precision-machining\" target=\"_blank\" rel=\"noopener\">https:\/\/www.nist.gov\/publications\/thermal-effects-precision-machining<\/a><\/li>\n\n\n\n<li>Sandvik Coromant. (2022). \"Caracter\u00edsticas de amortiguaci\u00f3n de los materiales de las barras de mandrinar\".<br><a href=\"https:\/\/www.sandvik.coromant.com\/en-us\/products\/silent-tools\/pages\/boring.aspx\" target=\"_blank\" rel=\"noopener\">https:\/\/www.sandvik.coromant.com\/en-us\/products\/silent-tools\/pages\/boring.aspx<\/a><\/li>\n\n\n\n<li>Laboratorio de Investigaci\u00f3n en Fabricaci\u00f3n. (2023). \"Retos del control de virutas en el mecanizado de agujeros profundos\".<br><a href=\"https:\/\/me.engin.umich.edu\/research\/manufacturing\/\" target=\"_blank\" rel=\"noopener\">https:\/\/me.engin.umich.edu\/research\/manufacturing\/<\/a><\/li>\n\n\n\n<li>Revista de ingenier\u00eda de herramientas de corte. (2023). \"Rendimiento avanzado del recubrimiento en materiales endurecidos\".<br><a href=\"https:\/\/www.ctemag.com\/articles\/coatings-increase-tool-life\" target=\"_blank\" rel=\"noopener\">https:\/\/www.ctemag.com\/articles\/coatings-increase-tool-life<\/a><\/li>\n\n\n\n<li>Maquinista americano. (2022). \"Sistemas modulares de utillaje: An\u00e1lisis del impacto econ\u00f3mico\".<br><a href=\"https:\/\/www.americanmachinist.com\/cutting-tools\/article\/\" target=\"_blank\" rel=\"noopener\">https:\/\/www.americanmachinist.com\/cutting-tools\/article\/<\/a><\/li>\n\n\n\n<li>Centro de Tecnolog\u00eda de Fabricaci\u00f3n. (2023). \"Herramientas inteligentes e integraci\u00f3n de sensores en herramientas de corte\".<br><a href=\"https:\/\/www.the-mtc.org\/research\/digital-engineering\" target=\"_blank\" rel=\"noopener\">https:\/\/www.the-mtc.org\/research\/digital-engineering<\/a><\/li>\n\n\n\n<li>Big Kaiser &amp; D'Andrea. (2023). \"Capacidades de precisi\u00f3n de los modernos sistemas de mandrinado digital\".<br><a href=\"https:\/\/www.bigkaiser.com\/products\/boring-tools\/digital-boring-heads\" target=\"_blank\" rel=\"noopener\">https:\/\/www.bigkaiser.com\/products\/boring-tools\/digital-boring-heads<\/a><\/li>\n\n\n\n<li>Analistas de la industria mundial. (2023). \"Mercado de las herramientas de mandrinar: Perspectivas y previsiones mundiales 2023-2028\".<br><a href=\"https:\/\/www.strategyr.com\/market-report-boring-tools-forecasts-global-industry-analysts-inc.asp\" target=\"_blank\" rel=\"noopener\">https:\/\/www.strategyr.com\/market-report-boring-tools-forecasts-global-industry-analysts-inc.asp<\/a><\/li>\n<\/ol>","protected":false},"excerpt":{"rendered":"<p>Referencias para \"Entender las herramientas de mandrinar en el mecanizado de precisi\u00f3n\" con enlaces<\/p>","protected":false},"author":2,"featured_media":0,"parent":0,"menu_order":0,"comment_status":"closed","ping_status":"closed","template":"","meta":{"_acf_changed":false,"_uag_custom_page_level_css":"","site-sidebar-layout":"default","site-content-layout":"","ast-site-content-layout":"default","site-content-style":"default","site-sidebar-style":"default","ast-global-header-display":"","ast-banner-title-visibility":"","ast-main-header-display":"","ast-hfb-above-header-display":"","ast-hfb-below-header-display":"","ast-hfb-mobile-header-display":"","site-post-title":"","ast-breadcrumbs-content":"","ast-featured-img":"","footer-sml-layout":"","ast-disable-related-posts":"","theme-transparent-header-meta":"","adv-header-id-meta":"","stick-header-meta":"","header-above-stick-meta":"","header-main-stick-meta":"","header-below-stick-meta":"","astra-migrate-meta-layouts":"set","ast-page-background-enabled":"default","ast-page-background-meta":{"desktop":{"background-color":"","background-image":"","background-repeat":"repeat","background-position":"center center","background-size":"auto","background-attachment":"scroll","background-type":"","background-media":"","overlay-type":"","overlay-color":"","overlay-opacity":"","overlay-gradient":""},"tablet":{"background-color":"","background-image":"","background-repeat":"repeat","background-position":"center center","background-size":"auto","background-attachment":"scroll","background-type":"","background-media":"","overlay-type":"","overlay-color":"","overlay-opacity":"","overlay-gradient":""},"mobile":{"background-color":"","background-image":"","background-repeat":"repeat","background-position":"center center","background-size":"auto","background-attachment":"scroll","background-type":"","background-media":"","overlay-type":"","overlay-color":"","overlay-opacity":"","overlay-gradient":""}},"ast-content-background-meta":{"desktop":{"background-color":"var(--ast-global-color-5)","background-image":"","background-repeat":"repeat","background-position":"center center","background-size":"auto","background-attachment":"scroll","background-type":"","background-media":"","overlay-type":"","overlay-color":"","overlay-opacity":"","overlay-gradient":""},"tablet":{"background-color":"var(--ast-global-color-5)","background-image":"","background-repeat":"repeat","background-position":"center center","background-size":"auto","background-attachment":"scroll","background-type":"","background-media":"","overlay-type":"","overlay-color":"","overlay-opacity":"","overlay-gradient":""},"mobile":{"background-color":"var(--ast-global-color-5)","background-image":"","background-repeat":"repeat","background-position":"center center","background-size":"auto","background-attachment":"scroll","background-type":"","background-media":"","overlay-type":"","overlay-color":"","overlay-opacity":"","overlay-gradient":""}},"footnotes":""},"class_list":["post-15081","page","type-page","status-publish","hentry"],"acf":[],"uagb_featured_image_src":{"full":false,"thumbnail":false,"medium":false,"medium_large":false,"large":false,"1536x1536":false,"2048x2048":false,"trp-custom-language-flag":false},"uagb_author_info":{"display_name":"tom","author_link":"https:\/\/onmytoolings.com\/es\/author\/tom\/"},"uagb_comment_info":0,"uagb_excerpt":"References for &#8220;Understanding Boring Tools in Precision Machining&#8221; with Links","_links":{"self":[{"href":"https:\/\/onmytoolings.com\/es\/wp-json\/wp\/v2\/pages\/15081","targetHints":{"allow":["GET"]}}],"collection":[{"href":"https:\/\/onmytoolings.com\/es\/wp-json\/wp\/v2\/pages"}],"about":[{"href":"https:\/\/onmytoolings.com\/es\/wp-json\/wp\/v2\/types\/page"}],"author":[{"embeddable":true,"href":"https:\/\/onmytoolings.com\/es\/wp-json\/wp\/v2\/users\/2"}],"replies":[{"embeddable":true,"href":"https:\/\/onmytoolings.com\/es\/wp-json\/wp\/v2\/comments?post=15081"}],"version-history":[{"count":3,"href":"https:\/\/onmytoolings.com\/es\/wp-json\/wp\/v2\/pages\/15081\/revisions"}],"predecessor-version":[{"id":17752,"href":"https:\/\/onmytoolings.com\/es\/wp-json\/wp\/v2\/pages\/15081\/revisions\/17752"}],"wp:attachment":[{"href":"https:\/\/onmytoolings.com\/es\/wp-json\/wp\/v2\/media?parent=15081"}],"curies":[{"name":"wp","href":"https:\/\/api.w.org\/{rel}","templated":true}]}}