{"id":1152,"date":"2023-03-16T06:39:14","date_gmt":"2023-03-16T06:39:14","guid":{"rendered":"https:\/\/onmytoolings.com\/?page_id=1152"},"modified":"2023-08-12T09:18:46","modified_gmt":"2023-08-12T09:18:46","slug":"condiciones","status":"publish","type":"page","link":"https:\/\/onmytoolings.com\/es\/terms-conditions\/","title":{"rendered":"Condiciones generales"},"content":{"rendered":"<div data-elementor-type=\"wp-page\" data-elementor-id=\"1152\" class=\"elementor elementor-1152\" data-elementor-post-type=\"page\">\n\t\t\t\t<div class=\"elementor-element elementor-element-8f04f62 e-flex e-con-boxed e-con e-parent\" data-id=\"8f04f62\" data-element_type=\"container\" data-e-type=\"container\">\n\t\t\t\t\t<div class=\"e-con-inner\">\n\t\t\t\t<div class=\"elementor-element elementor-element-b71fb47 elementor-widget elementor-widget-heading\" data-id=\"b71fb47\" data-element_type=\"widget\" data-e-type=\"widget\" data-widget_type=\"heading.default\">\n\t\t\t\t<div class=\"elementor-widget-container\">\n\t\t\t\t\t<h2 class=\"elementor-heading-title elementor-size-default\">Condiciones generales<\/h2>\t\t\t\t<\/div>\n\t\t\t\t<\/div>\n\t\t\t\t<div class=\"elementor-element elementor-element-c08a0ef elementor-widget elementor-widget-text-editor\" data-id=\"c08a0ef\" data-element_type=\"widget\" data-e-type=\"widget\" data-widget_type=\"text-editor.default\">\n\t\t\t\t<div class=\"elementor-widget-container\">\n\t\t\t\t\t\t\t\t\t<div class=\"elementor-element elementor-element-2bd55ec elementor-widget elementor-widget-text-editor\" data-id=\"2bd55ec\" data-element_type=\"widget\" data-widget_type=\"text-editor.default\"><div class=\"elementor-widget-container\"><p>\u00a1Bienvenido a onmytoolings!<\/p><p>Estos t\u00e9rminos y condiciones describen las normas y reglamentos de uso del sitio web de stitchsilk, ubicado en https:\/\/https:\/\/onmytoolings.com\/\/.<\/p><p>Al acceder a este sitio web, asumimos que acepta estos t\u00e9rminos y condiciones. No contin\u00fae utilizando stitchsilk si no est\u00e1 de acuerdo en aceptar todos los t\u00e9rminos y condiciones establecidos en esta p\u00e1gina.<\/p><\/div><\/div><div class=\"elementor-element elementor-element-c529598 elementor-widget elementor-widget-heading\" data-id=\"c529598\" data-element_type=\"widget\" data-widget_type=\"heading.default\"><div class=\"elementor-widget-container\"><h2 class=\"elementor-heading-title elementor-size-default\">Galletas:<\/h2><\/div><\/div><div class=\"elementor-element elementor-element-18345fc elementor-widget elementor-widget-text-editor\" data-id=\"18345fc\" data-element_type=\"widget\" data-widget_type=\"text-editor.default\"><div class=\"elementor-widget-container\"><p>El sitio web utiliza cookies para ayudar a personalizar su experiencia en l\u00ednea. Al acceder a onmytoolings, aceptas el uso de las cookies necesarias.<\/p><p>Una cookie es un archivo de texto que un servidor de p\u00e1ginas web coloca en su disco duro. Las cookies no pueden utilizarse para ejecutar programas o introducir virus en su ordenador. Las cookies se le asignan de forma exclusiva y s\u00f3lo pueden ser le\u00eddas por un servidor web en el dominio que emiti\u00f3 la cookie para usted.<\/p><p>Podemos utilizar cookies para recoger, almacenar y rastrear informaci\u00f3n con fines estad\u00edsticos o de marketing para el funcionamiento de nuestro sitio web. Puede aceptar o rechazar las cookies opcionales. Hay algunas cookies obligatorias que son necesarias para el funcionamiento de nuestro sitio web. Estas cookies no requieren su consentimiento ya que siempre funcionan. Tenga en cuenta que al aceptar las Cookies obligatorias, tambi\u00e9n acepta las Cookies de terceros, que podr\u00edan utilizarse a trav\u00e9s de servicios prestados por terceros si utiliza dichos servicios en nuestro sitio web, por ejemplo, una ventana de visualizaci\u00f3n de v\u00eddeo proporcionada por terceros e integrada en nuestro sitio web.<\/p><\/div><\/div><div class=\"elementor-element elementor-element-5e2cd59 elementor-widget elementor-widget-heading\" data-id=\"5e2cd59\" data-element_type=\"widget\" data-widget_type=\"heading.default\"><div class=\"elementor-widget-container\"><h2 class=\"elementor-heading-title elementor-size-default\">Licencia:<\/h2><\/div><\/div><div class=\"elementor-element elementor-element-1751fd7 elementor-widget elementor-widget-text-editor\" data-id=\"1751fd7\" data-element_type=\"widget\" data-widget_type=\"text-editor.default\"><div class=\"elementor-widget-container\"><p>A menos que se indique lo contrario, onmy LLC y\/o sus licenciantes poseen los derechos de propiedad intelectual de todo el material de onmy. Todos los derechos de propiedad intelectual est\u00e1n reservados. Puede acceder a este material desde onmy para su uso personal sujeto a las restricciones establecidas en estos t\u00e9rminos y condiciones.<\/p><p>No debes hacerlo:<\/p><ul><li>Copiar o volver a publicar material de onmytoolings<\/li><li>Vender, alquilar o sublicenciar material de onmytoolings<\/li><li>Reproducir, duplicar o copiar material de onmytoolings<\/li><li>Redistribuir contenido de onmytoolings<\/li><\/ul><p>El presente Acuerdo entrar\u00e1 en vigor en la fecha del mismo.<\/p><p>Algunas partes de este sitio web ofrecen a los usuarios la oportunidad de publicar e intercambiar opiniones e informaci\u00f3n en determinadas \u00e1reas del sitio web. onmy LLC no filtra, edita, publica ni revisa los Comentarios antes de su presencia en el sitio web. Los comentarios no reflejan los puntos de vista ni las opiniones de onmy LLC, sus agentes y\/o afiliados. Los comentarios reflejan los puntos de vista y opiniones de la persona que los publica. En la medida en que lo permita la legislaci\u00f3n aplicable, onmy LLC no ser\u00e1 responsable de los Comentarios ni de ninguna responsabilidad, da\u00f1os o gastos causados y\/o sufridos como resultado de cualquier uso y\/o publicaci\u00f3n y\/o aparici\u00f3n de los Comentarios en este sitio web.<\/p><p>onmy LLC se reserva el derecho de supervisar todos los Comentarios y eliminar cualquier Comentario que pueda considerarse inapropiado, ofensivo o que infrinja estas Condiciones.<\/p><p>Usted garantiza y declara que:<\/p><ul><li>Usted tiene derecho a publicar los Comentarios en nuestro sitio web y dispone de todas las licencias y consentimientos necesarios para hacerlo;<\/li><li>Los Comentarios no invaden ning\u00fan derecho de propiedad intelectual, incluidos, entre otros, derechos de autor, patentes o marcas registradas de terceros;<\/li><li>Los Comentarios no contienen ning\u00fan material difamatorio, calumnioso, ofensivo, indecente o il\u00edcito por cualquier otro motivo, que suponga una invasi\u00f3n de la intimidad.<\/li><li>Los Comentarios no se utilizar\u00e1n para solicitar o promocionar negocios o costumbres ni para presentar actividades comerciales o il\u00edcitas.<\/li><\/ul><p>Por la presente, concede a onmy LLC una licencia no exclusiva para utilizar, reproducir, editar y autorizar a otros a utilizar, reproducir y editar cualquiera de sus Comentarios en todas y cada una de las formas, formatos o medios.<\/p><\/div><\/div><div class=\"elementor-element elementor-element-24fd5df elementor-widget elementor-widget-heading\" data-id=\"24fd5df\" data-element_type=\"widget\" data-widget_type=\"heading.default\"><div class=\"elementor-widget-container\"><h2 class=\"elementor-heading-title elementor-size-default\">Hiperv\u00ednculos a nuestro Contenido:<\/h2><\/div><\/div><div class=\"elementor-element elementor-element-fb54405 elementor-widget elementor-widget-text-editor\" data-id=\"fb54405\" data-element_type=\"widget\" data-widget_type=\"text-editor.default\"><div class=\"elementor-widget-container\"><p>Las siguientes organizaciones pueden enlazar con nuestro sitio web sin autorizaci\u00f3n previa por escrito:<\/p><ul><li>Agencias gubernamentales;<\/li><li>Motores de b\u00fasqueda;<\/li><li>Organizaciones de noticias;<\/li><li>Los distribuidores de directorios en l\u00ednea pueden enlazar con nuestro sitio Web de la misma forma que hiperenlazan con los sitios Web de otras empresas incluidas en la lista; y<\/li><li>Empresas acreditadas en todo el sistema, excepto organizaciones sin \u00e1nimo de lucro, centros comerciales ben\u00e9ficos y grupos de recaudaci\u00f3n de fondos ben\u00e9ficos que no pueden establecer hiperv\u00ednculos con nuestro sitio web.<\/li><\/ul><p>Estas organizaciones pueden enlazar con nuestra p\u00e1gina de inicio, con publicaciones o con otra informaci\u00f3n del sitio web siempre que el enlace (a) no sea en modo alguno enga\u00f1oso; (b) no implique falsamente el patrocinio, respaldo o aprobaci\u00f3n de la parte enlazante y sus productos y\/o servicios; y (c) se ajuste al contexto del sitio de la parte enlazante.<\/p><p>Podemos considerar y aprobar otras solicitudes de enlaces de los siguientes tipos de organizaciones:<\/p><ul><li>fuentes de informaci\u00f3n com\u00fanmente conocidas de consumidores y\/o empresas;<\/li><li>sitios de la comunidad punto.com;<\/li><li>asociaciones u otros grupos que representen a organizaciones ben\u00e9ficas;<\/li><li>distribuidores de directorios en l\u00ednea;<\/li><li>portales de internet;<\/li><li>empresas de contabilidad, abogac\u00eda y consultor\u00eda; y<\/li><li>instituciones educativas y asociaciones comerciales.<\/li><\/ul><p>Aprobaremos las solicitudes de enlace de estas organizaciones si decidimos que (a) el enlace no nos har\u00eda quedar mal con nosotros mismos o con nuestras empresas acreditadas; (b) la organizaci\u00f3n no tiene antecedentes negativos con nosotros; (c) el beneficio para nosotros de la visibilidad del hiperv\u00ednculo compensa la ausencia de onmy LLC; y (d) el enlace est\u00e1 en el contexto de informaci\u00f3n general sobre recursos.<\/p><p>Estas organizaciones pueden enlazar con nuestra p\u00e1gina de inicio siempre que el enlace (a) no sea en modo alguno enga\u00f1oso; (b) no implique falsamente el patrocinio, respaldo o aprobaci\u00f3n de la parte enlazante y sus productos o servicios; y (c) se ajuste al contexto del sitio de la parte enlazante.<\/p><p>Si usted es una de las organizaciones enumeradas en el apartado 2 anterior y est\u00e1 interesado en establecer un enlace con nuestro sitio web, debe informarnos enviando un correo electr\u00f3nico a stitchsilk LLC. Por favor, incluya su nombre, el nombre de su organizaci\u00f3n, informaci\u00f3n de contacto, as\u00ed como la URL de su sitio, una lista de las URL desde las que pretende enlazar a nuestro sitio web y una lista de las URL de nuestro sitio a las que le gustar\u00eda enlazar. Espere 2-3 semanas a recibir una respuesta.<\/p><p>Las organizaciones autorizadas pueden establecer hiperenlaces con nuestro sitio web de la siguiente manera:<\/p><ul><li>Mediante el uso de nuestro nombre corporativo; o<\/li><li>Mediante el uso del localizador uniforme de recursos al que se enlaza; o<\/li><li>Utilizar cualquier otra descripci\u00f3n de nuestro sitio web enlazado que tenga sentido dentro del contexto y el formato del contenido del sitio de la parte que realiza el enlace.<\/li><\/ul><p>No se permitir\u00e1 el uso del logotipo u otras ilustraciones de onmy LLC para establecer enlaces sin un acuerdo de licencia de marca comercial.<\/p><\/div><\/div><div class=\"elementor-element elementor-element-ef72b80 elementor-widget elementor-widget-heading\" data-id=\"ef72b80\" data-element_type=\"widget\" data-widget_type=\"heading.default\"><div class=\"elementor-widget-container\"><h2 class=\"elementor-heading-title elementor-size-default\">Responsabilidad por contenidos:<\/h2><\/div><\/div><div class=\"elementor-element elementor-element-92a6100 elementor-widget elementor-widget-text-editor\" data-id=\"92a6100\" data-element_type=\"widget\" data-widget_type=\"text-editor.default\"><div class=\"elementor-widget-container\"><p>No seremos responsables de ning\u00fan contenido que aparezca en su sitio web. Usted se compromete a protegernos y defendernos de todas las reclamaciones que se planteen en su Sitio Web. No deben aparecer enlaces en ning\u00fan sitio web que puedan interpretarse como difamatorios, obscenos o delictivos, o que infrinjan, violen de otro modo o propugnen la infracci\u00f3n u otra violaci\u00f3n de los derechos de terceros.<\/p><\/div><\/div><div class=\"elementor-element elementor-element-f53f19b elementor-widget elementor-widget-heading\" data-id=\"f53f19b\" data-element_type=\"widget\" data-widget_type=\"heading.default\"><div class=\"elementor-widget-container\"><h2 class=\"elementor-heading-title elementor-size-default\">Reserva de derechos:<\/h2><\/div><\/div><div class=\"elementor-element elementor-element-3a8f1e9 elementor-widget elementor-widget-text-editor\" data-id=\"3a8f1e9\" data-element_type=\"widget\" data-widget_type=\"text-editor.default\"><div class=\"elementor-widget-container\"><p>Nos reservamos el derecho a solicitarle que elimine todos los enlaces o cualquier enlace concreto a nuestro Sitio Web. Usted se compromete a eliminar inmediatamente todos los enlaces a nuestro Sitio Web cuando as\u00ed se le solicite. Tambi\u00e9n nos reservamos el derecho a modificar estas condiciones y su pol\u00edtica de enlaces en cualquier momento. Al enlazar de forma continuada a nuestro sitio web, usted se compromete a respetar y cumplir estos t\u00e9rminos y condiciones de enlace.<\/p><\/div><\/div><div class=\"elementor-element elementor-element-478ffd3 elementor-widget elementor-widget-heading\" data-id=\"478ffd3\" data-element_type=\"widget\" data-widget_type=\"heading.default\"><div class=\"elementor-widget-container\"><h2 class=\"elementor-heading-title elementor-size-default\">Eliminaci\u00f3n de enlaces de nuestro sitio web:<\/h2><\/div><\/div><div class=\"elementor-element elementor-element-c375de5 elementor-widget elementor-widget-text-editor\" data-id=\"c375de5\" data-element_type=\"widget\" data-widget_type=\"text-editor.default\"><div class=\"elementor-widget-container\"><p>Si encuentra alg\u00fan enlace en nuestro Sitio Web que le resulte ofensivo por cualquier motivo, puede ponerse en contacto con nosotros e informarnos en cualquier momento. Tendremos en cuenta las solicitudes de eliminaci\u00f3n de enlaces, pero no estamos obligados a hacerlo ni a responderle directamente.<\/p><p>No garantizamos que la informaci\u00f3n contenida en este sitio web sea correcta. No garantizamos su integridad o exactitud, ni nos comprometemos a garantizar que el sitio web siga estando disponible o que el material que contiene se mantenga actualizado.<\/p><\/div><\/div><div class=\"elementor-element elementor-element-1ad5884 elementor-widget elementor-widget-heading\" data-id=\"1ad5884\" data-element_type=\"widget\" data-widget_type=\"heading.default\"><div class=\"elementor-widget-container\"><h2 class=\"elementor-heading-title elementor-size-default\">Descargo de responsabilidad:<\/h2><\/div><\/div><div class=\"elementor-element elementor-element-8635a2c elementor-widget elementor-widget-text-editor\" data-id=\"8635a2c\" data-element_type=\"widget\" data-widget_type=\"text-editor.default\"><div class=\"elementor-widget-container\"><p>En la medida m\u00e1xima permitida por la ley aplicable, excluimos todas las representaciones, garant\u00edas y condiciones relacionadas con nuestro sitio web y el uso de este sitio web. Nada de lo contenido en esta cl\u00e1usula de exenci\u00f3n de responsabilidad:<\/p><ul><li>limitar o excluir nuestra responsabilidad o la suya en caso de fallecimiento o da\u00f1os personales;<\/li><li>limitar o excluir nuestra responsabilidad o la suya por fraude o tergiversaci\u00f3n fraudulenta;<\/li><li>limitar cualquiera de nuestras responsabilidades o las suyas de cualquier forma que no est\u00e9 permitida por la legislaci\u00f3n aplicable; o<\/li><li>excluir cualquiera de nuestras responsabilidades o de las suyas que no puedan excluirse en virtud de la legislaci\u00f3n aplicable.<\/li><\/ul><p>Las limitaciones y prohibiciones de responsabilidad establecidas en esta secci\u00f3n y en otras partes de esta cl\u00e1usula de exenci\u00f3n de responsabilidad: (a) est\u00e1n sujetas al p\u00e1rrafo anterior; y (b) rigen todas las responsabilidades derivadas de la cl\u00e1usula de exenci\u00f3n de responsabilidad, incluidas las responsabilidades contractuales, extracontractuales y por incumplimiento de obligaciones legales.<\/p><p>En la medida en que el sitio web y la informaci\u00f3n y los servicios que en \u00e9l se ofrecen son gratuitos, no seremos responsables de ninguna p\u00e9rdida o da\u00f1o de cualquier naturaleza.<\/p><\/div><\/div>\t\t\t\t\t\t\t\t<\/div>\n\t\t\t\t<\/div>\n\t\t\t\t\t<\/div>\n\t\t\t\t<\/div>\n\t\t\t\t<\/div>","protected":false},"excerpt":{"rendered":"<p>Terms &#038; Conditions Welcome to onmytoolings! These terms and conditions outline the rules and regulations for the use of stitchsilk\u2019s Website, located at https:\/\/https:\/\/onmytoolings.com\/\/. By accessing this website, we assume you accept these terms and conditions. Do not continue to use stitchsilk if you do not agree to take all of the terms and conditions [&hellip;]<\/p>\n","protected":false},"author":1,"featured_media":0,"parent":0,"menu_order":0,"comment_status":"closed","ping_status":"closed","template":"","meta":{"_acf_changed":false,"_uag_custom_page_level_css":"","site-sidebar-layout":"no-sidebar","site-content-layout":"page-builder","ast-site-content-layout":"default","site-content-style":"default","site-sidebar-style":"default","ast-global-header-display":"","ast-banner-title-visibility":"","ast-main-header-display":"","ast-hfb-above-header-display":"","ast-hfb-below-header-display":"","ast-hfb-mobile-header-display":"","site-post-title":"disabled","ast-breadcrumbs-content":"","ast-featured-img":"disabled","footer-sml-layout":"","ast-disable-related-posts":"","theme-transparent-header-meta":"","adv-header-id-meta":"","stick-header-meta":"","header-above-stick-meta":"","header-main-stick-meta":"","header-below-stick-meta":"","astra-migrate-meta-layouts":"default","ast-page-background-enabled":"default","ast-page-background-meta":{"desktop":{"background-color":"","background-image":"","background-repeat":"repeat","background-position":"center center","background-size":"auto","background-attachment":"scroll","background-type":"","background-media":"","overlay-type":"","overlay-color":"","overlay-opacity":"","overlay-gradient":""},"tablet":{"background-color":"","background-image":"","background-repeat":"repeat","background-position":"center center","background-size":"auto","background-attachment":"scroll","background-type":"","background-media":"","overlay-type":"","overlay-color":"","overlay-opacity":"","overlay-gradient":""},"mobile":{"background-color":"","background-image":"","background-repeat":"repeat","background-position":"center center","background-size":"auto","background-attachment":"scroll","background-type":"","background-media":"","overlay-type":"","overlay-color":"","overlay-opacity":"","overlay-gradient":""}},"ast-content-background-meta":{"desktop":{"background-color":"var(--ast-global-color-5)","background-image":"","background-repeat":"repeat","background-position":"center center","background-size":"auto","background-attachment":"scroll","background-type":"","background-media":"","overlay-type":"","overlay-color":"","overlay-opacity":"","overlay-gradient":""},"tablet":{"background-color":"var(--ast-global-color-5)","background-image":"","background-repeat":"repeat","background-position":"center center","background-size":"auto","background-attachment":"scroll","background-type":"","background-media":"","overlay-type":"","overlay-color":"","overlay-opacity":"","overlay-gradient":""},"mobile":{"background-color":"var(--ast-global-color-5)","background-image":"","background-repeat":"repeat","background-position":"center center","background-size":"auto","background-attachment":"scroll","background-type":"","background-media":"","overlay-type":"","overlay-color":"","overlay-opacity":"","overlay-gradient":""}},"footnotes":""},"class_list":["post-1152","page","type-page","status-publish","hentry"],"acf":[],"uagb_featured_image_src":{"full":false,"thumbnail":false,"medium":false,"medium_large":false,"large":false,"1536x1536":false,"2048x2048":false,"trp-custom-language-flag":false},"uagb_author_info":{"display_name":"Jiang.xu","author_link":"https:\/\/onmytoolings.com\/es\/author\/bigsunjianggmail-com\/"},"uagb_comment_info":0,"uagb_excerpt":"Terms &#038; Conditions Welcome to onmytoolings! These terms and conditions outline the rules and regulations for the use of stitchsilk\u2019s Website, located at https:\/\/https:\/\/onmytoolings.com\/\/. By accessing this website, we assume you accept these terms and conditions. Do not continue to use stitchsilk if you do not agree to take all of the terms and conditions&hellip;","_links":{"self":[{"href":"https:\/\/onmytoolings.com\/es\/wp-json\/wp\/v2\/pages\/1152","targetHints":{"allow":["GET"]}}],"collection":[{"href":"https:\/\/onmytoolings.com\/es\/wp-json\/wp\/v2\/pages"}],"about":[{"href":"https:\/\/onmytoolings.com\/es\/wp-json\/wp\/v2\/types\/page"}],"author":[{"embeddable":true,"href":"https:\/\/onmytoolings.com\/es\/wp-json\/wp\/v2\/users\/1"}],"replies":[{"embeddable":true,"href":"https:\/\/onmytoolings.com\/es\/wp-json\/wp\/v2\/comments?post=1152"}],"version-history":[{"count":5,"href":"https:\/\/onmytoolings.com\/es\/wp-json\/wp\/v2\/pages\/1152\/revisions"}],"predecessor-version":[{"id":18051,"href":"https:\/\/onmytoolings.com\/es\/wp-json\/wp\/v2\/pages\/1152\/revisions\/18051"}],"wp:attachment":[{"href":"https:\/\/onmytoolings.com\/es\/wp-json\/wp\/v2\/media?parent=1152"}],"curies":[{"name":"wp","href":"https:\/\/api.w.org\/{rel}","templated":true}]}}