{"id":16055,"date":"2025-11-24T14:24:48","date_gmt":"2025-11-24T14:24:48","guid":{"rendered":"https:\/\/onmytoolings.com\/?page_id=16055"},"modified":"2025-12-03T06:30:13","modified_gmt":"2025-12-03T06:30:13","slug":"gewindeschneidwerkzeuge","status":"publish","type":"page","link":"https:\/\/onmytoolings.com\/de\/threading-tools\/","title":{"rendered":"Gewindeschneidwerkzeuge"},"content":{"rendered":"<div data-elementor-type=\"wp-page\" data-elementor-id=\"16055\" class=\"elementor elementor-16055\" data-elementor-post-type=\"page\">\n\t\t\t\t<div class=\"elementor-element elementor-element-310759c e-flex e-con-boxed e-con e-parent\" data-id=\"310759c\" data-element_type=\"container\" data-e-type=\"container\" data-settings=\"{&quot;background_background&quot;:&quot;classic&quot;}\">\n\t\t\t\t\t<div class=\"e-con-inner\">\n\t\t\t\t<div class=\"elementor-element elementor-element-7d1d085 elementor-widget elementor-widget-heading\" data-id=\"7d1d085\" data-element_type=\"widget\" data-e-type=\"widget\" data-widget_type=\"heading.default\">\n\t\t\t\t<div class=\"elementor-widget-container\">\n\t\t\t\t\t<h1 class=\"elementor-heading-title elementor-size-default\">Gewindeschneidwerkzeuge<\/h1>\t\t\t\t<\/div>\n\t\t\t\t<\/div>\n\t\t\t\t<div class=\"elementor-element elementor-element-5dfd82b elementor-widget elementor-widget-text-editor\" data-id=\"5dfd82b\" data-element_type=\"widget\" data-e-type=\"widget\" data-widget_type=\"text-editor.default\">\n\t\t\t\t<div class=\"elementor-widget-container\">\n\t\t\t\t\t\t\t\t\t<p dir=\"auto\">Gewindeschneidwerkzeuge sind f\u00fcr die Pr\u00e4zisionsbearbeitung unverzichtbar und liefern hochwertige Gewinde f\u00fcr verschiedene Anwendungen. Gewindedrehplatten sorgen f\u00fcr pr\u00e4zises und effizientes Gewindeschneiden auf Drehmaschinen mit hervorragender Oberfl\u00e4cheng\u00fcte. Gewindefr\u00e4seins\u00e4tze bieten Pr\u00e4zision und Langlebigkeit f\u00fcr komplexe Gewindefr\u00e4saufgaben. Massive Gewindefr\u00e4swerkzeuge bieten robuste Leistung f\u00fcr die Gro\u00dfserienfertigung und gew\u00e4hrleisten eine gleichbleibende Qualit\u00e4t bei allen Werkstoffen. Gewindewerkzeughalter halten diese Eins\u00e4tze und Werkzeuge sicher und verbessern so die Stabilit\u00e4t und Pr\u00e4zision w\u00e4hrend der Bearbeitung, wodurch optimale Ergebnisse bei der Gewindeherstellung gew\u00e4hrleistet werden.<\/p><p>Wenn Ihre Anwendung Threading erfordert, sind Pr\u00e4zision und Konsistenz von entscheidender Bedeutung. Onmy bietet eine Reihe von leistungsstarken <a class=\"wpil_keyword_link\" href=\"https:\/\/onmytoolings.com\/de\/precision-carbide-threading-inserts\/\"   title=\"Gewindeschneidplatte\" data-wpil-keyword-link=\"linked\"  data-wpil-monitor-id=\"1079\" target=\"_blank\">Gewindeeins\u00e4tze<\/a> die jedes Mal echte Gewindeschneidergebnisse liefern. Die Gewindeeins\u00e4tze von Onmy bestehen aus Materialien auf Wolframkarbidbasis und eignen sich sowohl f\u00fcr Standard- als auch f\u00fcr kundenspezifische Anwendungen. Wir k\u00f6nnen Ihnen auch dabei helfen, Ihre Gewindeschneidanwendung zu verbessern.<\/p><p>Wir bieten Ihnen die L\u00f6sungen, die Sie f\u00fcr effizientes und pr\u00e4zises Gewindeschneiden ben\u00f6tigen, unabh\u00e4ngig von Steigung, Gewindeform oder G\u00fcteklasse. Mit unserer umfangreichen Auswahl an Gewindeschneidwerkzeugen und Eins\u00e4tzen k\u00f6nnen Sie Innen- und Au\u00dfengewinde nach Ihren Qualit\u00e4tsstandards herstellen. Kurz gesagt: Ob Sie verschlissene Eins\u00e4tze ersetzen oder ma\u00dfgeschneiderte Eins\u00e4tze anfertigen lassen m\u00f6chten \u2013 Onmy bietet Ihnen leistungsstarke L\u00f6sungen f\u00fcr Ihre gesch\u00e4ftlichen Anforderungen.<\/p>\t\t\t\t\t\t\t\t<\/div>\n\t\t\t\t<\/div>\n\t\t\t\t\t<\/div>\n\t\t\t\t<\/div>\n\t\t<div class=\"elementor-element elementor-element-3a984d6 e-flex e-con-boxed e-con e-parent\" data-id=\"3a984d6\" data-element_type=\"container\" data-e-type=\"container\">\n\t\t\t\t\t<div class=\"e-con-inner\">\n\t\t<div class=\"elementor-element elementor-element-c0d5af4 e-grid e-con-full e-con e-child\" data-id=\"c0d5af4\" data-element_type=\"container\" data-e-type=\"container\">\n\t\t\t\t<div class=\"elementor-element elementor-element-f2bbd6b elementor-position-top elementor-widget elementor-widget-image-box\" data-id=\"f2bbd6b\" data-element_type=\"widget\" data-e-type=\"widget\" data-widget_type=\"image-box.default\">\n\t\t\t\t<div class=\"elementor-widget-container\">\n\t\t\t\t\t<div class=\"elementor-image-box-wrapper\"><figure class=\"elementor-image-box-img\"><a href=\"https:\/\/onmytoolings.com\/de\/turning-tool-holder\/threading-tool-holder\/\" tabindex=\"-1\" target=\"_blank\"><img fetchpriority=\"high\" decoding=\"async\" width=\"300\" height=\"300\" src=\"https:\/\/onmytoolings.com\/wp-content\/uploads\/2025\/03\/Threading-Tool-Holder-300x300.webp\" class=\"attachment-medium size-medium wp-image-14934\" alt=\"Halter f\u00fcr Gewindewerkzeuge\" srcset=\"https:\/\/onmytoolings.com\/wp-content\/uploads\/2025\/03\/Threading-Tool-Holder-300x300.webp 300w, https:\/\/onmytoolings.com\/wp-content\/uploads\/2025\/03\/Threading-Tool-Holder-150x150.webp 150w, https:\/\/onmytoolings.com\/wp-content\/uploads\/2025\/03\/Threading-Tool-Holder-768x768.webp 768w, https:\/\/onmytoolings.com\/wp-content\/uploads\/2025\/03\/Threading-Tool-Holder.webp 800w\" sizes=\"(max-width: 300px) 100vw, 300px\" \/><\/a><\/figure><div class=\"elementor-image-box-content\"><h4 class=\"elementor-image-box-title\"><a href=\"https:\/\/onmytoolings.com\/de\/turning-tool-holder\/threading-tool-holder\/\" target=\"_blank\">Gewindeschneidwerkzeughalter<\/a><\/h4><p class=\"elementor-image-box-description\">Wir w\u00e4hlen hochwertige Rohstoffe und ein hochwertiges H\u00e4rtungsverfahren aus. Wir ben\u00f6tigen sowohl Langlebigkeit als auch Pr\u00e4zision, um Ihre Anforderungen an die Gewindebearbeitung zu erf\u00fcllen.<\/p><\/div><\/div>\t\t\t\t<\/div>\n\t\t\t\t<\/div>\n\t\t\t\t<div class=\"elementor-element elementor-element-1f0eb2b elementor-position-top elementor-widget elementor-widget-image-box\" data-id=\"1f0eb2b\" data-element_type=\"widget\" data-e-type=\"widget\" data-widget_type=\"image-box.default\">\n\t\t\t\t<div class=\"elementor-widget-container\">\n\t\t\t\t\t<div class=\"elementor-image-box-wrapper\"><figure class=\"elementor-image-box-img\"><a href=\"https:\/\/onmytoolings.com\/de\/precision-carbide-threading-inserts\/\" tabindex=\"-1\" target=\"_blank\"><img decoding=\"async\" width=\"300\" height=\"300\" src=\"https:\/\/onmytoolings.com\/wp-content\/uploads\/2025\/10\/MJ-laydown-full-form-internal-threading-insert-300x300.webp\" class=\"attachment-medium size-medium wp-image-16110\" alt=\"MJ-Liegeform mit Innengewindeeinsatz\" srcset=\"https:\/\/onmytoolings.com\/wp-content\/uploads\/2025\/10\/MJ-laydown-full-form-internal-threading-insert-300x300.webp 300w, https:\/\/onmytoolings.com\/wp-content\/uploads\/2025\/10\/MJ-laydown-full-form-internal-threading-insert-150x150.webp 150w, https:\/\/onmytoolings.com\/wp-content\/uploads\/2025\/10\/MJ-laydown-full-form-internal-threading-insert-768x768.webp 768w, https:\/\/onmytoolings.com\/wp-content\/uploads\/2025\/10\/MJ-laydown-full-form-internal-threading-insert-12x12.webp 12w, https:\/\/onmytoolings.com\/wp-content\/uploads\/2025\/10\/MJ-laydown-full-form-internal-threading-insert.webp 800w\" sizes=\"(max-width: 300px) 100vw, 300px\" \/><\/a><\/figure><div class=\"elementor-image-box-content\"><h4 class=\"elementor-image-box-title\"><a href=\"https:\/\/onmytoolings.com\/de\/precision-carbide-threading-inserts\/\" target=\"_blank\">Gewindedrehplatten<\/a><\/h4><p class=\"elementor-image-box-description\">Unsere starken Produktions- und F&amp;E-Kapazit\u00e4ten unterst\u00fctzen Standard-Gewindeeins\u00e4tze, \u00d6lrohr-Gewindeeins\u00e4tze und nicht standardm\u00e4\u00dfige Gewindeeins\u00e4tze, sodass wir immer das Modell haben, das Sie ben\u00f6tigen.<\/p><\/div><\/div>\t\t\t\t<\/div>\n\t\t\t\t<\/div>\n\t\t\t\t<\/div>\n\t\t\t\t\t<\/div>\n\t\t\t\t<\/div>\n\t\t<div class=\"elementor-element elementor-element-150ee15 e-flex e-con-boxed e-con e-parent\" data-id=\"150ee15\" data-element_type=\"container\" data-e-type=\"container\" data-settings=\"{&quot;background_background&quot;:&quot;classic&quot;}\">\n\t\t\t\t\t<div class=\"e-con-inner\">\n\t\t\t\t<div class=\"elementor-element elementor-element-29667b2 elementor-widget elementor-widget-heading\" data-id=\"29667b2\" data-element_type=\"widget\" data-e-type=\"widget\" data-widget_type=\"heading.default\">\n\t\t\t\t<div class=\"elementor-widget-container\">\n\t\t\t\t\t<h2 class=\"elementor-heading-title elementor-size-default\">Wenn Sie Hilfe ben\u00f6tigen, k\u00f6nnen Sie sich an unseren technischen Support wenden!<\/h2>\t\t\t\t<\/div>\n\t\t\t\t<\/div>\n\t\t\t\t<div class=\"elementor-element elementor-element-adcdcdc elementor-widget elementor-widget-button\" data-id=\"adcdcdc\" data-element_type=\"widget\" data-e-type=\"widget\" data-widget_type=\"button.default\">\n\t\t\t\t<div class=\"elementor-widget-container\">\n\t\t\t\t\t\t\t\t\t<div class=\"elementor-button-wrapper\">\n\t\t\t\t\t<a class=\"elementor-button elementor-button-link elementor-size-sm\" href=\"#elementor-action%3Aaction%3Dpopup%3Aopen%26settings%3DeyJpZCI6IjEwNDA3IiwidG9nZ2xlIjpmYWxzZX0%3D\">\n\t\t\t\t\t\t<span class=\"elementor-button-content-wrapper\">\n\t\t\t\t\t\t<span class=\"elementor-button-icon\">\n\t\t\t\t<svg aria-hidden=\"true\" class=\"e-font-icon-svg e-far-envelope\" viewbox=\"0 0 512 512\" xmlns=\"http:\/\/www.w3.org\/2000\/svg\"><path d=\"M464 64H48C21.49 64 0 85.49 0 112v288c0 26.51 21.49 48 48 48h416c26.51 0 48-21.49 48-48V112c0-26.51-21.49-48-48-48zm0 48v40.805c-22.422 18.259-58.168 46.651-134.587 106.49-16.841 13.247-50.201 45.072-73.413 44.701-23.208.375-56.579-31.459-73.413-44.701C106.18 199.465 70.425 171.067 48 152.805V112h416zM48 400V214.398c22.914 18.251 55.409 43.862 104.938 82.646 21.857 17.205 60.134 55.186 103.062 54.955 42.717.231 80.509-37.199 103.053-54.947 49.528-38.783 82.032-64.401 104.947-82.653V400H48z\"><\/path><\/svg>\t\t\t<\/span>\n\t\t\t\t\t\t\t\t\t<span class=\"elementor-button-text\">Finden Sie uns<\/span>\n\t\t\t\t\t<\/span>\n\t\t\t\t\t<\/a>\n\t\t\t\t<\/div>\n\t\t\t\t\t\t\t\t<\/div>\n\t\t\t\t<\/div>\n\t\t\t\t\t<\/div>\n\t\t\t\t<\/div>\n\t\t\t\t<\/div>","protected":false},"excerpt":{"rendered":"<p>Threading Tools Threading tools are vital for precision machining, delivering high-quality threads across various applications. Threading turning inserts ensure accurate and efficient thread cutting on lathes with superior surface finishes. Threading milling inserts provide precision and durability for complex thread milling tasks. Solid threading mill tools offer robust performance for high-volume production, maintaining consistency across [&hellip;]<\/p>\n","protected":false},"author":1,"featured_media":0,"parent":0,"menu_order":0,"comment_status":"closed","ping_status":"closed","template":"","meta":{"_acf_changed":false,"_uag_custom_page_level_css":"","site-sidebar-layout":"no-sidebar","site-content-layout":"page-builder","ast-site-content-layout":"full-width-container","site-content-style":"default","site-sidebar-style":"default","ast-global-header-display":"","ast-banner-title-visibility":"","ast-main-header-display":"","ast-hfb-above-header-display":"","ast-hfb-below-header-display":"","ast-hfb-mobile-header-display":"","site-post-title":"","ast-breadcrumbs-content":"","ast-featured-img":"disabled","footer-sml-layout":"","ast-disable-related-posts":"","theme-transparent-header-meta":"","adv-header-id-meta":"","stick-header-meta":"","header-above-stick-meta":"","header-main-stick-meta":"","header-below-stick-meta":"","astra-migrate-meta-layouts":"set","ast-page-background-enabled":"default","ast-page-background-meta":{"desktop":{"background-color":"","background-image":"","background-repeat":"repeat","background-position":"center center","background-size":"auto","background-attachment":"scroll","background-type":"","background-media":"","overlay-type":"","overlay-color":"","overlay-opacity":"","overlay-gradient":""},"tablet":{"background-color":"","background-image":"","background-repeat":"repeat","background-position":"center center","background-size":"auto","background-attachment":"scroll","background-type":"","background-media":"","overlay-type":"","overlay-color":"","overlay-opacity":"","overlay-gradient":""},"mobile":{"background-color":"","background-image":"","background-repeat":"repeat","background-position":"center center","background-size":"auto","background-attachment":"scroll","background-type":"","background-media":"","overlay-type":"","overlay-color":"","overlay-opacity":"","overlay-gradient":""}},"ast-content-background-meta":{"desktop":{"background-color":"var(--ast-global-color-5)","background-image":"","background-repeat":"repeat","background-position":"center center","background-size":"auto","background-attachment":"scroll","background-type":"","background-media":"","overlay-type":"","overlay-color":"","overlay-opacity":"","overlay-gradient":""},"tablet":{"background-color":"var(--ast-global-color-5)","background-image":"","background-repeat":"repeat","background-position":"center center","background-size":"auto","background-attachment":"scroll","background-type":"","background-media":"","overlay-type":"","overlay-color":"","overlay-opacity":"","overlay-gradient":""},"mobile":{"background-color":"var(--ast-global-color-5)","background-image":"","background-repeat":"repeat","background-position":"center center","background-size":"auto","background-attachment":"scroll","background-type":"","background-media":"","overlay-type":"","overlay-color":"","overlay-opacity":"","overlay-gradient":""}},"footnotes":""},"class_list":["post-16055","page","type-page","status-publish","hentry"],"acf":[],"uagb_featured_image_src":{"full":false,"thumbnail":false,"medium":false,"medium_large":false,"large":false,"1536x1536":false,"2048x2048":false,"trp-custom-language-flag":false},"uagb_author_info":{"display_name":"Jiang.xu","author_link":"https:\/\/onmytoolings.com\/de\/author\/bigsunjianggmail-com\/"},"uagb_comment_info":0,"uagb_excerpt":"Threading Tools Threading tools are vital for precision machining, delivering high-quality threads across various applications. Threading turning inserts ensure accurate and efficient thread cutting on lathes with superior surface finishes. Threading milling inserts provide precision and durability for complex thread milling tasks. Solid threading mill tools offer robust performance for high-volume production, maintaining consistency across&hellip;","_links":{"self":[{"href":"https:\/\/onmytoolings.com\/de\/wp-json\/wp\/v2\/pages\/16055","targetHints":{"allow":["GET"]}}],"collection":[{"href":"https:\/\/onmytoolings.com\/de\/wp-json\/wp\/v2\/pages"}],"about":[{"href":"https:\/\/onmytoolings.com\/de\/wp-json\/wp\/v2\/types\/page"}],"author":[{"embeddable":true,"href":"https:\/\/onmytoolings.com\/de\/wp-json\/wp\/v2\/users\/1"}],"replies":[{"embeddable":true,"href":"https:\/\/onmytoolings.com\/de\/wp-json\/wp\/v2\/comments?post=16055"}],"version-history":[{"count":45,"href":"https:\/\/onmytoolings.com\/de\/wp-json\/wp\/v2\/pages\/16055\/revisions"}],"predecessor-version":[{"id":17744,"href":"https:\/\/onmytoolings.com\/de\/wp-json\/wp\/v2\/pages\/16055\/revisions\/17744"}],"wp:attachment":[{"href":"https:\/\/onmytoolings.com\/de\/wp-json\/wp\/v2\/media?parent=16055"}],"curies":[{"name":"wp","href":"https:\/\/api.w.org\/{rel}","templated":true}]}}