{"id":15959,"date":"2025-09-04T14:29:07","date_gmt":"2025-09-04T14:29:07","guid":{"rendered":"https:\/\/onmytoolings.com\/?page_id=15959"},"modified":"2025-09-08T14:39:38","modified_gmt":"2025-09-08T14:39:38","slug":"wolframkarbidstreifen-2","status":"publish","type":"page","link":"https:\/\/onmytoolings.com\/de\/tungsten-carbide-blanks\/tungsten-carbide-strips-2\/","title":{"rendered":"Wolframkarbid-Streifen"},"content":{"rendered":"<div data-elementor-type=\"wp-page\" data-elementor-id=\"15959\" class=\"elementor elementor-15959\" data-elementor-post-type=\"page\">\n\t\t\t\t<div class=\"elementor-element elementor-element-099e76d e-flex e-con-boxed e-con e-parent\" data-id=\"099e76d\" data-element_type=\"container\" data-e-type=\"container\">\n\t\t\t\t\t<div class=\"e-con-inner\">\n\t\t\t\t<div class=\"elementor-element elementor-element-932ae51 elementor-widget elementor-widget-heading\" data-id=\"932ae51\" data-element_type=\"widget\" data-e-type=\"widget\" data-widget_type=\"heading.default\">\n\t\t\t\t<div class=\"elementor-widget-container\">\n\t\t\t\t\t<h1 class=\"elementor-heading-title elementor-size-default\">Wolframkarbidstreifen <\/h1>\t\t\t\t<\/div>\n\t\t\t\t<\/div>\n\t\t\t\t<div class=\"elementor-element elementor-element-c441415 elementor-widget elementor-widget-text-editor\" data-id=\"c441415\" data-element_type=\"widget\" data-e-type=\"widget\" data-widget_type=\"text-editor.default\">\n\t\t\t\t<div class=\"elementor-widget-container\">\n\t\t\t\t\t\t\t\t\t<p data-start=\"287\" data-end=\"616\">Wir liefern Hartmetallstreifen, die in der Holz- und Metallbearbeitung sowie f\u00fcr verschlei\u00dffeste Werkzeuge weit verbreitet sind. Mit ausgezeichneter H\u00e4rte, hoher Verschlei\u00dffestigkeit und hervorragender Z\u00e4higkeit sind unsere Hartmetallstreifen so konzipiert, dass sie extremen Schneid- und Schleifbedingungen standhalten und eine l\u00e4ngere Lebensdauer und gleichbleibende Leistung gew\u00e4hrleisten.<\/p><p data-start=\"618\" data-end=\"918\">Als zuverl\u00e4ssiger Hersteller von Hartmetallb\u00e4ndern bieten wir ein komplettes Sortiment an Standardgr\u00f6\u00dfen und -sorten an, um den unterschiedlichen Anforderungen der Industrie gerecht zu werden. Ganz gleich, ob Sie B\u00e4nder f\u00fcr Zerspanungswerkzeuge, Verschlei\u00dfteile oder Pr\u00e4zisionskomponenten ben\u00f6tigen, unsere Produkte zeichnen sich durch hohe Zuverl\u00e4ssigkeit und Kosteneffizienz aus.<\/p><h5 data-start=\"920\" data-end=\"939\">Wesentliche Merkmale:<\/h5><ul data-start=\"940\" data-end=\"1145\"><li data-start=\"940\" data-end=\"979\"><p data-start=\"942\" data-end=\"979\">Au\u00dfergew\u00f6hnliche H\u00e4rte und Haltbarkeit<\/p><\/li><li data-start=\"980\" data-end=\"1023\"><p data-start=\"982\" data-end=\"1023\">Hohe Verschlei\u00dffestigkeit und Verformungsbest\u00e4ndigkeit<\/p><\/li><li data-start=\"980\" data-end=\"1023\"><p data-start=\"982\" data-end=\"1023\">Stabile Leistung bei hohen Temperaturen und hohem Druck<\/p><\/li><li data-start=\"1083\" data-end=\"1145\"><p data-start=\"1085\" data-end=\"1145\">Breite Anwendung beim Schneiden, Fr\u00e4sen und Verschlei\u00dfschutz<\/p><\/li><\/ul><h5 data-start=\"1147\" data-end=\"1174\">Anpassungsdienst<\/h5><p data-start=\"1175\" data-end=\"1481\">Wir wissen, dass jeder Kunde einzigartige Produktionsanforderungen hat. Deshalb bieten wir ma\u00dfgeschneiderte Wolfram <a class=\"wpil_keyword_link\" href=\"https:\/\/onmytoolings.com\/de\/produkt\/stb-hartmetallstreifen\/\"   title=\"STB Hartmetall-Streifen\" data-wpil-keyword-link=\"linked\"  data-wpil-monitor-id=\"44\" target=\"_blank\">Hartmetallstreifen<\/a> nach Ihren Zeichnungen, Spezifikationen und Materialanforderungen. Von kleinformatigen Streifen bis hin zu gro\u00dfformatigen Bl\u00f6cken k\u00f6nnen wir die L\u00f6sung ma\u00dfschneidern, die am besten zu Ihrer Anwendung passt.<\/p><p data-start=\"1483\" data-end=\"1669\">Wenn Sie mit uns zusammenarbeiten, erhalten Sie qualitativ hochwertige Hartmetallb\u00e4nder direkt vom Hersteller und haben die Flexibilit\u00e4t, Produkte zu entwickeln, die perfekt auf Ihre Gesch\u00e4ftsanforderungen zugeschnitten sind.<\/p>\t\t\t\t\t\t\t\t<\/div>\n\t\t\t\t<\/div>\n\t\t\t\t\t<\/div>\n\t\t\t\t<\/div>\n\t\t<div class=\"elementor-element elementor-element-2f363cb e-grid e-con-boxed e-con e-parent\" data-id=\"2f363cb\" data-element_type=\"container\" data-e-type=\"container\">\n\t\t\t\t\t<div class=\"e-con-inner\">\n\t\t\t\t<div class=\"elementor-element elementor-element-0e69c18 elementor-position-top elementor-widget elementor-widget-image-box\" data-id=\"0e69c18\" data-element_type=\"widget\" data-e-type=\"widget\" data-widget_type=\"image-box.default\">\n\t\t\t\t<div class=\"elementor-widget-container\">\n\t\t\t\t\t<div class=\"elementor-image-box-wrapper\"><figure class=\"elementor-image-box-img\"><a href=\"https:\/\/onmytoolings.com\/de\/product\/stb-tungsten-carbide-strips\/\" tabindex=\"-1\" target=\"_blank\"><img fetchpriority=\"high\" decoding=\"async\" width=\"750\" height=\"750\" src=\"https:\/\/onmytoolings.com\/wp-content\/uploads\/2025\/09\/STB-tungsten-carbide-strips.webp\" class=\"attachment-full size-full wp-image-15968\" alt=\"\" srcset=\"https:\/\/onmytoolings.com\/wp-content\/uploads\/2025\/09\/STB-tungsten-carbide-strips.webp 750w, https:\/\/onmytoolings.com\/wp-content\/uploads\/2025\/09\/STB-tungsten-carbide-strips-300x300.webp 300w, https:\/\/onmytoolings.com\/wp-content\/uploads\/2025\/09\/STB-tungsten-carbide-strips-150x150.webp 150w, https:\/\/onmytoolings.com\/wp-content\/uploads\/2025\/09\/STB-tungsten-carbide-strips-12x12.webp 12w\" sizes=\"(max-width: 750px) 100vw, 750px\" \/><\/a><\/figure><div class=\"elementor-image-box-content\"><h5 class=\"elementor-image-box-title\"><a href=\"https:\/\/onmytoolings.com\/de\/product\/stb-tungsten-carbide-strips\/\" target=\"_blank\">STB-Wolframkarbidstreifen<\/a><\/h5><\/div><\/div>\t\t\t\t<\/div>\n\t\t\t\t<\/div>\n\t\t\t\t<div class=\"elementor-element elementor-element-1e3ccf8 elementor-position-top elementor-widget elementor-widget-image-box\" data-id=\"1e3ccf8\" data-element_type=\"widget\" data-e-type=\"widget\" data-widget_type=\"image-box.default\">\n\t\t\t\t<div class=\"elementor-widget-container\">\n\t\t\t\t\t<div class=\"elementor-image-box-wrapper\"><figure class=\"elementor-image-box-img\"><a href=\"https:\/\/onmytoolings.com\/de\/product\/extruded-tungsten-carbide-strips\/\" tabindex=\"-1\" target=\"_blank\"><img decoding=\"async\" width=\"750\" height=\"750\" src=\"https:\/\/onmytoolings.com\/wp-content\/uploads\/2025\/09\/extruded-strip-tungsten-carbide-strips.webp\" class=\"attachment-full size-full wp-image-15967\" alt=\"Stranggepresste Streifen aus Wolframkarbid\" srcset=\"https:\/\/onmytoolings.com\/wp-content\/uploads\/2025\/09\/extruded-strip-tungsten-carbide-strips.webp 750w, https:\/\/onmytoolings.com\/wp-content\/uploads\/2025\/09\/extruded-strip-tungsten-carbide-strips-300x300.webp 300w, https:\/\/onmytoolings.com\/wp-content\/uploads\/2025\/09\/extruded-strip-tungsten-carbide-strips-150x150.webp 150w, https:\/\/onmytoolings.com\/wp-content\/uploads\/2025\/09\/extruded-strip-tungsten-carbide-strips-12x12.webp 12w\" sizes=\"(max-width: 750px) 100vw, 750px\" \/><\/a><\/figure><div class=\"elementor-image-box-content\"><h5 class=\"elementor-image-box-title\"><a href=\"https:\/\/onmytoolings.com\/de\/product\/extruded-tungsten-carbide-strips\/\" target=\"_blank\">stranggepresste Wolframkarbidstreifen<\/a><\/h5><\/div><\/div>\t\t\t\t<\/div>\n\t\t\t\t<\/div>\n\t\t\t\t\t<\/div>\n\t\t\t\t<\/div>\n\t\t\t\t<section class=\"elementor-section elementor-top-section elementor-element elementor-element-5308ae84 elementor-section-content-middle elementor-section-boxed elementor-section-height-default elementor-section-height-default\" data-id=\"5308ae84\" data-element_type=\"section\" data-e-type=\"section\" data-settings=\"{&quot;background_background&quot;:&quot;classic&quot;}\">\n\t\t\t\t\t\t<div class=\"elementor-container elementor-column-gap-no\">\n\t\t\t\t\t<div class=\"elementor-column elementor-col-66 elementor-top-column elementor-element elementor-element-344bfdf\" data-id=\"344bfdf\" data-element_type=\"column\" data-e-type=\"column\">\n\t\t\t<div class=\"elementor-widget-wrap elementor-element-populated\">\n\t\t\t\t\t\t<div class=\"elementor-element elementor-element-3b5c43cb elementor-widget elementor-widget-heading\" data-id=\"3b5c43cb\" data-element_type=\"widget\" data-e-type=\"widget\" data-widget_type=\"heading.default\">\n\t\t\t\t<div class=\"elementor-widget-container\">\n\t\t\t\t\t<h2 class=\"elementor-heading-title elementor-size-large\">Interessiert an unseren Wolframkarbidstreifen?<\/h2>\t\t\t\t<\/div>\n\t\t\t\t<\/div>\n\t\t\t\t<div class=\"elementor-element elementor-element-279f43a6 elementor-widget-divider--view-line elementor-widget elementor-widget-divider\" data-id=\"279f43a6\" data-element_type=\"widget\" data-e-type=\"widget\" data-widget_type=\"divider.default\">\n\t\t\t\t<div class=\"elementor-widget-container\">\n\t\t\t\t\t\t\t<div class=\"elementor-divider\">\n\t\t\t<span class=\"elementor-divider-separator\">\n\t\t\t\t\t\t<\/span>\n\t\t<\/div>\n\t\t\t\t\t\t<\/div>\n\t\t\t\t<\/div>\n\t\t\t\t<div class=\"elementor-element elementor-element-6d760ed2 elementor-widget elementor-widget-text-editor\" data-id=\"6d760ed2\" data-element_type=\"widget\" data-e-type=\"widget\" data-widget_type=\"text-editor.default\">\n\t\t\t\t<div class=\"elementor-widget-container\">\n\t\t\t\t\t\t\t\t\t<p>ONMY Toolings w\u00e4chst in diesen Jahren rasant, und wir freuen uns immer \u00fcber Partner, die mit uns zusammenarbeiten, um manuelle Vorteile zu erzielen und gemeinsam zu wachsen!<\/p>\t\t\t\t\t\t\t\t<\/div>\n\t\t\t\t<\/div>\n\t\t\t\t\t<\/div>\n\t\t<\/div>\n\t\t\t\t<div class=\"elementor-column elementor-col-33 elementor-top-column elementor-element elementor-element-846e3e1\" data-id=\"846e3e1\" data-element_type=\"column\" data-e-type=\"column\">\n\t\t\t<div class=\"elementor-widget-wrap elementor-element-populated\">\n\t\t\t\t\t\t<div class=\"elementor-element elementor-element-58a8b7e4 elementor-align-center elementor-tablet-align-center elementor-widget elementor-widget-button\" data-id=\"58a8b7e4\" data-element_type=\"widget\" data-e-type=\"widget\" data-widget_type=\"button.default\">\n\t\t\t\t<div class=\"elementor-widget-container\">\n\t\t\t\t\t\t\t\t\t<div class=\"elementor-button-wrapper\">\n\t\t\t\t\t<a class=\"elementor-button elementor-button-link elementor-size-sm\" href=\"#elementor-action%3Aaction%3Dpopup%3Aopen%26settings%3DeyJpZCI6IjEwNDA3IiwidG9nZ2xlIjpmYWxzZX0%3D\">\n\t\t\t\t\t\t<span class=\"elementor-button-content-wrapper\">\n\t\t\t\t\t\t<span class=\"elementor-button-icon\">\n\t\t\t\t<svg aria-hidden=\"true\" class=\"e-font-icon-svg e-fas-arrow-right\" viewbox=\"0 0 448 512\" xmlns=\"http:\/\/www.w3.org\/2000\/svg\"><path d=\"M190.5 66.9l22.2-22.2c9.4-9.4 24.6-9.4 33.9 0L441 239c9.4 9.4 9.4 24.6 0 33.9L246.6 467.3c-9.4 9.4-24.6 9.4-33.9 0l-22.2-22.2c-9.5-9.5-9.3-25 .4-34.3L311.4 296H24c-13.3 0-24-10.7-24-24v-32c0-13.3 10.7-24 24-24h287.4L190.9 101.2c-9.8-9.3-10-24.8-.4-34.3z\"><\/path><\/svg>\t\t\t<\/span>\n\t\t\t\t\t\t\t\t\t<span class=\"elementor-button-text\">Jetzt kontaktieren<\/span>\n\t\t\t\t\t<\/span>\n\t\t\t\t\t<\/a>\n\t\t\t\t<\/div>\n\t\t\t\t\t\t\t\t<\/div>\n\t\t\t\t<\/div>\n\t\t\t\t\t<\/div>\n\t\t<\/div>\n\t\t\t\t\t<\/div>\n\t\t<\/section>\n\t\t\t\t<\/div>","protected":false},"excerpt":{"rendered":"<p>tungsten carbide strips We supply tungsten carbide strips that are widely used in woodworking, metalworking, and wear-resistant tooling. With excellent hardness, high wear resistance, and superior toughness, our carbide strips are designed to withstand extreme cutting and grinding conditions, ensuring longer tool life and consistent performance. As a trusted tungsten carbide strip manufacturer, we offer [&hellip;]<\/p>\n","protected":false},"author":1,"featured_media":0,"parent":15677,"menu_order":0,"comment_status":"closed","ping_status":"closed","template":"","meta":{"_acf_changed":false,"_uag_custom_page_level_css":"","site-sidebar-layout":"no-sidebar","site-content-layout":"page-builder","ast-site-content-layout":"full-width-container","site-content-style":"default","site-sidebar-style":"default","ast-global-header-display":"","ast-banner-title-visibility":"","ast-main-header-display":"","ast-hfb-above-header-display":"","ast-hfb-below-header-display":"","ast-hfb-mobile-header-display":"","site-post-title":"","ast-breadcrumbs-content":"","ast-featured-img":"disabled","footer-sml-layout":"","ast-disable-related-posts":"","theme-transparent-header-meta":"","adv-header-id-meta":"","stick-header-meta":"","header-above-stick-meta":"","header-main-stick-meta":"","header-below-stick-meta":"","astra-migrate-meta-layouts":"set","ast-page-background-enabled":"default","ast-page-background-meta":{"desktop":{"background-color":"","background-image":"","background-repeat":"repeat","background-position":"center center","background-size":"auto","background-attachment":"scroll","background-type":"","background-media":"","overlay-type":"","overlay-color":"","overlay-opacity":"","overlay-gradient":""},"tablet":{"background-color":"","background-image":"","background-repeat":"repeat","background-position":"center center","background-size":"auto","background-attachment":"scroll","background-type":"","background-media":"","overlay-type":"","overlay-color":"","overlay-opacity":"","overlay-gradient":""},"mobile":{"background-color":"","background-image":"","background-repeat":"repeat","background-position":"center center","background-size":"auto","background-attachment":"scroll","background-type":"","background-media":"","overlay-type":"","overlay-color":"","overlay-opacity":"","overlay-gradient":""}},"ast-content-background-meta":{"desktop":{"background-color":"var(--ast-global-color-5)","background-image":"","background-repeat":"repeat","background-position":"center center","background-size":"auto","background-attachment":"scroll","background-type":"","background-media":"","overlay-type":"","overlay-color":"","overlay-opacity":"","overlay-gradient":""},"tablet":{"background-color":"var(--ast-global-color-5)","background-image":"","background-repeat":"repeat","background-position":"center center","background-size":"auto","background-attachment":"scroll","background-type":"","background-media":"","overlay-type":"","overlay-color":"","overlay-opacity":"","overlay-gradient":""},"mobile":{"background-color":"var(--ast-global-color-5)","background-image":"","background-repeat":"repeat","background-position":"center center","background-size":"auto","background-attachment":"scroll","background-type":"","background-media":"","overlay-type":"","overlay-color":"","overlay-opacity":"","overlay-gradient":""}},"footnotes":""},"class_list":["post-15959","page","type-page","status-publish","hentry"],"acf":[],"uagb_featured_image_src":{"full":false,"thumbnail":false,"medium":false,"medium_large":false,"large":false,"1536x1536":false,"2048x2048":false,"trp-custom-language-flag":false},"uagb_author_info":{"display_name":"Jiang.xu","author_link":"https:\/\/onmytoolings.com\/de\/author\/bigsunjianggmail-com\/"},"uagb_comment_info":0,"uagb_excerpt":"tungsten carbide strips We supply tungsten carbide strips that are widely used in woodworking, metalworking, and wear-resistant tooling. With excellent hardness, high wear resistance, and superior toughness, our carbide strips are designed to withstand extreme cutting and grinding conditions, ensuring longer tool life and consistent performance. As a trusted tungsten carbide strip manufacturer, we offer&hellip;","_links":{"self":[{"href":"https:\/\/onmytoolings.com\/de\/wp-json\/wp\/v2\/pages\/15959","targetHints":{"allow":["GET"]}}],"collection":[{"href":"https:\/\/onmytoolings.com\/de\/wp-json\/wp\/v2\/pages"}],"about":[{"href":"https:\/\/onmytoolings.com\/de\/wp-json\/wp\/v2\/types\/page"}],"author":[{"embeddable":true,"href":"https:\/\/onmytoolings.com\/de\/wp-json\/wp\/v2\/users\/1"}],"replies":[{"embeddable":true,"href":"https:\/\/onmytoolings.com\/de\/wp-json\/wp\/v2\/comments?post=15959"}],"version-history":[{"count":21,"href":"https:\/\/onmytoolings.com\/de\/wp-json\/wp\/v2\/pages\/15959\/revisions"}],"predecessor-version":[{"id":17217,"href":"https:\/\/onmytoolings.com\/de\/wp-json\/wp\/v2\/pages\/15959\/revisions\/17217"}],"up":[{"embeddable":true,"href":"https:\/\/onmytoolings.com\/de\/wp-json\/wp\/v2\/pages\/15677"}],"wp:attachment":[{"href":"https:\/\/onmytoolings.com\/de\/wp-json\/wp\/v2\/media?parent=15959"}],"curies":[{"name":"wp","href":"https:\/\/api.w.org\/{rel}","templated":true}]}}