{"id":15677,"date":"2025-07-21T15:13:12","date_gmt":"2025-07-21T15:13:12","guid":{"rendered":"https:\/\/onmytoolings.com\/?page_id=15677"},"modified":"2025-09-16T05:59:46","modified_gmt":"2025-09-16T05:59:46","slug":"wolframkarbid-rohlinge","status":"publish","type":"page","link":"https:\/\/onmytoolings.com\/de\/tungsten-carbide-blanks\/","title":{"rendered":"Wolframkarbid-Rohlinge"},"content":{"rendered":"<div data-elementor-type=\"wp-page\" data-elementor-id=\"15677\" class=\"elementor elementor-15677\" data-elementor-post-type=\"page\">\n\t\t\t\t<div class=\"elementor-element elementor-element-76ab52d e-flex e-con-boxed e-con e-parent\" data-id=\"76ab52d\" data-element_type=\"container\" data-e-type=\"container\" data-settings=\"{&quot;background_background&quot;:&quot;classic&quot;}\">\n\t\t\t\t\t<div class=\"e-con-inner\">\n\t\t\t\t<div class=\"elementor-element elementor-element-7cf24d0 elementor-widget elementor-widget-heading\" data-id=\"7cf24d0\" data-element_type=\"widget\" data-e-type=\"widget\" data-widget_type=\"heading.default\">\n\t\t\t\t<div class=\"elementor-widget-container\">\n\t\t\t\t\t<h1 class=\"elementor-heading-title elementor-size-default\">Wolframkarbid-Rohlinge<\/h1>\t\t\t\t<\/div>\n\t\t\t\t<\/div>\n\t\t\t\t<div class=\"elementor-element elementor-element-0cac017 elementor-widget elementor-widget-text-editor\" data-id=\"0cac017\" data-element_type=\"widget\" data-e-type=\"widget\" data-widget_type=\"text-editor.default\">\n\t\t\t\t<div class=\"elementor-widget-container\">\n\t\t\t\t\t\t\t\t\t<p dir=\"auto\"><span data-sheets-root=\"1\">Wolframkarbid-Rohlinge<\/span> sind vorgeformte St\u00fccke aus Wolframkarbid, einem harten und haltbaren Material aus Wolfram und Kohlenstoff. Sie werden als Ausgangsmaterial f\u00fcr die Herstellung von Schneidwerkzeugen verwendet, <a href=\"https:\/\/onmytoolings.com\/de\/locherwerkzeuge\/\" target=\"_blank\" rel=\"noopener\">Bohrer<\/a>, <a href=\"https:\/\/onmytoolings.com\/de\/carbide-end-mill-supplier\/\" target=\"_blank\" rel=\"noopener\">Schaftfr\u00e4ser<\/a>und andere Pr\u00e4zisionskomponenten. Die Rohlinge werden in der Regel zu St\u00e4ben, Scheiben oder anderen Formen geformt und dann geschliffen oder zu endg\u00fcltigen Werkzeugen bearbeitet. Zu ihren wichtigsten Eigenschaften geh\u00f6ren hohe H\u00e4rte, Verschlei\u00dffestigkeit und Festigkeit, wodurch sie sich ideal f\u00fcr industrielle Anwendungen wie die Metallbearbeitung, die Holzbearbeitung und den Bergbau eignen. Sie werden oft mit einem Metallbindemittel wie Kobalt kombiniert, um die Z\u00e4higkeit zu erh\u00f6hen.<\/p>\t\t\t\t\t\t\t\t<\/div>\n\t\t\t\t<\/div>\n\t\t\t\t<div class=\"elementor-element elementor-element-9c60a01 elementor-mobile-align-center elementor-widget elementor-widget-button\" data-id=\"9c60a01\" data-element_type=\"widget\" data-e-type=\"widget\" data-widget_type=\"button.default\">\n\t\t\t\t<div class=\"elementor-widget-container\">\n\t\t\t\t\t\t\t\t\t<div class=\"elementor-button-wrapper\">\n\t\t\t\t\t<a class=\"elementor-button elementor-button-link elementor-size-sm\" href=\"#elementor-action%3Aaction%3Dpopup%3Aopen%26settings%3DeyJpZCI6IjEwNDA3IiwidG9nZ2xlIjpmYWxzZX0%3D\">\n\t\t\t\t\t\t<span class=\"elementor-button-content-wrapper\">\n\t\t\t\t\t\t\t\t\t<span class=\"elementor-button-text\">Kontakt zu einem Experten<\/span>\n\t\t\t\t\t<\/span>\n\t\t\t\t\t<\/a>\n\t\t\t\t<\/div>\n\t\t\t\t\t\t\t\t<\/div>\n\t\t\t\t<\/div>\n\t\t\t\t\t<\/div>\n\t\t\t\t<\/div>\n\t\t<div class=\"elementor-element elementor-element-2834aaa e-grid e-con-boxed e-con e-parent\" data-id=\"2834aaa\" data-element_type=\"container\" data-e-type=\"container\">\n\t\t\t\t\t<div class=\"e-con-inner\">\n\t\t\t\t<div class=\"elementor-element elementor-element-20afe93 elementor-position-top elementor-widget elementor-widget-image-box\" data-id=\"20afe93\" data-element_type=\"widget\" data-e-type=\"widget\" data-widget_type=\"image-box.default\">\n\t\t\t\t<div class=\"elementor-widget-container\">\n\t\t\t\t\t<div class=\"elementor-image-box-wrapper\"><figure class=\"elementor-image-box-img\"><a href=\"https:\/\/onmytoolings.com\/de\/tungsten-carbide-blanks\/tungsten-carbide-rod\/\" tabindex=\"-1\" target=\"_blank\"><img fetchpriority=\"high\" decoding=\"async\" width=\"800\" height=\"800\" src=\"https:\/\/onmytoolings.com\/wp-content\/uploads\/2025\/07\/carbide-rod-blanks.webp\" class=\"attachment-full size-full wp-image-15681\" alt=\"Hartmetall-Stabrohlinge\" srcset=\"https:\/\/onmytoolings.com\/wp-content\/uploads\/2025\/07\/carbide-rod-blanks.webp 800w, https:\/\/onmytoolings.com\/wp-content\/uploads\/2025\/07\/carbide-rod-blanks-300x300.webp 300w, https:\/\/onmytoolings.com\/wp-content\/uploads\/2025\/07\/carbide-rod-blanks-150x150.webp 150w, https:\/\/onmytoolings.com\/wp-content\/uploads\/2025\/07\/carbide-rod-blanks-768x768.webp 768w, https:\/\/onmytoolings.com\/wp-content\/uploads\/2025\/07\/carbide-rod-blanks-12x12.webp 12w\" sizes=\"(max-width: 800px) 100vw, 800px\" \/><\/a><\/figure><div class=\"elementor-image-box-content\"><h5 class=\"elementor-image-box-title\"><a href=\"https:\/\/onmytoolings.com\/de\/tungsten-carbide-blanks\/tungsten-carbide-rod\/\" target=\"_blank\">Hartmetall-Stabrohlinge<\/a><\/h5><p class=\"elementor-image-box-description\">Wir k\u00f6nnen massive, einlochige, doppellochige und spiralf\u00f6rmige Ausf\u00fchrungen liefern. <a class=\"wpil_keyword_link\" href=\"https:\/\/onmytoolings.com\/de\/wolframkarbid-rohlinge\/wolframkarbid-stab\/\" title=\"Wolframkarbid-Stab\" data-wpil-keyword-link=\"linked\" data-wpil-monitor-id=\"74\" target=\"_blank\">Wolframkarbid-Stab<\/a> Leerzeichen.<\/p><\/div><\/div>\t\t\t\t<\/div>\n\t\t\t\t<\/div>\n\t\t\t\t<div class=\"elementor-element elementor-element-534bcd5 elementor-position-top elementor-widget elementor-widget-image-box\" data-id=\"534bcd5\" data-element_type=\"widget\" data-e-type=\"widget\" data-widget_type=\"image-box.default\">\n\t\t\t\t<div class=\"elementor-widget-container\">\n\t\t\t\t\t<div class=\"elementor-image-box-wrapper\"><figure class=\"elementor-image-box-img\"><a href=\"https:\/\/onmytoolings.com\/de\/tungsten-carbide-blanks\/carbide-insert-blanks-2\/\" tabindex=\"-1\" target=\"_blank\"><img decoding=\"async\" width=\"800\" height=\"800\" src=\"https:\/\/onmytoolings.com\/wp-content\/uploads\/2025\/07\/carbide-insert-blanks.webp\" class=\"attachment-full size-full wp-image-15682\" alt=\"Hartmetall-Einsatzrohlinge\" srcset=\"https:\/\/onmytoolings.com\/wp-content\/uploads\/2025\/07\/carbide-insert-blanks.webp 800w, https:\/\/onmytoolings.com\/wp-content\/uploads\/2025\/07\/carbide-insert-blanks-300x300.webp 300w, https:\/\/onmytoolings.com\/wp-content\/uploads\/2025\/07\/carbide-insert-blanks-150x150.webp 150w, https:\/\/onmytoolings.com\/wp-content\/uploads\/2025\/07\/carbide-insert-blanks-768x768.webp 768w, https:\/\/onmytoolings.com\/wp-content\/uploads\/2025\/07\/carbide-insert-blanks-12x12.webp 12w\" sizes=\"(max-width: 800px) 100vw, 800px\" \/><\/a><\/figure><div class=\"elementor-image-box-content\"><h5 class=\"elementor-image-box-title\"><a href=\"https:\/\/onmytoolings.com\/de\/tungsten-carbide-blanks\/carbide-insert-blanks-2\/\" target=\"_blank\">Hartmetall-Einsatzrohlinge<\/a><\/h5><p class=\"elementor-image-box-description\">Wir k\u00f6nnen eine breite Palette an Standard-Wendeschneidplatten herstellen. <a class=\"wpil_keyword_link\" href=\"https:\/\/onmytoolings.com\/de\/wolframkarbid-rohlinge\/hartmetall-einsatzrohlinge-2\/\" title=\"Hartmetall-Einsatzrohlinge\" data-wpil-keyword-link=\"linked\" data-wpil-monitor-id=\"75\" target=\"_blank\">Leerzeichen einf\u00fcgen<\/a> wie Drehen, Fr\u00e4sen, Bohren und Gewindeschneiden von Einsatzrohlingen.<\/p><\/div><\/div>\t\t\t\t<\/div>\n\t\t\t\t<\/div>\n\t\t\t\t<div class=\"elementor-element elementor-element-c21364e elementor-position-top elementor-widget elementor-widget-image-box\" data-id=\"c21364e\" data-element_type=\"widget\" data-e-type=\"widget\" data-widget_type=\"image-box.default\">\n\t\t\t\t<div class=\"elementor-widget-container\">\n\t\t\t\t\t<div class=\"elementor-image-box-wrapper\"><figure class=\"elementor-image-box-img\"><a href=\"https:\/\/onmytoolings.com\/de\/product\/tungsten-carbide-plates\/\" tabindex=\"-1\" target=\"_blank\"><img decoding=\"async\" width=\"800\" height=\"800\" src=\"https:\/\/onmytoolings.com\/wp-content\/uploads\/2025\/07\/tungsten-carbide-plate.webp\" class=\"attachment-full size-full wp-image-15686\" alt=\"Wolframkarbidplatte\" srcset=\"https:\/\/onmytoolings.com\/wp-content\/uploads\/2025\/07\/tungsten-carbide-plate.webp 800w, https:\/\/onmytoolings.com\/wp-content\/uploads\/2025\/07\/tungsten-carbide-plate-300x300.webp 300w, https:\/\/onmytoolings.com\/wp-content\/uploads\/2025\/07\/tungsten-carbide-plate-150x150.webp 150w, https:\/\/onmytoolings.com\/wp-content\/uploads\/2025\/07\/tungsten-carbide-plate-768x768.webp 768w, https:\/\/onmytoolings.com\/wp-content\/uploads\/2025\/07\/tungsten-carbide-plate-12x12.webp 12w\" sizes=\"(max-width: 800px) 100vw, 800px\" \/><\/a><\/figure><div class=\"elementor-image-box-content\"><h5 class=\"elementor-image-box-title\"><a href=\"https:\/\/onmytoolings.com\/de\/product\/tungsten-carbide-plates\/\" target=\"_blank\">Wolframkarbidplatte<\/a><\/h5><p class=\"elementor-image-box-description\">Wir bieten <a class=\"wpil_keyword_link\" href=\"https:\/\/onmytoolings.com\/de\/produkt\/wolframkarbidplatten\/\" title=\"Standard-Wolframkarbid-Platten\" data-wpil-keyword-link=\"linked\" data-wpil-monitor-id=\"72\" target=\"_blank\">Wolframkarbidplatten<\/a> in verschiedenen Gr\u00f6\u00dfen, darunter regul\u00e4re Rohlinge und geschliffene Rohlinge, und unterst\u00fctzen auch spezielle Anpassungsanforderungen.<\/p><\/div><\/div>\t\t\t\t<\/div>\n\t\t\t\t<\/div>\n\t\t\t\t<div class=\"elementor-element elementor-element-69abe3a elementor-position-top elementor-widget elementor-widget-image-box\" data-id=\"69abe3a\" data-element_type=\"widget\" data-e-type=\"widget\" data-widget_type=\"image-box.default\">\n\t\t\t\t<div class=\"elementor-widget-container\">\n\t\t\t\t\t<div class=\"elementor-image-box-wrapper\"><figure class=\"elementor-image-box-img\"><a href=\"https:\/\/onmytoolings.com\/de\/tungsten-carbide-blanks\/tungsten-carbide-strips-2\/\" tabindex=\"-1\" target=\"_blank\"><img loading=\"lazy\" decoding=\"async\" width=\"640\" height=\"640\" src=\"https:\/\/onmytoolings.com\/wp-content\/uploads\/2025\/07\/tungsten-carbide-strips.webp\" class=\"attachment-full size-full wp-image-15695\" alt=\"Hartmetallstreifen\" srcset=\"https:\/\/onmytoolings.com\/wp-content\/uploads\/2025\/07\/tungsten-carbide-strips.webp 640w, https:\/\/onmytoolings.com\/wp-content\/uploads\/2025\/07\/tungsten-carbide-strips-300x300.webp 300w, https:\/\/onmytoolings.com\/wp-content\/uploads\/2025\/07\/tungsten-carbide-strips-150x150.webp 150w, https:\/\/onmytoolings.com\/wp-content\/uploads\/2025\/07\/tungsten-carbide-strips-12x12.webp 12w\" sizes=\"(max-width: 640px) 100vw, 640px\" \/><\/a><\/figure><div class=\"elementor-image-box-content\"><h5 class=\"elementor-image-box-title\"><a href=\"https:\/\/onmytoolings.com\/de\/tungsten-carbide-blanks\/tungsten-carbide-strips-2\/\" target=\"_blank\">Wolframkarbidstreifen<\/a><\/h5><p class=\"elementor-image-box-description\">Professionelles Wolfram <a class=\"wpil_keyword_link\" href=\"https:\/\/onmytoolings.com\/de\/produkt\/stranggepresste-wolframkarbidstreifen\/\" title=\"Extrudierte Wolframkarbid-Streifen\" data-wpil-keyword-link=\"linked\" data-wpil-monitor-id=\"73\" target=\"_blank\">Hartmetallstreifen<\/a> Hersteller, Produkte umfassen extrudierte B\u00e4nder und STB-B\u00e4nder, unterst\u00fctzen verschiedene Gr\u00f6\u00dfen und St\u00e4rken sowie spezielle Anpassungsanforderungen.<\/p><\/div><\/div>\t\t\t\t<\/div>\n\t\t\t\t<\/div>\n\t\t\t\t<div class=\"elementor-element elementor-element-3e713ef elementor-position-top elementor-widget elementor-widget-image-box\" data-id=\"3e713ef\" data-element_type=\"widget\" data-e-type=\"widget\" data-widget_type=\"image-box.default\">\n\t\t\t\t<div class=\"elementor-widget-container\">\n\t\t\t\t\t<div class=\"elementor-image-box-wrapper\"><figure class=\"elementor-image-box-img\"><img loading=\"lazy\" decoding=\"async\" width=\"800\" height=\"800\" src=\"https:\/\/onmytoolings.com\/wp-content\/uploads\/2025\/07\/carbide-drill-blanks.webp\" class=\"attachment-full size-full wp-image-15691\" alt=\"Hartmetall-Bohrerrohlinge\" srcset=\"https:\/\/onmytoolings.com\/wp-content\/uploads\/2025\/07\/carbide-drill-blanks.webp 800w, https:\/\/onmytoolings.com\/wp-content\/uploads\/2025\/07\/carbide-drill-blanks-300x300.webp 300w, https:\/\/onmytoolings.com\/wp-content\/uploads\/2025\/07\/carbide-drill-blanks-150x150.webp 150w, https:\/\/onmytoolings.com\/wp-content\/uploads\/2025\/07\/carbide-drill-blanks-768x768.webp 768w, https:\/\/onmytoolings.com\/wp-content\/uploads\/2025\/07\/carbide-drill-blanks-12x12.webp 12w\" sizes=\"(max-width: 800px) 100vw, 800px\" \/><\/figure><div class=\"elementor-image-box-content\"><h5 class=\"elementor-image-box-title\">Hartmetall-Bohrerrohlinge<\/h5><p class=\"elementor-image-box-description\">Standard-Hartmetallbohrerrohlinge (Innenk\u00fchlung, Au\u00dfenk\u00fchlung) und kundenspezifische Produkte mit besonderen Anforderungen.<\/p><\/div><\/div>\t\t\t\t<\/div>\n\t\t\t\t<\/div>\n\t\t\t\t<div class=\"elementor-element elementor-element-118895f elementor-position-top elementor-widget elementor-widget-image-box\" data-id=\"118895f\" data-element_type=\"widget\" data-e-type=\"widget\" data-widget_type=\"image-box.default\">\n\t\t\t\t<div class=\"elementor-widget-container\">\n\t\t\t\t\t<div class=\"elementor-image-box-wrapper\"><figure class=\"elementor-image-box-img\"><img loading=\"lazy\" decoding=\"async\" width=\"600\" height=\"600\" src=\"https:\/\/onmytoolings.com\/wp-content\/uploads\/2025\/07\/carbide-preforms.webp\" class=\"attachment-full size-full wp-image-15696\" alt=\"Hartmetall-Vorformlinge\" srcset=\"https:\/\/onmytoolings.com\/wp-content\/uploads\/2025\/07\/carbide-preforms.webp 600w, https:\/\/onmytoolings.com\/wp-content\/uploads\/2025\/07\/carbide-preforms-300x300.webp 300w, https:\/\/onmytoolings.com\/wp-content\/uploads\/2025\/07\/carbide-preforms-150x150.webp 150w, https:\/\/onmytoolings.com\/wp-content\/uploads\/2025\/07\/carbide-preforms-12x12.webp 12w, https:\/\/onmytoolings.com\/wp-content\/uploads\/2025\/07\/elementor\/thumbs\/carbide-preforms-r93a00eggg0hqvn6mg1vyxy4og5sgmwktsfa4velco.webp 92w\" sizes=\"(max-width: 600px) 100vw, 600px\" \/><\/figure><div class=\"elementor-image-box-content\"><h5 class=\"elementor-image-box-title\">Hartmetall-Vorformlinge<\/h5><p class=\"elementor-image-box-description\">Professioneller Hersteller von Hartmetall-Vorformlingen, der verschiedene spezielle verschlei\u00dffeste Produkte unterst\u00fctzt (Gewinde, Mehrfachl\u00f6cher, Mehrfachnuten, Seitenl\u00f6cher, Sackl\u00f6cher, D\u00fcsen, Formen)<\/p><\/div><\/div>\t\t\t\t<\/div>\n\t\t\t\t<\/div>\n\t\t\t\t<div class=\"elementor-element elementor-element-adcc416 elementor-position-top elementor-widget elementor-widget-image-box\" data-id=\"adcc416\" data-element_type=\"widget\" data-e-type=\"widget\" data-widget_type=\"image-box.default\">\n\t\t\t\t<div class=\"elementor-widget-container\">\n\t\t\t\t\t<div class=\"elementor-image-box-wrapper\"><figure class=\"elementor-image-box-img\"><a href=\"https:\/\/onmytoolings.com\/de\/tungsten-carbide-blanks\/carbide-cold-heading-dies\/\" tabindex=\"-1\" target=\"_blank\"><img loading=\"lazy\" decoding=\"async\" width=\"800\" height=\"801\" src=\"https:\/\/onmytoolings.com\/wp-content\/uploads\/2025\/09\/cold-heading-dies.webp\" class=\"attachment-full size-full wp-image-15998\" alt=\"Kaltstauchwerkzeuge aus Hartmetall\" srcset=\"https:\/\/onmytoolings.com\/wp-content\/uploads\/2025\/09\/cold-heading-dies.webp 800w, https:\/\/onmytoolings.com\/wp-content\/uploads\/2025\/09\/cold-heading-dies-300x300.webp 300w, https:\/\/onmytoolings.com\/wp-content\/uploads\/2025\/09\/cold-heading-dies-150x150.webp 150w, https:\/\/onmytoolings.com\/wp-content\/uploads\/2025\/09\/cold-heading-dies-768x769.webp 768w, https:\/\/onmytoolings.com\/wp-content\/uploads\/2025\/09\/cold-heading-dies-12x12.webp 12w\" sizes=\"(max-width: 800px) 100vw, 800px\" \/><\/a><\/figure><div class=\"elementor-image-box-content\"><h5 class=\"elementor-image-box-title\"><a href=\"https:\/\/onmytoolings.com\/de\/tungsten-carbide-blanks\/carbide-cold-heading-dies\/\" target=\"_blank\">Kaltstauchwerkzeuge aus Hartmetall<\/a><\/h5><p class=\"elementor-image-box-description\"><a class=\"wpil_keyword_link\" href=\"https:\/\/onmytoolings.com\/de\/wolframkarbid-rohlinge\/kaltstauchwerkzeuge-aus-hartmetall\/\" title=\"Hartmetall-Kaltstauchwerkzeuge\" data-wpil-keyword-link=\"linked\" data-wpil-monitor-id=\"76\" target=\"_blank\">Hartmetall-Kaltstauchwerkzeuge<\/a> sind wichtige Pr\u00e4zisionswerkzeuge, die beim Kaltstauchen oder Kaltumformen zur Massenfertigung von Metallteilen, insbesondere Verbindungselementen, eingesetzt werden.<\/p><\/div><\/div>\t\t\t\t<\/div>\n\t\t\t\t<\/div>\n\t\t\t\t\t<\/div>\n\t\t\t\t<\/div>\n\t\t\t\t<\/div>","protected":false},"excerpt":{"rendered":"<p>tungsten carbide blanks Tungsten carbide blanks are pre-formed pieces of tungsten carbide, a hard and durable material made from tungsten and carbon. They\u2019re used as starting materials for manufacturing cutting tools, drills, end mills, and other precision components. The blanks are typically shaped into rods, discs, or other forms and then ground or machined into [&hellip;]<\/p>\n","protected":false},"author":1,"featured_media":0,"parent":0,"menu_order":0,"comment_status":"closed","ping_status":"closed","template":"","meta":{"_acf_changed":false,"_uag_custom_page_level_css":"","site-sidebar-layout":"no-sidebar","site-content-layout":"page-builder","ast-site-content-layout":"full-width-container","site-content-style":"default","site-sidebar-style":"default","ast-global-header-display":"","ast-banner-title-visibility":"","ast-main-header-display":"","ast-hfb-above-header-display":"","ast-hfb-below-header-display":"","ast-hfb-mobile-header-display":"","site-post-title":"disabled","ast-breadcrumbs-content":"","ast-featured-img":"disabled","footer-sml-layout":"","ast-disable-related-posts":"","theme-transparent-header-meta":"","adv-header-id-meta":"","stick-header-meta":"","header-above-stick-meta":"","header-main-stick-meta":"","header-below-stick-meta":"","astra-migrate-meta-layouts":"default","ast-page-background-enabled":"default","ast-page-background-meta":{"desktop":{"background-color":"","background-image":"","background-repeat":"repeat","background-position":"center center","background-size":"auto","background-attachment":"scroll","background-type":"","background-media":"","overlay-type":"","overlay-color":"","overlay-opacity":"","overlay-gradient":""},"tablet":{"background-color":"","background-image":"","background-repeat":"repeat","background-position":"center center","background-size":"auto","background-attachment":"scroll","background-type":"","background-media":"","overlay-type":"","overlay-color":"","overlay-opacity":"","overlay-gradient":""},"mobile":{"background-color":"","background-image":"","background-repeat":"repeat","background-position":"center center","background-size":"auto","background-attachment":"scroll","background-type":"","background-media":"","overlay-type":"","overlay-color":"","overlay-opacity":"","overlay-gradient":""}},"ast-content-background-meta":{"desktop":{"background-color":"var(--ast-global-color-5)","background-image":"","background-repeat":"repeat","background-position":"center center","background-size":"auto","background-attachment":"scroll","background-type":"","background-media":"","overlay-type":"","overlay-color":"","overlay-opacity":"","overlay-gradient":""},"tablet":{"background-color":"var(--ast-global-color-5)","background-image":"","background-repeat":"repeat","background-position":"center center","background-size":"auto","background-attachment":"scroll","background-type":"","background-media":"","overlay-type":"","overlay-color":"","overlay-opacity":"","overlay-gradient":""},"mobile":{"background-color":"var(--ast-global-color-5)","background-image":"","background-repeat":"repeat","background-position":"center center","background-size":"auto","background-attachment":"scroll","background-type":"","background-media":"","overlay-type":"","overlay-color":"","overlay-opacity":"","overlay-gradient":""}},"footnotes":""},"class_list":["post-15677","page","type-page","status-publish","hentry"],"acf":[],"uagb_featured_image_src":{"full":false,"thumbnail":false,"medium":false,"medium_large":false,"large":false,"1536x1536":false,"2048x2048":false,"trp-custom-language-flag":false},"uagb_author_info":{"display_name":"Jiang.xu","author_link":"https:\/\/onmytoolings.com\/de\/author\/bigsunjianggmail-com\/"},"uagb_comment_info":0,"uagb_excerpt":"tungsten carbide blanks Tungsten carbide blanks are pre-formed pieces of tungsten carbide, a hard and durable material made from tungsten and carbon. They\u2019re used as starting materials for manufacturing cutting tools, drills, end mills, and other precision components. The blanks are typically shaped into rods, discs, or other forms and then ground or machined into&hellip;","_links":{"self":[{"href":"https:\/\/onmytoolings.com\/de\/wp-json\/wp\/v2\/pages\/15677","targetHints":{"allow":["GET"]}}],"collection":[{"href":"https:\/\/onmytoolings.com\/de\/wp-json\/wp\/v2\/pages"}],"about":[{"href":"https:\/\/onmytoolings.com\/de\/wp-json\/wp\/v2\/types\/page"}],"author":[{"embeddable":true,"href":"https:\/\/onmytoolings.com\/de\/wp-json\/wp\/v2\/users\/1"}],"replies":[{"embeddable":true,"href":"https:\/\/onmytoolings.com\/de\/wp-json\/wp\/v2\/comments?post=15677"}],"version-history":[{"count":33,"href":"https:\/\/onmytoolings.com\/de\/wp-json\/wp\/v2\/pages\/15677\/revisions"}],"predecessor-version":[{"id":17222,"href":"https:\/\/onmytoolings.com\/de\/wp-json\/wp\/v2\/pages\/15677\/revisions\/17222"}],"wp:attachment":[{"href":"https:\/\/onmytoolings.com\/de\/wp-json\/wp\/v2\/media?parent=15677"}],"curies":[{"name":"wp","href":"https:\/\/api.w.org\/{rel}","templated":true}]}}