{"id":15523,"date":"2025-06-16T13:08:41","date_gmt":"2025-06-16T13:08:41","guid":{"rendered":"https:\/\/onmytoolings.com\/?page_id=15523"},"modified":"2025-07-16T07:02:26","modified_gmt":"2025-07-16T07:02:26","slug":"spatenbohrer","status":"publish","type":"page","link":"https:\/\/onmytoolings.com\/de\/spade-drills\/","title":{"rendered":"Spatenbohrer"},"content":{"rendered":"<div data-elementor-type=\"wp-page\" data-elementor-id=\"15523\" class=\"elementor elementor-15523\" data-elementor-post-type=\"page\">\n\t\t\t\t<div class=\"elementor-element elementor-element-b264b0a e-flex e-con-boxed e-con e-parent\" data-id=\"b264b0a\" data-element_type=\"container\" data-e-type=\"container\">\n\t\t\t\t\t<div class=\"e-con-inner\">\n\t\t<div class=\"elementor-element elementor-element-0279949 e-con-full e-flex e-con e-child\" data-id=\"0279949\" data-element_type=\"container\" data-e-type=\"container\">\n\t\t\t\t<div class=\"elementor-element elementor-element-acca71c elementor-widget elementor-widget-heading\" data-id=\"acca71c\" data-element_type=\"widget\" data-e-type=\"widget\" data-widget_type=\"heading.default\">\n\t\t\t\t<div class=\"elementor-widget-container\">\n\t\t\t\t\t<h1 class=\"elementor-heading-title elementor-size-default\">Spatenbohrer<\/h1>\t\t\t\t<\/div>\n\t\t\t\t<\/div>\n\t\t\t\t<div class=\"elementor-element elementor-element-3dba00f elementor-widget elementor-widget-text-editor\" data-id=\"3dba00f\" data-element_type=\"widget\" data-e-type=\"widget\" data-widget_type=\"text-editor.default\">\n\t\t\t\t<div class=\"elementor-widget-container\">\n\t\t\t\t\t\t\t\t\t<p>Spatenbohrer verf\u00fcgen \u00fcber eine flache Schneidplatte, in der Regel mit auswechselbaren oder wendbaren Hartmetall-, Kobalt- und Schnellstahl (HSS)-Eins\u00e4tzen, die auf einem Werkzeughalter montiert sind. Sie sind eine Art modulares Bohrwerkzeug f\u00fcr Metallbohrarbeiten. Spatenbohrer werden auf CNC-Maschinen, Dreh- oder Fr\u00e4smaschinen zum Bohren gro\u00dfer L\u00f6cher (typischerweise mit einem Durchmesser von 13 bis 65 mm) in Metalle wie Stahl, Aluminium oder Gusseisen verwendet. Spatenbohrer sind aufgrund der austauschbaren Eins\u00e4tze kosteng\u00fcnstig, haben eine effiziente Spanabfuhr durch innere K\u00fchlmittelkan\u00e4le und eignen sich f\u00fcr Hochgeschwindigkeits-Tiefbohrungen mit engen Toleranzanforderungen (\u00b10,1 mm). Sie erbringen ihre beste Leistung unter Vollkontaktbedingungen, k\u00f6nnen aber beim Vorbohren auf Schwierigkeiten sto\u00dfen.<\/p>\t\t\t\t\t\t\t\t<\/div>\n\t\t\t\t<\/div>\n\t\t<div class=\"elementor-element elementor-element-d3d0d40 e-con-full e-flex e-con e-child\" data-id=\"d3d0d40\" data-element_type=\"container\" data-e-type=\"container\">\n\t\t<div class=\"elementor-element elementor-element-ee711a8 e-grid e-con-full e-con e-child\" data-id=\"ee711a8\" data-element_type=\"container\" data-e-type=\"container\">\n\t\t\t\t<div class=\"elementor-element elementor-element-1672ec9 elementor-position-top elementor-widget elementor-widget-image-box\" data-id=\"1672ec9\" data-element_type=\"widget\" data-e-type=\"widget\" data-widget_type=\"image-box.default\">\n\t\t\t\t<div class=\"elementor-widget-container\">\n\t\t\t\t\t<div class=\"elementor-image-box-wrapper\"><figure class=\"elementor-image-box-img\"><a href=\"https:\/\/onmytoolings.com\/de\/product\/spade-drill-inserts\/\" tabindex=\"-1\" target=\"_blank\"><img decoding=\"async\" src=\"https:\/\/onmytoolings.com\/wp-content\/uploads\/elementor\/thumbs\/spade-drill-inserts-r7e74szb7ha37rgg0iri3z2kltlxqoo7gt5grl6h68.webp\" title=\"Spatenbohrer-Eins\u00e4tze\" alt=\"Spatenbohrer-Eins\u00e4tze\" loading=\"lazy\" \/><\/a><\/figure><div class=\"elementor-image-box-content\"><h3 class=\"elementor-image-box-title\"><a href=\"https:\/\/onmytoolings.com\/de\/product\/spade-drill-inserts\/\" target=\"_blank\">Spatenbohrer-Eins\u00e4tze<\/a><\/h3><p class=\"elementor-image-box-description\">F\u00fcr die verschiedenen zu bearbeitenden Materialien werden auswechselbare Eins\u00e4tze aus Hartmetall, Kobalt und Schnellarbeitsstahl (HSS) verwendet.<\/p><\/div><\/div>\t\t\t\t<\/div>\n\t\t\t\t<\/div>\n\t\t\t\t<div class=\"elementor-element elementor-element-4c13064 elementor-position-top elementor-widget elementor-widget-image-box\" data-id=\"4c13064\" data-element_type=\"widget\" data-e-type=\"widget\" data-widget_type=\"image-box.default\">\n\t\t\t\t<div class=\"elementor-widget-container\">\n\t\t\t\t\t<div class=\"elementor-image-box-wrapper\"><figure class=\"elementor-image-box-img\"><a href=\"https:\/\/onmytoolings.com\/de\/product\/spade-drill-holders\/\" tabindex=\"-1\" target=\"_blank\"><img decoding=\"async\" src=\"https:\/\/onmytoolings.com\/wp-content\/uploads\/elementor\/thumbs\/spde-drill-holders-r7e759wemhx90qrv9q2scusvarajl8jdj4w7ekhe28.webp\" title=\"spde bohrerhalter\" alt=\"spde bohrerhalter\" loading=\"lazy\" \/><\/a><\/figure><div class=\"elementor-image-box-content\"><h3 class=\"elementor-image-box-title\"><a href=\"https:\/\/onmytoolings.com\/de\/product\/spade-drill-holders\/\" target=\"_blank\">Spatenbohrerhalter<\/a><\/h3><p class=\"elementor-image-box-description\">Gro\u00dfe Spanleitstufe, verchromte H13-Ausf\u00fchrung, gute Steifigkeit und hohe Pr\u00e4zision.<\/p><\/div><\/div>\t\t\t\t<\/div>\n\t\t\t\t<\/div>\n\t\t\t\t<\/div>\n\t\t\t\t<\/div>\n\t\t\t\t<\/div>\n\t\t\t\t\t<\/div>\n\t\t\t\t<\/div>\n\t\t\t\t<\/div>","protected":false},"excerpt":{"rendered":"<p>spade drills Spade drills feature a flat cutting insert, usually with replaceable or indexable carbide, cobalt and high-speed steel (HSS) inserts, mounted on a tool holder. They are a type of modular drilling tool for metal drilling work. Spade drills are used on CNC machines, lathes or milling machines to drill large holes (typically 13 [&hellip;]<\/p>\n","protected":false},"author":1,"featured_media":0,"parent":0,"menu_order":0,"comment_status":"closed","ping_status":"closed","template":"","meta":{"_acf_changed":false,"_uag_custom_page_level_css":"","site-sidebar-layout":"no-sidebar","site-content-layout":"page-builder","ast-site-content-layout":"full-width-container","site-content-style":"default","site-sidebar-style":"default","ast-global-header-display":"","ast-banner-title-visibility":"","ast-main-header-display":"","ast-hfb-above-header-display":"","ast-hfb-below-header-display":"","ast-hfb-mobile-header-display":"","site-post-title":"disabled","ast-breadcrumbs-content":"","ast-featured-img":"disabled","footer-sml-layout":"","ast-disable-related-posts":"","theme-transparent-header-meta":"","adv-header-id-meta":"","stick-header-meta":"","header-above-stick-meta":"","header-main-stick-meta":"","header-below-stick-meta":"","astra-migrate-meta-layouts":"default","ast-page-background-enabled":"default","ast-page-background-meta":{"desktop":{"background-color":"","background-image":"","background-repeat":"repeat","background-position":"center center","background-size":"auto","background-attachment":"scroll","background-type":"","background-media":"","overlay-type":"","overlay-color":"","overlay-opacity":"","overlay-gradient":""},"tablet":{"background-color":"","background-image":"","background-repeat":"repeat","background-position":"center center","background-size":"auto","background-attachment":"scroll","background-type":"","background-media":"","overlay-type":"","overlay-color":"","overlay-opacity":"","overlay-gradient":""},"mobile":{"background-color":"","background-image":"","background-repeat":"repeat","background-position":"center center","background-size":"auto","background-attachment":"scroll","background-type":"","background-media":"","overlay-type":"","overlay-color":"","overlay-opacity":"","overlay-gradient":""}},"ast-content-background-meta":{"desktop":{"background-color":"var(--ast-global-color-5)","background-image":"","background-repeat":"repeat","background-position":"center center","background-size":"auto","background-attachment":"scroll","background-type":"","background-media":"","overlay-type":"","overlay-color":"","overlay-opacity":"","overlay-gradient":""},"tablet":{"background-color":"var(--ast-global-color-5)","background-image":"","background-repeat":"repeat","background-position":"center center","background-size":"auto","background-attachment":"scroll","background-type":"","background-media":"","overlay-type":"","overlay-color":"","overlay-opacity":"","overlay-gradient":""},"mobile":{"background-color":"var(--ast-global-color-5)","background-image":"","background-repeat":"repeat","background-position":"center center","background-size":"auto","background-attachment":"scroll","background-type":"","background-media":"","overlay-type":"","overlay-color":"","overlay-opacity":"","overlay-gradient":""}},"footnotes":""},"class_list":["post-15523","page","type-page","status-publish","hentry"],"acf":[],"uagb_featured_image_src":{"full":false,"thumbnail":false,"medium":false,"medium_large":false,"large":false,"1536x1536":false,"2048x2048":false,"trp-custom-language-flag":false},"uagb_author_info":{"display_name":"Jiang.xu","author_link":"https:\/\/onmytoolings.com\/de\/author\/bigsunjianggmail-com\/"},"uagb_comment_info":0,"uagb_excerpt":"spade drills Spade drills feature a flat cutting insert, usually with replaceable or indexable carbide, cobalt and high-speed steel (HSS) inserts, mounted on a tool holder. They are a type of modular drilling tool for metal drilling work. Spade drills are used on CNC machines, lathes or milling machines to drill large holes (typically 13&hellip;","_links":{"self":[{"href":"https:\/\/onmytoolings.com\/de\/wp-json\/wp\/v2\/pages\/15523","targetHints":{"allow":["GET"]}}],"collection":[{"href":"https:\/\/onmytoolings.com\/de\/wp-json\/wp\/v2\/pages"}],"about":[{"href":"https:\/\/onmytoolings.com\/de\/wp-json\/wp\/v2\/types\/page"}],"author":[{"embeddable":true,"href":"https:\/\/onmytoolings.com\/de\/wp-json\/wp\/v2\/users\/1"}],"replies":[{"embeddable":true,"href":"https:\/\/onmytoolings.com\/de\/wp-json\/wp\/v2\/comments?post=15523"}],"version-history":[{"count":9,"href":"https:\/\/onmytoolings.com\/de\/wp-json\/wp\/v2\/pages\/15523\/revisions"}],"predecessor-version":[{"id":17982,"href":"https:\/\/onmytoolings.com\/de\/wp-json\/wp\/v2\/pages\/15523\/revisions\/17982"}],"wp:attachment":[{"href":"https:\/\/onmytoolings.com\/de\/wp-json\/wp\/v2\/media?parent=15523"}],"curies":[{"name":"wp","href":"https:\/\/api.w.org\/{rel}","templated":true}]}}