{"id":1519,"date":"2023-04-14T08:31:28","date_gmt":"2023-04-14T08:31:28","guid":{"rendered":"https:\/\/onmytoolings.com\/?page_id=1519"},"modified":"2024-10-31T02:19:58","modified_gmt":"2024-10-31T02:19:58","slug":"planfrasgeschwindigkeit-und-vorschub","status":"publish","type":"page","link":"https:\/\/onmytoolings.com\/de\/face-milling-speed-and-feed\/","title":{"rendered":"Planfr\u00e4sen Geschwindigkeit und Vorschub"},"content":{"rendered":"<div data-elementor-type=\"wp-page\" data-elementor-id=\"1519\" class=\"elementor elementor-1519\" data-elementor-post-type=\"page\">\n\t\t\t\t<div class=\"elementor-element elementor-element-249e104 e-flex e-con-boxed e-con e-parent\" data-id=\"249e104\" data-element_type=\"container\" data-e-type=\"container\">\n\t\t\t\t\t<div class=\"e-con-inner\">\n\t\t\t\t<div class=\"elementor-element elementor-element-2446195 elementor-widget elementor-widget-heading\" data-id=\"2446195\" data-element_type=\"widget\" data-e-type=\"widget\" data-widget_type=\"heading.default\">\n\t\t\t\t<div class=\"elementor-widget-container\">\n\t\t\t\t\t<h2 class=\"elementor-heading-title elementor-size-default\">Planfr\u00e4sgeschwindigkeit und Vorschub<\/h2>\t\t\t\t<\/div>\n\t\t\t\t<\/div>\n\t\t\t\t<div class=\"elementor-element elementor-element-119a23b elementor-widget elementor-widget-text-editor\" data-id=\"119a23b\" data-element_type=\"widget\" data-e-type=\"widget\" data-widget_type=\"text-editor.default\">\n\t\t\t\t<div class=\"elementor-widget-container\">\n\t\t\t\t\t\t\t\t\t<p>Diese Werte sind als allgemeine Richtlinie zu verstehen und k\u00f6nnen je nach den spezifischen Gegebenheiten variieren. <a href=\"https:\/\/onmytoolings.com\/de\/fraseinsatze\/stirnfrasen\/\" target=\"_blank\">Stirnfr\u00e4seinsatz<\/a> die verwendete Maschine und die Beschaffenheit des Werkst\u00fcckmaterials. Es ist wichtig, die Schnittgeschwindigkeit und den Vorschub an die jeweilige Aufgabe anzupassen, um die Leistung und die Werkzeugstandzeit zu optimieren.<\/p>\t\t\t\t\t\t\t\t<\/div>\n\t\t\t\t<\/div>\n\t\t\t\t<div class=\"elementor-element elementor-element-7edf20c elementor-widget elementor-widget-text-editor\" data-id=\"7edf20c\" data-element_type=\"widget\" data-e-type=\"widget\" data-widget_type=\"text-editor.default\">\n\t\t\t\t<div class=\"elementor-widget-container\">\n\t\t\t\t\t\t\t\t\t<p>Drehzahl- und Vorschubdaten f\u00fcr Planfr\u00e4splatten k\u00f6nnen je nach Plattentyp, Plattensorte, verwendeter Maschine und dem zu fr\u00e4senden Werkst\u00fcckmaterial variieren. Hier sind einige Faktoren, die bei der Bestimmung der idealen Geschwindigkeit und Vorschubraten f\u00fcr das Planfr\u00e4sen zu ber\u00fccksichtigen sind:<\/p><ul><li><p>Art des Einsatzes: Verschiedene Wendeschneidplatten sind f\u00fcr unterschiedliche Materialtypen und Anwendungen ausgelegt. Einige sind f\u00fcr h\u00f6here Geschwindigkeiten und Vorsch\u00fcbe ausgelegt, w\u00e4hrend andere f\u00fcr langsamere, gleichm\u00e4\u00dfigere Schnitte ausgelegt sind.<\/p><\/li><li><p>Sorte der Wendeschneidplatte: Jede Wendeschneidplattensorte hat unterschiedliche Eigenschaften, die sich auf Schnittgeschwindigkeit und Effizienz auswirken k\u00f6nnen. H\u00e4rtere Sorten k\u00f6nnen h\u00f6heren Schnittgeschwindigkeiten standhalten, w\u00e4hrend weichere Sorten bei niedrigeren Geschwindigkeiten besser abschneiden.<\/p><\/li><li><p>Verwendete Maschine: Die Art der verwendeten Maschine kann sich auf die optimalen Geschwindigkeiten und Vorsch\u00fcbe beim Planfr\u00e4sen auswirken. CNC-Maschinen und spezielle Fr\u00e4smaschinen k\u00f6nnen h\u00f6here Schnittgeschwindigkeiten und Vorsch\u00fcbe bieten als manuelle Maschinen.<\/p><\/li><li><p>Material des Werkst\u00fccks: Verschiedene Materialien haben unterschiedliche Eigenschaften, die sich auf die optimale Schnittgeschwindigkeit und Vorschubgeschwindigkeit auswirken k\u00f6nnen. Bei h\u00e4rteren Werkstoffen k\u00f6nnen beispielsweise langsamere Vorsch\u00fcbe und h\u00f6here Schnittgeschwindigkeiten erforderlich sein, um einen sauberen Schnitt zu gew\u00e4hrleisten.<\/p><\/li><\/ul>\t\t\t\t\t\t\t\t<\/div>\n\t\t\t\t<\/div>\n\t\t\t\t<div class=\"elementor-element elementor-element-f3dac2c elementor-widget elementor-widget-text-editor\" data-id=\"f3dac2c\" data-element_type=\"widget\" data-e-type=\"widget\" data-widget_type=\"text-editor.default\">\n\t\t\t\t<div class=\"elementor-widget-container\">\n\t\t\t\t\t\t\t\t\t<p>Um die optimale Geschwindigkeit und den optimalen Vorschub f\u00fcr Ihre spezielle Planfr\u00e4sbearbeitung zu ermitteln, sollten Sie die Empfehlungen des Herstellers zu Rate ziehen oder mit erfahrenen Bearbeitern zusammenarbeiten, die aufgrund ihrer Erfahrung mit \u00e4hnlichen Werkstoffen und Anwendungen Ratschl\u00e4ge geben k\u00f6nnen. Es ist wichtig, die Drehzahl und den Vorschub an die jeweilige Aufgabe anzupassen, um die Leistung und die Werkzeugstandzeit zu optimieren, und den Prozess st\u00e4ndig zu \u00fcberwachen, um Sicherheit und Effizienz zu gew\u00e4hrleisten.<\/p>\t\t\t\t\t\t\t\t<\/div>\n\t\t\t\t<\/div>\n\t\t\t\t\t<\/div>\n\t\t\t\t<\/div>\n\t\t\t\t<\/div>","protected":false},"excerpt":{"rendered":"<p>Face milling speed and feed Material Cutting Speed (SFM) Feed per Tooth (IPT) Aluminum 600-2000 0.003-0.020 Brass 200-800 0.003-0.012 Stainless Steel (300 series) 175-350 0.002-0.006 Cast Iron (gray) 100-325 0.008-0.020 Cast Iron (ductile) 75-250 0.008-0.020 Low Carbon Steel 100-300 0.010-0.020 High Carbon Steel 75-200 0.008-0.012 These values are provided as a general guideline and may [&hellip;]<\/p>\n","protected":false},"author":1,"featured_media":0,"parent":0,"menu_order":0,"comment_status":"closed","ping_status":"closed","template":"","meta":{"_acf_changed":false,"_uag_custom_page_level_css":"","site-sidebar-layout":"no-sidebar","site-content-layout":"page-builder","ast-site-content-layout":"default","site-content-style":"default","site-sidebar-style":"default","ast-global-header-display":"","ast-banner-title-visibility":"","ast-main-header-display":"","ast-hfb-above-header-display":"","ast-hfb-below-header-display":"","ast-hfb-mobile-header-display":"","site-post-title":"disabled","ast-breadcrumbs-content":"","ast-featured-img":"disabled","footer-sml-layout":"","ast-disable-related-posts":"","theme-transparent-header-meta":"","adv-header-id-meta":"","stick-header-meta":"","header-above-stick-meta":"","header-main-stick-meta":"","header-below-stick-meta":"","astra-migrate-meta-layouts":"default","ast-page-background-enabled":"default","ast-page-background-meta":{"desktop":{"background-color":"","background-image":"","background-repeat":"repeat","background-position":"center center","background-size":"auto","background-attachment":"scroll","background-type":"","background-media":"","overlay-type":"","overlay-color":"","overlay-opacity":"","overlay-gradient":""},"tablet":{"background-color":"","background-image":"","background-repeat":"repeat","background-position":"center center","background-size":"auto","background-attachment":"scroll","background-type":"","background-media":"","overlay-type":"","overlay-color":"","overlay-opacity":"","overlay-gradient":""},"mobile":{"background-color":"","background-image":"","background-repeat":"repeat","background-position":"center center","background-size":"auto","background-attachment":"scroll","background-type":"","background-media":"","overlay-type":"","overlay-color":"","overlay-opacity":"","overlay-gradient":""}},"ast-content-background-meta":{"desktop":{"background-color":"var(--ast-global-color-5)","background-image":"","background-repeat":"repeat","background-position":"center center","background-size":"auto","background-attachment":"scroll","background-type":"","background-media":"","overlay-type":"","overlay-color":"","overlay-opacity":"","overlay-gradient":""},"tablet":{"background-color":"var(--ast-global-color-5)","background-image":"","background-repeat":"repeat","background-position":"center center","background-size":"auto","background-attachment":"scroll","background-type":"","background-media":"","overlay-type":"","overlay-color":"","overlay-opacity":"","overlay-gradient":""},"mobile":{"background-color":"var(--ast-global-color-5)","background-image":"","background-repeat":"repeat","background-position":"center center","background-size":"auto","background-attachment":"scroll","background-type":"","background-media":"","overlay-type":"","overlay-color":"","overlay-opacity":"","overlay-gradient":""}},"footnotes":""},"class_list":["post-1519","page","type-page","status-publish","hentry"],"acf":[],"uagb_featured_image_src":{"full":false,"thumbnail":false,"medium":false,"medium_large":false,"large":false,"1536x1536":false,"2048x2048":false,"trp-custom-language-flag":false},"uagb_author_info":{"display_name":"Jiang.xu","author_link":"https:\/\/onmytoolings.com\/de\/author\/bigsunjianggmail-com\/"},"uagb_comment_info":0,"uagb_excerpt":"Face milling speed and feed Material Cutting Speed (SFM) Feed per Tooth (IPT) Aluminum 600-2000 0.003-0.020 Brass 200-800 0.003-0.012 Stainless Steel (300 series) 175-350 0.002-0.006 Cast Iron (gray) 100-325 0.008-0.020 Cast Iron (ductile) 75-250 0.008-0.020 Low Carbon Steel 100-300 0.010-0.020 High Carbon Steel 75-200 0.008-0.012 These values are provided as a general guideline and may&hellip;","_links":{"self":[{"href":"https:\/\/onmytoolings.com\/de\/wp-json\/wp\/v2\/pages\/1519","targetHints":{"allow":["GET"]}}],"collection":[{"href":"https:\/\/onmytoolings.com\/de\/wp-json\/wp\/v2\/pages"}],"about":[{"href":"https:\/\/onmytoolings.com\/de\/wp-json\/wp\/v2\/types\/page"}],"author":[{"embeddable":true,"href":"https:\/\/onmytoolings.com\/de\/wp-json\/wp\/v2\/users\/1"}],"replies":[{"embeddable":true,"href":"https:\/\/onmytoolings.com\/de\/wp-json\/wp\/v2\/comments?post=1519"}],"version-history":[{"count":8,"href":"https:\/\/onmytoolings.com\/de\/wp-json\/wp\/v2\/pages\/1519\/revisions"}],"predecessor-version":[{"id":13910,"href":"https:\/\/onmytoolings.com\/de\/wp-json\/wp\/v2\/pages\/1519\/revisions\/13910"}],"wp:attachment":[{"href":"https:\/\/onmytoolings.com\/de\/wp-json\/wp\/v2\/media?parent=1519"}],"curies":[{"name":"wp","href":"https:\/\/api.w.org\/{rel}","templated":true}]}}