{"id":15081,"date":"2025-04-15T13:33:42","date_gmt":"2025-04-15T13:33:42","guid":{"rendered":"https:\/\/onmytoolings.com\/?page_id=15081"},"modified":"2025-04-15T13:33:44","modified_gmt":"2025-04-15T13:33:44","slug":"bohrwerkzeuge-detaillierte-datenquellen","status":"publish","type":"page","link":"https:\/\/onmytoolings.com\/de\/boring-tools-detailed-data-sources\/","title":{"rendered":"Boring Tools detaillierte Datenquellen"},"content":{"rendered":"<h1 class=\"wp-block-heading\">Referenzen f\u00fcr \"Verstehen von Bohrwerkzeugen in der Pr\u00e4zisionszerspanung\" mit Links<\/h1>\n\n\n\n<ol class=\"wp-block-list\">\n<li>Mordor Intelligence. (2023). \"Global Machine Tools Market - Growth, Trends, COVID-19 Impact, and Forecasts (2023-2028)\".<br><a href=\"https:\/\/www.mordorintelligence.com\/industry-reports\/machine-tools-market\" rel=\"nofollow noopener\" target=\"_blank\">https:\/\/www.mordorintelligence.com\/industry-reports\/machine-tools-market<\/a><\/li>\n\n\n\n<li>Precision Machined Products Association (PMPA). (2023). Technische Normen f\u00fcr <a class=\"wpil_keyword_link\" href=\"https:\/\/onmytoolings.com\/de\/understanding-boring-tools-in-precision-machining-a-comprehensive-guide\/\" title=\"Verst\u00e4ndnis von Bohrwerkzeugen in der Pr\u00e4zisionszerspanung: Ein umfassender Leitfaden\" data-wpil-keyword-link=\"linked\" data-wpil-monitor-id=\"105\" target=\"_blank\">Pr\u00e4zisionsbohren<\/a> Operationen.<br><a href=\"https:\/\/www.pmpa.org\/technical-resources\/technical-standards\" target=\"_blank\" rel=\"noopener\">https:\/\/www.pmpa.org\/technical-resources\/technical-standards<\/a><\/li>\n\n\n\n<li>Internationale Zeitschrift f\u00fcr Werkzeugmaschinen und Fertigung. (2022). \"Surface Integrity in Precision Boring Operations\".<br><a href=\"https:\/\/www.sciencedirect.com\/journal\/international-journal-of-machine-tools-and-manufacture\" target=\"_blank\" rel=\"noopener\">https:\/\/www.sciencedirect.com\/journal\/international-journal-of-machine-tools-and-manufacture<\/a><\/li>\n\n\n\n<li>Sandvik Coromant. (2023). \"Technical Guide: Vibrationsged\u00e4mpftes Bohren in Produktionsumgebungen.\"<br><a href=\"https:\/\/www.sandvik.coromant.com\/en-us\/knowledge\/boring\/pages\/vibration-damped-boring.aspx\" target=\"_blank\" rel=\"noopener\">https:\/\/www.sandvik.coromant.com\/en-us\/knowledge\/boring\/pages\/vibration-damped-boring.aspx<\/a><\/li>\n\n\n\n<li>BIG Kaiser Precision Tooling. (2023). \"Digitale Bohrsysteme: Precision and Performance Metrics\".<br><a href=\"https:\/\/www.bigkaiser.com\/products\/boring-tools\/digital-boring-heads\" target=\"_blank\" rel=\"noopener\">https:\/\/www.bigkaiser.com\/products\/boring-tools\/digital-boring-heads<\/a><\/li>\n\n\n\n<li>Horn Pr\u00e4zisionswerkzeuge. (2022). \"Micro-Boring Capabilities in Medical Device Manufacturing\".<br><a href=\"https:\/\/www.phorn.com\/products\/micro-machining\/micro-boring\" target=\"_blank\" rel=\"noopener\">https:\/\/www.phorn.com\/products\/micro-machining\/micro-boring<\/a><\/li>\n\n\n\n<li>Kennametal Inc. (2023). \"Materialabtragsratenstandards f\u00fcr Grobbohranwendungen\".<br><a href=\"https:\/\/www.kennametal.com\/us\/en\/products\/machining\/holemaking\/boring.html\" target=\"_blank\" rel=\"noopener\">https:\/\/www.kennametal.com\/us\/en\/products\/machining\/holemaking\/boring.html<\/a><\/li>\n\n\n\n<li>Modern Machine Shop Magazine. (2022). \"Survey of Precision Machining Practices\".<br><a href=\"https:\/\/www.mmsonline.com\/articles\/precision-machining-survey-results\" target=\"_blank\" rel=\"noopener\">https:\/\/www.mmsonline.com\/articles\/precision-machining-survey-results<\/a><\/li>\n\n\n\n<li>Zeitschrift f\u00fcr Fertigungswissenschaft und -technik. (2023). \"Geometric Accuracy in Machined Holes\".<br><a href=\"https:\/\/asmedigitalcollection.asme.org\/manufacturingscience\" target=\"_blank\" rel=\"noopener\">https:\/\/asmedigitalcollection.asme.org\/manufacturingscience<\/a><\/li>\n\n\n\n<li>Mitsubishi Materials Corporation. (2022). \"Oberfl\u00e4cheneigenschaften beim Pr\u00e4zisionsbohren\".<br><a href=\"https:\/\/www.mitsubishicarbide.com\/en\/technical_information\/tec_boring\" target=\"_blank\" rel=\"noopener\">https:\/\/www.mitsubishicarbide.com\/en\/technical_information\/tec_boring<\/a><\/li>\n\n\n\n<li>Internationale Organisation der Kraftfahrzeughersteller (OICA). (2023). \"Precision Components in Modern Automotive Manufacturing\".<br><a href=\"https:\/\/www.oica.net\/category\/production-statistics\/\" target=\"_blank\" rel=\"noopener\">https:\/\/www.oica.net\/category\/production-statistics\/<\/a><\/li>\n\n\n\n<li>Luft- und Raumfahrtnorm AS478. (2022). \"Identifikationsmarkierungen f\u00fcr konische L\u00f6cher\".<br><a href=\"https:\/\/www.sae.org\/standards\/content\/as478\/\" target=\"_blank\" rel=\"noopener\">https:\/\/www.sae.org\/standards\/content\/as478\/<\/a><\/li>\n\n\n\n<li>Verband f\u00fcr Fertigungstechnologie (AMT). (2023). \"J\u00e4hrliche Ausgaben f\u00fcr Pr\u00e4zisionswerkzeuge\".<br><a href=\"https:\/\/www.amtonline.org\/resources\/business-intelligence\" target=\"_blank\" rel=\"noopener\">https:\/\/www.amtonline.org\/resources\/business-intelligence<\/a><\/li>\n\n\n\n<li>Internationale Organisation f\u00fcr Normung. (2022). \"ISO 26622-1: Werkzeugmaschinenspindeln und Werkzeughalter.<br><a href=\"https:\/\/www.iso.org\/standard\/43497.html\" target=\"_blank\" rel=\"noopener\">https:\/\/www.iso.org\/standard\/43497.html<\/a><\/li>\n\n\n\n<li>Zentrum f\u00fcr Fertigungstechnologie (MTC). (2023). \"Advanced Materials in Boring Tool Design\".<br><a href=\"https:\/\/www.the-mtc.org\/research\/machining-technology\" target=\"_blank\" rel=\"noopener\">https:\/\/www.the-mtc.org\/research\/machining-technology<\/a><\/li>\n\n\n\n<li>Seco Tools. (2022). \"Auswirkungen der Schneidplattengeometrie auf die Schnittleistung\".<br><a href=\"https:\/\/www.secotools.com\/article\/84216\" target=\"_blank\" rel=\"noopener\">https:\/\/www.secotools.com\/article\/84216<\/a><\/li>\n\n\n\n<li>Iscar Technical. (2023). \"Spannsysteme f\u00fcr die Hochleistungszerspanung\".<br><a href=\"https:\/\/www.iscar.com\/Products.aspx\/countryid\/1\/ProductId\/13085\" target=\"_blank\" rel=\"noopener\">https:\/\/www.iscar.com\/Products.aspx\/countryid\/1\/ProductId\/13085<\/a><\/li>\n\n\n\n<li>Wohlhaupter GmbH. (2023). \"Langzeit-Genauigkeitsstudie von digitalen Bohrk\u00f6pfen\".<br><a href=\"https:\/\/www.wohlhaupter.com\/en\/products\/precision-boring-tools\/\" target=\"_blank\" rel=\"noopener\">https:\/\/www.wohlhaupter.com\/en\/products\/precision-boring-tools\/<\/a><\/li>\n\n\n\n<li>Internationale Zeitschrift f\u00fcr Werkzeugmaschinen und Fertigung. (2023). \"High-Pressure Coolant Applications in Difficult-to-Machine Materials\".<br><a href=\"https:\/\/www.sciencedirect.com\/journal\/international-journal-of-machine-tools-and-manufacture\" target=\"_blank\" rel=\"noopener\">https:\/\/www.sciencedirect.com\/journal\/international-journal-of-machine-tools-and-manufacture<\/a><\/li>\n\n\n\n<li>Forschungslabor f\u00fcr Fertigung, Universit\u00e4t von Michigan. (2022). \"Vergleichende Studie von Bohrungsherstellungsprozessen\".<br><a href=\"https:\/\/me.engin.umich.edu\/research\/manufacturing\/\" target=\"_blank\" rel=\"noopener\">https:\/\/me.engin.umich.edu\/research\/manufacturing\/<\/a><\/li>\n\n\n\n<li>Zeiss Industrielle Messtechnik. (2023). \"Surface Finish Analysis of Drilled vs. Bored Holes\".<br><a href=\"https:\/\/www.zeiss.com\/metrology\/products\/software\/zeiss-metrology-software\/surface.html\" target=\"_blank\" rel=\"noopener\">https:\/\/www.zeiss.com\/metrology\/products\/software\/zeiss-metrology-software\/surface.html<\/a><\/li>\n\n\n\n<li>Zeitschrift f\u00fcr Feinmechanik. (2022). \"Hole Quality Characteristics in Precision Machining\".<br><a href=\"https:\/\/www.sciencedirect.com\/journal\/precision-engineering\" target=\"_blank\" rel=\"noopener\">https:\/\/www.sciencedirect.com\/journal\/precision-engineering<\/a><\/li>\n\n\n\n<li>Horn Pr\u00e4zisionswerkzeuge. (2023). \"Micro-Boring Tolerance Capabilities\".<br><a href=\"https:\/\/www.phorn.com\/products\/micro-machining\/micro-boring\" target=\"_blank\" rel=\"noopener\">https:\/\/www.phorn.com\/products\/micro-machining\/micro-boring<\/a><\/li>\n\n\n\n<li>Grand View Research. (2023). \"Medical Device Manufacturing Equipment Market Analysis\".<br><a href=\"https:\/\/www.grandviewresearch.com\/industry-analysis\/medical-device-manufacturing-equipment-market\" target=\"_blank\" rel=\"noopener\">https:\/\/www.grandviewresearch.com\/industry-analysis\/medical-device-manufacturing-equipment-market<\/a><\/li>\n\n\n\n<li>Internationale Zeitschrift f\u00fcr Werkzeugmaschinen und Fertigung. (2022). \"Recent Developments in Chip Control Research and Applications\".<br><a href=\"https:\/\/www.sciencedirect.com\/journal\/international-journal-of-machine-tools-and-manufacture\" target=\"_blank\" rel=\"noopener\">https:\/\/www.sciencedirect.com\/journal\/international-journal-of-machine-tools-and-manufacture<\/a><\/li>\n\n\n\n<li>Fraunhofer-Institut f\u00fcr Produktionstechnik. (2023). \"Standzeiterh\u00f6hung durch moderne Beschichtungen\".<br><a href=\"https:\/\/www.ipt.fraunhofer.de\/en\/research-development\/precision-manufacturing.html\" target=\"_blank\" rel=\"noopener\">https:\/\/www.ipt.fraunhofer.de\/en\/research-development\/precision-manufacturing.html<\/a><\/li>\n\n\n\n<li>Sandvik Coromant. (2022). \"Standzeitstudien: Material and Coating Performance\".<br><a href=\"https:\/\/www.sandvik.coromant.com\/en-us\/knowledge\/general-turning\/pages\/tool-life-determination.aspx\" target=\"_blank\" rel=\"noopener\">https:\/\/www.sandvik.coromant.com\/en-us\/knowledge\/general-turning\/pages\/tool-life-determination.aspx<\/a><\/li>\n\n\n\n<li>Zeitschrift f\u00fcr Fertigungstechnik. (2023). \"Pr\u00e4zisionsanforderungen in der modernen Fertigung\".<br><a href=\"https:\/\/www.sme.org\/technologies\/articles\/\" target=\"_blank\" rel=\"noopener\">https:\/\/www.sme.org\/technologies\/articles\/<\/a><\/li>\n\n\n\n<li>Big Kaiser Precision Tooling. (2022). Bohrstangenleistung bei erweitertem L\u00e4ngen-Durchmesser-Verh\u00e4ltnis.<br><a href=\"https:\/\/www.bigkaiser.com\/products\/boring-tools\/boring-bars\" target=\"_blank\" rel=\"noopener\">https:\/\/www.bigkaiser.com\/products\/boring-tools\/boring-bars<\/a><\/li>\n\n\n\n<li>Zeitschrift f\u00fcr Fertigungssysteme. (2023). \"Economic Analysis of Specialized vs. General-Purpose Tooling\".<br><a href=\"https:\/\/www.sciencedirect.com\/journal\/journal-of-manufacturing-systems\" target=\"_blank\" rel=\"noopener\">https:\/\/www.sciencedirect.com\/journal\/journal-of-manufacturing-systems<\/a><\/li>\n\n\n\n<li>Forschungsstiftung f\u00fcr Werkzeugmaschinentechnologien. (2022). \"Machine-Tool Matching for Optimal Performance\".<br><a href=\"https:\/\/www.mttrf.org\/research\/\" target=\"_blank\" rel=\"noopener\">https:\/\/www.mttrf.org\/research\/<\/a><\/li>\n\n\n\n<li>Zentrum f\u00fcr Fertigungstechnologie (MTC). (2023). \"Tool Overhang Effects on Performance Metrics\".<br><a href=\"https:\/\/www.the-mtc.org\/research\/machining-technology\" target=\"_blank\" rel=\"noopener\">https:\/\/www.the-mtc.org\/research\/machining-technology<\/a><\/li>\n\n\n\n<li>Kennametal Inc. (2023). \"Empfohlene Schneidparameter nach Werkstoffgruppe\".<br><a href=\"https:\/\/www.kennametal.com\/us\/en\/resources\/engineering-calculators\/turning-calculators.html\" target=\"_blank\" rel=\"noopener\">https:\/\/www.kennametal.com\/us\/en\/resources\/engineering-calculators\/turning-calculators.html<\/a><\/li>\n\n\n\n<li>Seco Tools. (2022). \"Vibration Prediction and Avoidance in Boring Operations\".<br><a href=\"https:\/\/www.secotools.com\/article\/84607\" target=\"_blank\" rel=\"noopener\">https:\/\/www.secotools.com\/article\/84607<\/a><\/li>\n\n\n\n<li>Zeitschrift f\u00fcr Materialverarbeitungstechnik. (2023). \"Cooling Effects on Tool Performance and Surface Quality\".<br><a href=\"https:\/\/www.sciencedirect.com\/journal\/journal-of-materials-processing-technology\" target=\"_blank\" rel=\"noopener\">https:\/\/www.sciencedirect.com\/journal\/journal-of-materials-processing-technology<\/a><\/li>\n\n\n\n<li>Verband f\u00fcr pr\u00e4zisionsbearbeitete Produkte. (2022). \"Proactive Tool Maintenance Impact Study\".<br><a href=\"https:\/\/www.pmpa.org\/technical-resources\/technical-reports\" target=\"_blank\" rel=\"noopener\">https:\/\/www.pmpa.org\/technical-resources\/technical-reports<\/a><\/li>\n\n\n\n<li>Iscar Tooling. (2023). \"Surface Finish Correlation with Insert Geometry\".<br><a href=\"https:\/\/www.iscar.com\/newarticles.aspx\/countryid\/1\/newarticleid\/1246\" target=\"_blank\" rel=\"noopener\">https:\/\/www.iscar.com\/newarticles.aspx\/countryid\/1\/newarticleid\/1246<\/a><\/li>\n\n\n\n<li>Nationales Institut f\u00fcr Standards und Technologie (NIST). (2023). \"Thermische Effekte bei der Pr\u00e4zisionsbearbeitung\".<br><a href=\"https:\/\/www.nist.gov\/publications\/thermal-effects-precision-machining\" target=\"_blank\" rel=\"noopener\">https:\/\/www.nist.gov\/publications\/thermal-effects-precision-machining<\/a><\/li>\n\n\n\n<li>Sandvik Coromant. (2022). \"D\u00e4mpfungseigenschaften von Bohrstangenmaterialien\".<br><a href=\"https:\/\/www.sandvik.coromant.com\/en-us\/products\/silent-tools\/pages\/boring.aspx\" target=\"_blank\" rel=\"noopener\">https:\/\/www.sandvik.coromant.com\/en-us\/products\/silent-tools\/pages\/boring.aspx<\/a><\/li>\n\n\n\n<li>Labor f\u00fcr Produktionsforschung. (2023). \"Herausforderungen bei der Spankontrolle in der Tieflochbearbeitung\".<br><a href=\"https:\/\/me.engin.umich.edu\/research\/manufacturing\/\" target=\"_blank\" rel=\"noopener\">https:\/\/me.engin.umich.edu\/research\/manufacturing\/<\/a><\/li>\n\n\n\n<li>Zeitschrift Cutting Tool Engineering. (2023). \"Advanced Coating Performance in Hardened Materials\".<br><a href=\"https:\/\/www.ctemag.com\/articles\/coatings-increase-tool-life\" target=\"_blank\" rel=\"noopener\">https:\/\/www.ctemag.com\/articles\/coatings-increase-tool-life<\/a><\/li>\n\n\n\n<li>American Machinist. (2022). \"Modular Tooling Systems: Economic Impact Analysis.\"<br><a href=\"https:\/\/www.americanmachinist.com\/cutting-tools\/article\/\" target=\"_blank\" rel=\"noopener\">https:\/\/www.americanmachinist.com\/cutting-tools\/article\/<\/a><\/li>\n\n\n\n<li>Zentrum f\u00fcr Fertigungstechnologie. (2023). \"Smart Tooling and Sensor Integration in Cutting Tools\".<br><a href=\"https:\/\/www.the-mtc.org\/research\/digital-engineering\" target=\"_blank\" rel=\"noopener\">https:\/\/www.the-mtc.org\/research\/digital-engineering<\/a><\/li>\n\n\n\n<li>Big Kaiser &amp; D'Andrea. (2023). \"Precision Capabilities of Modern Digital Boring Systems\".<br><a href=\"https:\/\/www.bigkaiser.com\/products\/boring-tools\/digital-boring-heads\" target=\"_blank\" rel=\"noopener\">https:\/\/www.bigkaiser.com\/products\/boring-tools\/digital-boring-heads<\/a><\/li>\n\n\n\n<li>Global Industry Analysts. (2023). \"Boring Tools Market: Global Outlook and Forecast 2023-2028.\"<br><a href=\"https:\/\/www.strategyr.com\/market-report-boring-tools-forecasts-global-industry-analysts-inc.asp\" target=\"_blank\" rel=\"noopener\">https:\/\/www.strategyr.com\/market-report-boring-tools-forecasts-global-industry-analysts-inc.asp<\/a><\/li>\n<\/ol>","protected":false},"excerpt":{"rendered":"<p>Referenzen f\u00fcr \"Verstehen von Bohrwerkzeugen in der Pr\u00e4zisionszerspanung\" mit Links<\/p>","protected":false},"author":2,"featured_media":0,"parent":0,"menu_order":0,"comment_status":"closed","ping_status":"closed","template":"","meta":{"_acf_changed":false,"_uag_custom_page_level_css":"","site-sidebar-layout":"default","site-content-layout":"","ast-site-content-layout":"default","site-content-style":"default","site-sidebar-style":"default","ast-global-header-display":"","ast-banner-title-visibility":"","ast-main-header-display":"","ast-hfb-above-header-display":"","ast-hfb-below-header-display":"","ast-hfb-mobile-header-display":"","site-post-title":"","ast-breadcrumbs-content":"","ast-featured-img":"","footer-sml-layout":"","ast-disable-related-posts":"","theme-transparent-header-meta":"","adv-header-id-meta":"","stick-header-meta":"","header-above-stick-meta":"","header-main-stick-meta":"","header-below-stick-meta":"","astra-migrate-meta-layouts":"set","ast-page-background-enabled":"default","ast-page-background-meta":{"desktop":{"background-color":"","background-image":"","background-repeat":"repeat","background-position":"center center","background-size":"auto","background-attachment":"scroll","background-type":"","background-media":"","overlay-type":"","overlay-color":"","overlay-opacity":"","overlay-gradient":""},"tablet":{"background-color":"","background-image":"","background-repeat":"repeat","background-position":"center center","background-size":"auto","background-attachment":"scroll","background-type":"","background-media":"","overlay-type":"","overlay-color":"","overlay-opacity":"","overlay-gradient":""},"mobile":{"background-color":"","background-image":"","background-repeat":"repeat","background-position":"center center","background-size":"auto","background-attachment":"scroll","background-type":"","background-media":"","overlay-type":"","overlay-color":"","overlay-opacity":"","overlay-gradient":""}},"ast-content-background-meta":{"desktop":{"background-color":"var(--ast-global-color-5)","background-image":"","background-repeat":"repeat","background-position":"center center","background-size":"auto","background-attachment":"scroll","background-type":"","background-media":"","overlay-type":"","overlay-color":"","overlay-opacity":"","overlay-gradient":""},"tablet":{"background-color":"var(--ast-global-color-5)","background-image":"","background-repeat":"repeat","background-position":"center center","background-size":"auto","background-attachment":"scroll","background-type":"","background-media":"","overlay-type":"","overlay-color":"","overlay-opacity":"","overlay-gradient":""},"mobile":{"background-color":"var(--ast-global-color-5)","background-image":"","background-repeat":"repeat","background-position":"center center","background-size":"auto","background-attachment":"scroll","background-type":"","background-media":"","overlay-type":"","overlay-color":"","overlay-opacity":"","overlay-gradient":""}},"footnotes":""},"class_list":["post-15081","page","type-page","status-publish","hentry"],"acf":[],"uagb_featured_image_src":{"full":false,"thumbnail":false,"medium":false,"medium_large":false,"large":false,"1536x1536":false,"2048x2048":false,"trp-custom-language-flag":false},"uagb_author_info":{"display_name":"tom","author_link":"https:\/\/onmytoolings.com\/de\/author\/tom\/"},"uagb_comment_info":0,"uagb_excerpt":"References for &#8220;Understanding Boring Tools in Precision Machining&#8221; with Links","_links":{"self":[{"href":"https:\/\/onmytoolings.com\/de\/wp-json\/wp\/v2\/pages\/15081","targetHints":{"allow":["GET"]}}],"collection":[{"href":"https:\/\/onmytoolings.com\/de\/wp-json\/wp\/v2\/pages"}],"about":[{"href":"https:\/\/onmytoolings.com\/de\/wp-json\/wp\/v2\/types\/page"}],"author":[{"embeddable":true,"href":"https:\/\/onmytoolings.com\/de\/wp-json\/wp\/v2\/users\/2"}],"replies":[{"embeddable":true,"href":"https:\/\/onmytoolings.com\/de\/wp-json\/wp\/v2\/comments?post=15081"}],"version-history":[{"count":3,"href":"https:\/\/onmytoolings.com\/de\/wp-json\/wp\/v2\/pages\/15081\/revisions"}],"predecessor-version":[{"id":17752,"href":"https:\/\/onmytoolings.com\/de\/wp-json\/wp\/v2\/pages\/15081\/revisions\/17752"}],"wp:attachment":[{"href":"https:\/\/onmytoolings.com\/de\/wp-json\/wp\/v2\/media?parent=15081"}],"curies":[{"name":"wp","href":"https:\/\/api.w.org\/{rel}","templated":true}]}}