{"id":13819,"date":"2024-10-23T08:20:39","date_gmt":"2024-10-23T08:20:39","guid":{"rendered":"https:\/\/onmytoolings.com\/?page_id=13819"},"modified":"2026-01-05T07:00:41","modified_gmt":"2026-01-05T07:00:41","slug":"wcmt-u-bohreinsatz","status":"publish","type":"page","link":"https:\/\/onmytoolings.com\/de\/holemaking-tools\/u-drills\/wcmt-u-drill-insert\/","title":{"rendered":"WCMT Einsatz"},"content":{"rendered":"<div data-elementor-type=\"wp-page\" data-elementor-id=\"13819\" class=\"elementor elementor-13819\" data-elementor-post-type=\"page\">\n\t\t\t\t<div class=\"elementor-element elementor-element-be77f7d e-flex e-con-boxed e-con e-parent\" data-id=\"be77f7d\" data-element_type=\"container\" data-e-type=\"container\">\n\t\t\t\t\t<div class=\"e-con-inner\">\n\t\t<div class=\"elementor-element elementor-element-e245cca e-con-full e-flex e-con e-child\" data-id=\"e245cca\" data-element_type=\"container\" data-e-type=\"container\" data-settings=\"{&quot;shape_divider_top&quot;:&quot;opacity-tilt&quot;}\">\n\t\t\t\t<div class=\"elementor-shape elementor-shape-top\" aria-hidden=\"true\" data-negative=\"false\">\n\t\t\t<svg xmlns=\"http:\/\/www.w3.org\/2000\/svg\" viewbox=\"0 0 2600 131.1\" preserveaspectratio=\"none\">\n\t<path class=\"elementor-shape-fill\" d=\"M0 0L2600 0 2600 69.1 0 0z\"\/>\n\t<path class=\"elementor-shape-fill\" style=\"opacity:0.5\" d=\"M0 0L2600 0 2600 69.1 0 69.1z\"\/>\n\t<path class=\"elementor-shape-fill\" style=\"opacity:0.25\" d=\"M2600 0L0 0 0 130.1 2600 69.1z\"\/>\n<\/svg>\t\t<\/div>\n\t\t<div class=\"elementor-element elementor-element-853531e e-con-full e-flex e-con e-child\" data-id=\"853531e\" data-element_type=\"container\" data-e-type=\"container\">\n\t\t\t\t<div class=\"elementor-element elementor-element-20156a2 elementor-widget elementor-widget-image\" data-id=\"20156a2\" data-element_type=\"widget\" data-e-type=\"widget\" data-widget_type=\"image.default\">\n\t\t\t\t<div class=\"elementor-widget-container\">\n\t\t\t\t\t\t\t\t\t\t\t\t\t\t\t<img fetchpriority=\"high\" decoding=\"async\" width=\"600\" height=\"600\" src=\"https:\/\/onmytoolings.com\/wp-content\/uploads\/2024\/10\/WCMT-Insert.webp\" class=\"attachment-large size-large wp-image-13778\" alt=\"WCMT Einsatz\" srcset=\"https:\/\/onmytoolings.com\/wp-content\/uploads\/2024\/10\/WCMT-Insert.webp 600w, https:\/\/onmytoolings.com\/wp-content\/uploads\/2024\/10\/WCMT-Insert-300x300.webp 300w, https:\/\/onmytoolings.com\/wp-content\/uploads\/2024\/10\/WCMT-Insert-150x150.webp 150w\" sizes=\"(max-width: 600px) 100vw, 600px\" \/>\t\t\t\t\t\t\t\t\t\t\t\t\t\t\t<\/div>\n\t\t\t\t<\/div>\n\t\t\t\t<\/div>\n\t\t<div class=\"elementor-element elementor-element-f1d76a7 e-con-full e-flex e-con e-child\" data-id=\"f1d76a7\" data-element_type=\"container\" data-e-type=\"container\">\n\t\t\t\t<div class=\"elementor-element elementor-element-910f437 elementor-widget elementor-widget-image\" data-id=\"910f437\" data-element_type=\"widget\" data-e-type=\"widget\" data-widget_type=\"image.default\">\n\t\t\t\t<div class=\"elementor-widget-container\">\n\t\t\t\t\t\t\t\t\t\t\t\t\t\t\t<img decoding=\"async\" width=\"479\" height=\"299\" src=\"https:\/\/onmytoolings.com\/wp-content\/uploads\/2024\/10\/WCMT-Insert-drawing.jpg\" class=\"attachment-large size-large wp-image-13828\" alt=\"WCMT Zeichnung einf\u00fcgen\" srcset=\"https:\/\/onmytoolings.com\/wp-content\/uploads\/2024\/10\/WCMT-Insert-drawing.jpg 479w, https:\/\/onmytoolings.com\/wp-content\/uploads\/2024\/10\/WCMT-Insert-drawing-300x187.jpg 300w\" sizes=\"(max-width: 479px) 100vw, 479px\" \/>\t\t\t\t\t\t\t\t\t\t\t\t\t\t\t<\/div>\n\t\t\t\t<\/div>\n\t\t\t\t<\/div>\n\t\t\t\t<\/div>\n\t\t<div class=\"elementor-element elementor-element-ec18676 e-con-full e-flex e-con e-child\" data-id=\"ec18676\" data-element_type=\"container\" data-e-type=\"container\">\n\t\t\t\t<div class=\"elementor-element elementor-element-7ccbc76 elementor-widget elementor-widget-heading\" data-id=\"7ccbc76\" data-element_type=\"widget\" data-e-type=\"widget\" data-widget_type=\"heading.default\">\n\t\t\t\t<div class=\"elementor-widget-container\">\n\t\t\t\t\t<h1 class=\"elementor-heading-title elementor-size-default\">Einzigartige wirtschaftliche WCMT U-Bohreins\u00e4tze<\/h1>\t\t\t\t<\/div>\n\t\t\t\t<\/div>\n\t\t\t\t<div class=\"elementor-element elementor-element-fcfb5a8 elementor-widget elementor-widget-text-editor\" data-id=\"fcfb5a8\" data-element_type=\"widget\" data-e-type=\"widget\" data-widget_type=\"text-editor.default\">\n\t\t\t\t<div class=\"elementor-widget-container\">\n\t\t\t\t\t\t\t\t\t<ul><li>Es ist ein Bohreinsatz.<\/li><li>Bereich Gr\u00f6\u00dfe: WCMT030208,WCMT040208,WCMT050308,WCMT06T308,WCMT080412.<\/li><li>Bereich Arbeitsmaterialien:P,K,M,S<\/li><li>Die aus hochwertigen Rohstoffen hergestellten und mit Balzers beschichteten Eins\u00e4tze haben eine l\u00e4ngere Lebensdauer und sind widerstandsf\u00e4higer.<\/li><li>Bietet stabile und qualitativ hochwertige Bohrungen mit ausgewogenem Design<\/li><li>Neue Beschichtungstechnologie sorgt f\u00fcr lange Standzeiten bei verbesserter Bruch- und Verschlei\u00dffestigkeit<\/li><\/ul>\t\t\t\t\t\t\t\t<\/div>\n\t\t\t\t<\/div>\n\t\t<div class=\"elementor-element elementor-element-50956e3 e-con-full e-flex e-con e-child\" data-id=\"50956e3\" data-element_type=\"container\" data-e-type=\"container\">\n\t\t<div class=\"elementor-element elementor-element-e6a4d22 e-con-full e-flex e-con e-child\" data-id=\"e6a4d22\" data-element_type=\"container\" data-e-type=\"container\">\n\t\t\t\t<div class=\"elementor-element elementor-element-b399aa9 elementor-align-left elementor-widget elementor-widget-button\" data-id=\"b399aa9\" data-element_type=\"widget\" data-e-type=\"widget\" data-widget_type=\"button.default\">\n\t\t\t\t<div class=\"elementor-widget-container\">\n\t\t\t\t\t\t\t\t\t<div class=\"elementor-button-wrapper\">\n\t\t\t\t\t<a class=\"elementor-button elementor-button-link elementor-size-sm\" href=\"#elementor-action%3Aaction%3Dpopup%3Aopen%26settings%3DeyJpZCI6IjEwNDA3IiwidG9nZ2xlIjpmYWxzZX0%3D\">\n\t\t\t\t\t\t<span class=\"elementor-button-content-wrapper\">\n\t\t\t\t\t\t\t\t\t<span class=\"elementor-button-text\">Angebot einholen<\/span>\n\t\t\t\t\t<\/span>\n\t\t\t\t\t<\/a>\n\t\t\t\t<\/div>\n\t\t\t\t\t\t\t\t<\/div>\n\t\t\t\t<\/div>\n\t\t\t\t<\/div>\n\t\t<div class=\"elementor-element elementor-element-113a158 e-con-full e-flex e-con e-child\" data-id=\"113a158\" data-element_type=\"container\" data-e-type=\"container\">\n\t\t\t\t<div class=\"elementor-element elementor-element-c035305 elementor-widget elementor-widget-button\" data-id=\"c035305\" data-element_type=\"widget\" data-e-type=\"widget\" data-widget_type=\"button.default\">\n\t\t\t\t<div class=\"elementor-widget-container\">\n\t\t\t\t\t\t\t\t\t<div class=\"elementor-button-wrapper\">\n\t\t\t\t\t<a class=\"elementor-button elementor-button-link elementor-size-sm\" href=\"#elementor-action%3Aaction%3Dpopup%3Aopen%26settings%3DeyJpZCI6IjEwNDA3IiwidG9nZ2xlIjpmYWxzZX0%3D\">\n\t\t\t\t\t\t<span class=\"elementor-button-content-wrapper\">\n\t\t\t\t\t\t\t\t\t<span class=\"elementor-button-text\">Brosch\u00fcre anfordern<\/span>\n\t\t\t\t\t<\/span>\n\t\t\t\t\t<\/a>\n\t\t\t\t<\/div>\n\t\t\t\t\t\t\t\t<\/div>\n\t\t\t\t<\/div>\n\t\t\t\t<\/div>\n\t\t\t\t<\/div>\n\t\t\t\t<\/div>\n\t\t\t\t\t<\/div>\n\t\t\t\t<\/div>\n\t\t<div class=\"elementor-element elementor-element-b0d5ab1 e-flex e-con-boxed e-con e-parent\" data-id=\"b0d5ab1\" data-element_type=\"container\" data-e-type=\"container\">\n\t\t\t\t\t<div class=\"e-con-inner\">\n\t\t\t\t<div class=\"elementor-element elementor-element-fdfbf75 elementor-widget elementor-widget-spacer\" data-id=\"fdfbf75\" data-element_type=\"widget\" data-e-type=\"widget\" data-widget_type=\"spacer.default\">\n\t\t\t\t<div class=\"elementor-widget-container\">\n\t\t\t\t\t\t\t<div class=\"elementor-spacer\">\n\t\t\t<div class=\"elementor-spacer-inner\"><\/div>\n\t\t<\/div>\n\t\t\t\t\t\t<\/div>\n\t\t\t\t<\/div>\n\t\t\t\t<div class=\"elementor-element elementor-element-f0f7ebe elementor-widget elementor-widget-heading\" data-id=\"f0f7ebe\" data-element_type=\"widget\" data-e-type=\"widget\" data-widget_type=\"heading.default\">\n\t\t\t\t<div class=\"elementor-widget-container\">\n\t\t\t\t\t<h2 class=\"elementor-heading-title elementor-size-default\">WCMT Gr\u00f6\u00dfentabellen f\u00fcr Eins\u00e4tze<\/h2>\t\t\t\t<\/div>\n\t\t\t\t<\/div>\n\t\t\t\t<div class=\"elementor-element elementor-element-a2baaa6 elementor-widget elementor-widget-text-editor\" data-id=\"a2baaa6\" data-element_type=\"widget\" data-e-type=\"widget\" data-widget_type=\"text-editor.default\">\n\t\t\t\t<div class=\"elementor-widget-container\">\n\t\t\t\t\t\t\t\t\t<table width=\"553\"><tbody><tr><td width=\"233\"><strong>Modell<\/strong><\/td><td width=\"64\"><strong>L<\/strong><\/td><td width=\"64\"><strong>IC<\/strong><\/td><td width=\"64\"><strong>S<\/strong><\/td><td width=\"64\"><strong>d1<\/strong><\/td><td width=\"64\"><strong>RE<\/strong><\/td><\/tr><tr><td>WCMT030208-TM FPA005<\/td><td>3.8<\/td><td>5.56<\/td><td>2.38<\/td><td>2.8<\/td><td>0.8<\/td><\/tr><tr><td>WCMT040208-TM FPA005<\/td><td>4.3<\/td><td>6.35<\/td><td>2.38<\/td><td>3.1<\/td><td>0.8<\/td><\/tr><tr><td>WCMT050308-TM FPA010<\/td><td>5.4<\/td><td>7.94<\/td><td>3.18<\/td><td>3.2<\/td><td>0.8<\/td><\/tr><tr><td>WCMT06T308-TM FPA010<\/td><td>6.5<\/td><td>9.525<\/td><td>3.97<\/td><td>3.7<\/td><td>0.8<\/td><\/tr><tr><td>WCMT080412-TM FPA010<\/td><td>8.7<\/td><td>12.7<\/td><td>4.76<\/td><td>4.3<\/td><td>1.2<\/td><\/tr><\/tbody><\/table><p>\u00a0<\/p>\t\t\t\t\t\t\t\t<\/div>\n\t\t\t\t<\/div>\n\t\t\t\t<div class=\"elementor-element elementor-element-d0a7c0a elementor-widget elementor-widget-heading\" data-id=\"d0a7c0a\" data-element_type=\"widget\" data-e-type=\"widget\" data-widget_type=\"heading.default\">\n\t\t\t\t<div class=\"elementor-widget-container\">\n\t\t\t\t\t<h2 class=\"elementor-heading-title elementor-size-default\">Wie w\u00e4hlt man den richtigen WCMT-Einsatz f\u00fcr den U-Bohrer-K\u00f6rper?<\/h2>\t\t\t\t<\/div>\n\t\t\t\t<\/div>\n\t\t\t\t<div class=\"elementor-element elementor-element-3bd2e83 elementor-widget elementor-widget-text-editor\" data-id=\"3bd2e83\" data-element_type=\"widget\" data-e-type=\"widget\" data-widget_type=\"text-editor.default\">\n\t\t\t\t<div class=\"elementor-widget-container\">\n\t\t\t\t\t\t\t\t\t<table width=\"494\"><tbody><tr><td width=\"64\"><a class=\"wpil_keyword_link\" href=\"https:\/\/onmytoolings.com\/de\/locherwerkzeuge\/u-bohrer\/\"   title=\"U-Bohrer\" data-wpil-keyword-link=\"linked\"  data-wpil-monitor-id=\"1129\" target=\"_blank\">U-BOHRER<\/a><\/td><td width=\"144\">Durchmesser Bereich<\/td><td width=\"158\">Geeigneter wcmt-Einsatz<\/td><td width=\"64\">Schraube<\/td><td width=\"64\">Schraubenschl\u00fcssel<\/td><\/tr><tr><td rowspan=\"5\" width=\"64\">2D\/3D\/4D\/5D<\/td><td>14-19.5<\/td><td>WCMT030208<\/td><td>M2.5<\/td><td>T8<\/td><\/tr><tr><td>20-24.5<\/td><td>WCMT040208<\/td><td>M2.5<\/td><td>T8<\/td><\/tr><tr><td>25-30.5<\/td><td>WCMT050308<\/td><td>M3.<\/td><td>T10<\/td><\/tr><tr><td>31-41.5<\/td><td>WCMT06T308<\/td><td>M3.5<\/td><td>T15<\/td><\/tr><tr><td>42-60<\/td><td>WCMT080412<\/td><td>M4<\/td><td>T15<\/td><\/tr><\/tbody><\/table>\t\t\t\t\t\t\t\t<\/div>\n\t\t\t\t<\/div>\n\t\t\t\t<div class=\"elementor-element elementor-element-477b19f elementor-widget elementor-widget-heading\" data-id=\"477b19f\" data-element_type=\"widget\" data-e-type=\"widget\" data-widget_type=\"heading.default\">\n\t\t\t\t<div class=\"elementor-widget-container\">\n\t\t\t\t\t<h2 class=\"elementor-heading-title elementor-size-default\">Empfohlene Schnittbedingungen f\u00fcr WCMT-Wendeplatten<\/h2>\t\t\t\t<\/div>\n\t\t\t\t<\/div>\n\t\t\t\t\t<\/div>\n\t\t\t\t<\/div>\n\t\t<div class=\"elementor-element elementor-element-2830601 e-flex e-con-boxed e-con e-parent\" data-id=\"2830601\" data-element_type=\"container\" data-e-type=\"container\">\n\t\t\t\t\t<div class=\"e-con-inner\">\n\t\t\t\t<div class=\"elementor-element elementor-element-e43ea5b elementor-widget elementor-widget-text-editor\" data-id=\"e43ea5b\" data-element_type=\"widget\" data-e-type=\"widget\" data-widget_type=\"text-editor.default\">\n\t\t\t\t<div class=\"elementor-widget-container\">\n\t\t\t\t\t\t\t\t\t<table width=\"845\"><tbody><tr><td colspan=\"2\" rowspan=\"2\" width=\"205\"><strong>Arbeitsmaterialien<\/strong><\/td><td style=\"text-align: center;\" rowspan=\"2\" width=\"64\"><strong>Vam\/min)<\/strong><\/td><td colspan=\"9\" width=\"576\"><strong>Vorschub(mm\/Umdrehung)<\/strong><\/td><\/tr><tr><td>\u03a612,5~\u03a615<\/td><td>\u03a615,5~\u03a621,5<\/td><td>\u03a622~\u03a627.5<\/td><td>\u03a628~\u03a633<\/td><td>\u03a634~\u03a641<\/td><td>\u03a642~\u03a650<\/td><td>\u03a650~\u03a660<\/td><td>\u03a660~\u03a675<\/td><td>\u03a675~\u03a680<\/td><\/tr><tr><td rowspan=\"4\"><span style=\"color: #ff0000;\"><strong>P<\/strong><\/span><\/td><td width=\"141\">(-0.25%)<br \/>Unlegierter Stahl<\/td><td>180-250<\/td><td>0.05-0.08<\/td><td>0.06-0.10<\/td><td>0.06-0.12<\/td><td>0.07-0.13<\/td><td>0.08-0.15<\/td><td>0.08-0.16<\/td><td>0.06-0.12<\/td><td>0.08-0.12<\/td><td>0.08-0.12<\/td><\/tr><tr><td width=\"141\">(0.25%-)<br \/>Niedrig legierter Stahl<\/td><td>160-220<\/td><td>0.06-0.12<\/td><td>0.08-0.15<\/td><td>0.10-0.18<\/td><td>0.12-0.22<\/td><td>0.12-0.24<\/td><td>0.13-0.25<\/td><td>0.10-0.14<\/td><td>0.12-0.18<\/td><td>0.11-0.18<\/td><\/tr><tr><td width=\"141\">(-HB300)<br \/>Niedrig legierter Stahl<\/td><td>150-220<\/td><td>0.06-0.12<\/td><td>0.08-0.14<\/td><td>0.10-0.18<\/td><td>0.12-0.22<\/td><td>0.12-0.23<\/td><td>0.13-0.24<\/td><td>0.08-0.15<\/td><td>0.10-0.18<\/td><td>0.10-0.18<\/td><\/tr><tr><td width=\"141\">(HB300-)<br \/>Hochlegierter Stahl<\/td><td>130-180<\/td><td>0.06-0.10<\/td><td>0.08-0.15<\/td><td>0.10-0.20<\/td><td>0.12-0.23<\/td><td>0.12-0.24<\/td><td>0.13-0.25<\/td><td>0.08-0.14<\/td><td>0.09-0.15<\/td><td>0.09-0.14<\/td><\/tr><tr><td><span style=\"color: #ff0000;\"><strong>M<\/strong><\/span><\/td><td>Rostfreier Stahl<\/td><td>170-240<\/td><td>0.05-0.10<\/td><td>0.06-0.12<\/td><td>0.08-0.15<\/td><td>0.09-0.16<\/td><td>0.10-0.17<\/td><td>0.11-0.19<\/td><td>0.06-0.13<\/td><td>0.08-0.15<\/td><td>0.08-0.14<\/td><\/tr><tr><td rowspan=\"2\"><span style=\"color: #ff0000;\"><strong>K<\/strong><\/span><\/td><td>Graues Gusseisen<\/td><td>180-250<\/td><td>0.06-0.12<\/td><td>0.08-0.16<\/td><td>0.12-0.20<\/td><td>0.15-0.25<\/td><td>0.16-0.28<\/td><td>0.18-0.30<\/td><td>0.12-0.20<\/td><td>0.15-0.20<\/td><td>0.15-0.20<\/td><\/tr><tr><td>Sph\u00e4roguss<\/td><td>130-200<\/td><td>0.06-0.10<\/td><td>0.08-0.15<\/td><td>0.10-0.18<\/td><td>0.12-0.20<\/td><td>0.15-0.23<\/td><td>0.16-0.25<\/td><td>0.10-0.15<\/td><td>0.09-0.18<\/td><td>0.10-0.18<\/td><\/tr><tr><td><span style=\"color: #ff0000;\"><strong>N<\/strong><\/span><\/td><td>Aluminium<\/td><td>330-380<\/td><td>0.06-0.14<\/td><td>0.08-0.15<\/td><td>0.10-0.20<\/td><td>0.12-0.22<\/td><td>0.14-0.23<\/td><td>0.15-0.26<\/td><td>0.14-0.20<\/td><td>0.14-0.23<\/td><td>0.15-0.23<\/td><\/tr><tr><td><span style=\"color: #ff0000;\"><strong>S<\/strong><\/span><\/td><td>Titanlegierter Stahl<\/td><td>30-60<\/td><td>0.05-0.10<\/td><td>0.06-0.14<\/td><td>0.08-0.18<\/td><td>0.10-0.22<\/td><td>0.12-0.22<\/td><td>0.14-0.24<\/td><td>0.10-0.15<\/td><td>0.1-0.15<\/td><td>0.1-0.15<\/td><\/tr><\/tbody><\/table>\t\t\t\t\t\t\t\t<\/div>\n\t\t\t\t<\/div>\n\t\t\t\t\t<\/div>\n\t\t\t\t<\/div>\n\t\t\t\t<\/div>","protected":false},"excerpt":{"rendered":"<p>Unique economical WCMT U Drill Insert It is u drill insert. Range size: WCMT030208,WCMT040208,WCMT050308,WCMT06T308,WCMT080412. Range work materials:P,K,M,S Made of high quality raw materials and coated with Balzers, the inserts last longer and are more durable. Provides stable and high quality drilling with balanced design New coating technology achieves long tool life with improved fracture and [&hellip;]<\/p>\n","protected":false},"author":1,"featured_media":0,"parent":7902,"menu_order":0,"comment_status":"closed","ping_status":"closed","template":"","meta":{"_acf_changed":false,"_uag_custom_page_level_css":"","site-sidebar-layout":"no-sidebar","site-content-layout":"page-builder","ast-site-content-layout":"full-width-container","site-content-style":"default","site-sidebar-style":"default","ast-global-header-display":"","ast-banner-title-visibility":"","ast-main-header-display":"","ast-hfb-above-header-display":"","ast-hfb-below-header-display":"","ast-hfb-mobile-header-display":"","site-post-title":"disabled","ast-breadcrumbs-content":"","ast-featured-img":"disabled","footer-sml-layout":"","ast-disable-related-posts":"","theme-transparent-header-meta":"","adv-header-id-meta":"","stick-header-meta":"","header-above-stick-meta":"","header-main-stick-meta":"","header-below-stick-meta":"","astra-migrate-meta-layouts":"set","ast-page-background-enabled":"default","ast-page-background-meta":{"desktop":{"background-color":"","background-image":"","background-repeat":"repeat","background-position":"center center","background-size":"auto","background-attachment":"scroll","background-type":"","background-media":"","overlay-type":"","overlay-color":"","overlay-opacity":"","overlay-gradient":""},"tablet":{"background-color":"","background-image":"","background-repeat":"repeat","background-position":"center center","background-size":"auto","background-attachment":"scroll","background-type":"","background-media":"","overlay-type":"","overlay-color":"","overlay-opacity":"","overlay-gradient":""},"mobile":{"background-color":"","background-image":"","background-repeat":"repeat","background-position":"center center","background-size":"auto","background-attachment":"scroll","background-type":"","background-media":"","overlay-type":"","overlay-color":"","overlay-opacity":"","overlay-gradient":""}},"ast-content-background-meta":{"desktop":{"background-color":"var(--ast-global-color-5)","background-image":"","background-repeat":"repeat","background-position":"center center","background-size":"auto","background-attachment":"scroll","background-type":"","background-media":"","overlay-type":"","overlay-color":"","overlay-opacity":"","overlay-gradient":""},"tablet":{"background-color":"var(--ast-global-color-5)","background-image":"","background-repeat":"repeat","background-position":"center center","background-size":"auto","background-attachment":"scroll","background-type":"","background-media":"","overlay-type":"","overlay-color":"","overlay-opacity":"","overlay-gradient":""},"mobile":{"background-color":"var(--ast-global-color-5)","background-image":"","background-repeat":"repeat","background-position":"center center","background-size":"auto","background-attachment":"scroll","background-type":"","background-media":"","overlay-type":"","overlay-color":"","overlay-opacity":"","overlay-gradient":""}},"footnotes":""},"class_list":["post-13819","page","type-page","status-publish","hentry"],"acf":[],"uagb_featured_image_src":{"full":false,"thumbnail":false,"medium":false,"medium_large":false,"large":false,"1536x1536":false,"2048x2048":false,"trp-custom-language-flag":false},"uagb_author_info":{"display_name":"Jiang.xu","author_link":"https:\/\/onmytoolings.com\/de\/author\/bigsunjianggmail-com\/"},"uagb_comment_info":0,"uagb_excerpt":"Unique economical WCMT U Drill Insert It is u drill insert. Range size: WCMT030208,WCMT040208,WCMT050308,WCMT06T308,WCMT080412. Range work materials:P,K,M,S Made of high quality raw materials and coated with Balzers, the inserts last longer and are more durable. Provides stable and high quality drilling with balanced design New coating technology achieves long tool life with improved fracture and&hellip;","_links":{"self":[{"href":"https:\/\/onmytoolings.com\/de\/wp-json\/wp\/v2\/pages\/13819","targetHints":{"allow":["GET"]}}],"collection":[{"href":"https:\/\/onmytoolings.com\/de\/wp-json\/wp\/v2\/pages"}],"about":[{"href":"https:\/\/onmytoolings.com\/de\/wp-json\/wp\/v2\/types\/page"}],"author":[{"embeddable":true,"href":"https:\/\/onmytoolings.com\/de\/wp-json\/wp\/v2\/users\/1"}],"replies":[{"embeddable":true,"href":"https:\/\/onmytoolings.com\/de\/wp-json\/wp\/v2\/comments?post=13819"}],"version-history":[{"count":22,"href":"https:\/\/onmytoolings.com\/de\/wp-json\/wp\/v2\/pages\/13819\/revisions"}],"predecessor-version":[{"id":17766,"href":"https:\/\/onmytoolings.com\/de\/wp-json\/wp\/v2\/pages\/13819\/revisions\/17766"}],"up":[{"embeddable":true,"href":"https:\/\/onmytoolings.com\/de\/wp-json\/wp\/v2\/pages\/7902"}],"wp:attachment":[{"href":"https:\/\/onmytoolings.com\/de\/wp-json\/wp\/v2\/media?parent=13819"}],"curies":[{"name":"wp","href":"https:\/\/api.w.org\/{rel}","templated":true}]}}